{"id":1424,"date":"2023-11-29T15:16:11","date_gmt":"2023-11-29T14:16:11","guid":{"rendered":"https:\/\/ecoheat.ch\/?page_id=1424"},"modified":"2023-12-14T16:52:09","modified_gmt":"2023-12-14T15:52:09","slug":"ecoheat-connect-plus-raumthermostat","status":"publish","type":"page","link":"https:\/\/ecoheat.ch\/de\/ecoheat-connect-plus-raumthermostat\/","title":{"rendered":"ecoheat Connect+ Raumthermostat"},"content":{"rendered":"<h1>ecoheat Connect+<\/h1>\n<h2>T-Connect+ Thermostat &#038; R-Connect+ Empf\u00e4nger<\/h2>\n<h2>T-Connect+ Thermostat<\/h2>\n<p>Der\u00a0<em>ecoheat Connect+<\/em> Raumthermostat ist f\u00fcr die Steuerung von Infrarot-Heizsystemen ausgelegt, kann aber auch f\u00fcr jede andere elektrische Heizung verwendet werden. Er kann manuell bedient sowie programmiert werden \u2013 direkt am Ger\u00e4t selbst oder via der Mobile App <em>ecofort SMART<\/em>, die die \u00dcberwachung und Steuerung des ganzen Heizsystems von \u00fcberall aus erm\u00f6glicht.<\/p>\n<p>\t\t\t\t\t\t\t\t\t\t\t\t\t\t\t<img loading=\"lazy\" decoding=\"async\" width=\"800\" height=\"800\" src=\"https:\/\/ecoheat.ch\/wp-content\/uploads\/2023\/11\/ecoheat-t-connect_front-angle_1000x1000.webp\" alt=\"ecoheat T-Connect+ Thermostat mit Wi-Fi\" srcset=\"https:\/\/ecoheat.ch\/wp-content\/uploads\/2023\/11\/ecoheat-t-connect_front-angle_1000x1000.webp 1000w, https:\/\/ecoheat.ch\/wp-content\/uploads\/2023\/11\/ecoheat-t-connect_front-angle_1000x1000-300x300.webp 300w, https:\/\/ecoheat.ch\/wp-content\/uploads\/2023\/11\/ecoheat-t-connect_front-angle_1000x1000-150x150.webp 150w, https:\/\/ecoheat.ch\/wp-content\/uploads\/2023\/11\/ecoheat-t-connect_front-angle_1000x1000-768x768.webp 768w, https:\/\/ecoheat.ch\/wp-content\/uploads\/2023\/11\/ecoheat-t-connect_front-angle_1000x1000-12x12.webp 12w\" sizes=\"auto, (max-width: 800px) 100vw, 800px\" \/>\t\t\t\t\t\t\t\t\t\t\t\t\t\t\t<\/p>\n<ul>\n<li>\n\t\t\t\t\t\t\t\t\t\tEinfache Programmierung via Smartphone App\n\t\t\t\t\t\t\t\t\t<\/li>\n<li>\n\t\t\t\t\t\t\t\t\t\tReduziert Heizkosten\n\t\t\t\t\t\t\t\t\t<\/li>\n<li>\n\t\t\t\t\t\t\t\t\t\tMit bis zu 8 Empf\u00e4ngern verbindbar\n\t\t\t\t\t\t\t\t\t<\/li>\n<li>\n\t\t\t\t\t\t\t\t\t\t\u00dcbersichtliches Display mit Hintergrundbeleuchtung\n\t\t\t\t\t\t\t\t\t<\/li>\n<li>\n\t\t\t\t\t\t\t\t\t\tAlle wichtigen Informationen auf einen Blick auf dem Display\n\t\t\t\t\t\t\t\t\t<\/li>\n<li>\n\t\t\t\t\t\t\t\t\t\tF\u00fcr Aufputz-Installation oder auf einer Oberfl\u00e4che\n\t\t\t\t\t\t\t\t\t<\/li>\n<\/ul>\n<p>\t\t\t\t\t\t\t\t\t\t\t\t\t\t\t<img decoding=\"async\" src=\"https:\/\/ecoheat.ch\/wp-content\/uploads\/2023\/12\/ecofort-ecoheat-connect_set_800x800.webp\" title=\"ecofort-ecoheat-connect+_set_800x800\" alt=\"ecoheat Connect+ Thermostat &amp; Empf\u00e4nger mit Wi-Fi\" loading=\"lazy\" \/>\t\t\t\t\t\t\t\t\t\t\t\t\t\t\t<\/p>\n<h2> R-Connect+ Empf\u00e4nger<\/h2>\n<ul>\n<li>\n\t\t\t\t\t\t\t\t\t\t230 V Ausgang f\u00fcr Heizungssteuerung\n\t\t\t\t\t\t\t\t\t<\/li>\n<li>\n\t\t\t\t\t\t\t\t\t\tPotentialfrei f\u00fcr Kessel-\/W\u00e4rmepumpen\n\t\t\t\t\t\t\t\t\t<\/li>\n<li>\n\t\t\t\t\t\t\t\t\t\tFlache Bauweise\n\t\t\t\t\t\t\t\t\t<\/li>\n<li>\n\t\t\t\t\t\t\t\t\t\tFunkfrequenz 868 MHz und 2.4 GHz (Wi-Fi)\n\t\t\t\t\t\t\t\t\t<\/li>\n<li>\n\t\t\t\t\t\t\t\t\t\tSchutzklasse IP20\n\t\t\t\t\t\t\t\t\t<\/li>\n<\/ul>\n<p>\t\t\t\t\t\t\t\t\t\t\t\t\t\t\t<img loading=\"lazy\" decoding=\"async\" width=\"800\" height=\"800\" src=\"https:\/\/ecoheat.ch\/wp-content\/uploads\/2023\/10\/ecoheat-r-connect-empfaenger_1500x1500-1024x1024.webp\" alt=\"ecoheat R-Connect+ Empf\u00e4nger\" srcset=\"https:\/\/ecoheat.ch\/wp-content\/uploads\/2023\/10\/ecoheat-r-connect-empfaenger_1500x1500-1024x1024.webp 1024w, https:\/\/ecoheat.ch\/wp-content\/uploads\/2023\/10\/ecoheat-r-connect-empfaenger_1500x1500-300x300.webp 300w, https:\/\/ecoheat.ch\/wp-content\/uploads\/2023\/10\/ecoheat-r-connect-empfaenger_1500x1500-150x150.webp 150w, https:\/\/ecoheat.ch\/wp-content\/uploads\/2023\/10\/ecoheat-r-connect-empfaenger_1500x1500-768x768.webp 768w, https:\/\/ecoheat.ch\/wp-content\/uploads\/2023\/10\/ecoheat-r-connect-empfaenger_1500x1500-12x12.webp 12w, https:\/\/ecoheat.ch\/wp-content\/uploads\/2023\/10\/ecoheat-r-connect-empfaenger_1500x1500.webp 1500w\" sizes=\"auto, (max-width: 800px) 100vw, 800px\" \/>\t\t\t\t\t\t\t\t\t\t\t\t\t\t\t<\/p>\n<p>Als optionales Zubeh\u00f6r ist der R-Connect Empf\u00e4nger erh\u00e4ltlich. Dieser ist identisch mit dem R-Connect+ hat jedoch keinen Wi-Fi Empf\u00e4nger eingebaut und ist geeignet, um bis zu acht Heizungen mit einem T-Connect+ Thermostat zu steuern.<\/p>\n<p>\t\t\t\t\t\t\t<button id=\"e-n-tabs-title-1861\" aria-selected=\"true\" data-tab-index=\"1\" role=\"tab\" tabindex=\"0\" aria-controls=\"e-n-tab-content-1861\" style=\"--n-tabs-title-order: 1;\"><br \/>\n\t\t\t\t\tLieferumfang<br \/>\n\t\t\t<\/button><br \/>\n\t\t\t\t\t<button id=\"e-n-tabs-title-1862\" aria-selected=\"false\" data-tab-index=\"2\" role=\"tab\" tabindex=\"-1\" aria-controls=\"e-n-tab-content-1862\" style=\"--n-tabs-title-order: 2;\"><br \/>\n\t\t\t\t\tTechnische Daten T-Connect+<br \/>\n\t\t\t<\/button><br \/>\n\t\t\t\t\t<button id=\"e-n-tabs-title-1863\" aria-selected=\"false\" data-tab-index=\"3\" role=\"tab\" tabindex=\"-1\" aria-controls=\"e-n-tab-content-1863\" style=\"--n-tabs-title-order: 3;\"><br \/>\n\t\t\t\t\tTechnische Daten R-Connect+<br \/>\n\t\t\t<\/button><br \/>\n\t\t\t\t\t<button id=\"e-n-tabs-title-1864\" aria-selected=\"false\" data-tab-index=\"4\" role=\"tab\" tabindex=\"-1\" aria-controls=\"e-n-tab-content-1864\" style=\"--n-tabs-title-order: 4;\"><br \/>\n\t\t\t\t\tDownloads<br \/>\n\t\t\t<\/button><\/p>\n<ul>\n<li>2 x AAA Batterien<\/li>\n<li>Betriebsanleitung<\/li>\n<\/ul>\n<table>\n<tbody>\n<tr>\n<td>Display<\/td>\n<td>LCD-Anzeige<\/td>\n<\/tr>\n<tr>\n<td>Farbe<\/td>\n<td>Weiss<\/td>\n<\/tr>\n<tr>\n<td>Dimensionen (H x B x T)<\/td>\n<td>98 \u00d7 98 x 27 mm<\/td>\n<\/tr>\n<tr>\n<td>Programmierbar<\/td>\n<td>Ja<\/td>\n<\/tr>\n<tr>\n<td>Funkfrequenz<\/td>\n<td>868 MHz<\/td>\n<\/tr>\n<tr>\n<td>Internetregelung<\/td>\n<td>Ja, per Smartphone\/Tablet (ecofort SMART App)<\/td>\n<\/tr>\n<tr>\n<td>Anschlussart der Heizung<\/td>\n<td>Verkabelung mit Funk-Empf\u00e4nger R-Connect+<\/td>\n<\/tr>\n<tr>\n<td>Temperaturregelbereich<\/td>\n<td>5 &#8211; 35 \u00b0C, 0,5 \u00b0C-Schritte<\/td>\n<\/tr>\n<tr>\n<td>Messgenauigkeit<\/td>\n<td>+\/- 0.5 \u00b0C<\/td>\n<\/tr>\n<tr>\n<td>IP Schutzklasse<\/td>\n<td>IP20<\/td>\n<\/tr>\n<tr>\n<td>Backup-Speicher<\/td>\n<td>EEPROM<\/td>\n<\/tr>\n<tr>\n<td>Stromversorgung<\/td>\n<td>2x AAA Batterien<\/td>\n<\/tr>\n<tr>\n<td>Frostschutz<\/td>\n<td>Ja<\/td>\n<\/tr>\n<tr>\n<td>Montage<\/td>\n<td>Aufputz, Mobil<\/td>\n<\/tr>\n<tr>\n<td>Geeignet f\u00fcr<\/td>\n<td>Infrarotheizungen, Elektroradiatoren, Bodenheizungen<\/td>\n<\/tr>\n<\/tbody>\n<\/table>\n<table>\n<tbody>\n<tr>\n<td>Farbe<\/td>\n<td>Weiss<\/td>\n<\/tr>\n<tr>\n<td>Dimensionen (H x B x T)<\/td>\n<td>86 \u00d7 86 \u00d7 26 mm<\/td>\n<\/tr>\n<tr>\n<td>Funkstandard<\/td>\n<td>868 MHz und 2.4 GHz<\/td>\n<\/tr>\n<tr>\n<td>Wi-Fi<\/td>\n<td>2.4 GHz<\/td>\n<\/tr>\n<tr>\n<td>Schaltkontakte<\/td>\n<td>NO und NC<\/td>\n<\/tr>\n<tr>\n<td>IP Schutzklasse<\/td>\n<td>IP20<\/td>\n<\/tr>\n<tr>\n<td>Stromversorgung<\/td>\n<td>230 V \/ 50 Hz<\/td>\n<\/tr>\n<tr>\n<td>Montage<\/td>\n<td>Aufputz (Wandhalterung im Lieferumfang inbegriffen)<\/td>\n<\/tr>\n<\/tbody>\n<\/table>\n<ul>\n<li>\n\t\t\t\t\t\t\t\t\t\t\t<a href=\"\/wp-content\/uploads\/2023\/10\/ecoheat-connect_manual_WEB.pdf\"><br \/>\n\t\t\t\t\t\t\t\t\t\tAnleitung<br \/>\n\t\t\t\t\t\t\t\t\t\t\t<\/a>\n\t\t\t\t\t\t\t\t\t<\/li>\n<\/ul>\n<ul>\n<li>\n\t\t\t\t\t\t\t\t\t\t\t<a href=\"\/wp-content\/uploads\/2023\/10\/ecoheat-connect_manual_WEB.pdf\"><br \/>\n\t\t\t\t\t\t\t\t\t\tAnleitung<br \/>\n\t\t\t\t\t\t\t\t\t\t\t<\/a>\n\t\t\t\t\t\t\t\t\t<\/li>\n<\/ul>\n<ul>\n<li>2 x AAA Batterien<\/li>\n<li>Betriebsanleitung<\/li>\n<\/ul>\n<table>\n<tbody>\n<tr>\n<td>Display<\/td>\n<td>LCD-Anzeige<\/td>\n<\/tr>\n<tr>\n<td>Farbe<\/td>\n<td>Weiss<\/td>\n<\/tr>\n<tr>\n<td>Dimensionen (H x B x T)<\/td>\n<td>98 \u00d7 98 x 27 mm<\/td>\n<\/tr>\n<tr>\n<td>Programmierbar<\/td>\n<td>Ja<\/td>\n<\/tr>\n<tr>\n<td>Funkfrequenz<\/td>\n<td>868 MHz<\/td>\n<\/tr>\n<tr>\n<td>Internetregelung<\/td>\n<td>Ja, per Smartphone\/Tablet (ecofort SMART App)<\/td>\n<\/tr>\n<tr>\n<td>Anschlussart der Heizung<\/td>\n<td>Verkabelung mit Funk-Empf\u00e4nger R-Connect+<\/td>\n<\/tr>\n<tr>\n<td>Temperaturregelbereich<\/td>\n<td>5 &#8211; 35 \u00b0C, 0,5 \u00b0C-Schritte<\/td>\n<\/tr>\n<tr>\n<td>Messgenauigkeit<\/td>\n<td>+\/- 0.5 \u00b0C<\/td>\n<\/tr>\n<tr>\n<td>IP Schutzklasse<\/td>\n<td>IP20<\/td>\n<\/tr>\n<tr>\n<td>Backup-Speicher<\/td>\n<td>EEPROM<\/td>\n<\/tr>\n<tr>\n<td>Stromversorgung<\/td>\n<td>2x AAA Batterien<\/td>\n<\/tr>\n<tr>\n<td>Frostschutz<\/td>\n<td>Ja<\/td>\n<\/tr>\n<tr>\n<td>Montage<\/td>\n<td>Aufputz, Mobil<\/td>\n<\/tr>\n<tr>\n<td>Geeignet f\u00fcr<\/td>\n<td>Infrarotheizungen, Elektroradiatoren, Bodenheizungen<\/td>\n<\/tr>\n<\/tbody>\n<\/table>\n<table>\n<tbody>\n<tr>\n<td>Farbe<\/td>\n<td>Weiss<\/td>\n<\/tr>\n<tr>\n<td>Dimensionen (H x B x T)<\/td>\n<td>86 \u00d7 86 \u00d7 26 mm<\/td>\n<\/tr>\n<tr>\n<td>Funkstandard<\/td>\n<td>868 MHz und 2.4 GHz<\/td>\n<\/tr>\n<tr>\n<td>Wi-Fi<\/td>\n<td>2.4 GHz<\/td>\n<\/tr>\n<tr>\n<td>Schaltkontakte<\/td>\n<td>NO und NC<\/td>\n<\/tr>\n<tr>\n<td>IP Schutzklasse<\/td>\n<td>IP20<\/td>\n<\/tr>\n<tr>\n<td>Stromversorgung<\/td>\n<td>230 V \/ 50 Hz<\/td>\n<\/tr>\n<tr>\n<td>Montage<\/td>\n<td>Aufputz (Wandhalterung im Lieferumfang inbegriffen)<\/td>\n<\/tr>\n<\/tbody>\n<\/table>\n<ul>\n<li>\n\t\t\t\t\t\t\t\t\t\t\t<a href=\"\/wp-content\/uploads\/2023\/10\/ecoheat-connect_manual_WEB.pdf\"><br \/>\n\t\t\t\t\t\t\t\t\t\tAnleitung<br \/>\n\t\t\t\t\t\t\t\t\t\t\t<\/a>\n\t\t\t\t\t\t\t\t\t<\/li>\n<\/ul>\n<ul>\n<li>\n\t\t\t\t\t\t\t\t\t\t\t<a href=\"\/wp-content\/uploads\/2023\/10\/ecoheat-connect_manual_WEB.pdf\"><br \/>\n\t\t\t\t\t\t\t\t\t\tAnleitung<br \/>\n\t\t\t\t\t\t\t\t\t\t\t<\/a>\n\t\t\t\t\t\t\t\t\t<\/li>\n<\/ul>\n<p>\t\t\t<a href=\"https:\/\/ecofort.ch\/de\/thermostate\/3258-ecoheat-connect-plus-set.html\" target=\"_blank\" rel=\"noopener\"><br \/>\n\t\t\t\t\t\tMehr Informationen im Shop<br \/>\n\t\t\t\t\t<\/a><br \/>\n\t\t\t<a href=\"https:\/\/ecofort.ch\/de\/thermostate\/3258-ecoheat-connect-plus-set.html\" target=\"_blank\" rel=\"noopener\"><br \/>\n\t\t\t\t\t\tMehr Informationen im Shop<br \/>\n\t\t\t\t\t<\/a><\/p>\n","protected":false},"excerpt":{"rendered":"<p>ecoheat Connect+ T-Connect+ Thermostat &#038; R-Connect+ Empf\u00e4nger T-Connect+ Thermostat Der\u00a0ecoheat Connect+ Raumthermostat ist f\u00fcr die Steuerung von Infrarot-Heizsystemen ausgelegt, kann aber auch f\u00fcr jede andere elektrische Heizung verwendet werden. Er kann manuell bedient sowie programmiert werden \u2013 direkt am Ger\u00e4t selbst oder via der Mobile App ecofort SMART, die die \u00dcberwachung und Steuerung des ganzen [&hellip;]<\/p>\n","protected":false},"author":2,"featured_media":1589,"parent":0,"menu_order":0,"comment_status":"closed","ping_status":"closed","template":"","meta":{"footnotes":""},"class_list":["post-1424","page","type-page","status-publish","has-post-thumbnail","hentry"],"_links":{"self":[{"href":"https:\/\/ecoheat.ch\/de\/wp-json\/wp\/v2\/pages\/1424","targetHints":{"allow":["GET"]}}],"collection":[{"href":"https:\/\/ecoheat.ch\/de\/wp-json\/wp\/v2\/pages"}],"about":[{"href":"https:\/\/ecoheat.ch\/de\/wp-json\/wp\/v2\/types\/page"}],"author":[{"embeddable":true,"href":"https:\/\/ecoheat.ch\/de\/wp-json\/wp\/v2\/users\/2"}],"replies":[{"embeddable":true,"href":"https:\/\/ecoheat.ch\/de\/wp-json\/wp\/v2\/comments?post=1424"}],"version-history":[{"count":39,"href":"https:\/\/ecoheat.ch\/de\/wp-json\/wp\/v2\/pages\/1424\/revisions"}],"predecessor-version":[{"id":1779,"href":"https:\/\/ecoheat.ch\/de\/wp-json\/wp\/v2\/pages\/1424\/revisions\/1779"}],"wp:featuredmedia":[{"embeddable":true,"href":"https:\/\/ecoheat.ch\/de\/wp-json\/wp\/v2\/media\/1589"}],"wp:attachment":[{"href":"https:\/\/ecoheat.ch\/de\/wp-json\/wp\/v2\/media?parent=1424"}],"curies":[{"name":"wp","href":"https:\/\/api.w.org\/{rel}","templated":true}]}}