{"id":1452,"date":"2023-11-22T14:08:17","date_gmt":"2023-11-22T13:08:17","guid":{"rendered":"https:\/\/ecoheat.ch\/?page_id=1452"},"modified":"2023-11-23T14:12:44","modified_gmt":"2023-11-23T13:12:44","slug":"ecoheat-hybrid-t-infrarotheizungen","status":"publish","type":"page","link":"https:\/\/ecoheat.ch\/de\/ecoheat-hybrid-t-infrarotheizungen\/","title":{"rendered":"ecoheat Hybrid-T Infrarotheizung"},"content":{"rendered":"<h1>ecoheat Hybrid-T<\/h1>\n<h2>Infrarot-Radiator mit Funkempf\u00e4nger<\/h2>\n<p>Die einzigartige\u00a0<em>ecoheat Hybrid-T<\/em> kombiniert die Vorteile einer Infrarotheizung mit denjenigen einer Konvektorheizung.<\/p>\n<p>Einige Meter um die <em>ecoheat Hybrid-T<\/em> herum f\u00fchlt es sich wie in der N\u00e4he eines Kachelofens wohlig warm an. Wie bei einem elektrischen Konvektor verteilt sich zudem die aufgew\u00e4rmte Luft im ganzen Raum.<\/p>\n<p>Alle Varianten der Hybrid-T sind baugleich mit den <a href=\"\/ecoheat-hybrid-infrarotheizungen\/\">ecoheat Hybrid<\/a>, verf\u00fcgen jedoch \u00fcber einen integrierten Funk-Empf\u00e4nger, der sowohl mit dem\u00a0ecoheat Thermo-T Thermostat als auch mit der\u00a0ecoheat Remote-T Fernbedienung verbunden werden kann.<\/p>\n<p>\t\t\t\t\t\t\t\t\t\t\t\t\t\t\t<img decoding=\"async\" width=\"800\" height=\"534\" src=\"https:\/\/ecoheat.ch\/wp-content\/uploads\/2023\/03\/ecoheat-hybrid-1000_lifestyle_buero_sitzgruppe_1500x1000-1024x683.webp\" alt=\"ecoheat Hybrid-Infrarotradiator bei einer Sitzgruppe\" loading=\"lazy\" srcset=\"https:\/\/ecoheat.ch\/wp-content\/uploads\/2023\/03\/ecoheat-hybrid-1000_lifestyle_buero_sitzgruppe_1500x1000-1024x683.webp 1024w, https:\/\/ecoheat.ch\/wp-content\/uploads\/2023\/03\/ecoheat-hybrid-1000_lifestyle_buero_sitzgruppe_1500x1000-300x200.webp 300w, https:\/\/ecoheat.ch\/wp-content\/uploads\/2023\/03\/ecoheat-hybrid-1000_lifestyle_buero_sitzgruppe_1500x1000-768x512.webp 768w, https:\/\/ecoheat.ch\/wp-content\/uploads\/2023\/03\/ecoheat-hybrid-1000_lifestyle_buero_sitzgruppe_1500x1000-18x12.webp 18w, https:\/\/ecoheat.ch\/wp-content\/uploads\/2023\/03\/ecoheat-hybrid-1000_lifestyle_buero_sitzgruppe_1500x1000.webp 1500w\" sizes=\"auto, (max-width: 800px) 100vw, 800px\" \/>\t\t\t\t\t\t\t\t\t\t\t\t\t\t\t<\/p>\n<ul>\n<li>\n\t\t\t\t\t\t\t\t\t\tInkl. Funkempf\u00e4nger, kompatibel mit Thermo-T &#038; Remote-T\n\t\t\t\t\t\t\t\t\t<\/li>\n<li>\n\t\t\t\t\t\t\t\t\t\tStarke Kombi-Heizleistung: Infrarot- und Konvektionsw\u00e4rme\n\t\t\t\t\t\t\t\t\t<\/li>\n<li>\n\t\t\t\t\t\t\t\t\t\tOptimaler Ersatz f\u00fcr elektrische Nachtspeicherheizungen\n\t\t\t\t\t\t\t\t\t<\/li>\n<li>\n\t\t\t\t\t\t\t\t\t\tGer\u00e4uschloser und wartungsfreier Betrieb\n\t\t\t\t\t\t\t\t\t<\/li>\n<li>\n\t\t\t\t\t\t\t\t\t\t\u00dcberhitzungs- und \u00dcberspannungsschutz\n\t\t\t\t\t\t\t\t\t<\/li>\n<\/ul>\n<p>Wenige Minuten nach dem Einschalten des Hybridheizk\u00f6rpers wird die von der Vorderseite abgestrahlte Infrarotw\u00e4rme\u00a0deutlich sp\u00fcrbar. Zus\u00e4tzlich\u00a0str\u00f6mt warme Luft (Konvektions\u00adw\u00e4rme)\u00a0durch die\u00a0Rillen auf der Oberseite des Heizk\u00f6rpers heraus. Nach nur 20 Minuten Heizbetrieb ist die volle W\u00e4rme\u00adleistung erreicht.<\/p>\n<p>W\u00e4hrend herk\u00f6mmliche Infrarotheizungen die Luft nicht direkt erw\u00e4rmen, sorgen die<em> ecoheat Hybrid-T<\/em> f\u00fcr eine angenehme Lufttemperatur im ganzen Raum. Dies ist in k\u00fchlen, schlecht isolierten R\u00e4umen von grossem Vorteil. Gerade beim Frostschutz ist die Erw\u00e4rmung der Luft mit einer Konvektorheizung sehr wichtig, damit alle Ecken und Winkel des Raumes aufgew\u00e4rmt werden.<\/p>\n<h4>Hybrid-T 600<\/h4>\n<p>60 x 60 x 5 cm<\/p>\n<p>600 Watt<\/p>\n<h4>Hybrid-T 1000<\/h4>\n<p>60 x 100 x 5 cm<\/p>\n<p>1000 Watt<\/p>\n<h4>Hybrid-T 1000 vertikal<\/h4>\n<p>100 x 60 x 5 cm<\/p>\n<p>1000 Watt<\/p>\n<h4>Hybrid-T 1400<\/h4>\n<p>60 x 140 x 5 cm<\/p>\n<p>1400 Watt<\/p>\n<p>\t\t\t\t\t\t\t\t\t\t\t\t\t\t\t<img decoding=\"async\" width=\"1500\" height=\"1000\" src=\"https:\/\/ecoheat.ch\/wp-content\/uploads\/2023\/01\/ecoheat-hybrid_lifestyle_detail_closeup_2_1500x1000.jpg\" alt=\"ecoheat Hybrid Infrarot-Radiator Nahaufnahme von oben\" loading=\"lazy\" srcset=\"https:\/\/ecoheat.ch\/wp-content\/uploads\/2023\/01\/ecoheat-hybrid_lifestyle_detail_closeup_2_1500x1000.jpg 1500w, https:\/\/ecoheat.ch\/wp-content\/uploads\/2023\/01\/ecoheat-hybrid_lifestyle_detail_closeup_2_1500x1000-300x200.jpg 300w, https:\/\/ecoheat.ch\/wp-content\/uploads\/2023\/01\/ecoheat-hybrid_lifestyle_detail_closeup_2_1500x1000-1024x683.jpg 1024w, https:\/\/ecoheat.ch\/wp-content\/uploads\/2023\/01\/ecoheat-hybrid_lifestyle_detail_closeup_2_1500x1000-768x512.jpg 768w\" sizes=\"auto, (max-width: 1500px) 100vw, 1500px\" \/><br \/>\n\t\t\t\t\t\t\t<button id=\"e-n-tabs-title-1531\" aria-selected=\"true\" data-tab-index=\"1\" role=\"tab\" tabindex=\"0\" aria-controls=\"e-n-tab-content-1531\" style=\"--n-tabs-title-order: 1;\"><br \/>\n\t\t\t\t\tLieferumfang<br \/>\n\t\t\t<\/button><br \/>\n\t\t\t\t\t<button id=\"e-n-tabs-title-1532\" aria-selected=\"false\" data-tab-index=\"2\" role=\"tab\" tabindex=\"-1\" aria-controls=\"e-n-tab-content-1532\" style=\"--n-tabs-title-order: 2;\"><br \/>\n\t\t\t\t\tTechnische Daten<br \/>\n\t\t\t<\/button><br \/>\n\t\t\t\t\t<button id=\"e-n-tabs-title-1533\" aria-selected=\"false\" data-tab-index=\"3\" role=\"tab\" tabindex=\"-1\" aria-controls=\"e-n-tab-content-1533\" style=\"--n-tabs-title-order: 3;\"><br \/>\n\t\t\t\t\tDownloads<br \/>\n\t\t\t<\/button><\/p>\n<ul>\n<li>R10 Funkempf\u00e4nger (fest angebaut)<\/li>\n<li>2 Wandhalterungen und Montageset<\/li>\n<li>Standf\u00fcsse (nicht\u00a0bei der\u00a0vertikalen Variante)<\/li>\n<li>Bedienungsanleitung<\/li>\n<\/ul>\n<table>\n<tbody>\n<tr>\n<td>Strahlungsreichweite<\/td>\n<td>ca. 3.5 Meter<\/td>\n<\/tr>\n<tr>\n<td>Strahlungswinkel<\/td>\n<td>ca. 170 \u00b0<\/td>\n<\/tr>\n<tr>\n<td>Oberfl\u00e4chentemperatur<\/td>\n<td>50 &#8211; 110 \u00b0C<\/td>\n<\/tr>\n<tr>\n<td>Stromversorgung<\/td>\n<td>230 V \/ 50 Hz<\/td>\n<\/tr>\n<tr>\n<td>Anschlusskabel<\/td>\n<td>Schweizer Stecker<\/td>\n<\/tr>\n<tr>\n<td>\u00dcberhitzungsschutz<\/td>\n<td>Ja<\/td>\n<\/tr>\n<tr>\n<td>\u00dcberspannungsschutz<\/td>\n<td>Ja<\/td>\n<\/tr>\n<tr>\n<td>Schutzklasse<\/td>\n<td>IP20<\/td>\n<\/tr>\n<tr>\n<td>Farbe<\/td>\n<td>Weiss (RAL 9016)<\/td>\n<\/tr>\n<tr>\n<td>Pr\u00fcfzeichen<\/td>\n<td>CE<\/td>\n<\/tr>\n<\/tbody>\n<\/table>\n<ul>\n<li>\n\t\t\t\t\t\t\t\t\t\t\t<a href=\"\/wp-content\/uploads\/2023\/10\/ecoheat-Hybrid-T-Manual_WEB.pdf\"><br \/>\n\t\t\t\t\t\t\t\t\t\tAnleitung<br \/>\n\t\t\t\t\t\t\t\t\t\t\t<\/a>\n\t\t\t\t\t\t\t\t\t<\/li>\n<li>\n\t\t\t\t\t\t\t\t\t\t\t<a href=\"\/wp-content\/uploads\/2022\/12\/Montageanleitung-Standfuesse.pdf\"><br \/>\n\t\t\t\t\t\t\t\t\t\tMontage Standf\u00fcsse<br \/>\n\t\t\t\t\t\t\t\t\t\t\t<\/a>\n\t\t\t\t\t\t\t\t\t<\/li>\n<\/ul>\n<ul>\n<li>\n\t\t\t\t\t\t\t\t\t\t\t<a href=\"\/wp-content\/uploads\/2023\/10\/ecoheat-Hybrid-T-Manual_WEB.pdf\"><br \/>\n\t\t\t\t\t\t\t\t\t\tAnleitung<br \/>\n\t\t\t\t\t\t\t\t\t\t\t<\/a>\n\t\t\t\t\t\t\t\t\t<\/li>\n<li>\n\t\t\t\t\t\t\t\t\t\t\t<a href=\"\/wp-content\/uploads\/2022\/12\/Montageanleitung-Standfuesse.pdf\"><br \/>\n\t\t\t\t\t\t\t\t\t\tMontage Standf\u00fcsse<br \/>\n\t\t\t\t\t\t\t\t\t\t\t<\/a>\n\t\t\t\t\t\t\t\t\t<\/li>\n<\/ul>\n<ul>\n<li>R10 Funkempf\u00e4nger (fest angebaut)<\/li>\n<li>2 Wandhalterungen und Montageset<\/li>\n<li>Standf\u00fcsse (nicht\u00a0bei der\u00a0vertikalen Variante)<\/li>\n<li>Bedienungsanleitung<\/li>\n<\/ul>\n<table>\n<tbody>\n<tr>\n<td>Strahlungsreichweite<\/td>\n<td>ca. 3.5 Meter<\/td>\n<\/tr>\n<tr>\n<td>Strahlungswinkel<\/td>\n<td>ca. 170 \u00b0<\/td>\n<\/tr>\n<tr>\n<td>Oberfl\u00e4chentemperatur<\/td>\n<td>50 &#8211; 110 \u00b0C<\/td>\n<\/tr>\n<tr>\n<td>Stromversorgung<\/td>\n<td>230 V \/ 50 Hz<\/td>\n<\/tr>\n<tr>\n<td>Anschlusskabel<\/td>\n<td>Schweizer Stecker<\/td>\n<\/tr>\n<tr>\n<td>\u00dcberhitzungsschutz<\/td>\n<td>Ja<\/td>\n<\/tr>\n<tr>\n<td>\u00dcberspannungsschutz<\/td>\n<td>Ja<\/td>\n<\/tr>\n<tr>\n<td>Schutzklasse<\/td>\n<td>IP20<\/td>\n<\/tr>\n<tr>\n<td>Farbe<\/td>\n<td>Weiss (RAL 9016)<\/td>\n<\/tr>\n<tr>\n<td>Pr\u00fcfzeichen<\/td>\n<td>CE<\/td>\n<\/tr>\n<\/tbody>\n<\/table>\n<ul>\n<li>\n\t\t\t\t\t\t\t\t\t\t\t<a href=\"\/wp-content\/uploads\/2023\/10\/ecoheat-Hybrid-T-Manual_WEB.pdf\"><br \/>\n\t\t\t\t\t\t\t\t\t\tAnleitung<br \/>\n\t\t\t\t\t\t\t\t\t\t\t<\/a>\n\t\t\t\t\t\t\t\t\t<\/li>\n<li>\n\t\t\t\t\t\t\t\t\t\t\t<a href=\"\/wp-content\/uploads\/2022\/12\/Montageanleitung-Standfuesse.pdf\"><br \/>\n\t\t\t\t\t\t\t\t\t\tMontage Standf\u00fcsse<br \/>\n\t\t\t\t\t\t\t\t\t\t\t<\/a>\n\t\t\t\t\t\t\t\t\t<\/li>\n<\/ul>\n<ul>\n<li>\n\t\t\t\t\t\t\t\t\t\t\t<a href=\"\/wp-content\/uploads\/2023\/10\/ecoheat-Hybrid-T-Manual_WEB.pdf\"><br \/>\n\t\t\t\t\t\t\t\t\t\tAnleitung<br \/>\n\t\t\t\t\t\t\t\t\t\t\t<\/a>\n\t\t\t\t\t\t\t\t\t<\/li>\n<li>\n\t\t\t\t\t\t\t\t\t\t\t<a href=\"\/wp-content\/uploads\/2022\/12\/Montageanleitung-Standfuesse.pdf\"><br \/>\n\t\t\t\t\t\t\t\t\t\tMontage Standf\u00fcsse<br \/>\n\t\t\t\t\t\t\t\t\t\t\t<\/a>\n\t\t\t\t\t\t\t\t\t<\/li>\n<\/ul>\n<p>\t\t\t<a href=\"https:\/\/ecofort.ch\/de\/hybridradiatoren\/3066-ecoheat-hybrid-t.html\" target=\"_blank\" rel=\"noopener\"><br \/>\n\t\t\t\t\t\tMehr Informationen im Shop<br \/>\n\t\t\t\t\t<\/a><br \/>\n\t\t\t<a href=\"https:\/\/ecofort.ch\/de\/hybridradiatoren\/3066-ecoheat-hybrid-t.html\" target=\"_blank\" rel=\"noopener\"><br \/>\n\t\t\t\t\t\tMehr Informationen im Shop<br \/>\n\t\t\t\t\t<\/a><\/p>\n","protected":false},"excerpt":{"rendered":"<p>ecoheat Hybrid-T Infrarot-Radiator mit Funkempf\u00e4nger Die einzigartige\u00a0ecoheat Hybrid-T kombiniert die Vorteile einer Infrarotheizung mit denjenigen einer Konvektorheizung. Einige Meter um die ecoheat Hybrid-T herum f\u00fchlt es sich wie in der N\u00e4he eines Kachelofens wohlig warm an. Wie bei einem elektrischen Konvektor verteilt sich zudem die aufgew\u00e4rmte Luft im ganzen Raum. Alle Varianten der Hybrid-T sind [&hellip;]<\/p>\n","protected":false},"author":2,"featured_media":0,"parent":0,"menu_order":0,"comment_status":"closed","ping_status":"closed","template":"","meta":{"footnotes":""},"class_list":["post-1452","page","type-page","status-publish","hentry"],"_links":{"self":[{"href":"https:\/\/ecoheat.ch\/de\/wp-json\/wp\/v2\/pages\/1452","targetHints":{"allow":["GET"]}}],"collection":[{"href":"https:\/\/ecoheat.ch\/de\/wp-json\/wp\/v2\/pages"}],"about":[{"href":"https:\/\/ecoheat.ch\/de\/wp-json\/wp\/v2\/types\/page"}],"author":[{"embeddable":true,"href":"https:\/\/ecoheat.ch\/de\/wp-json\/wp\/v2\/users\/2"}],"replies":[{"embeddable":true,"href":"https:\/\/ecoheat.ch\/de\/wp-json\/wp\/v2\/comments?post=1452"}],"version-history":[{"count":20,"href":"https:\/\/ecoheat.ch\/de\/wp-json\/wp\/v2\/pages\/1452\/revisions"}],"predecessor-version":[{"id":1588,"href":"https:\/\/ecoheat.ch\/de\/wp-json\/wp\/v2\/pages\/1452\/revisions\/1588"}],"wp:attachment":[{"href":"https:\/\/ecoheat.ch\/de\/wp-json\/wp\/v2\/media?parent=1452"}],"curies":[{"name":"wp","href":"https:\/\/api.w.org\/{rel}","templated":true}]}}