{"id":1679,"date":"2023-12-12T16:30:45","date_gmt":"2023-12-12T15:30:45","guid":{"rendered":"https:\/\/ecoheat.ch\/?page_id=1679"},"modified":"2023-12-12T16:45:12","modified_gmt":"2023-12-12T15:45:12","slug":"energie-und-kosten-sparen-mit-infrarot-hybridheizungen","status":"publish","type":"page","link":"https:\/\/ecoheat.ch\/de\/tipps-zu-heizungen\/energie-und-kosten-sparen-mit-infrarot-hybridheizungen\/","title":{"rendered":"Energie und Kosten sparen mit Infrarot Hybridheizungen"},"content":{"rendered":"<h1>Energie und Kosten sparen mit Infrarot Hybridheizungen<\/h1>\n<p>\t\t<strong>Infrarot Hybridheizungen sind eine Kombination aus Infrarotstrahlung und Konvektion. Sie bieten die Vorteile beider Heizungsarten und k\u00f6nnen so Energie und Kosten sparen.<\/strong><br \/>\n\t\t\t\t\t\t\t\t\t\t\t\t\t\t\t<img loading=\"lazy\" decoding=\"async\" width=\"900\" height=\"600\" src=\"https:\/\/ecoheat.ch\/wp-content\/uploads\/2023\/12\/ecoheat-blog_sparen_900x600.webp\" alt=\"ecoheat Tipps - Energie &amp; Kosten sparen\" srcset=\"https:\/\/ecoheat.ch\/wp-content\/uploads\/2023\/12\/ecoheat-blog_sparen_900x600.webp 900w, https:\/\/ecoheat.ch\/wp-content\/uploads\/2023\/12\/ecoheat-blog_sparen_900x600-300x200.webp 300w, https:\/\/ecoheat.ch\/wp-content\/uploads\/2023\/12\/ecoheat-blog_sparen_900x600-768x512.webp 768w, https:\/\/ecoheat.ch\/wp-content\/uploads\/2023\/12\/ecoheat-blog_sparen_900x600-18x12.webp 18w\" sizes=\"auto, (max-width: 900px) 100vw, 900px\" \/>\t\t\t\t\t\t\t\t\t\t\t\t\t\t\t<\/p>\n<h2>Wie Infrarot Hybridheizungen arbeiten<\/h2>\n<p><a href=\"\/ecoheat-hybrid-infrarotheizungen\/\">Infrarot Hybridheizungen<\/a> arbeiten mit Infrarotstrahlung, die direkt auf die Menschen und Gegenst\u00e4nde in einem Raum trifft und diese erw\u00e4rmt. Zus\u00e4tzlich verf\u00fcgen sie \u00fcber einen Konvektor, der die Luft im Raum erw\u00e4rmt. Dadurch entsteht ein behagliches W\u00e4rmegef\u00fchl, das sich von der konventionellen Warmluftheizung unterscheidet. Infrarot Hybridheizungen sind ausserdem wartungsarm und ben\u00f6tigen keinen Schornstein.<\/p>\n<h3>Vorteile von Infrarot Hybridheizungen<\/h3>\n<p>\t\tInfrarot Hybridheizungen bieten eine Reihe von Vorteilen, die sie zu einer interessanten Option f\u00fcr Energie- und Kostensparer machen. Dazu geh\u00f6ren:<\/p>\n<ul>\n<li><strong>Behagliches W\u00e4rmegef\u00fchl:<\/strong> Infrarotstrahlung erw\u00e4rmt direkt die Menschen und Gegenst\u00e4nde in einem Raum, ohne die Luft zu erw\u00e4rmen. Dadurch entsteht ein behagliches W\u00e4rmegef\u00fchl, das sich von der konventionellen Warmluftheizung unterscheidet.<\/li>\n<\/ul>\n<\/li>\n<\/ul>\n<p>&nbsp;<\/p>\n<ul>\n<li><strong>Schnelle Erw\u00e4rmung:<\/strong> Infrarot Hybridheizungen erw\u00e4rmen R\u00e4ume schnell und gleichm\u00e4ssig.<\/li>\n<\/ul>\n<\/li>\n<\/ul>\n<p>&nbsp;<\/p>\n<ul>\n<li><strong>Einfache Installation:<\/strong> Infrarot-Hybridheizungen k\u00f6nnen in der Regel einfach an der Wand montiert werden.<\/li>\n<\/ul>\n<\/li>\n<\/ul>\n<p>&nbsp;<\/p>\n<ul>\n<li><strong>Keine Wartung erforderlich:<\/strong> Infrarot Hybridheizungen sind wartungsarm und ben\u00f6tigen keine regelm\u00e4ssige Reinigung.<\/li>\n<\/ul>\n<\/li>\n<\/ul>\n<p>&nbsp;<\/p>\n<ul>\n<li><strong>Hoher Wirkungsgrad:<\/strong> Infrarot-Hybridheizungen haben aufgrund ihrer kombinierten W\u00e4rmeabgabe einen h\u00f6heren Wirkungsgrad als reine Infrarotheizungen oder reine Konvektionsheizungen.<\/li>\n<\/ul>\n<\/li>\n<\/ul>\n<p>&nbsp;<\/p>\n<ul>\n<li><strong>Niedrigerer Stromverbrauch:<\/strong> Infrarot Hybridheizungen verbrauchen in der Regel weniger Strom als reine Infrarotheizungen.<\/li>\n<\/ul>\n<h3>Nachteile von Infrarot Hybridheizungen<\/h3>\n<p>Infrarot-Hybridheizungen haben auch einige Nachteile, die bei der Entscheidung ber\u00fccksichtigt werden sollten.<\/p>\n<ul>\n<li><strong>H\u00f6herer Anschaffungspreis:<\/strong>\u00a0Infrarot Hybridheizungen sind in der Anschaffung teurer als reine Infrarotheizungen.<\/li>\n<\/ul>\n<h3>Wie lassen sich zus\u00e4tzlich auch Energie und Kosten sparen?<\/h3>\n<p>Mit Infrarot-Hybridheizungen lassen sich Energie und Kosten sparen, indem folgende Massnahmen ergriffen werden:<\/p>\n<ul>\n<li><strong>Ausreichende D\u00e4mmung:<\/strong>\u00a0Eine gute D\u00e4mmung des Geb\u00e4udes tr\u00e4gt dazu bei, dass weniger W\u00e4rme verloren geht.<\/li>\n<\/ul>\n<p>\u00a0<\/p>\n<ul>\n<li><strong>Passende Gr\u00f6sse:<\/strong>\u00a0Die Infrarot Hybridheizung sollte die richtige Gr\u00f6sse f\u00fcr den Raum haben.<\/li>\n<\/ul>\n<p>\u00a0<\/p>\n<ul>\n<li><strong>Optimale Positionierung:<\/strong>\u00a0Die Infrarot Hybridheizung sollte so positioniert werden, dass sie die Menschen und Gegenst\u00e4nde im Raum effektiv erw\u00e4rmt.<\/li>\n<\/ul>\n<p>\u00a0<\/p>\n<p><strong>Fazit<\/strong><\/p>\n<p>Infrarot Hybridheizungen k\u00f6nnen eine gute M\u00f6glichkeit sein, Energie und Kosten zu sparen. Ihre effiziente W\u00e4rmeverteilung und die M\u00f6glichkeit, gezielt einzelne R\u00e4ume zu beheizen, erm\u00f6glichen eine pr\u00e4zise Steuerung der Raumtemperatur. Dar\u00fcber hinaus sind sie umweltfreundlicher als einige herk\u00f6mmliche Heizsysteme, da sie keine sch\u00e4dlichen Emissionen verursachen.<\/p>\n","protected":false},"excerpt":{"rendered":"<p>Infrarot Hybridheizungen sind eine Kombination aus Infrarotstrahlung und Konvektion. Sie bieten die Vorteile beider Heizungsarten und k\u00f6nnen so Energie und Kosten sparen.<\/p>\n","protected":false},"author":2,"featured_media":1634,"parent":1623,"menu_order":1,"comment_status":"closed","ping_status":"closed","template":"","meta":{"footnotes":""},"class_list":["post-1679","page","type-page","status-publish","has-post-thumbnail","hentry"],"_links":{"self":[{"href":"https:\/\/ecoheat.ch\/de\/wp-json\/wp\/v2\/pages\/1679","targetHints":{"allow":["GET"]}}],"collection":[{"href":"https:\/\/ecoheat.ch\/de\/wp-json\/wp\/v2\/pages"}],"about":[{"href":"https:\/\/ecoheat.ch\/de\/wp-json\/wp\/v2\/types\/page"}],"author":[{"embeddable":true,"href":"https:\/\/ecoheat.ch\/de\/wp-json\/wp\/v2\/users\/2"}],"replies":[{"embeddable":true,"href":"https:\/\/ecoheat.ch\/de\/wp-json\/wp\/v2\/comments?post=1679"}],"version-history":[{"count":10,"href":"https:\/\/ecoheat.ch\/de\/wp-json\/wp\/v2\/pages\/1679\/revisions"}],"predecessor-version":[{"id":1689,"href":"https:\/\/ecoheat.ch\/de\/wp-json\/wp\/v2\/pages\/1679\/revisions\/1689"}],"up":[{"embeddable":true,"href":"https:\/\/ecoheat.ch\/de\/wp-json\/wp\/v2\/pages\/1623"}],"wp:featuredmedia":[{"embeddable":true,"href":"https:\/\/ecoheat.ch\/de\/wp-json\/wp\/v2\/media\/1634"}],"wp:attachment":[{"href":"https:\/\/ecoheat.ch\/de\/wp-json\/wp\/v2\/media?parent=1679"}],"curies":[{"name":"wp","href":"https:\/\/api.w.org\/{rel}","templated":true}]}}