{"id":1690,"date":"2023-12-12T16:59:39","date_gmt":"2023-12-12T15:59:39","guid":{"rendered":"https:\/\/ecoheat.ch\/?page_id=1690"},"modified":"2023-12-12T17:03:09","modified_gmt":"2023-12-12T16:03:09","slug":"infrarotheizung-im-wintergarten-die-ideale-waermequelle-fuer-kalte-tage","status":"publish","type":"page","link":"https:\/\/ecoheat.ch\/de\/tipps-zu-heizungen\/infrarotheizung-im-wintergarten-die-ideale-waermequelle-fuer-kalte-tage\/","title":{"rendered":"Infrarotheizung im Wintergarten &#8211; Die ideale W\u00e4rmequelle f\u00fcr kalte Tage"},"content":{"rendered":"<h1>Infrarotheizung im Wintergarten &#8211; Die ideale W\u00e4rmequelle f\u00fcr kalte Tage<\/h1>\n<p>\t\t<strong>Ein Wintergarten ist ein Raum, der f\u00fcr viele Menschen eine Oase der Entspannung und Erholung darstellt. Um das ganze Jahr \u00fcber diesen wunderbaren Raum nutzen zu k\u00f6nnen, ist eine effiziente Heizl\u00f6sung erforderlich. <\/strong><br \/>\n\t\t\t\t\t\t\t\t\t\t\t\t\t\t\t<img loading=\"lazy\" decoding=\"async\" width=\"900\" height=\"600\" src=\"https:\/\/ecoheat.ch\/wp-content\/uploads\/2023\/12\/wintergarten_ecoheat-blog.webp\" alt=\"ecoheat Blog - Wintergarten\" srcset=\"https:\/\/ecoheat.ch\/wp-content\/uploads\/2023\/12\/wintergarten_ecoheat-blog.webp 900w, https:\/\/ecoheat.ch\/wp-content\/uploads\/2023\/12\/wintergarten_ecoheat-blog-300x200.webp 300w, https:\/\/ecoheat.ch\/wp-content\/uploads\/2023\/12\/wintergarten_ecoheat-blog-768x512.webp 768w, https:\/\/ecoheat.ch\/wp-content\/uploads\/2023\/12\/wintergarten_ecoheat-blog-18x12.webp 18w\" sizes=\"auto, (max-width: 900px) 100vw, 900px\" \/>\t\t\t\t\t\t\t\t\t\t\t\t\t\t\t<\/p>\n<p>Idealerweise nutzen Sie die <a href=\"\/ecoheat-classic-infrarotheizungen\/\">Infrarotheizung<\/a> im Wintergarten f\u00fcr gezielte, kurzzeitige Heizzwecke. An einem tr\u00fcben Tag, an dem der Wintergarten k\u00fchl bleibt, k\u00f6nnen Sie die schnelle Aufheizzeit der Infrarotheizung nutzen, um sich von der angenehmen W\u00e4rme der Infrarotstrahlen verw\u00f6hnen zu lassen. F\u00fcr die dauerhafte Beheizung ist die Infrarotheizung im Wintergarten m\u00f6glicherweise nicht die beste Wahl. Sie wird jedoch h\u00e4ufig eingesetzt, insbesondere wenn der Wintergarten fast als Wohnzimmer genutzt wird. Der Vorteil besteht darin, dass Sie flexibel handeln k\u00f6nnen, da zus\u00e4tzliche Heizk\u00f6rper schwer zu installieren sind und die vorhandene Heizanlage m\u00f6glicherweise nicht ausreicht, um zus\u00e4tzliche W\u00e4rmeenergie bereitzustellen.<\/p>\n<h2>Vorteile der Infrarotheizung im Wintergarten <\/h2>\n<h3>Infrarotheizungen schaffen ein angenehmes Raumklima <\/h3>\n<p>Infrarotheizungen erzeugen Strahlungsw\u00e4rmeanstelle von Konvektionsw\u00e4rme, die im Vergleich als angenehmer empfunden wird. Die W\u00e4rme breitet sich gleichm\u00e4ssig im Raum aus, ohne die Luft auszutrocknen oder Staubpartikel aufzuwirbeln.<\/p>\n<h3>Keine W\u00e4rmeverluste<\/h3>\n<p>Bei Konvektionsw\u00e4rme wird die Luft erw\u00e4rmt, steigt auf, k\u00fchlt sich an den Fenstern ab und sinkt dann wieder nach unten, was aufgrund der schlechten Isolierung der Glasfront ineffizient ist.<\/p>\n<p><strong>I<\/strong>nfrarotheizungen jedoch w\u00e4rmen gezielt Objekte oder Personen w\u00e4rmt, gibt es keine W\u00e4rmeverluste aufgrund von Konvektionsw\u00e4rme oder schlechter Isolierung.<\/p>\n<h3>Schnelles Aufheizen<\/h3>\n<p>Im Vergleich zu Konvektionsheizungen sind Infrarotheizungen thermisch weniger tr\u00e4ge. Infrarotheizungen heizen schnell auf und erzeugen sofortige W\u00e4rme. Dies ist ideal, um den Wintergarten an kalten Tagen oder in den \u00dcbergangszeiten schnell und effizient zu beheizen. Aber auch um das Paneel schnell wieder auszuschalten, wenn die Sonne scheint und kein hoher W\u00e4rmebedarf ben\u00f6tigt wird.<\/p>\n<h3>Energieeffizienz<\/h3>\n<p>Wenn der Wintergarten gut isoliert ist und die Infrarotheizung gezielt genutzt wird, kann dies eine energieeffiziente Heizl\u00f6sung sein. Durch die schnelle Aufheizzeit und die zielgerichtete W\u00e4rmeabgabe kann Energie eingespart werden.<\/p>\n<h3>Geringe Installationkosten und Wartungsfreiheit<\/h3>\n<p>Die Installation von Infrarotheizungen ist in der Regel einfach und kosteng\u00fcnstig. Es sind keine aufwendigen Rohrleitungen oder Heizk\u00f6rperinstallationen erforderlich. Zudem erfordern Infrarotheizungen in der Regel wenig bis keine Wartung.<\/p>\n<h3>Umweltfreundlichkeit<\/h3>\n<p>Infrarotheizungen k\u00f6nnen mit erneuerbarer Energiequelle wie Solarstrom betrieben werden, was sie zu einer umweltfreundlichen Heizoption macht.<\/p>\n<p><strong>Fazit<\/strong><\/p>\n<p>Insgesamt bieten Infrarotheizungen im Wintergarten eine effiziente, komfortable und flexible Heizl\u00f6sung. Sie tragen dazu bei, den Wintergarten zu einem ganzj\u00e4hrig nutzbaren Raum zu machen und dabei ein angenehmes Raumklima zu schaffen.<\/p>\n","protected":false},"excerpt":{"rendered":"<p>Ein Wintergarten ist ein Raum, der f\u00fcr viele Menschen eine Oase der Entspannung und Erholung darstellt. Um das ganze Jahr \u00fcber diesen wunderbaren Raum nutzen zu k\u00f6nnen, ist eine effiziente Heizl\u00f6sung erforderlich. <\/p>\n","protected":false},"author":2,"featured_media":1692,"parent":1623,"menu_order":2,"comment_status":"closed","ping_status":"closed","template":"","meta":{"footnotes":""},"class_list":["post-1690","page","type-page","status-publish","has-post-thumbnail","hentry"],"_links":{"self":[{"href":"https:\/\/ecoheat.ch\/de\/wp-json\/wp\/v2\/pages\/1690","targetHints":{"allow":["GET"]}}],"collection":[{"href":"https:\/\/ecoheat.ch\/de\/wp-json\/wp\/v2\/pages"}],"about":[{"href":"https:\/\/ecoheat.ch\/de\/wp-json\/wp\/v2\/types\/page"}],"author":[{"embeddable":true,"href":"https:\/\/ecoheat.ch\/de\/wp-json\/wp\/v2\/users\/2"}],"replies":[{"embeddable":true,"href":"https:\/\/ecoheat.ch\/de\/wp-json\/wp\/v2\/comments?post=1690"}],"version-history":[{"count":4,"href":"https:\/\/ecoheat.ch\/de\/wp-json\/wp\/v2\/pages\/1690\/revisions"}],"predecessor-version":[{"id":1695,"href":"https:\/\/ecoheat.ch\/de\/wp-json\/wp\/v2\/pages\/1690\/revisions\/1695"}],"up":[{"embeddable":true,"href":"https:\/\/ecoheat.ch\/de\/wp-json\/wp\/v2\/pages\/1623"}],"wp:featuredmedia":[{"embeddable":true,"href":"https:\/\/ecoheat.ch\/de\/wp-json\/wp\/v2\/media\/1692"}],"wp:attachment":[{"href":"https:\/\/ecoheat.ch\/de\/wp-json\/wp\/v2\/media?parent=1690"}],"curies":[{"name":"wp","href":"https:\/\/api.w.org\/{rel}","templated":true}]}}