{"id":1793,"date":"2023-12-15T10:30:49","date_gmt":"2023-12-15T09:30:49","guid":{"rendered":"https:\/\/ecoheat.ch\/?page_id=1793"},"modified":"2023-12-15T11:45:29","modified_gmt":"2023-12-15T10:45:29","slug":"infrarotheizung-badezimmerheizung","status":"publish","type":"page","link":"https:\/\/ecoheat.ch\/de\/tipps-zu-heizungen\/infrarotheizung-badezimmerheizung\/","title":{"rendered":"Ist eine Infrarotheizung als Badezimmerheizung sinnvoll?"},"content":{"rendered":"<h1>Ist eine Infrarotheizung als Badezimmerheizung sinnvoll?<\/h1>\n<p><strong>Das Badezimmer ist oft der Ort, an dem wir unseren Tag beginnen und beenden \u2013 ein Raum, der unser Wohlbefinden massgeblich beeinflusst. Doch wenn es um die Heizung dieses wichtigen Raums geht, stellen sich viele die Frage: Ist eine Infrarotheizung als Badezimmerheizung sinnvoll? In diesem Artikel werden wir uns intensiv mit dieser Frage auseinandersetzen und die vielen Gr\u00fcnde beleuchten, warum Infrarotheizungen eine \u00e4usserst clevere Wahl f\u00fcr Ihr Badezimmer sein k\u00f6nnten.<\/strong><\/p>\n<p>\t\t\t\t\t\t\t\t\t\t\t\t\t\t\t<img loading=\"lazy\" decoding=\"async\" width=\"1500\" height=\"998\" src=\"https:\/\/ecoheat.ch\/wp-content\/uploads\/2023\/12\/heizen-im-badezimmer_ecoheat-blog.webp\" alt=\"Ist eine Infrarotheizung als Badezimmerheizung sinnvoll?\" srcset=\"https:\/\/ecoheat.ch\/wp-content\/uploads\/2023\/12\/heizen-im-badezimmer_ecoheat-blog.webp 1500w, https:\/\/ecoheat.ch\/wp-content\/uploads\/2023\/12\/heizen-im-badezimmer_ecoheat-blog-300x200.webp 300w, https:\/\/ecoheat.ch\/wp-content\/uploads\/2023\/12\/heizen-im-badezimmer_ecoheat-blog-1024x681.webp 1024w, https:\/\/ecoheat.ch\/wp-content\/uploads\/2023\/12\/heizen-im-badezimmer_ecoheat-blog-768x511.webp 768w, https:\/\/ecoheat.ch\/wp-content\/uploads\/2023\/12\/heizen-im-badezimmer_ecoheat-blog-18x12.webp 18w\" sizes=\"auto, (max-width: 1500px) 100vw, 1500px\" \/>\t\t\t\t\t\t\t\t\t\t\t\t\t\t\t<\/p>\n<h2>Die Schnelligkeit und Effizienz von Infrarotheizungen<\/h2>\n<p><a href=\"\/ecoheat-classic-infrarotheizungen\/\">Infrarotheizungen<\/a> \u00fcberzeugen mit ihrer raschen und gem\u00fctlichen W\u00e4rmeabgabe, was sie ideal f\u00fcr den Einsatz im Badezimmer macht. Hier steigt der W\u00e4rmebedarf im Vergleich zu anderen R\u00e4umen um etwa 4 Grad Celsius, besonders wenn wir bedenken, dass wir uns in diesem Raum normalerweise nur kurzzeitig aufhalten. Infrarotheizungen gleichen diese gesteigerte W\u00e4rmeanforderung jedoch schnell und effektiv aus, sodass Sie beim Betreten Ihres Badezimmers keine unangenehme K\u00e4lte empfinden.<\/p>\n<p>Im Unterschied zu herk\u00f6mmlichen Heizsystemen, die die Raumluft erw\u00e4rmen, geben Infrarotheizungen Infrarotw\u00e4rme ab, die direkt in die W\u00e4nde und Objekte eindringen. Dies erm\u00f6glicht es Ihnen, die wohltuende W\u00e4rme auf Ihrem K\u00f6rper innerhalb k\u00fcrzester Zeit zu sp\u00fcren. Diese Eigenschaft ist besonders im Badezimmer von grossem Vorteil, da wir in diesem Raum oft nur kurz verweilen und eine angenehme W\u00e4rme sch\u00e4tzen, bevor wir duschen oder ein entspannendes Bad nehmen.<\/p>\n<h3>Vorbeugung gegen Schimmelbildung<\/h3>\n<p>Badezimmer weisen oft eine hohe Luftfeuchtigkeit auf, was wiederum dazu f\u00fchren kann, dass sich Schimmel in Ecken, Fugen oder sogar an ganzen Wandfl\u00e4chen bildet. Dies ist besonders in Badezimmern ohne Fenster ein ernsthaftes Problem. Die kontinuierliche Abgabe von W\u00e4rme durch eine Infrarotheizung ist eine effektive Massnahme zur Verhinderung von Schimmelbildung. Da Schimmel in feuchten und kalten Umgebungen gedeihen, begrenzt die konstante Erw\u00e4rmung der Oberfl\u00e4chen und die Verringerung der Feuchtigkeit die M\u00f6glichkeit der Schimmelentwicklung erheblich. Folglich hat Schimmel aufgrund der W\u00e4rmeabgabe der Infrarotheizung praktisch keine Chance, sich zu bilden.<\/p>\n<h3>Weniger W\u00e4rmeverlust beim L\u00fcften<\/h3>\n<p>Bei Infrarotheizungen sind die erw\u00e4rmten W\u00e4nde und B\u00f6den die Hauptquelle f\u00fcr die W\u00e4rme. Dies bedeutet, dass auch beim L\u00fcften der W\u00e4rmeverlust gering bleibt, da die ausstr\u00f6mende Raumluft nicht der Hauptgrund f\u00fcr die angenehme W\u00e4rme im Badezimmer ist.<\/p>\n<h3>Energieeffizienz und Kostenersparnis<\/h3>\n<p>Infrarotheizungen zeichnen sich nicht nur durch ihre schnelle Erw\u00e4rmung und Schimmelpr\u00e4vention aus, sondern auch durch ihre Energieeffizienz. Da sie nur die ben\u00f6tigten Fl\u00e4chen erw\u00e4rmen, anstatt den gesamten Raum zu heizen, k\u00f6nnen Sie Energie sparen und Ihre Heizkosten reduzieren.<\/p>\n<p>Besonders in Badezimmern, die oft nur zeitweise genutzt werden, macht sich diese Effizienz bemerkbar. Dar\u00fcber hinaus k\u00f6nnen Sie die Infrarotheizung mit einer intelligenten Steuerung kombinieren, um die Temperatur genau nach Ihren Bed\u00fcrfnissen einzustellen und unn\u00f6tigen Energieverbrauch zu vermeiden.<\/p>\n<p>Zusammenfassend l\u00e4sst sich sagen, dass die Entscheidung f\u00fcr eine Infrarotheizung im Badezimmer eine kluge und sinnvolle Investition in Komfort und Wohlbefinden ist. Sie bietet nicht nur effiziente W\u00e4rme, sondern tr\u00e4gt auch zur Schimmelpr\u00e4vention bei und minimiert den W\u00e4rmeverlust beim L\u00fcften. Machen Sie Ihr Badezimmer zu einem gem\u00fctlichen Ort, an dem Sie sich rundum wohlf\u00fchlen k\u00f6nnen.<\/p>\n","protected":false},"excerpt":{"rendered":"<p>Das Badezimmer ist oft der Ort, an dem wir unseren Tag beginnen und beenden \u2013 ein Raum, der unser Wohlbefinden massgeblich beeinflusst. Doch wenn es um die Heizung dieses wichtigen Raums geht, stellen sich viele die Frage: Ist eine Infrarotheizung als Badezimmerheizung sinnvoll?<\/p>\n","protected":false},"author":2,"featured_media":1794,"parent":1623,"menu_order":14,"comment_status":"closed","ping_status":"closed","template":"","meta":{"footnotes":""},"class_list":["post-1793","page","type-page","status-publish","has-post-thumbnail","hentry"],"_links":{"self":[{"href":"https:\/\/ecoheat.ch\/de\/wp-json\/wp\/v2\/pages\/1793","targetHints":{"allow":["GET"]}}],"collection":[{"href":"https:\/\/ecoheat.ch\/de\/wp-json\/wp\/v2\/pages"}],"about":[{"href":"https:\/\/ecoheat.ch\/de\/wp-json\/wp\/v2\/types\/page"}],"author":[{"embeddable":true,"href":"https:\/\/ecoheat.ch\/de\/wp-json\/wp\/v2\/users\/2"}],"replies":[{"embeddable":true,"href":"https:\/\/ecoheat.ch\/de\/wp-json\/wp\/v2\/comments?post=1793"}],"version-history":[{"count":7,"href":"https:\/\/ecoheat.ch\/de\/wp-json\/wp\/v2\/pages\/1793\/revisions"}],"predecessor-version":[{"id":1802,"href":"https:\/\/ecoheat.ch\/de\/wp-json\/wp\/v2\/pages\/1793\/revisions\/1802"}],"up":[{"embeddable":true,"href":"https:\/\/ecoheat.ch\/de\/wp-json\/wp\/v2\/pages\/1623"}],"wp:featuredmedia":[{"embeddable":true,"href":"https:\/\/ecoheat.ch\/de\/wp-json\/wp\/v2\/media\/1794"}],"wp:attachment":[{"href":"https:\/\/ecoheat.ch\/de\/wp-json\/wp\/v2\/media?parent=1793"}],"curies":[{"name":"wp","href":"https:\/\/api.w.org\/{rel}","templated":true}]}}