{"id":239,"date":"2022-12-30T10:20:10","date_gmt":"2022-12-30T09:20:10","guid":{"rendered":"https:\/\/practical-shannon.185-46-59-137.plesk.page\/?page_id=239"},"modified":"2023-11-23T14:11:48","modified_gmt":"2023-11-23T13:11:48","slug":"ecoheat-hybrid-infrarotheizungen","status":"publish","type":"page","link":"https:\/\/ecoheat.ch\/de\/ecoheat-hybrid-infrarotheizungen\/","title":{"rendered":"ecoheat Hybrid Infrarotheizungen"},"content":{"rendered":"<h1>ecoheat Hybrid<\/h1>\n<h2>Infrarot-Radiator<\/h2>\n<p>Die einzigartige\u00a0<em>ecoheat Hybrid<\/em> kombiniert die Vorteile einer Infrarotheizung mit denjenigen einer Konvektorheizung.<\/p>\n<p>Einige Meter um die <em>ecoheat Hybrid<\/em> herum f\u00fchlt es sich wie in der N\u00e4he eines Kachelofens wohlig warm an. Wie bei einem elektrischen Konvektor verteilt sich zudem die aufgew\u00e4rmte Luft im ganzen Raum.<\/p>\n<p>\t\t\t\t\t\t\t\t\t\t\t\t\t\t\t<img decoding=\"async\" width=\"800\" height=\"534\" src=\"https:\/\/ecoheat.ch\/wp-content\/uploads\/2023\/03\/ecoheat-hybrid-1000_lifestyle_buero_sitzgruppe_1500x1000-1024x683.webp\" alt=\"ecoheat Hybrid-Infrarotradiator bei einer Sitzgruppe\" loading=\"lazy\" srcset=\"https:\/\/ecoheat.ch\/wp-content\/uploads\/2023\/03\/ecoheat-hybrid-1000_lifestyle_buero_sitzgruppe_1500x1000-1024x683.webp 1024w, https:\/\/ecoheat.ch\/wp-content\/uploads\/2023\/03\/ecoheat-hybrid-1000_lifestyle_buero_sitzgruppe_1500x1000-300x200.webp 300w, https:\/\/ecoheat.ch\/wp-content\/uploads\/2023\/03\/ecoheat-hybrid-1000_lifestyle_buero_sitzgruppe_1500x1000-768x512.webp 768w, https:\/\/ecoheat.ch\/wp-content\/uploads\/2023\/03\/ecoheat-hybrid-1000_lifestyle_buero_sitzgruppe_1500x1000-18x12.webp 18w, https:\/\/ecoheat.ch\/wp-content\/uploads\/2023\/03\/ecoheat-hybrid-1000_lifestyle_buero_sitzgruppe_1500x1000.webp 1500w\" sizes=\"auto, (max-width: 800px) 100vw, 800px\" \/>\t\t\t\t\t\t\t\t\t\t\t\t\t\t\t<\/p>\n<ul>\n<li>\n\t\t\t\t\t\t\t\t\t\tStarke Kombi-Heizleistung: Infrarot- und Konvektionsw\u00e4rme\n\t\t\t\t\t\t\t\t\t<\/li>\n<li>\n\t\t\t\t\t\t\t\t\t\tOptimaler Ersatz f\u00fcr elektrische Nachtspeicherheizungen\n\t\t\t\t\t\t\t\t\t<\/li>\n<li>\n\t\t\t\t\t\t\t\t\t\tGer\u00e4uschloser und wartungsfreier Betrieb\n\t\t\t\t\t\t\t\t\t<\/li>\n<li>\n\t\t\t\t\t\t\t\t\t\t\u00dcberhitzungs- und \u00dcberspannungsschutz\n\t\t\t\t\t\t\t\t\t<\/li>\n<\/ul>\n<p>Wenige Minuten nach dem Einschalten des Hybridheizk\u00f6rpers wird die von der Vorderseite abgestrahlte Infrarotw\u00e4rme\u00a0deutlich sp\u00fcrbar. Zus\u00e4tzlich\u00a0str\u00f6mt warme Luft (Konvektions\u00adw\u00e4rme)\u00a0durch die\u00a0Rillen auf der Oberseite des Heizk\u00f6rpers heraus. Nach nur 20 Minuten Heizbetrieb ist die volle W\u00e4rme\u00adleistung erreicht.<\/p>\n<p>W\u00e4hrend herk\u00f6mmliche Infrarotheizungen die Luft nicht direkt erw\u00e4rmen, sorgen die<em> ecoheat Hybrid<\/em> f\u00fcr eine angenehme Lufttemperatur im ganzen Raum. Dies ist in k\u00fchlen, schlecht isolierten R\u00e4umen von grossem Vorteil. Gerade beim Frostschutz ist die Erw\u00e4rmung der Luft mit einer Konvektorheizung sehr wichtig, damit alle Ecken und Winkel des Raumes aufgew\u00e4rmt werden.<\/p>\n<h4>Hybrid 600<\/h4>\n<p>60 x 60 x 5 cm<\/p>\n<p>600 Watt<\/p>\n<h4>Hybrid 1000<\/h4>\n<p>60 x 100 x 5 cm<\/p>\n<p>1000 Watt<\/p>\n<h4>Hybrid 1000 vertikal<\/h4>\n<p>100 x 60 x 5 cm<\/p>\n<p>1000 Watt<\/p>\n<h4>Hybrid 1400<\/h4>\n<p>60 x 140 x 5 cm<\/p>\n<p>1400 Watt<\/p>\n<p>\t\t\t\t\t\t\t\t\t\t\t\t\t\t\t<img decoding=\"async\" width=\"1500\" height=\"1000\" src=\"https:\/\/ecoheat.ch\/wp-content\/uploads\/2023\/01\/ecoheat-hybrid_lifestyle_detail_closeup_2_1500x1000.jpg\" alt=\"ecoheat Hybrid Infrarot-Radiator Nahaufnahme von oben\" loading=\"lazy\" srcset=\"https:\/\/ecoheat.ch\/wp-content\/uploads\/2023\/01\/ecoheat-hybrid_lifestyle_detail_closeup_2_1500x1000.jpg 1500w, https:\/\/ecoheat.ch\/wp-content\/uploads\/2023\/01\/ecoheat-hybrid_lifestyle_detail_closeup_2_1500x1000-300x200.jpg 300w, https:\/\/ecoheat.ch\/wp-content\/uploads\/2023\/01\/ecoheat-hybrid_lifestyle_detail_closeup_2_1500x1000-1024x683.jpg 1024w, https:\/\/ecoheat.ch\/wp-content\/uploads\/2023\/01\/ecoheat-hybrid_lifestyle_detail_closeup_2_1500x1000-768x512.jpg 768w\" sizes=\"auto, (max-width: 1500px) 100vw, 1500px\" \/><br \/>\n\t\t\t\t\t\t\t<button id=\"e-n-tabs-title-1041\" aria-selected=\"true\" data-tab-index=\"1\" role=\"tab\" tabindex=\"0\" aria-controls=\"e-n-tab-content-1041\" style=\"--n-tabs-title-order: 1;\"><br \/>\n\t\t\t\t\tLieferumfang<br \/>\n\t\t\t<\/button><br \/>\n\t\t\t\t\t<button id=\"e-n-tabs-title-1042\" aria-selected=\"false\" data-tab-index=\"2\" role=\"tab\" tabindex=\"-1\" aria-controls=\"e-n-tab-content-1042\" style=\"--n-tabs-title-order: 2;\"><br \/>\n\t\t\t\t\tStandf\u00fcsse<br \/>\n\t\t\t<\/button><br \/>\n\t\t\t\t\t<button id=\"e-n-tabs-title-1043\" aria-selected=\"false\" data-tab-index=\"3\" role=\"tab\" tabindex=\"-1\" aria-controls=\"e-n-tab-content-1043\" style=\"--n-tabs-title-order: 3;\"><br \/>\n\t\t\t\t\tTechnische Daten<br \/>\n\t\t\t<\/button><br \/>\n\t\t\t\t\t<button id=\"e-n-tabs-title-1044\" aria-selected=\"false\" data-tab-index=\"4\" role=\"tab\" tabindex=\"-1\" aria-controls=\"e-n-tab-content-1044\" style=\"--n-tabs-title-order: 4;\"><br \/>\n\t\t\t\t\tDownloads<br \/>\n\t\t\t<\/button><\/p>\n<ul>\n<li>2 Wandhalterungen und Montageset<\/li>\n<li>Standf\u00fcsse (nicht\u00a0bei der\u00a0vertikalen Variante)<\/li>\n<li>Bedienungsanleitung<\/li>\n<\/ul>\n<p>\t\t\t\t\t\t\t\t\t\t\t\t\t\t\t\t<a href=\"https:\/\/ecofort.ch\/de\/heizen-montagematerial\/1489-standfusse-ecoheat-hybridheizung.html\" target=\"_blank\" rel=\"noopener\"><br \/>\n\t\t\t\t\t\t\t<img decoding=\"async\" width=\"800\" height=\"800\" src=\"https:\/\/ecoheat.ch\/wp-content\/uploads\/2023\/01\/standfusse-ecoheat-hybridheizung.jpg\" alt=\"ecoheat Hybrid Standf\u00fcsse\" loading=\"lazy\" srcset=\"https:\/\/ecoheat.ch\/wp-content\/uploads\/2023\/01\/standfusse-ecoheat-hybridheizung.jpg 800w, https:\/\/ecoheat.ch\/wp-content\/uploads\/2023\/01\/standfusse-ecoheat-hybridheizung-300x300.jpg 300w, https:\/\/ecoheat.ch\/wp-content\/uploads\/2023\/01\/standfusse-ecoheat-hybridheizung-150x150.jpg 150w, https:\/\/ecoheat.ch\/wp-content\/uploads\/2023\/01\/standfusse-ecoheat-hybridheizung-768x768.jpg 768w\" sizes=\"auto, (max-width: 800px) 100vw, 800px\" \/>\t\t\t\t\t\t\t\t<\/a><br \/>\n\t\t\t<a href=\"https:\/\/ecofort.ch\/de\/heizen-montagematerial\/1489-standfusse-ecoheat-hybridheizung.html\" target=\"_blank\" rel=\"noopener\"><br \/>\n\t\t\t\t\t\tKaufen<br \/>\n\t\t\t\t\t<\/a><\/p>\n<p>Wenn die mitgelieferten kleinen Plastik-Standf\u00fcsse nicht robust genug sind, dann sind diese &#8220;Heavy-Duty&#8221;-Standf\u00fcsse aus Metall die richtige Aufwertung. Mit ihnen lassen sich die\u00a0<em>ecoheat Hybrid<\/em> genauso einfach bewegen und sie erm\u00f6glichen h\u00f6chste Mobilit\u00e4t, auch bei h\u00e4rterem, allt\u00e4glichen Einsatz.<\/p>\n<p>Die Montage gestaltet sich denkbar einfach, die beiden Standf\u00fcsse werden an die vorgesehenen L\u00f6cher der Heizung ausgerichtet und mit den mitgelieferten Schrauben fixiert.<\/p>\n<table>\n<tbody>\n<tr>\n<td>Strahlungsreichweite<\/td>\n<td>ca. 3.5 Meter<\/td>\n<\/tr>\n<tr>\n<td>Strahlungswinkel<\/td>\n<td>ca. 170 \u00b0<\/td>\n<\/tr>\n<tr>\n<td>Oberfl\u00e4chentemperatur<\/td>\n<td>50 &#8211; 110 \u00b0C<\/td>\n<\/tr>\n<tr>\n<td>Stromversorgung<\/td>\n<td>230 V \/ 50 Hz<\/td>\n<\/tr>\n<tr>\n<td>Anschlusskabel<\/td>\n<td>Schweizer Stecker<\/td>\n<\/tr>\n<tr>\n<td>\u00dcberhitzungsschutz<\/td>\n<td>Ja<\/td>\n<\/tr>\n<tr>\n<td>\u00dcberspannungsschutz<\/td>\n<td>Ja<\/td>\n<\/tr>\n<tr>\n<td>Schutzklasse<\/td>\n<td>IP20<\/td>\n<\/tr>\n<tr>\n<td>Farbe<\/td>\n<td>Weiss (RAL 9016)<\/td>\n<\/tr>\n<tr>\n<td>Pr\u00fcfzeichen<\/td>\n<td>CE<\/td>\n<\/tr>\n<\/tbody>\n<\/table>\n<ul>\n<li>\n\t\t\t\t\t\t\t\t\t\t\t<a href=\"\/wp-content\/uploads\/2022\/12\/hybridboard-anleitung-D-F-I_2022_web.pdf\"><br \/>\n\t\t\t\t\t\t\t\t\t\tAnleitung<br \/>\n\t\t\t\t\t\t\t\t\t\t\t<\/a>\n\t\t\t\t\t\t\t\t\t<\/li>\n<li>\n\t\t\t\t\t\t\t\t\t\t\t<a href=\"\/wp-content\/uploads\/2022\/12\/Montageanleitung-Standfuesse.pdf\"><br \/>\n\t\t\t\t\t\t\t\t\t\tMontage Standf\u00fcsse<br \/>\n\t\t\t\t\t\t\t\t\t\t\t<\/a>\n\t\t\t\t\t\t\t\t\t<\/li>\n<\/ul>\n<ul>\n<li>\n\t\t\t\t\t\t\t\t\t\t\t<a href=\"\/wp-content\/uploads\/2022\/12\/hybridboard-anleitung-D-F-I_2022_web.pdf\"><br \/>\n\t\t\t\t\t\t\t\t\t\tAnleitung<br \/>\n\t\t\t\t\t\t\t\t\t\t\t<\/a>\n\t\t\t\t\t\t\t\t\t<\/li>\n<li>\n\t\t\t\t\t\t\t\t\t\t\t<a href=\"\/wp-content\/uploads\/2022\/12\/Montageanleitung-Standfuesse.pdf\"><br \/>\n\t\t\t\t\t\t\t\t\t\tMontage Standf\u00fcsse<br \/>\n\t\t\t\t\t\t\t\t\t\t\t<\/a>\n\t\t\t\t\t\t\t\t\t<\/li>\n<\/ul>\n<ul>\n<li>2 Wandhalterungen und Montageset<\/li>\n<li>Standf\u00fcsse (nicht\u00a0bei der\u00a0vertikalen Variante)<\/li>\n<li>Bedienungsanleitung<\/li>\n<\/ul>\n<p>\t\t\t\t\t\t\t\t\t\t\t\t\t\t\t\t<a href=\"https:\/\/ecofort.ch\/de\/heizen-montagematerial\/1489-standfusse-ecoheat-hybridheizung.html\" target=\"_blank\" rel=\"noopener\"><br \/>\n\t\t\t\t\t\t\t<img decoding=\"async\" width=\"800\" height=\"800\" src=\"https:\/\/ecoheat.ch\/wp-content\/uploads\/2023\/01\/standfusse-ecoheat-hybridheizung.jpg\" alt=\"ecoheat Hybrid Standf\u00fcsse\" loading=\"lazy\" srcset=\"https:\/\/ecoheat.ch\/wp-content\/uploads\/2023\/01\/standfusse-ecoheat-hybridheizung.jpg 800w, https:\/\/ecoheat.ch\/wp-content\/uploads\/2023\/01\/standfusse-ecoheat-hybridheizung-300x300.jpg 300w, https:\/\/ecoheat.ch\/wp-content\/uploads\/2023\/01\/standfusse-ecoheat-hybridheizung-150x150.jpg 150w, https:\/\/ecoheat.ch\/wp-content\/uploads\/2023\/01\/standfusse-ecoheat-hybridheizung-768x768.jpg 768w\" sizes=\"auto, (max-width: 800px) 100vw, 800px\" \/>\t\t\t\t\t\t\t\t<\/a><br \/>\n\t\t\t<a href=\"https:\/\/ecofort.ch\/de\/heizen-montagematerial\/1489-standfusse-ecoheat-hybridheizung.html\" target=\"_blank\" rel=\"noopener\"><br \/>\n\t\t\t\t\t\tKaufen<br \/>\n\t\t\t\t\t<\/a><\/p>\n<p>Wenn die mitgelieferten kleinen Plastik-Standf\u00fcsse nicht robust genug sind, dann sind diese &#171;Heavy-Duty&#187;-Standf\u00fcsse aus Metall die richtige Aufwertung. Mit ihnen lassen sich die\u00a0<em>ecoheat Hybrid<\/em> genauso einfach bewegen und sie erm\u00f6glichen h\u00f6chste Mobilit\u00e4t, auch bei h\u00e4rterem, allt\u00e4glichen Einsatz.<\/p>\n<p>Die Montage gestaltet sich denkbar einfach, die beiden Standf\u00fcsse werden an die vorgesehenen L\u00f6cher der Heizung ausgerichtet und mit den mitgelieferten Schrauben fixiert.<\/p>\n<table>\n<tbody>\n<tr>\n<td>Strahlungsreichweite<\/td>\n<td>ca. 3.5 Meter<\/td>\n<\/tr>\n<tr>\n<td>Strahlungswinkel<\/td>\n<td>ca. 170 \u00b0<\/td>\n<\/tr>\n<tr>\n<td>Oberfl\u00e4chentemperatur<\/td>\n<td>50 &#8211; 110 \u00b0C<\/td>\n<\/tr>\n<tr>\n<td>Stromversorgung<\/td>\n<td>230 V \/ 50 Hz<\/td>\n<\/tr>\n<tr>\n<td>Anschlusskabel<\/td>\n<td>Schweizer Stecker<\/td>\n<\/tr>\n<tr>\n<td>\u00dcberhitzungsschutz<\/td>\n<td>Ja<\/td>\n<\/tr>\n<tr>\n<td>\u00dcberspannungsschutz<\/td>\n<td>Ja<\/td>\n<\/tr>\n<tr>\n<td>Schutzklasse<\/td>\n<td>IP20<\/td>\n<\/tr>\n<tr>\n<td>Farbe<\/td>\n<td>Weiss (RAL 9016)<\/td>\n<\/tr>\n<tr>\n<td>Pr\u00fcfzeichen<\/td>\n<td>CE<\/td>\n<\/tr>\n<\/tbody>\n<\/table>\n<ul>\n<li>\n\t\t\t\t\t\t\t\t\t\t\t<a href=\"\/wp-content\/uploads\/2022\/12\/hybridboard-anleitung-D-F-I_2022_web.pdf\"><br \/>\n\t\t\t\t\t\t\t\t\t\tAnleitung<br \/>\n\t\t\t\t\t\t\t\t\t\t\t<\/a>\n\t\t\t\t\t\t\t\t\t<\/li>\n<li>\n\t\t\t\t\t\t\t\t\t\t\t<a href=\"\/wp-content\/uploads\/2022\/12\/Montageanleitung-Standfuesse.pdf\"><br \/>\n\t\t\t\t\t\t\t\t\t\tMontage Standf\u00fcsse<br \/>\n\t\t\t\t\t\t\t\t\t\t\t<\/a>\n\t\t\t\t\t\t\t\t\t<\/li>\n<\/ul>\n<ul>\n<li>\n\t\t\t\t\t\t\t\t\t\t\t<a href=\"\/wp-content\/uploads\/2022\/12\/hybridboard-anleitung-D-F-I_2022_web.pdf\"><br \/>\n\t\t\t\t\t\t\t\t\t\tAnleitung<br \/>\n\t\t\t\t\t\t\t\t\t\t\t<\/a>\n\t\t\t\t\t\t\t\t\t<\/li>\n<li>\n\t\t\t\t\t\t\t\t\t\t\t<a href=\"\/wp-content\/uploads\/2022\/12\/Montageanleitung-Standfuesse.pdf\"><br \/>\n\t\t\t\t\t\t\t\t\t\tMontage Standf\u00fcsse<br \/>\n\t\t\t\t\t\t\t\t\t\t\t<\/a>\n\t\t\t\t\t\t\t\t\t<\/li>\n<\/ul>\n<p>\t\t\t<a href=\"https:\/\/ecofort.ch\/de\/hybridradiatoren\/80-ecoheat-hybridheizung.html\" target=\"_blank\" rel=\"noopener\"><br \/>\n\t\t\t\t\t\tMehr Informationen im Shop<br \/>\n\t\t\t\t\t<\/a><br \/>\n\t\t\t<a href=\"https:\/\/ecofort.ch\/de\/hybridradiatoren\/80-ecoheat-hybridheizung.html\" target=\"_blank\" rel=\"noopener\"><br \/>\n\t\t\t\t\t\tMehr Informationen im Shop<br \/>\n\t\t\t\t\t<\/a><\/p>\n","protected":false},"excerpt":{"rendered":"<p>ecoheat Hybrid Infrarot-Radiator Die einzigartige\u00a0ecoheat Hybrid kombiniert die Vorteile einer Infrarotheizung mit denjenigen einer Konvektorheizung. Einige Meter um die ecoheat Hybrid herum f\u00fchlt es sich wie in der N\u00e4he eines Kachelofens wohlig warm an. Wie bei einem elektrischen Konvektor verteilt sich zudem die aufgew\u00e4rmte Luft im ganzen Raum. Starke Kombi-Heizleistung: Infrarot- und Konvektionsw\u00e4rme Optimaler Ersatz [&hellip;]<\/p>\n","protected":false},"author":2,"featured_media":0,"parent":0,"menu_order":0,"comment_status":"closed","ping_status":"closed","template":"","meta":{"footnotes":""},"class_list":["post-239","page","type-page","status-publish","hentry"],"_links":{"self":[{"href":"https:\/\/ecoheat.ch\/de\/wp-json\/wp\/v2\/pages\/239","targetHints":{"allow":["GET"]}}],"collection":[{"href":"https:\/\/ecoheat.ch\/de\/wp-json\/wp\/v2\/pages"}],"about":[{"href":"https:\/\/ecoheat.ch\/de\/wp-json\/wp\/v2\/types\/page"}],"author":[{"embeddable":true,"href":"https:\/\/ecoheat.ch\/de\/wp-json\/wp\/v2\/users\/2"}],"replies":[{"embeddable":true,"href":"https:\/\/ecoheat.ch\/de\/wp-json\/wp\/v2\/comments?post=239"}],"version-history":[{"count":151,"href":"https:\/\/ecoheat.ch\/de\/wp-json\/wp\/v2\/pages\/239\/revisions"}],"predecessor-version":[{"id":1585,"href":"https:\/\/ecoheat.ch\/de\/wp-json\/wp\/v2\/pages\/239\/revisions\/1585"}],"wp:attachment":[{"href":"https:\/\/ecoheat.ch\/de\/wp-json\/wp\/v2\/media?parent=239"}],"curies":[{"name":"wp","href":"https:\/\/api.w.org\/{rel}","templated":true}]}}