{"id":8,"date":"2022-12-05T14:34:27","date_gmt":"2022-12-05T13:34:27","guid":{"rendered":"https:\/\/practical-shannon.185-46-59-137.plesk.page\/?page_id=8"},"modified":"2024-01-17T17:44:09","modified_gmt":"2024-01-17T16:44:09","slug":"ecoheat-infrarotheizungen","status":"publish","type":"page","link":"https:\/\/ecoheat.ch\/de\/","title":{"rendered":"ecoheat &#8211; Infrarotheizung Schweiz"},"content":{"rendered":"<h1>ecoheat Infrarot&shy;heizungen<\/h1>\n<h2>Panels, Hybrid-Radiatoren &#038; Dunkelstrahler<\/h2>\n<h2>Unabh\u00e4ngig &#038; individuell wie Sie<\/h2>\n<p>Die Infrarotheizungen und Hybridradiatoren von <em>ecoheat<\/em> halten, was sie versprechen. Wohlf\u00fchlw\u00e4rme innert k\u00fcrzester Zeit, flexibel einsetzbar und preiswert. Fix an der Wand montiert sowie mobil auf Standf\u00fcssen, beides ist m\u00f6glich.<\/p>\n<p>Via Smartphone fern\u00adsteuer\u00adbarem Raumthermostat die W\u00e4rmeverteilung in einem ganzen Haus kontrollieren oder ganz simpel mit Steckdosen\u00adthermostat innert Minuten Wohlf\u00fchl\u00adtemperatur geniessen, wo man will und wann man will &#8211; alles ist m\u00f6glich.<\/p>\n<p><strong><i>ecoheat<\/i> ist unabh\u00e4ngig und individuell, genau wie Sie<\/strong>.<\/p>\n<p>\t\t\t\t\t\t\t\t\t\t\t\t\t\t\t<img loading=\"lazy\" decoding=\"async\" width=\"1500\" height=\"1000\" src=\"https:\/\/ecoheat.ch\/wp-content\/uploads\/2023\/01\/ecoheat-hybrid-1000_lifestyle_bueroraum_2_1500x1000.jpg\" alt=\"\" srcset=\"https:\/\/ecoheat.ch\/wp-content\/uploads\/2023\/01\/ecoheat-hybrid-1000_lifestyle_bueroraum_2_1500x1000.jpg 1500w, https:\/\/ecoheat.ch\/wp-content\/uploads\/2023\/01\/ecoheat-hybrid-1000_lifestyle_bueroraum_2_1500x1000-300x200.jpg 300w, https:\/\/ecoheat.ch\/wp-content\/uploads\/2023\/01\/ecoheat-hybrid-1000_lifestyle_bueroraum_2_1500x1000-1024x683.jpg 1024w, https:\/\/ecoheat.ch\/wp-content\/uploads\/2023\/01\/ecoheat-hybrid-1000_lifestyle_bueroraum_2_1500x1000-768x512.jpg 768w\" sizes=\"auto, (max-width: 1500px) 100vw, 1500px\" \/>\t\t\t\t\t\t\t\t\t\t\t\t\t\t\t<\/p>\n<p>Produktion sowie Entwicklung aller Heizk\u00f6rper von <em>ecoheat<\/em> entsprechen europ\u00e4ischen Standards und sind auf Sicherheit gepr\u00fcft. Sie werden seit 2012 erfolgreich in der Schweiz vertrieben und z\u00e4hlen tausende von zufriedenen Kunden.<\/p>\n<p>\t\t\t\t\t\t\t\t\t\t\t\t\t\t\t<img loading=\"lazy\" decoding=\"async\" width=\"218\" height=\"166\" src=\"https:\/\/ecoheat.ch\/wp-content\/uploads\/2023\/01\/tuv_gs_logo_400x166-e1700744936166.jpg\" alt=\"GS (Gepr\u00fcfte Sicherheit) Logo\" srcset=\"https:\/\/ecoheat.ch\/wp-content\/uploads\/2023\/01\/tuv_gs_logo_400x166-e1700744936166.jpg 218w, https:\/\/ecoheat.ch\/wp-content\/uploads\/2023\/01\/tuv_gs_logo_400x166-e1700744936166-16x12.jpg 16w\" sizes=\"auto, (max-width: 218px) 100vw, 218px\" \/>\t\t\t\t\t\t\t\t\t\t\t\t\t\t\t<\/p>\n<h2>Heizungen<\/h2>\n<h4><a href=\"\/ecoheat-basic-infrarotheizungen\/\">Basic<\/a><\/h4>\n<figure>\n\t\t\t\t\t\t\t\t\t\t\t<a href=\"\/ecoheat-basic-infrarotheizungen\/\"><br \/>\n\t\t\t\t\t\t\t<img loading=\"lazy\" decoding=\"async\" width=\"800\" height=\"800\" src=\"https:\/\/ecoheat.ch\/wp-content\/uploads\/2023\/01\/ecoheat-basic_group_1_1500x1500-1024x1024.jpg\" alt=\"\" srcset=\"https:\/\/ecoheat.ch\/wp-content\/uploads\/2023\/01\/ecoheat-basic_group_1_1500x1500-1024x1024.jpg 1024w, https:\/\/ecoheat.ch\/wp-content\/uploads\/2023\/01\/ecoheat-basic_group_1_1500x1500-300x300.jpg 300w, https:\/\/ecoheat.ch\/wp-content\/uploads\/2023\/01\/ecoheat-basic_group_1_1500x1500-150x150.jpg 150w, https:\/\/ecoheat.ch\/wp-content\/uploads\/2023\/01\/ecoheat-basic_group_1_1500x1500-768x768.jpg 768w, https:\/\/ecoheat.ch\/wp-content\/uploads\/2023\/01\/ecoheat-basic_group_1_1500x1500.jpg 1500w\" sizes=\"auto, (max-width: 800px) 100vw, 800px\" \/>\t\t\t\t\t\t\t\t<\/a><figcaption>Infrarotpanels<\/figcaption><\/figure>\n<h4><a href=\"\/ecoheat-classic-infrarotheizungen\/\">Classic<\/a><\/h4>\n<figure>\n\t\t\t\t\t\t\t\t\t\t\t<a href=\"\/ecoheat-classic-infrarotheizungen\/\"><br \/>\n\t\t\t\t\t\t\t<img loading=\"lazy\" decoding=\"async\" width=\"800\" height=\"800\" src=\"https:\/\/ecoheat.ch\/wp-content\/uploads\/2023\/01\/ecoheat_classic_group_2_whitebg_1500x1500-1024x1024.jpg\" alt=\"ecoheat Classic Infrarotheizungen\" srcset=\"https:\/\/ecoheat.ch\/wp-content\/uploads\/2023\/01\/ecoheat_classic_group_2_whitebg_1500x1500-1024x1024.jpg 1024w, https:\/\/ecoheat.ch\/wp-content\/uploads\/2023\/01\/ecoheat_classic_group_2_whitebg_1500x1500-300x300.jpg 300w, https:\/\/ecoheat.ch\/wp-content\/uploads\/2023\/01\/ecoheat_classic_group_2_whitebg_1500x1500-150x150.jpg 150w, https:\/\/ecoheat.ch\/wp-content\/uploads\/2023\/01\/ecoheat_classic_group_2_whitebg_1500x1500-768x768.jpg 768w, https:\/\/ecoheat.ch\/wp-content\/uploads\/2023\/01\/ecoheat_classic_group_2_whitebg_1500x1500.jpg 1500w\" sizes=\"auto, (max-width: 800px) 100vw, 800px\" \/>\t\t\t\t\t\t\t\t<\/a><figcaption>Rahmenlose Infrarotpanels<\/figcaption><\/figure>\n<h4><a href=\"\/ecoheat-classic-t-infrarotheizungen\/\">Classic-T<\/a><\/h4>\n<figure>\n\t\t\t\t\t\t\t\t\t\t\t<a href=\"\/ecoheat-classic-t-infrarotheizungen\/\"><br \/>\n\t\t\t\t\t\t\t<img loading=\"lazy\" decoding=\"async\" width=\"800\" height=\"800\" src=\"https:\/\/ecoheat.ch\/wp-content\/uploads\/2023\/01\/ecoheat_classic_group_2_whitebg_1500x1500-1024x1024.jpg\" alt=\"ecoheat Classic Infrarotheizungen\" srcset=\"https:\/\/ecoheat.ch\/wp-content\/uploads\/2023\/01\/ecoheat_classic_group_2_whitebg_1500x1500-1024x1024.jpg 1024w, https:\/\/ecoheat.ch\/wp-content\/uploads\/2023\/01\/ecoheat_classic_group_2_whitebg_1500x1500-300x300.jpg 300w, https:\/\/ecoheat.ch\/wp-content\/uploads\/2023\/01\/ecoheat_classic_group_2_whitebg_1500x1500-150x150.jpg 150w, https:\/\/ecoheat.ch\/wp-content\/uploads\/2023\/01\/ecoheat_classic_group_2_whitebg_1500x1500-768x768.jpg 768w, https:\/\/ecoheat.ch\/wp-content\/uploads\/2023\/01\/ecoheat_classic_group_2_whitebg_1500x1500.jpg 1500w\" sizes=\"auto, (max-width: 800px) 100vw, 800px\" \/>\t\t\t\t\t\t\t\t<\/a><figcaption>Mit integriertem Funkempf\u00e4nger<\/figcaption><\/figure>\n<h4><a href=\"\/ecoheat-hybrid-infrarotheizungen\/\">Hybrid<\/a><\/h4>\n<figure>\n\t\t\t\t\t\t\t\t\t\t\t<a href=\"\/ecoheat-hybrid-infrarotheizungen\/\"><br \/>\n\t\t\t\t\t\t\t<img loading=\"lazy\" decoding=\"async\" width=\"800\" height=\"800\" src=\"https:\/\/ecoheat.ch\/wp-content\/uploads\/2023\/01\/ecoheat-hybrid-600_transparent_1500x1500-1024x1024.jpg\" alt=\"ecoheat HYBRID Konvektor Heizk\u00f6rper\" srcset=\"https:\/\/ecoheat.ch\/wp-content\/uploads\/2023\/01\/ecoheat-hybrid-600_transparent_1500x1500-1024x1024.jpg 1024w, https:\/\/ecoheat.ch\/wp-content\/uploads\/2023\/01\/ecoheat-hybrid-600_transparent_1500x1500-300x300.jpg 300w, https:\/\/ecoheat.ch\/wp-content\/uploads\/2023\/01\/ecoheat-hybrid-600_transparent_1500x1500-150x150.jpg 150w, https:\/\/ecoheat.ch\/wp-content\/uploads\/2023\/01\/ecoheat-hybrid-600_transparent_1500x1500-768x768.jpg 768w, https:\/\/ecoheat.ch\/wp-content\/uploads\/2023\/01\/ecoheat-hybrid-600_transparent_1500x1500.jpg 1500w\" sizes=\"auto, (max-width: 800px) 100vw, 800px\" \/>\t\t\t\t\t\t\t\t<\/a><figcaption>Konvektor-Radiatoren<\/figcaption><\/figure>\n<h4><a href=\"\/ecoheat-hybrid-t-infrarotheizungen\/\">Hybrid-T<\/a><\/h4>\n<figure>\n\t\t\t\t\t\t\t\t\t\t\t<a href=\"\/ecoheat-hybrid-t-infrarotheizungen\/\"><br \/>\n\t\t\t\t\t\t\t<img loading=\"lazy\" decoding=\"async\" width=\"800\" height=\"800\" src=\"https:\/\/ecoheat.ch\/wp-content\/uploads\/2023\/01\/ecoheat-hybrid-600_transparent_1500x1500-1024x1024.jpg\" alt=\"ecoheat HYBRID Konvektor Heizk\u00f6rper\" srcset=\"https:\/\/ecoheat.ch\/wp-content\/uploads\/2023\/01\/ecoheat-hybrid-600_transparent_1500x1500-1024x1024.jpg 1024w, https:\/\/ecoheat.ch\/wp-content\/uploads\/2023\/01\/ecoheat-hybrid-600_transparent_1500x1500-300x300.jpg 300w, https:\/\/ecoheat.ch\/wp-content\/uploads\/2023\/01\/ecoheat-hybrid-600_transparent_1500x1500-150x150.jpg 150w, https:\/\/ecoheat.ch\/wp-content\/uploads\/2023\/01\/ecoheat-hybrid-600_transparent_1500x1500-768x768.jpg 768w, https:\/\/ecoheat.ch\/wp-content\/uploads\/2023\/01\/ecoheat-hybrid-600_transparent_1500x1500.jpg 1500w\" sizes=\"auto, (max-width: 800px) 100vw, 800px\" \/>\t\t\t\t\t\t\t\t<\/a><figcaption>Mit integriertem Funkempf\u00e4nger<\/figcaption><\/figure>\n<h4><a href=\"\/heatbar-comfort-dunkelstrahler\/\">HeatBar<\/a><\/h4>\n<figure>\n\t\t\t\t\t\t\t\t\t\t\t<a href=\"\/heatbar-comfort-dunkelstrahler\/\"><br \/>\n\t\t\t\t\t\t\t<img loading=\"lazy\" decoding=\"async\" width=\"800\" height=\"800\" src=\"https:\/\/ecoheat.ch\/wp-content\/uploads\/2023\/01\/1_heatbar_comfort_main_1200x1200_no_logo-1024x1024.jpg\" alt=\"ecoheat HeatBar comfort+ Infrarot dunkelstrahler\" srcset=\"https:\/\/ecoheat.ch\/wp-content\/uploads\/2023\/01\/1_heatbar_comfort_main_1200x1200_no_logo-1024x1024.jpg 1024w, https:\/\/ecoheat.ch\/wp-content\/uploads\/2023\/01\/1_heatbar_comfort_main_1200x1200_no_logo-300x300.jpg 300w, https:\/\/ecoheat.ch\/wp-content\/uploads\/2023\/01\/1_heatbar_comfort_main_1200x1200_no_logo-150x150.jpg 150w, https:\/\/ecoheat.ch\/wp-content\/uploads\/2023\/01\/1_heatbar_comfort_main_1200x1200_no_logo-768x768.jpg 768w, https:\/\/ecoheat.ch\/wp-content\/uploads\/2023\/01\/1_heatbar_comfort_main_1200x1200_no_logo.jpg 1200w\" sizes=\"auto, (max-width: 800px) 100vw, 800px\" \/>\t\t\t\t\t\t\t\t<\/a><figcaption>Infrarot Dunkelstrahler<\/figcaption><\/figure>\n<p>\t\t\t\t\t\t\t\t\t\t\t\t\t\t\t<img loading=\"lazy\" decoding=\"async\" width=\"1500\" height=\"1000\" src=\"https:\/\/ecoheat.ch\/wp-content\/uploads\/2023\/01\/ecoheat-classic-550_lifestyle_office_room_1500x1000.jpg\" alt=\"ecoheat Classic Infrarotpanel B\u00fcroraum\" srcset=\"https:\/\/ecoheat.ch\/wp-content\/uploads\/2023\/01\/ecoheat-classic-550_lifestyle_office_room_1500x1000.jpg 1500w, https:\/\/ecoheat.ch\/wp-content\/uploads\/2023\/01\/ecoheat-classic-550_lifestyle_office_room_1500x1000-300x200.jpg 300w, https:\/\/ecoheat.ch\/wp-content\/uploads\/2023\/01\/ecoheat-classic-550_lifestyle_office_room_1500x1000-1024x683.jpg 1024w, https:\/\/ecoheat.ch\/wp-content\/uploads\/2023\/01\/ecoheat-classic-550_lifestyle_office_room_1500x1000-768x512.jpg 768w\" sizes=\"auto, (max-width: 1500px) 100vw, 1500px\" \/>\t\t\t\t\t\t\t\t\t\t\t\t\t\t\t<\/p>\n<h2>Zubeh\u00f6r<\/h2>\n<h4><a href=\"\/ecoheat-connect-plus-raumthermostat\/\">Connect+<\/a><\/h4>\n<figure>\n\t\t\t\t\t\t\t\t\t\t\t<a href=\"\/ecoheat-connect-plus-raumthermostat\/\"><br \/>\n\t\t\t\t\t\t\t<img loading=\"lazy\" decoding=\"async\" width=\"800\" height=\"800\" src=\"https:\/\/ecoheat.ch\/wp-content\/uploads\/2023\/11\/ecoheat-connect_set_800x800.webp\" alt=\"ecoheat Connect+ Thermostat &amp; Empf\u00e4nger mit Wi-Fi\" srcset=\"https:\/\/ecoheat.ch\/wp-content\/uploads\/2023\/11\/ecoheat-connect_set_800x800.webp 800w, https:\/\/ecoheat.ch\/wp-content\/uploads\/2023\/11\/ecoheat-connect_set_800x800-300x300.webp 300w, https:\/\/ecoheat.ch\/wp-content\/uploads\/2023\/11\/ecoheat-connect_set_800x800-150x150.webp 150w, https:\/\/ecoheat.ch\/wp-content\/uploads\/2023\/11\/ecoheat-connect_set_800x800-768x768.webp 768w, https:\/\/ecoheat.ch\/wp-content\/uploads\/2023\/11\/ecoheat-connect_set_800x800-12x12.webp 12w\" sizes=\"auto, (max-width: 800px) 100vw, 800px\" \/>\t\t\t\t\t\t\t\t<\/a><figcaption>Raum&shy;thermostat<\/figcaption><\/figure>\n<h4><a href=\"\/ecoheat-dst-steckdosenthermostat\/\">DST<\/a><\/h4>\n<figure>\n\t\t\t\t\t\t\t\t\t\t\t<a href=\"\/ecoheat-dst-steckdosenthermostat\/\"><br \/>\n\t\t\t\t\t\t\t<img loading=\"lazy\" decoding=\"async\" width=\"480\" height=\"480\" src=\"https:\/\/ecoheat.ch\/wp-content\/uploads\/2023\/01\/ecoheat-dst-front_480x480.jpg\" alt=\"ecoheat DST Steckdosenthermostat\" srcset=\"https:\/\/ecoheat.ch\/wp-content\/uploads\/2023\/01\/ecoheat-dst-front_480x480.jpg 480w, https:\/\/ecoheat.ch\/wp-content\/uploads\/2023\/01\/ecoheat-dst-front_480x480-300x300.jpg 300w, https:\/\/ecoheat.ch\/wp-content\/uploads\/2023\/01\/ecoheat-dst-front_480x480-150x150.jpg 150w\" sizes=\"auto, (max-width: 480px) 100vw, 480px\" \/>\t\t\t\t\t\t\t\t<\/a><figcaption>Steckdosen&shy;thermostat<\/figcaption><\/figure>\n<h4><a href=\"\/ecoheat-basic-infrarotheizungen\/#standfuesse\">Basic<\/a><\/h4>\n<figure>\n\t\t\t\t\t\t\t\t\t\t\t<a href=\"\/ecoheat-basic-infrarotheizungen\/#standfuesse\"><br \/>\n\t\t\t\t\t\t\t<img loading=\"lazy\" decoding=\"async\" width=\"480\" height=\"480\" src=\"https:\/\/ecoheat.ch\/wp-content\/uploads\/2023\/01\/ecoheat-basic-standfuesse_480x480.jpg\" alt=\"ecoheat Basic Standf\u00fcsse\" srcset=\"https:\/\/ecoheat.ch\/wp-content\/uploads\/2023\/01\/ecoheat-basic-standfuesse_480x480.jpg 480w, https:\/\/ecoheat.ch\/wp-content\/uploads\/2023\/01\/ecoheat-basic-standfuesse_480x480-300x300.jpg 300w, https:\/\/ecoheat.ch\/wp-content\/uploads\/2023\/01\/ecoheat-basic-standfuesse_480x480-150x150.jpg 150w\" sizes=\"auto, (max-width: 480px) 100vw, 480px\" \/>\t\t\t\t\t\t\t\t<\/a><figcaption>Standf\u00fcsse <\/figcaption><\/figure>\n<h4><a href=\"\/ecoheat-classic-infrarotheizungen\/#standfuesse\">Classic<\/a><\/h4>\n<figure>\n\t\t\t\t\t\t\t\t\t\t\t<a href=\"\/ecoheat-classic-infrarotheizungen\/#standfuesse\"><br \/>\n\t\t\t\t\t\t\t<img loading=\"lazy\" decoding=\"async\" width=\"480\" height=\"480\" src=\"https:\/\/ecoheat.ch\/wp-content\/uploads\/2023\/01\/ecoheat_classic_standfuesse_480x480.jpg\" alt=\"ecoheat Classic Standf\u00fcsse\" srcset=\"https:\/\/ecoheat.ch\/wp-content\/uploads\/2023\/01\/ecoheat_classic_standfuesse_480x480.jpg 480w, https:\/\/ecoheat.ch\/wp-content\/uploads\/2023\/01\/ecoheat_classic_standfuesse_480x480-300x300.jpg 300w, https:\/\/ecoheat.ch\/wp-content\/uploads\/2023\/01\/ecoheat_classic_standfuesse_480x480-150x150.jpg 150w\" sizes=\"auto, (max-width: 480px) 100vw, 480px\" \/>\t\t\t\t\t\t\t\t<\/a><figcaption>Standf\u00fcsse <\/figcaption><\/figure>\n<h4><a href=\"\/ecoheat-hybrid-infrarotheizungen\/#standfuesse\">Hybrid<\/a><\/h4>\n<figure>\n\t\t\t\t\t\t\t\t\t\t\t<a href=\"\/ecoheat-hybrid-infrarotheizungen\/#standfuesse\"><br \/>\n\t\t\t\t\t\t\t<img loading=\"lazy\" decoding=\"async\" width=\"800\" height=\"800\" src=\"https:\/\/ecoheat.ch\/wp-content\/uploads\/2023\/01\/standfusse-ecoheat-hybridheizung.jpg\" alt=\"ecoheat Hybrid Standf\u00fcsse\" srcset=\"https:\/\/ecoheat.ch\/wp-content\/uploads\/2023\/01\/standfusse-ecoheat-hybridheizung.jpg 800w, https:\/\/ecoheat.ch\/wp-content\/uploads\/2023\/01\/standfusse-ecoheat-hybridheizung-300x300.jpg 300w, https:\/\/ecoheat.ch\/wp-content\/uploads\/2023\/01\/standfusse-ecoheat-hybridheizung-150x150.jpg 150w, https:\/\/ecoheat.ch\/wp-content\/uploads\/2023\/01\/standfusse-ecoheat-hybridheizung-768x768.jpg 768w\" sizes=\"auto, (max-width: 800px) 100vw, 800px\" \/>\t\t\t\t\t\t\t\t<\/a><figcaption>Standf\u00fcsse <\/figcaption><\/figure>\n<p>\t\t\t\t\t\t\t<img data-src=\"https:\/\/ecoheat.ch\/wp-content\/plugins\/elementor\/assets\/images\/placeholder.png\" alt=\"ecoheat Thermo-T\"><br \/>\n\t\t\t\t\t\t\t\t\t\t<cite>ecoheat Thermo-T<i>&#9733;<\/i><i>&#9733;<\/i><i>&#9733;<\/i><i>&#9733;<\/i><i>&#9733;<\/i>12.12.2023<\/cite>\t\t\t\t\tRead More<br \/>\n\t\t\t\t\t\tEs gibt vermutlich soviel verschiedene Thermostate wie Sterne in der Milchstra\u00dfe. Dieses \u00fcberzeugt mich allein dadurch, dass es out of the Box und intuitiv funktioniert. Beleuchtetes Display, einfache Einweisung aller Haushaltsmitglieder. Tip Top &#8211; sehr zufrieden<br \/>\n\t\t\t\t\t\t\t<img data-src=\"https:\/\/ecoheat.ch\/wp-content\/plugins\/elementor\/assets\/images\/placeholder.png\" alt=\"ecoheat Classic-T\"><br \/>\n\t\t\t\t\t\t\t\t\t\t<cite>ecoheat Classic-T<i>&#9733;<\/i><i>&#9733;<\/i><i>&#9733;<\/i><i>&#9733;<\/i><i>&#9733;<\/i>12.11.2023<\/cite>\t\t\t\t\tRead More<br \/>\n\t\t\t\t\t\tPreis Leistung super. Es war nicht ganz einfach die Heizungen an der Decke zu montieren. Heizt super.<br \/>\n\t\t\t\t\t\t\t<img data-src=\"https:\/\/ecoheat.ch\/wp-content\/plugins\/elementor\/assets\/images\/placeholder.png\" alt=\"ecoheat Remote-T\"><br \/>\n\t\t\t\t\t\t\t\t\t\t<cite>ecoheat Remote-T<i>&#9733;<\/i><i>&#9733;<\/i><i>&#9733;<\/i><i>&#9733;<\/i><i>&#9733;<\/i>3.10.2023<\/cite>\t\t\t\t\tRead More<br \/>\n\t\t\t\t\t\tklappt einwandfrei und einfach zum koppeln<br \/>\n\t\t\t\t\t\t\t<img data-src=\"https:\/\/ecoheat.ch\/wp-content\/plugins\/elementor\/assets\/images\/placeholder.png\" alt=\"ecoheat Classic\"><br \/>\n\t\t\t\t\t\t\t\t\t\t<cite>ecoheat Classic<i>&#9733;<\/i><i>&#9733;<\/i><i>&#9733;<\/i><i>&#9733;<\/i><i>&#9733;<\/i>3.10.2023<\/cite>\t\t\t\t\tRead More<br \/>\n\t\t\t\t\t\tAls Deckenstrahler. Montage etwas knifflig.<br \/>\n\t\t\t\t\t\t\t<img data-src=\"https:\/\/ecoheat.ch\/wp-content\/plugins\/elementor\/assets\/images\/placeholder.png\" alt=\"ecoheat Basic\"><br \/>\n\t\t\t\t\t\t\t\t\t\t<cite>ecoheat Basic<i>&#9733;<\/i><i>&#9733;<\/i><i>&#9733;<\/i><i>&#9733;<\/i><i>&#9733;<\/i>22.5.2023<\/cite>\t\t\t\t\tRead More<br \/>\n\t\t\t\t\t\tKompakt, gute Heizleistung im Verh\u00e4ltnis zur Energieaufnahme.<br \/>\n\t\t\t\t\t\t\t<img data-src=\"https:\/\/ecoheat.ch\/wp-content\/plugins\/elementor\/assets\/images\/placeholder.png\" alt=\"ecoheat Hybrid\"><br \/>\n\t\t\t\t\t\t\t\t\t\t<cite>ecoheat Hybrid<i>&#9733;<\/i><i>&#9733;<\/i><i>&#9733;<\/i><i>&#9733;<\/i><i>&#9733;<\/i>27.12.2022<\/cite>\t\t\t\t\tRead More<br \/>\n\t\t\t\t\t\tIch hatte bereits die gleiche Heizung und habe nun 2 weitere damit ersetzt. Das Raumklima ist angenehm und die Heizungen stellen keine grosse Gefahr f\u00fcr meine Kinder dar.<br \/>\n\t\t\t\t\t\t\t<img data-src=\"https:\/\/ecoheat.ch\/wp-content\/plugins\/elementor\/assets\/images\/placeholder.png\" alt=\"ecoheat Classic\"><br \/>\n\t\t\t\t\t\t\t\t\t\t<cite>ecoheat Classic<i>&#9733;<\/i><i>&#9733;<\/i><i>&#9733;<\/i><i>&#9733;<\/i><i>&#9733;<\/i>07.11.2022<\/cite>\t\t\t\t\tRead More<br \/>\n\t\t\t\t\t\tMontieren, einstecken , , , funktioniert prima.<br \/>\n\t\t\t\t\t\t\t<img data-src=\"https:\/\/ecoheat.ch\/wp-content\/plugins\/elementor\/assets\/images\/placeholder.png\" alt=\"ecoheat Basic\"><br \/>\n\t\t\t\t\t\t\t\t\t\t<cite>ecoheat Basic<i>&#9733;<\/i><i>&#9733;<\/i><i>&#9733;<\/i><i>&#9733;<\/i><i>&#9733;<\/i>08.09.2022<\/cite>\t\t\t\t\tRead More<br \/>\n\t\t\t\t\t\tLeicht im Gewicht und in der Anwendung<br \/>\n\t\t\t\t\t\t\t<img data-src=\"https:\/\/ecoheat.ch\/wp-content\/plugins\/elementor\/assets\/images\/placeholder.png\" alt=\"ecoheat Classic\"><br \/>\n\t\t\t\t\t\t\t\t\t\t<cite>ecoheat Classic<i>&#9733;<\/i><i>&#9733;<\/i><i>&#9733;<\/i><i>&#9733;<\/i><i>&#9733;<\/i>07.04.2022<\/cite>\t\t\t\t\tRead More<br \/>\n\t\t\t\t\t\tGute Heizung, schnell montiert.<br \/>\n\t\t\t\t\t\t\t<img data-src=\"https:\/\/ecoheat.ch\/wp-content\/plugins\/elementor\/assets\/images\/placeholder.png\" alt=\"ecoheat Hybrid\"><br \/>\n\t\t\t\t\t\t\t\t\t\t<cite>ecoheat Hybrid<i>&#9733;<\/i><i>&#9733;<\/i><i>&#9733;<\/i><i>&#9733;<\/i><i>&#9733;<\/i>24.1.2022<\/cite>\t\t\t\t\tRead More<br \/>\n\t\t\t\t\t\tEs gibt nichts zu verbessern!!! Bestell &#8211; und Lieferungsablauf sowie Produkte SUPER!!!<br \/>\n\t\t\t\t\t\t\t<img data-src=\"https:\/\/ecoheat.ch\/wp-content\/plugins\/elementor\/assets\/images\/placeholder.png\" alt=\"ecoheat Basic\"><br \/>\n\t\t\t\t\t\t\t\t\t\t<cite>ecoheat Basic<i>&#9733;<\/i><i>&#9733;<\/i><i>&#9733;<\/i><i>&#9733;<\/i><i>&#9733;<\/i>22.11.2021<\/cite>\t\t\t\t\tRead More<br \/>\n\t\t\t\t\t\tSehr schlichtes, sch\u00f6nes Design. Frunktioniert tadellos.<br \/>\n\t\t\t\t\t\t\t<img data-src=\"https:\/\/ecoheat.ch\/wp-content\/plugins\/elementor\/assets\/images\/placeholder.png\" alt=\"ecoheat Hybrid\"><br \/>\n\t\t\t\t\t\t\t\t\t\t<cite>ecoheat Hybrid<i>&#9733;<\/i><i>&#9733;<\/i><i>&#9733;<\/i><i>&#9733;<\/i><i>&#9733;<\/i>Pascal D., 08.12.2020<\/cite>\t\t\t\t\tRead More<br \/>\n\t\t\t\t\t\tOptisch sehr sch\u00f6ne Heizk\u00f6rper die einwandfrei funktionieren.<br \/>\n\t\t\t\t\t\t\t<img data-src=\"https:\/\/ecoheat.ch\/wp-content\/plugins\/elementor\/assets\/images\/placeholder.png\" alt=\"ecoheat Basic\"><br \/>\n\t\t\t\t\t\t\t\t\t\t<cite>ecoheat Basic<i>&#9733;<\/i><i>&#9733;<\/i><i>&#9733;<\/i><i>&#9733;<\/i><i>&#9733;<\/i>07.12.2020<\/cite>\t\t\t\t\tRead More<br \/>\n\t\t\t\t\t\tEinfache Montage, funktioniert einwandfrei<br \/>\n\t\t\t\t\t\t\t<img data-src=\"https:\/\/ecoheat.ch\/wp-content\/plugins\/elementor\/assets\/images\/placeholder.png\" alt=\"ecoheat Basic\"><br \/>\n\t\t\t\t\t\t\t\t\t\t<cite>ecoheat Basic<i>&#9733;<\/i><i>&#9733;<\/i><i>&#9733;<\/i><i>&#9733;<\/i><i>&#9733;<\/i>09.11.2020<\/cite>\t\t\t\t\tRead More<br \/>\n\t\t\t\t\t\tSpezielle Gr\u00f6sse, guter Preis<br \/>\n\t\t\t\t\t\t\t<img data-src=\"https:\/\/ecoheat.ch\/wp-content\/plugins\/elementor\/assets\/images\/placeholder.png\" alt=\"ecoheat Classic\"><br \/>\n\t\t\t\t\t\t\t\t\t\t<cite>ecoheat Classic<i>&#9733;<\/i><i>&#9733;<\/i><i>&#9733;<\/i><i>&#9733;<\/i><i>&#9733;<\/i>Markus V., 30.12.2019<\/cite>\t\t\t\t\tRead More<br \/>\n\t\t\t\t\t\tf\u00fcr mich passt diese Instelation<br \/>\n\t\t\t\t\t\t\t\t\t\t\t\t\t\tPrevious<br \/>\n\t\t\t\t\t\t\t\t\t\t\t\t\t\tNext<\/p>\n<h2>Kaufen<\/h2>\n<h2>Support<\/h2>\n","protected":false},"excerpt":{"rendered":"<p>ecoheat Infrarot&shy;heizungen Panels, Hybrid-Radiatoren &#038; Dunkelstrahler Unabh\u00e4ngig &#038; individuell wie Sie Die Infrarotheizungen und Hybridradiatoren von ecoheat halten, was sie versprechen. Wohlf\u00fchlw\u00e4rme innert k\u00fcrzester Zeit, flexibel einsetzbar und preiswert. Fix an der Wand montiert sowie mobil auf Standf\u00fcssen, beides ist m\u00f6glich. Via Smartphone fern\u00adsteuer\u00adbarem Raumthermostat die W\u00e4rmeverteilung in einem ganzen Haus kontrollieren oder ganz simpel [&hellip;]<\/p>\n","protected":false},"author":2,"featured_media":0,"parent":0,"menu_order":0,"comment_status":"closed","ping_status":"closed","template":"","meta":{"footnotes":""},"class_list":["post-8","page","type-page","status-publish","hentry"],"_links":{"self":[{"href":"https:\/\/ecoheat.ch\/de\/wp-json\/wp\/v2\/pages\/8","targetHints":{"allow":["GET"]}}],"collection":[{"href":"https:\/\/ecoheat.ch\/de\/wp-json\/wp\/v2\/pages"}],"about":[{"href":"https:\/\/ecoheat.ch\/de\/wp-json\/wp\/v2\/types\/page"}],"author":[{"embeddable":true,"href":"https:\/\/ecoheat.ch\/de\/wp-json\/wp\/v2\/users\/2"}],"replies":[{"embeddable":true,"href":"https:\/\/ecoheat.ch\/de\/wp-json\/wp\/v2\/comments?post=8"}],"version-history":[{"count":198,"href":"https:\/\/ecoheat.ch\/de\/wp-json\/wp\/v2\/pages\/8\/revisions"}],"predecessor-version":[{"id":1840,"href":"https:\/\/ecoheat.ch\/de\/wp-json\/wp\/v2\/pages\/8\/revisions\/1840"}],"wp:attachment":[{"href":"https:\/\/ecoheat.ch\/de\/wp-json\/wp\/v2\/media?parent=8"}],"curies":[{"name":"wp","href":"https:\/\/api.w.org\/{rel}","templated":true}]}}