{"id":239,"date":"2022-12-30T10:20:10","date_gmt":"2022-12-30T09:20:10","guid":{"rendered":"https:\/\/practical-shannon.185-46-59-137.plesk.page\/?page_id=239"},"modified":"2023-11-23T14:11:48","modified_gmt":"2023-11-23T13:11:48","slug":"ecoheat-hybrid-infrarotheizungen","status":"publish","type":"page","link":"https:\/\/ecoheat.ch\/en\/ecoheat-hybrid-infrared-heaters\/","title":{"rendered":"ecoheat Hybrid Infrared Heaters"},"content":{"rendered":"<h1>ecoheat Hybrid<\/h1>\n<h2>Hybrid Infrared Radiator<\/h2>\n<p>The unique\u00a0<em>ecoheat Hybrid<\/em> combines the advantages of infrared heating with those of convector heating.<\/p>\n<p>A few metres around the <em>ecoheat Hybrid<\/em> around it feels comfortably warm, just like near a tiled stove. As with an electric convector, the heated air is also distributed throughout the room.<\/p>\n<p>\t\t\t\t\t\t\t\t\t\t\t\t\t\t\t<img decoding=\"async\" width=\"800\" height=\"534\" src=\"https:\/\/ecoheat.ch\/wp-content\/uploads\/2023\/03\/ecoheat-hybrid-1000_lifestyle_buero_sitzgruppe_1500x1000-1024x683.webp\" alt=\"ecoheat hybrid infrared radiator in a seating group\" loading=\"lazy\" srcset=\"https:\/\/ecoheat.ch\/wp-content\/uploads\/2023\/03\/ecoheat-hybrid-1000_lifestyle_buero_sitzgruppe_1500x1000-1024x683.webp 1024w, https:\/\/ecoheat.ch\/wp-content\/uploads\/2023\/03\/ecoheat-hybrid-1000_lifestyle_buero_sitzgruppe_1500x1000-300x200.webp 300w, https:\/\/ecoheat.ch\/wp-content\/uploads\/2023\/03\/ecoheat-hybrid-1000_lifestyle_buero_sitzgruppe_1500x1000-768x512.webp 768w, https:\/\/ecoheat.ch\/wp-content\/uploads\/2023\/03\/ecoheat-hybrid-1000_lifestyle_buero_sitzgruppe_1500x1000-18x12.webp 18w, https:\/\/ecoheat.ch\/wp-content\/uploads\/2023\/03\/ecoheat-hybrid-1000_lifestyle_buero_sitzgruppe_1500x1000.webp 1500w\" sizes=\"auto, (max-width: 800px) 100vw, 800px\" \/>\t\t\t\t\t\t\t\t\t\t\t\t\t\t\t<\/p>\n<ul>\n<li>\n\t\t\t\t\t\t\t\t\t\tPowerful combined heating power: infrared and convection heat\n\t\t\t\t\t\t\t\t\t<\/li>\n<li>\n\t\t\t\t\t\t\t\t\t\tOptimal replacement for electric night storage heaters\n\t\t\t\t\t\t\t\t\t<\/li>\n<li>\n\t\t\t\t\t\t\t\t\t\tSilent and maintenance-free operation\n\t\t\t\t\t\t\t\t\t<\/li>\n<li>\n\t\t\t\t\t\t\t\t\t\tOverheating and overvoltage protection\n\t\t\t\t\t\t\t\t\t<\/li>\n<\/ul>\n<p>A few minutes after switching on the hybrid radiator, the infrared heat radiated from the front becomes clearly noticeable. In addition, warm air (convection heat) flows out through the grooves on the top of the radiator. After only 20 minutes of heating operation, the full heat output is reached.<\/p>\n<p>Whereas conventional infrared heaters do not heat the air directly, the<em> ecoheat Hybrid<\/em> for a pleasant air temperature throughout the room. This is of great advantage in cool, poorly insulated rooms. Especially in frost protection, heating the air with a convector heater is very important so that all nooks and crannies of the room are warmed up.<\/p>\n<h4>Hybrid 600<\/h4>\n<p>60 x 60 x 5 cm<\/p>\n<p>600 watt<\/p>\n<h4>Hybrid 1000<\/h4>\n<p>60 x 100 x 5 cm<\/p>\n<p>1000 Watt<\/p>\n<h4>Hybrid 1000 vertical<\/h4>\n<p>100 x 60 x 5 cm<\/p>\n<p>1000 Watt<\/p>\n<h4>Hybrid 1400<\/h4>\n<p>60 x 140 x 5 cm<\/p>\n<p>1400 Watt<\/p>\n<p>\t\t\t\t\t\t\t\t\t\t\t\t\t\t\t<img decoding=\"async\" width=\"1500\" height=\"1000\" src=\"https:\/\/ecoheat.ch\/wp-content\/uploads\/2023\/01\/ecoheat-hybrid_lifestyle_detail_closeup_2_1500x1000.jpg\" alt=\"ecoheat Hybrid infrared radiator close-up from above\" loading=\"lazy\" srcset=\"https:\/\/ecoheat.ch\/wp-content\/uploads\/2023\/01\/ecoheat-hybrid_lifestyle_detail_closeup_2_1500x1000.jpg 1500w, https:\/\/ecoheat.ch\/wp-content\/uploads\/2023\/01\/ecoheat-hybrid_lifestyle_detail_closeup_2_1500x1000-300x200.jpg 300w, https:\/\/ecoheat.ch\/wp-content\/uploads\/2023\/01\/ecoheat-hybrid_lifestyle_detail_closeup_2_1500x1000-1024x683.jpg 1024w, https:\/\/ecoheat.ch\/wp-content\/uploads\/2023\/01\/ecoheat-hybrid_lifestyle_detail_closeup_2_1500x1000-768x512.jpg 768w\" sizes=\"auto, (max-width: 1500px) 100vw, 1500px\" \/><br \/>\n\t\t\t\t\t\t\t<button id=\"e-n-tabs-title-1041\" aria-selected=\"true\" data-tab-index=\"1\" role=\"tab\" tabindex=\"0\" aria-controls=\"e-n-tab-content-1041\" style=\"--n-tabs-title-order: 1;\"><br \/>\n\t\t\t\t\tScope of delivery<br \/>\n\t\t\t<\/button><br \/>\n\t\t\t\t\t<button id=\"e-n-tabs-title-1042\" aria-selected=\"false\" data-tab-index=\"2\" role=\"tab\" tabindex=\"-1\" aria-controls=\"e-n-tab-content-1042\" style=\"--n-tabs-title-order: 2;\"><br \/>\n\t\t\t\t\tFeet<br \/>\n\t\t\t<\/button><br \/>\n\t\t\t\t\t<button id=\"e-n-tabs-title-1043\" aria-selected=\"false\" data-tab-index=\"3\" role=\"tab\" tabindex=\"-1\" aria-controls=\"e-n-tab-content-1043\" style=\"--n-tabs-title-order: 3;\"><br \/>\n\t\t\t\t\tTechnical data<br \/>\n\t\t\t<\/button><br \/>\n\t\t\t\t\t<button id=\"e-n-tabs-title-1044\" aria-selected=\"false\" data-tab-index=\"4\" role=\"tab\" tabindex=\"-1\" aria-controls=\"e-n-tab-content-1044\" style=\"--n-tabs-title-order: 4;\"><br \/>\n\t\t\t\t\tDownloads<br \/>\n\t\t\t<\/button><\/p>\n<ul>\n<li>2 wall brackets and mounting set<\/li>\n<li>Feet (not for the vertical version)<\/li>\n<li>Operating instructions<\/li>\n<\/ul>\n<p>\t\t\t\t\t\t\t\t\t\t\t\t\t\t\t\t<a href=\"https:\/\/ecofort.ch\/de\/heizen-montagematerial\/1489-standfusse-ecoheat-hybridheizung.html\" target=\"_blank\" rel=\"noopener\"><br \/>\n\t\t\t\t\t\t\t<img decoding=\"async\" width=\"800\" height=\"800\" src=\"https:\/\/ecoheat.ch\/wp-content\/uploads\/2023\/01\/standfusse-ecoheat-hybridheizung.jpg\" alt=\"ecoheat Hybrid feet\" loading=\"lazy\" srcset=\"https:\/\/ecoheat.ch\/wp-content\/uploads\/2023\/01\/standfusse-ecoheat-hybridheizung.jpg 800w, https:\/\/ecoheat.ch\/wp-content\/uploads\/2023\/01\/standfusse-ecoheat-hybridheizung-300x300.jpg 300w, https:\/\/ecoheat.ch\/wp-content\/uploads\/2023\/01\/standfusse-ecoheat-hybridheizung-150x150.jpg 150w, https:\/\/ecoheat.ch\/wp-content\/uploads\/2023\/01\/standfusse-ecoheat-hybridheizung-768x768.jpg 768w\" sizes=\"auto, (max-width: 800px) 100vw, 800px\" \/>\t\t\t\t\t\t\t\t<\/a><br \/>\n\t\t\t<a href=\"https:\/\/ecofort.ch\/de\/heizen-montagematerial\/1489-standfusse-ecoheat-hybridheizung.html\" target=\"_blank\" rel=\"noopener\"><br \/>\n\t\t\t\t\t\tBuy<br \/>\n\t\t\t\t\t<\/a><\/p>\n<p>If the small plastic feet supplied are not robust enough, then these \u201cheavy-duty\u201d metal feet are the right upgrade. They can be used to\u00a0<em>ecoheat Hybrid<\/em> just as easy to move and they allow maximum mobility, even in tougher, everyday use.<\/p>\n<p>The installation is very simple, the two feet are aligned with the holes provided on the heater and fixed with the screws supplied.<\/p>\n<table>\n<tbody>\n<tr>\n<td>Radiation range<\/td>\n<td>approx. 3.5 metres<\/td>\n<\/tr>\n<tr>\n<td>Radiation angle<\/td>\n<td>approx. 170 \u00b0<\/td>\n<\/tr>\n<tr>\n<td>Surface temperature<\/td>\n<td>50 - 110 \u00b0C<\/td>\n<\/tr>\n<tr>\n<td>Power supply<\/td>\n<td>230 V \/ 50 Hz<\/td>\n<\/tr>\n<tr>\n<td>Connection cable<\/td>\n<td>Swiss plug<\/td>\n<\/tr>\n<tr>\n<td>Overheating protection<\/td>\n<td>Yes<\/td>\n<\/tr>\n<tr>\n<td>Surge protection<\/td>\n<td>Yes<\/td>\n<\/tr>\n<tr>\n<td>Protection class<\/td>\n<td>IP20<\/td>\n<\/tr>\n<tr>\n<td>Colour<\/td>\n<td>White (RAL 9016)<\/td>\n<\/tr>\n<tr>\n<td>Mark of conformity<\/td>\n<td>CE<\/td>\n<\/tr>\n<\/tbody>\n<\/table>\n<ul>\n<li>\n\t\t\t\t\t\t\t\t\t\t\t<a href=\"\/wp-content\/uploads\/2022\/12\/hybridboard-instruction-D-F-I_2022_web.pdf\"><br \/>\n\t\t\t\t\t\t\t\t\t\tInstructions<br \/>\n\t\t\t\t\t\t\t\t\t\t\t<\/a>\n\t\t\t\t\t\t\t\t\t<\/li>\n<li>\n\t\t\t\t\t\t\t\t\t\t\t<a href=\"\/wp-content\/uploads\/2022\/12\/Assembly-instruction-Standfeet.pdf\"><br \/>\n\t\t\t\t\t\t\t\t\t\tMounting feet<br \/>\n\t\t\t\t\t\t\t\t\t\t\t<\/a>\n\t\t\t\t\t\t\t\t\t<\/li>\n<\/ul>\n<ul>\n<li>\n\t\t\t\t\t\t\t\t\t\t\t<a href=\"\/wp-content\/uploads\/2022\/12\/hybridboard-instruction-D-F-I_2022_web.pdf\"><br \/>\n\t\t\t\t\t\t\t\t\t\tInstructions<br \/>\n\t\t\t\t\t\t\t\t\t\t\t<\/a>\n\t\t\t\t\t\t\t\t\t<\/li>\n<li>\n\t\t\t\t\t\t\t\t\t\t\t<a href=\"\/wp-content\/uploads\/2022\/12\/Assembly-instruction-Standfeet.pdf\"><br \/>\n\t\t\t\t\t\t\t\t\t\tMounting feet<br \/>\n\t\t\t\t\t\t\t\t\t\t\t<\/a>\n\t\t\t\t\t\t\t\t\t<\/li>\n<\/ul>\n<ul>\n<li>2 wall brackets and mounting set<\/li>\n<li>Feet (not for the vertical version)<\/li>\n<li>Operating instructions<\/li>\n<\/ul>\n<p>\t\t\t\t\t\t\t\t\t\t\t\t\t\t\t\t<a href=\"https:\/\/ecofort.ch\/de\/heizen-montagematerial\/1489-standfusse-ecoheat-hybridheizung.html\" target=\"_blank\" rel=\"noopener\"><br \/>\n\t\t\t\t\t\t\t<img decoding=\"async\" width=\"800\" height=\"800\" src=\"https:\/\/ecoheat.ch\/wp-content\/uploads\/2023\/01\/standfusse-ecoheat-hybridheizung.jpg\" alt=\"ecoheat Hybrid feet\" loading=\"lazy\" srcset=\"https:\/\/ecoheat.ch\/wp-content\/uploads\/2023\/01\/standfusse-ecoheat-hybridheizung.jpg 800w, https:\/\/ecoheat.ch\/wp-content\/uploads\/2023\/01\/standfusse-ecoheat-hybridheizung-300x300.jpg 300w, https:\/\/ecoheat.ch\/wp-content\/uploads\/2023\/01\/standfusse-ecoheat-hybridheizung-150x150.jpg 150w, https:\/\/ecoheat.ch\/wp-content\/uploads\/2023\/01\/standfusse-ecoheat-hybridheizung-768x768.jpg 768w\" sizes=\"auto, (max-width: 800px) 100vw, 800px\" \/>\t\t\t\t\t\t\t\t<\/a><br \/>\n\t\t\t<a href=\"https:\/\/ecofort.ch\/de\/heizen-montagematerial\/1489-standfusse-ecoheat-hybridheizung.html\" target=\"_blank\" rel=\"noopener\"><br \/>\n\t\t\t\t\t\tBuy<br \/>\n\t\t\t\t\t<\/a><\/p>\n<p>If the small plastic stand feet supplied are not sturdy enough, then these \"heavy-duty\" metal stand feet are the right upgrade. With them, the\u00a0<em>ecoheat Hybrid<\/em> just as easy to move and they allow maximum mobility, even in tougher, everyday use.<\/p>\n<p>The installation is very simple, the two feet are aligned with the holes provided on the heater and fixed with the screws supplied.<\/p>\n<table>\n<tbody>\n<tr>\n<td>Radiation range<\/td>\n<td>approx. 3.5 metres<\/td>\n<\/tr>\n<tr>\n<td>Radiation angle<\/td>\n<td>approx. 170 \u00b0<\/td>\n<\/tr>\n<tr>\n<td>Surface temperature<\/td>\n<td>50 - 110 \u00b0C<\/td>\n<\/tr>\n<tr>\n<td>Power supply<\/td>\n<td>230 V \/ 50 Hz<\/td>\n<\/tr>\n<tr>\n<td>Connection cable<\/td>\n<td>Swiss plug<\/td>\n<\/tr>\n<tr>\n<td>Overheating protection<\/td>\n<td>Yes<\/td>\n<\/tr>\n<tr>\n<td>Surge protection<\/td>\n<td>Yes<\/td>\n<\/tr>\n<tr>\n<td>Protection class<\/td>\n<td>IP20<\/td>\n<\/tr>\n<tr>\n<td>Colour<\/td>\n<td>White (RAL 9016)<\/td>\n<\/tr>\n<tr>\n<td>Mark of conformity<\/td>\n<td>CE<\/td>\n<\/tr>\n<\/tbody>\n<\/table>\n<ul>\n<li>\n\t\t\t\t\t\t\t\t\t\t\t<a href=\"\/wp-content\/uploads\/2022\/12\/hybridboard-instruction-D-F-I_2022_web.pdf\"><br \/>\n\t\t\t\t\t\t\t\t\t\tInstructions<br \/>\n\t\t\t\t\t\t\t\t\t\t\t<\/a>\n\t\t\t\t\t\t\t\t\t<\/li>\n<li>\n\t\t\t\t\t\t\t\t\t\t\t<a href=\"\/wp-content\/uploads\/2022\/12\/Assembly-instruction-Standfeet.pdf\"><br \/>\n\t\t\t\t\t\t\t\t\t\tMounting feet<br \/>\n\t\t\t\t\t\t\t\t\t\t\t<\/a>\n\t\t\t\t\t\t\t\t\t<\/li>\n<\/ul>\n<ul>\n<li>\n\t\t\t\t\t\t\t\t\t\t\t<a href=\"\/wp-content\/uploads\/2022\/12\/hybridboard-instruction-D-F-I_2022_web.pdf\"><br \/>\n\t\t\t\t\t\t\t\t\t\tInstructions<br \/>\n\t\t\t\t\t\t\t\t\t\t\t<\/a>\n\t\t\t\t\t\t\t\t\t<\/li>\n<li>\n\t\t\t\t\t\t\t\t\t\t\t<a href=\"\/wp-content\/uploads\/2022\/12\/Assembly-instruction-Standfeet.pdf\"><br \/>\n\t\t\t\t\t\t\t\t\t\tMounting feet<br \/>\n\t\t\t\t\t\t\t\t\t\t\t<\/a>\n\t\t\t\t\t\t\t\t\t<\/li>\n<\/ul>\n<p>\t\t\t<a href=\"https:\/\/ecofort.ch\/de\/hybridradiatoren\/80-ecoheat-hybridheizung.html\" target=\"_blank\" rel=\"noopener\"><br \/>\n\t\t\t\t\t\tMore information in the shop<br \/>\n\t\t\t\t\t<\/a><br \/>\n\t\t\t<a href=\"https:\/\/ecofort.ch\/de\/hybridradiatoren\/80-ecoheat-hybridheizung.html\" target=\"_blank\" rel=\"noopener\"><br \/>\n\t\t\t\t\t\tMore information in the shop<br \/>\n\t\t\t\t\t<\/a><\/p>","protected":false},"excerpt":{"rendered":"<p>ecoheat Hybrid Infrarot-Radiator Die einzigartige\u00a0ecoheat Hybrid kombiniert die Vorteile einer Infrarotheizung mit denjenigen einer Konvektorheizung. Einige Meter um die ecoheat Hybrid herum f\u00fchlt es sich wie in der N\u00e4he eines Kachelofens wohlig warm an. Wie bei einem elektrischen Konvektor verteilt sich zudem die aufgew\u00e4rmte Luft im ganzen Raum. Starke Kombi-Heizleistung: Infrarot- und Konvektionsw\u00e4rme Optimaler Ersatz [&hellip;]<\/p>\n","protected":false},"author":2,"featured_media":0,"parent":0,"menu_order":0,"comment_status":"closed","ping_status":"closed","template":"","meta":{"footnotes":""},"class_list":["post-239","page","type-page","status-publish","hentry"],"_links":{"self":[{"href":"https:\/\/ecoheat.ch\/en\/wp-json\/wp\/v2\/pages\/239","targetHints":{"allow":["GET"]}}],"collection":[{"href":"https:\/\/ecoheat.ch\/en\/wp-json\/wp\/v2\/pages"}],"about":[{"href":"https:\/\/ecoheat.ch\/en\/wp-json\/wp\/v2\/types\/page"}],"author":[{"embeddable":true,"href":"https:\/\/ecoheat.ch\/en\/wp-json\/wp\/v2\/users\/2"}],"replies":[{"embeddable":true,"href":"https:\/\/ecoheat.ch\/en\/wp-json\/wp\/v2\/comments?post=239"}],"version-history":[{"count":151,"href":"https:\/\/ecoheat.ch\/en\/wp-json\/wp\/v2\/pages\/239\/revisions"}],"predecessor-version":[{"id":1585,"href":"https:\/\/ecoheat.ch\/en\/wp-json\/wp\/v2\/pages\/239\/revisions\/1585"}],"wp:attachment":[{"href":"https:\/\/ecoheat.ch\/en\/wp-json\/wp\/v2\/media?parent=239"}],"curies":[{"name":"wp","href":"https:\/\/api.w.org\/{rel}","templated":true}]}}