{"id":31,"date":"2022-12-06T11:10:47","date_gmt":"2022-12-06T10:10:47","guid":{"rendered":"https:\/\/practical-shannon.185-46-59-137.plesk.page\/?page_id=31"},"modified":"2023-11-23T14:10:53","modified_gmt":"2023-11-23T13:10:53","slug":"ecoheat-classic-infrarotheizungen","status":"publish","type":"page","link":"https:\/\/ecoheat.ch\/en\/ecoheat-classic-infrared-heaters\/","title":{"rendered":"ecoheat Classic infrared heaters"},"content":{"rendered":"<h1>ecoheat Classic<\/h1>\n<h2>Infrared heating<\/h2>\n<p>The\u00a0<em>ecoheat Classic<\/em> Infrared heaters are made of powder-coated and galvanised sheet steel and can be used for spot heating as well as for full heating.<\/p>\n<p>The frameless infrared panels integrate inconspicuously into the room and distribute the heat rays optimally with their bevelled corners. The clever mounting system enables simple and safe wall and ceiling mounting.\u00a0<\/p>\n<p>\t\t\t\t\t\t\t\t\t\t\t\t\t\t\t<img decoding=\"async\" width=\"800\" height=\"534\" src=\"https:\/\/ecoheat.ch\/wp-content\/uploads\/2023\/01\/ecoheat-classic-450-standfuesse_lifestyle_office_room_1500x1000-1024x683.jpg\" alt=\"ecoheat Classic electric heater infrared on stands next to plant in an office room\" loading=\"lazy\" srcset=\"https:\/\/ecoheat.ch\/wp-content\/uploads\/2023\/01\/ecoheat-classic-450-standfuesse_lifestyle_office_room_1500x1000-1024x683.jpg 1024w, https:\/\/ecoheat.ch\/wp-content\/uploads\/2023\/01\/ecoheat-classic-450-standfuesse_lifestyle_office_room_1500x1000-300x200.jpg 300w, https:\/\/ecoheat.ch\/wp-content\/uploads\/2023\/01\/ecoheat-classic-450-standfuesse_lifestyle_office_room_1500x1000-768x512.jpg 768w, https:\/\/ecoheat.ch\/wp-content\/uploads\/2023\/01\/ecoheat-classic-450-standfuesse_lifestyle_office_room_1500x1000.jpg 1500w\" sizes=\"auto, (max-width: 800px) 100vw, 800px\" \/>\t\t\t\t\t\t\t\t\t\t\t\t\t\t\t<\/p>\n<ul>\n<li>\n\t\t\t\t\t\t\t\t\t\tSteel housing with special alloy for optimum heat dissipation\n\t\t\t\t\t\t\t\t\t<\/li>\n<li>\n\t\t\t\t\t\t\t\t\t\tOverheating and overvoltage protection\n\t\t\t\t\t\t\t\t\t<\/li>\n<li>\n\t\t\t\t\t\t\t\t\t\tVery well insulated back\n\t\t\t\t\t\t\t\t\t<\/li>\n<li>\n\t\t\t\t\t\t\t\t\t\tGS certified\n\t\t\t\t\t\t\t\t\t<\/li>\n<\/ul>\n<h4>Classic 300<\/h4>\n<p>40 x 60 x 2.5 cm<\/p>\n<p>300 Watt<\/p>\n<h4>Classic 450<\/h4>\n<p>60 x 60 x 2.5 cm<\/p>\n<p>450 watt<\/p>\n<h4>Classic 550<\/h4>\n<p>40 x 120 x 2.5 cm<\/p>\n<p>550 Watt<\/p>\n<h4>Classic 700<\/h4>\n<p>60 x 90 x 2.5 cm<\/p>\n<p>700 watt<\/p>\n<h4>Classic 900<\/h4>\n<p>60 x 120 x 2.5 cm<\/p>\n<p>900 Watt<\/p>\n<p>\t\t\t\t\t\t\t\t\t\t\t\t\t\t\t<img decoding=\"async\" width=\"1500\" height=\"1000\" src=\"https:\/\/ecoheat.ch\/wp-content\/uploads\/2023\/01\/ecoheat-classic-450_lifestyle_office_room_1500x1000.jpg\" alt=\"\" loading=\"lazy\" srcset=\"https:\/\/ecoheat.ch\/wp-content\/uploads\/2023\/01\/ecoheat-classic-450_lifestyle_office_room_1500x1000.jpg 1500w, https:\/\/ecoheat.ch\/wp-content\/uploads\/2023\/01\/ecoheat-classic-450_lifestyle_office_room_1500x1000-300x200.jpg 300w, https:\/\/ecoheat.ch\/wp-content\/uploads\/2023\/01\/ecoheat-classic-450_lifestyle_office_room_1500x1000-1024x683.jpg 1024w, https:\/\/ecoheat.ch\/wp-content\/uploads\/2023\/01\/ecoheat-classic-450_lifestyle_office_room_1500x1000-768x512.jpg 768w\" sizes=\"auto, (max-width: 1500px) 100vw, 1500px\" \/><br \/>\n\t\t\t\t\t\t\t<button id=\"e-n-tabs-title-1031\" aria-selected=\"true\" data-tab-index=\"1\" role=\"tab\" tabindex=\"0\" aria-controls=\"e-n-tab-content-1031\" style=\"--n-tabs-title-order: 1;\"><br \/>\n\t\t\t\t\tScope of delivery<br \/>\n\t\t\t<\/button><br \/>\n\t\t\t\t\t<button id=\"e-n-tabs-title-1032\" aria-selected=\"false\" data-tab-index=\"2\" role=\"tab\" tabindex=\"-1\" aria-controls=\"e-n-tab-content-1032\" style=\"--n-tabs-title-order: 2;\"><br \/>\n\t\t\t\t\tFeet<br \/>\n\t\t\t<\/button><br \/>\n\t\t\t\t\t<button id=\"e-n-tabs-title-1033\" aria-selected=\"false\" data-tab-index=\"3\" role=\"tab\" tabindex=\"-1\" aria-controls=\"e-n-tab-content-1033\" style=\"--n-tabs-title-order: 3;\"><br \/>\n\t\t\t\t\tTechnical data<br \/>\n\t\t\t<\/button><br \/>\n\t\t\t\t\t<button id=\"e-n-tabs-title-1034\" aria-selected=\"false\" data-tab-index=\"4\" role=\"tab\" tabindex=\"-1\" aria-controls=\"e-n-tab-content-1034\" style=\"--n-tabs-title-order: 4;\"><br \/>\n\t\t\t\t\tDownloads<br \/>\n\t\t\t<\/button><\/p>\n<ul>\n<li>Mounting set<\/li>\n<li>Operating instructions<\/li>\n<\/ul>\n<p>\t\t\t\t\t\t\t\t\t\t\t\t\t\t\t\t<a href=\"https:\/\/ecofort.ch\/de\/heizen-montagematerial\/1357-standfusse-ecoheat-classic.html\" target=\"_blank\" rel=\"noopener\"><br \/>\n\t\t\t\t\t\t\t<img decoding=\"async\" width=\"480\" height=\"480\" src=\"https:\/\/ecoheat.ch\/wp-content\/uploads\/2023\/01\/ecoheat_classic_standfuesse_480x480.jpg\" alt=\"ecoheat Classic feet\" loading=\"lazy\" srcset=\"https:\/\/ecoheat.ch\/wp-content\/uploads\/2023\/01\/ecoheat_classic_standfuesse_480x480.jpg 480w, https:\/\/ecoheat.ch\/wp-content\/uploads\/2023\/01\/ecoheat_classic_standfuesse_480x480-300x300.jpg 300w, https:\/\/ecoheat.ch\/wp-content\/uploads\/2023\/01\/ecoheat_classic_standfuesse_480x480-150x150.jpg 150w\" sizes=\"auto, (max-width: 480px) 100vw, 480px\" \/>\t\t\t\t\t\t\t\t<\/a><br \/>\n\t\t\t<a href=\"https:\/\/ecofort.ch\/de\/heizen-montagematerial\/1357-standfusse-ecoheat-classic.html\" target=\"_blank\" rel=\"noopener\"><br \/>\n\t\t\t\t\t\tBuy<br \/>\n\t\t\t\t\t<\/a><\/p>\n<p>With these stands all\u00a0<em>ecoheat Classic<\/em> be used flexibly and mobile everywhere.<\/p>\n<p>The \u201cSmall\u201d feet fit the following models:<\/p>\n<ul>\n<li>Classic 300, only for horizontal alignment of the heater<\/li>\n<li>Classic 550, only for horizontal alignment of the heater<\/li>\n<\/ul>\n<p>\u00a0<\/p>\n<p>The \u201cLarge\u201d feet fit the following models:<\/p>\n<ul>\n<li>Classic 450<\/li>\n<li>Classic 700, only for horizontal alignment of the heater<\/li>\n<li>Classic 900, only for horizontal alignment of the heater<\/li>\n<\/ul>\n<table>\n<tbody>\n<tr>\n<td>Control<\/td>\n<td>Without control \/ without switch<\/td>\n<\/tr>\n<tr>\n<td>Assembly<\/td>\n<td>Horizontal or vertical wall or ceiling mounting, mobile on optionally available feet<\/td>\n<\/tr>\n<tr>\n<td>Surface temperature<\/td>\n<td>85 - 95 \u00b0C<\/td>\n<\/tr>\n<tr>\n<td>Connection cable<\/td>\n<td>1.8 m cable with Swiss plug<\/td>\n<\/tr>\n<tr>\n<td>Protection class<\/td>\n<td>IP20 with plug connection<br \/>IPX4 for fixed connection<\/td>\n<\/tr>\n<tr>\n<td>Colour<\/td>\n<td>White (RAL 9016)<\/td>\n<\/tr>\n<tr>\n<td>Warranty<\/td>\n<td>2 years<\/td>\n<\/tr>\n<\/tbody>\n<\/table>\n<ul>\n<li>\n\t\t\t\t\t\t\t\t\t\t\t<a href=\"\/wp-content\/uploads\/2022\/12\/ecoheat-classic-en-fr-it-2020.pdf\"><br \/>\n\t\t\t\t\t\t\t\t\t\tInstructions<br \/>\n\t\t\t\t\t\t\t\t\t\t\t<\/a>\n\t\t\t\t\t\t\t\t\t<\/li>\n<li>\n\t\t\t\t\t\t\t\t\t\t\t<a href=\"\/wp-content\/uploads\/2022\/12\/TUV_Z1A_103922_0001_DE_EN.pdf\"><br \/>\n\t\t\t\t\t\t\t\t\t\tT\u00dcV South certificate<br \/>\n\t\t\t\t\t\t\t\t\t\t\t<\/a>\n\t\t\t\t\t\t\t\t\t<\/li>\n<\/ul>\n<ul>\n<li>\n\t\t\t\t\t\t\t\t\t\t\t<a href=\"\/wp-content\/uploads\/2022\/12\/ecoheat-classic-en-fr-it-2020.pdf\"><br \/>\n\t\t\t\t\t\t\t\t\t\tInstructions<br \/>\n\t\t\t\t\t\t\t\t\t\t\t<\/a>\n\t\t\t\t\t\t\t\t\t<\/li>\n<li>\n\t\t\t\t\t\t\t\t\t\t\t<a href=\"\/wp-content\/uploads\/2022\/12\/TUV_Z1A_103922_0001_DE_EN.pdf\"><br \/>\n\t\t\t\t\t\t\t\t\t\tT\u00dcV South certificate<br \/>\n\t\t\t\t\t\t\t\t\t\t\t<\/a>\n\t\t\t\t\t\t\t\t\t<\/li>\n<\/ul>\n<ul>\n<li>Mounting set<\/li>\n<li>Operating instructions<\/li>\n<\/ul>\n<p>\t\t\t\t\t\t\t\t\t\t\t\t\t\t\t\t<a href=\"https:\/\/ecofort.ch\/de\/heizen-montagematerial\/1357-standfusse-ecoheat-classic.html\" target=\"_blank\" rel=\"noopener\"><br \/>\n\t\t\t\t\t\t\t<img decoding=\"async\" width=\"480\" height=\"480\" src=\"https:\/\/ecoheat.ch\/wp-content\/uploads\/2023\/01\/ecoheat_classic_standfuesse_480x480.jpg\" alt=\"ecoheat Classic feet\" loading=\"lazy\" srcset=\"https:\/\/ecoheat.ch\/wp-content\/uploads\/2023\/01\/ecoheat_classic_standfuesse_480x480.jpg 480w, https:\/\/ecoheat.ch\/wp-content\/uploads\/2023\/01\/ecoheat_classic_standfuesse_480x480-300x300.jpg 300w, https:\/\/ecoheat.ch\/wp-content\/uploads\/2023\/01\/ecoheat_classic_standfuesse_480x480-150x150.jpg 150w\" sizes=\"auto, (max-width: 480px) 100vw, 480px\" \/>\t\t\t\t\t\t\t\t<\/a><br \/>\n\t\t\t<a href=\"https:\/\/ecofort.ch\/de\/heizen-montagematerial\/1357-standfusse-ecoheat-classic.html\" target=\"_blank\" rel=\"noopener\"><br \/>\n\t\t\t\t\t\tBuy<br \/>\n\t\t\t\t\t<\/a><\/p>\n<p>With these stands all\u00a0<em>ecoheat Classic<\/em> be used flexibly and mobile everywhere.<\/p>\n<p>The \"Small\" feet fit the following models:<\/p>\n<ul>\n<li>Classic 300, only for horizontal alignment of the heater<\/li>\n<li>Classic 550, only for horizontal alignment of the heater<\/li>\n<\/ul>\n<p>\u00a0<\/p>\n<p>The \"Large\" feet fit the following models:<\/p>\n<ul>\n<li>Classic 450<\/li>\n<li>Classic 700, only for horizontal alignment of the heater<\/li>\n<li>Classic 900, only for horizontal alignment of the heater<\/li>\n<\/ul>\n<table>\n<tbody>\n<tr>\n<td>Control<\/td>\n<td>Without control \/ without switch<\/td>\n<\/tr>\n<tr>\n<td>Assembly<\/td>\n<td>Horizontal or vertical wall or ceiling mounting, mobile on optionally available feet<\/td>\n<\/tr>\n<tr>\n<td>Surface temperature<\/td>\n<td>85 - 95 \u00b0C<\/td>\n<\/tr>\n<tr>\n<td>Connection cable<\/td>\n<td>1.8 m cable with Swiss plug<\/td>\n<\/tr>\n<tr>\n<td>Protection class<\/td>\n<td>IP20 with plug connection<br \/>IPX4 for fixed connection<\/td>\n<\/tr>\n<tr>\n<td>Colour<\/td>\n<td>White (RAL 9016)<\/td>\n<\/tr>\n<tr>\n<td>Warranty<\/td>\n<td>2 years<\/td>\n<\/tr>\n<\/tbody>\n<\/table>\n<ul>\n<li>\n\t\t\t\t\t\t\t\t\t\t\t<a href=\"\/wp-content\/uploads\/2022\/12\/ecoheat-classic-en-fr-it-2020.pdf\"><br \/>\n\t\t\t\t\t\t\t\t\t\tInstructions<br \/>\n\t\t\t\t\t\t\t\t\t\t\t<\/a>\n\t\t\t\t\t\t\t\t\t<\/li>\n<li>\n\t\t\t\t\t\t\t\t\t\t\t<a href=\"\/wp-content\/uploads\/2022\/12\/TUV_Z1A_103922_0001_DE_EN.pdf\"><br \/>\n\t\t\t\t\t\t\t\t\t\tT\u00dcV South certificate<br \/>\n\t\t\t\t\t\t\t\t\t\t\t<\/a>\n\t\t\t\t\t\t\t\t\t<\/li>\n<\/ul>\n<ul>\n<li>\n\t\t\t\t\t\t\t\t\t\t\t<a href=\"\/wp-content\/uploads\/2022\/12\/ecoheat-classic-en-fr-it-2020.pdf\"><br \/>\n\t\t\t\t\t\t\t\t\t\tInstructions<br \/>\n\t\t\t\t\t\t\t\t\t\t\t<\/a>\n\t\t\t\t\t\t\t\t\t<\/li>\n<li>\n\t\t\t\t\t\t\t\t\t\t\t<a href=\"\/wp-content\/uploads\/2022\/12\/TUV_Z1A_103922_0001_DE_EN.pdf\"><br \/>\n\t\t\t\t\t\t\t\t\t\tT\u00dcV South certificate<br \/>\n\t\t\t\t\t\t\t\t\t\t\t<\/a>\n\t\t\t\t\t\t\t\t\t<\/li>\n<\/ul>\n<p>\t\t\t<a href=\"https:\/\/ecofort.ch\/de\/infrarotheizungen\/128-ecoheat-classic-infrarotheizungen-300-900-watt.html\" target=\"_blank\" rel=\"noopener\"><br \/>\n\t\t\t\t\t\tMore information in the shop<br \/>\n\t\t\t\t\t<\/a><br \/>\n\t\t\t<a href=\"https:\/\/ecofort.ch\/de\/infrarotheizungen\/128-ecoheat-classic-infrarotheizungen-300-900-watt.html\" target=\"_blank\" rel=\"noopener\"><br \/>\n\t\t\t\t\t\tMore information in the shop<br \/>\n\t\t\t\t\t<\/a><\/p>","protected":false},"excerpt":{"rendered":"<p>ecoheat Classic Infrarotheizung Die\u00a0ecoheat Classic Infrarotheizungen sind aus pulverbeschichtetem und verzinktem Stahlblech gefertigt und sind sowohl f\u00fcr die punktuelle Beheizung als auch als Vollheizung einsetzbar. Die rahmenlosen Infrarot-Panels integrieren sich unauff\u00e4llig im Raum und verteilen mit ihren abgeschr\u00e4gten Ecken die W\u00e4rmestrahlen optimal. Das clevere Montagesystem erm\u00f6glicht eine einfache und sichere Wand- sowie Deckenmontage.\u00a0 Stahlgeh\u00e4use mit [&hellip;]<\/p>\n","protected":false},"author":2,"featured_media":0,"parent":0,"menu_order":0,"comment_status":"closed","ping_status":"closed","template":"","meta":{"footnotes":""},"class_list":["post-31","page","type-page","status-publish","hentry"],"_links":{"self":[{"href":"https:\/\/ecoheat.ch\/en\/wp-json\/wp\/v2\/pages\/31","targetHints":{"allow":["GET"]}}],"collection":[{"href":"https:\/\/ecoheat.ch\/en\/wp-json\/wp\/v2\/pages"}],"about":[{"href":"https:\/\/ecoheat.ch\/en\/wp-json\/wp\/v2\/types\/page"}],"author":[{"embeddable":true,"href":"https:\/\/ecoheat.ch\/en\/wp-json\/wp\/v2\/users\/2"}],"replies":[{"embeddable":true,"href":"https:\/\/ecoheat.ch\/en\/wp-json\/wp\/v2\/comments?post=31"}],"version-history":[{"count":242,"href":"https:\/\/ecoheat.ch\/en\/wp-json\/wp\/v2\/pages\/31\/revisions"}],"predecessor-version":[{"id":1582,"href":"https:\/\/ecoheat.ch\/en\/wp-json\/wp\/v2\/pages\/31\/revisions\/1582"}],"wp:attachment":[{"href":"https:\/\/ecoheat.ch\/en\/wp-json\/wp\/v2\/media?parent=31"}],"curies":[{"name":"wp","href":"https:\/\/api.w.org\/{rel}","templated":true}]}}