{"id":360,"date":"2023-01-05T10:27:12","date_gmt":"2023-01-05T09:27:12","guid":{"rendered":"https:\/\/practical-shannon.185-46-59-137.plesk.page\/?page_id=360"},"modified":"2023-09-06T12:58:56","modified_gmt":"2023-09-06T11:58:56","slug":"heatbar-comfort-dunkelstrahler","status":"publish","type":"page","link":"https:\/\/ecoheat.ch\/en\/heatbar-comfort-electric-radiant-heater\/","title":{"rendered":"ecoheat HeatBar comfort+ dark radiator"},"content":{"rendered":"<h1>ecoheat HeatBar comfort+<\/h1>\n<h2>Electric Radiant Heater<\/h2>\n<p>The <em>ecoheat HeatBar comfort+<\/em> The ecoheat HeatBar comfort+ is an electric radiant heater designed for spot heating on demand. It is a radiant heater without light emission.<\/p>\n<p>After just ten minutes of warming up, the infrared radiator gives off heat in the most pleasant way - as if you had brought the sun to your workshop, studio or balcony.<\/p>\n<p>\t\t\t\t\t\t\t\t\t\t\t\t\t\t\t<img decoding=\"async\" width=\"800\" height=\"534\" src=\"https:\/\/ecoheat.ch\/wp-content\/uploads\/2023\/01\/ecoheat-heatbar-comfort_lifestyle_3_1500x1000-1024x683.jpg\" alt=\"ecoheat HeatBar comfort+ dark radiator\" loading=\"lazy\" srcset=\"https:\/\/ecoheat.ch\/wp-content\/uploads\/2023\/01\/ecoheat-heatbar-comfort_lifestyle_3_1500x1000-1024x683.jpg 1024w, https:\/\/ecoheat.ch\/wp-content\/uploads\/2023\/01\/ecoheat-heatbar-comfort_lifestyle_3_1500x1000-300x200.jpg 300w, https:\/\/ecoheat.ch\/wp-content\/uploads\/2023\/01\/ecoheat-heatbar-comfort_lifestyle_3_1500x1000-768x512.jpg 768w, https:\/\/ecoheat.ch\/wp-content\/uploads\/2023\/01\/ecoheat-heatbar-comfort_lifestyle_3_1500x1000.jpg 1500w\" sizes=\"auto, (max-width: 800px) 100vw, 800px\" \/>\t\t\t\t\t\t\t\t\t\t\t\t\t\t\t<\/p>\n<ul>\n<li>\n\t\t\t\t\t\t\t\t\t\tControl via remote control\n\t\t\t\t\t\t\t\t\t<\/li>\n<li>\n\t\t\t\t\t\t\t\t\t\tDimmer: optionally 50% or 100% Heat output\n\t\t\t\t\t\t\t\t\t<\/li>\n<li>\n\t\t\t\t\t\t\t\t\t\tWeatherproof (IP65)\n\t\t\t\t\t\t\t\t\t<\/li>\n<li>\n\t\t\t\t\t\t\t\t\t\tWall and ceiling mounting possible\n\t\t\t\t\t\t\t\t\t<\/li>\n<\/ul>\n<h4>HeatBAR comfort+ 1800<\/h4>\n<p>1210 x 160 x 50 mm<\/p>\n<p>1800 watt<\/p>\n<h4>HeatBAR comfort+ 2600<\/h4>\n<p>1410 x 160 x 50 mm<\/p>\n<p>2600 Watt<\/p>\n<p>\t\t\t\t\t\t\t\t\t\t\t\t\t\t\t\t<a href=\"https:\/\/ecoheat.ch\/wp-content\/uploads\/2023\/01\/ecoheat-heatbar-comfort_lifestyle_werkstatt_3_1500x1000.jpg\" data-elementor-open-lightbox=\"yes\" data-elementor-lightbox-title=\"ecoheat-heatbar-comfort+_lifestyle_werkstatt_3_1500x1000\" data-e-action-hash=\"#elementor-action%3Aaction%3Dlightbox%26settings%3DeyJpZCI6MzY4LCJ1cmwiOiJodHRwczpcL1wvZWNvaGVhdC5jaFwvd3AtY29udGVudFwvdXBsb2Fkc1wvMjAyM1wvMDFcL2Vjb2hlYXQtaGVhdGJhci1jb21mb3J0X2xpZmVzdHlsZV93ZXJrc3RhdHRfM18xNTAweDEwMDAuanBnIn0%3D\"><br \/>\n\t\t\t\t\t\t\t<img decoding=\"async\" width=\"1500\" height=\"1000\" src=\"https:\/\/ecoheat.ch\/wp-content\/uploads\/2023\/01\/ecoheat-heatbar-comfort_lifestyle_werkstatt_3_1500x1000.jpg\" alt=\"Infrared dark radiator ecoheat HeatBar comfort+ in a workshop\" loading=\"lazy\" srcset=\"https:\/\/ecoheat.ch\/wp-content\/uploads\/2023\/01\/ecoheat-heatbar-comfort_lifestyle_werkstatt_3_1500x1000.jpg 1500w, https:\/\/ecoheat.ch\/wp-content\/uploads\/2023\/01\/ecoheat-heatbar-comfort_lifestyle_werkstatt_3_1500x1000-300x200.jpg 300w, https:\/\/ecoheat.ch\/wp-content\/uploads\/2023\/01\/ecoheat-heatbar-comfort_lifestyle_werkstatt_3_1500x1000-1024x683.jpg 1024w, https:\/\/ecoheat.ch\/wp-content\/uploads\/2023\/01\/ecoheat-heatbar-comfort_lifestyle_werkstatt_3_1500x1000-768x512.jpg 768w\" sizes=\"auto, (max-width: 1500px) 100vw, 1500px\" \/>\t\t\t\t\t\t\t\t<\/a><br \/>\n\t\t\t\t\t\tScope of delivery Technical data Downloads<br \/>\n\t\t\t\t\t\tScope of delivery<\/p>\n<ul>\n<li>Remote control (without batteries, 2x 1.5 V AAA are required)<\/li>\n<li>Brackets for wall or ceiling mounting<\/li>\n<li>Operating and assembly instructions<\/li>\n<\/ul>\n<p>\t\t\t\tTechnical data<\/p>\n<table>\n<thead>\n<tr>\n<th> <\/th>\n<th><strong>HeatBAR comfort+ 1800<\/strong><\/th>\n<th><strong>HeatBAR comfort+ 2600<\/strong><\/th>\n<\/tr>\n<\/thead>\n<tbody>\n<tr>\n<td><strong>Heatable surface<\/strong><\/td>\n<td data-title=\"HeatBAR comfort+ 1800\">5-12 m\u00b2 indoor area; 3-5 m\u00b2 outdoor area (sheltered from the wind)<\/td>\n<td data-title=\"HeatBAR comfort+ 2600\">9-16 m\u00b2 indoor area; 6-9 m\u00b2 outdoor area (sheltered from the wind)<\/td>\n<\/tr>\n<tr>\n<td><strong>Power<\/strong><\/td>\n<td data-title=\"HeatBAR comfort+ 1800\">1800 watt<\/td>\n<td data-title=\"HeatBAR comfort+ 2600\">2600 Watt<\/td>\n<\/tr>\n<tr>\n<td><strong>Required protection<\/strong><\/td>\n<td data-title=\"HeatBAR comfort+ 1800\">10 A<\/td>\n<td data-title=\"HeatBAR comfort+ 2600\">13 A<\/td>\n<\/tr>\n<tr>\n<td><strong>Connection cable<\/strong><\/td>\n<td data-title=\"HeatBAR comfort+ 1800\">180 cm, Schuko plug + CH Fix adapter T12<\/td>\n<td data-title=\"HeatBAR comfort+ 2600\">180 cm, Schuko plug + CH Fix adapter T23<\/td>\n<\/tr>\n<tr>\n<td><strong>Protection class<\/strong><\/td>\n<td data-title=\"HeatBAR comfort+ 1800\">IP65<\/td>\n<td data-title=\"HeatBAR comfort+ 2600\">IP65<\/td>\n<\/tr>\n<tr>\n<td><strong>Size<\/strong><\/td>\n<td data-title=\"HeatBAR comfort+ 1800\">1210 x 160 x 50 mm<\/td>\n<td data-title=\"HeatBAR comfort+ 2600\">1410 x 160 x 50 mm<\/td>\n<\/tr>\n<tr>\n<td><strong>Weight<\/strong><\/td>\n<td data-title=\"HeatBAR comfort+ 1800\">5.85 kg<\/td>\n<td data-title=\"HeatBAR comfort+ 2600\">7.85 kg<\/td>\n<\/tr>\n<tr>\n<td><strong>Heating time<\/strong><\/td>\n<td data-title=\"HeatBAR comfort+ 1800\">&lt; 10 minutes<\/td>\n<td data-title=\"HeatBAR comfort+ 2600\">&lt; 10 minutes<\/td>\n<\/tr>\n<tr>\n<td><strong>Heating levels<\/strong><\/td>\n<td data-title=\"HeatBAR comfort+ 1800\">2 (50% &#038; 100%)<\/td>\n<td data-title=\"HeatBAR comfort+ 2600\">2 (50% &#038; 100%)<\/td>\n<\/tr>\n<tr>\n<td><strong>Timer<\/strong><\/td>\n<td data-title=\"HeatBAR comfort+ 1800\">1 - 9 hours<\/td>\n<td data-title=\"HeatBAR comfort+ 2600\">1 - 9 hours<\/td>\n<\/tr>\n<\/tbody>\n<\/table>\n<p>\t\t\t\tDownloads<\/p>\n<h5><a href=\"\/wp-content\/uploads\/2023\/01\/manual_heatbar_comfort_v1-1_en_fr_it.pdf\">Instructions<\/a><\/h5>\n<p>\t\t\t<a href=\"\/wp-content\/uploads\/2023\/01\/manual_heatbar_comfort_v1-1_en_fr_it.pdf\"><br \/>\n\t\t\t\t\t\t<\/a><\/p>\n<ul>\n<li>Remote control (without batteries, 2x 1.5 V AAA are required)<\/li>\n<li>Brackets for wall or ceiling mounting<\/li>\n<li>Operating and assembly instructions<\/li>\n<\/ul>\n<table>\n<thead>\n<tr>\n<th> <\/th>\n<th><strong>HeatBAR comfort+ 1800<\/strong><\/th>\n<th><strong>HeatBAR comfort+ 2600<\/strong><\/th>\n<\/tr>\n<\/thead>\n<tbody>\n<tr>\n<td><strong>Heatable surface<\/strong><\/td>\n<td data-title=\"HeatBAR comfort+ 1800\">5-12 m\u00b2 indoor area; 3-5 m\u00b2 outdoor area (sheltered from the wind)<\/td>\n<td data-title=\"HeatBAR comfort+ 2600\">9-16 m\u00b2 indoor area; 6-9 m\u00b2 outdoor area (sheltered from the wind)<\/td>\n<\/tr>\n<tr>\n<td><strong>Power<\/strong><\/td>\n<td data-title=\"HeatBAR comfort+ 1800\">1800 watt<\/td>\n<td data-title=\"HeatBAR comfort+ 2600\">2600 Watt<\/td>\n<\/tr>\n<tr>\n<td><strong>Required protection<\/strong><\/td>\n<td data-title=\"HeatBAR comfort+ 1800\">10 A<\/td>\n<td data-title=\"HeatBAR comfort+ 2600\">13 A<\/td>\n<\/tr>\n<tr>\n<td><strong>Connection cable<\/strong><\/td>\n<td data-title=\"HeatBAR comfort+ 1800\">180 cm, Schuko plug + CH Fix adapter T12<\/td>\n<td data-title=\"HeatBAR comfort+ 2600\">180 cm, Schuko plug + CH Fix adapter T23<\/td>\n<\/tr>\n<tr>\n<td><strong>Protection class<\/strong><\/td>\n<td data-title=\"HeatBAR comfort+ 1800\">IP65<\/td>\n<td data-title=\"HeatBAR comfort+ 2600\">IP65<\/td>\n<\/tr>\n<tr>\n<td><strong>Size<\/strong><\/td>\n<td data-title=\"HeatBAR comfort+ 1800\">1210 x 160 x 50 mm<\/td>\n<td data-title=\"HeatBAR comfort+ 2600\">1410 x 160 x 50 mm<\/td>\n<\/tr>\n<tr>\n<td><strong>Weight<\/strong><\/td>\n<td data-title=\"HeatBAR comfort+ 1800\">5.85 kg<\/td>\n<td data-title=\"HeatBAR comfort+ 2600\">7.85 kg<\/td>\n<\/tr>\n<tr>\n<td><strong>Heating time<\/strong><\/td>\n<td data-title=\"HeatBAR comfort+ 1800\">&lt; 10 minutes<\/td>\n<td data-title=\"HeatBAR comfort+ 2600\">&lt; 10 minutes<\/td>\n<\/tr>\n<tr>\n<td><strong>Heating levels<\/strong><\/td>\n<td data-title=\"HeatBAR comfort+ 1800\">2 (50% &#038; 100%)<\/td>\n<td data-title=\"HeatBAR comfort+ 2600\">2 (50% &#038; 100%)<\/td>\n<\/tr>\n<tr>\n<td><strong>Timer<\/strong><\/td>\n<td data-title=\"HeatBAR comfort+ 1800\">1 - 9 hours<\/td>\n<td data-title=\"HeatBAR comfort+ 2600\">1 - 9 hours<\/td>\n<\/tr>\n<\/tbody>\n<\/table>\n<h5><a href=\"\/wp-content\/uploads\/2023\/01\/manual_heatbar_comfort_v1-1_en_fr_it.pdf\">Instructions<\/a><\/h5>\n<p>\t\t\t<a href=\"\/wp-content\/uploads\/2023\/01\/manual_heatbar_comfort_v1-1_en_fr_it.pdf\"><br \/>\n\t\t\t\t\t\t<\/a><br \/>\n\t\t\t<a href=\"https:\/\/ecofort.ch\/de\/infrarot-heizstrahler\/1977-ecoheat-heatbar-comfort.html\" target=\"_blank\" rel=\"noopener\"><br \/>\n\t\t\t\t\t\tMore information in the shop<br \/>\n\t\t\t\t\t<\/a><br \/>\n\t\t\t<a href=\"https:\/\/ecofort.ch\/de\/infrarot-heizstrahler\/1977-ecoheat-heatbar-comfort.html\" target=\"_blank\" rel=\"noopener\"><br \/>\n\t\t\t\t\t\tMore information in the shop<br \/>\n\t\t\t\t\t<\/a><\/p>","protected":false},"excerpt":{"rendered":"<p>ecoheat HeatBar comfort+ Infrarot Dunkelstrahler Der ecoheat HeatBar comfort+ ist ein Dunkelstrahler konzipiert f\u00fcr die punktuelle Beheizung bei Bedarf. Es gibt keine Lichtemission wie bei herk\u00f6mmlichen Infrarot Heizstrahlern. Bereits nach zehn Minuten Aufw\u00e4rmphase gibt der Infrarotstrahler auf angenehmste Weise W\u00e4rme ab &#8211; als h\u00e4tte man die Sonne zu sich in die Werkstatt, das Atelier oder [&hellip;]<\/p>\n","protected":false},"author":2,"featured_media":0,"parent":0,"menu_order":0,"comment_status":"closed","ping_status":"closed","template":"elementor_header_footer","meta":{"footnotes":""},"class_list":["post-360","page","type-page","status-publish","hentry"],"_links":{"self":[{"href":"https:\/\/ecoheat.ch\/en\/wp-json\/wp\/v2\/pages\/360","targetHints":{"allow":["GET"]}}],"collection":[{"href":"https:\/\/ecoheat.ch\/en\/wp-json\/wp\/v2\/pages"}],"about":[{"href":"https:\/\/ecoheat.ch\/en\/wp-json\/wp\/v2\/types\/page"}],"author":[{"embeddable":true,"href":"https:\/\/ecoheat.ch\/en\/wp-json\/wp\/v2\/users\/2"}],"replies":[{"embeddable":true,"href":"https:\/\/ecoheat.ch\/en\/wp-json\/wp\/v2\/comments?post=360"}],"version-history":[{"count":163,"href":"https:\/\/ecoheat.ch\/en\/wp-json\/wp\/v2\/pages\/360\/revisions"}],"predecessor-version":[{"id":1410,"href":"https:\/\/ecoheat.ch\/en\/wp-json\/wp\/v2\/pages\/360\/revisions\/1410"}],"wp:attachment":[{"href":"https:\/\/ecoheat.ch\/en\/wp-json\/wp\/v2\/media?parent=360"}],"curies":[{"name":"wp","href":"https:\/\/api.w.org\/{rel}","templated":true}]}}