{"id":8,"date":"2022-12-05T14:34:27","date_gmt":"2022-12-05T13:34:27","guid":{"rendered":"https:\/\/practical-shannon.185-46-59-137.plesk.page\/?page_id=8"},"modified":"2024-01-17T17:44:09","modified_gmt":"2024-01-17T16:44:09","slug":"ecoheat-infrarotheizungen","status":"publish","type":"page","link":"https:\/\/ecoheat.ch\/en\/","title":{"rendered":"ecoheat - Infrared heating Switzerland"},"content":{"rendered":"<h1>ecoheat Infrared Heaters<\/h1>\n<h2>Panels, hybrid radiators &amp; dark radiators<\/h2>\n<h2>As independent &amp; individual as you are<\/h2>\n<p>The infrared heaters and hybrid radiators from <em>ecoheat<\/em> deliver what they promise. Feel-good warmth within a very short time, flexible to use and inexpensive. Fixed to the wall or mobile on feet, both are possible.<\/p>\n<p>Control the heat distribution in an entire house via a remote-controlled room thermostat on your smartphone or simply enjoy a comfortable temperature within minutes with a socket thermostat, wherever you want and whenever you want - everything is possible.<\/p>\n<p><strong><i>ecoheat<\/i> is independent and individual, just like you<\/strong>.<\/p>\n<p>\t\t\t\t\t\t\t\t\t\t\t\t\t\t\t<img loading=\"lazy\" decoding=\"async\" width=\"1500\" height=\"1000\" src=\"https:\/\/ecoheat.ch\/wp-content\/uploads\/2023\/01\/ecoheat-hybrid-1000_lifestyle_bueroraum_2_1500x1000.jpg\" alt=\"\" srcset=\"https:\/\/ecoheat.ch\/wp-content\/uploads\/2023\/01\/ecoheat-hybrid-1000_lifestyle_bueroraum_2_1500x1000.jpg 1500w, https:\/\/ecoheat.ch\/wp-content\/uploads\/2023\/01\/ecoheat-hybrid-1000_lifestyle_bueroraum_2_1500x1000-300x200.jpg 300w, https:\/\/ecoheat.ch\/wp-content\/uploads\/2023\/01\/ecoheat-hybrid-1000_lifestyle_bueroraum_2_1500x1000-1024x683.jpg 1024w, https:\/\/ecoheat.ch\/wp-content\/uploads\/2023\/01\/ecoheat-hybrid-1000_lifestyle_bueroraum_2_1500x1000-768x512.jpg 768w\" sizes=\"auto, (max-width: 1500px) 100vw, 1500px\" \/>\t\t\t\t\t\t\t\t\t\t\t\t\t\t\t<\/p>\n<p>Production and development of all radiators from <em>ecoheat<\/em> meet European standards and are tested for safety. They have been successfully distributed in Switzerland since 2012 and count thousands of satisfied customers.<\/p>\n<p>\t\t\t\t\t\t\t\t\t\t\t\t\t\t\t<img loading=\"lazy\" decoding=\"async\" width=\"218\" height=\"166\" src=\"https:\/\/ecoheat.ch\/wp-content\/uploads\/2023\/01\/tuv_gs_logo_400x166-e1700744936166.jpg\" alt=\"GS (tested safety) logo\" srcset=\"https:\/\/ecoheat.ch\/wp-content\/uploads\/2023\/01\/tuv_gs_logo_400x166-e1700744936166.jpg 218w, https:\/\/ecoheat.ch\/wp-content\/uploads\/2023\/01\/tuv_gs_logo_400x166-e1700744936166-16x12.jpg 16w\" sizes=\"auto, (max-width: 218px) 100vw, 218px\" \/>\t\t\t\t\t\t\t\t\t\t\t\t\t\t\t<\/p>\n<h2>Heaters<\/h2>\n<h4><a href=\"https:\/\/ecoheat.ch\/en\/ecoheat-basic-infrared-heaters\/\">Basic<\/a><\/h4>\n<figure>\n\t\t\t\t\t\t\t\t\t\t\t<a href=\"https:\/\/ecoheat.ch\/en\/ecoheat-basic-infrared-heaters\/\"><br \/>\n\t\t\t\t\t\t\t<img loading=\"lazy\" decoding=\"async\" width=\"800\" height=\"800\" src=\"https:\/\/ecoheat.ch\/wp-content\/uploads\/2023\/01\/ecoheat-basic_group_1_1500x1500-1024x1024.jpg\" alt=\"\" srcset=\"https:\/\/ecoheat.ch\/wp-content\/uploads\/2023\/01\/ecoheat-basic_group_1_1500x1500-1024x1024.jpg 1024w, https:\/\/ecoheat.ch\/wp-content\/uploads\/2023\/01\/ecoheat-basic_group_1_1500x1500-300x300.jpg 300w, https:\/\/ecoheat.ch\/wp-content\/uploads\/2023\/01\/ecoheat-basic_group_1_1500x1500-150x150.jpg 150w, https:\/\/ecoheat.ch\/wp-content\/uploads\/2023\/01\/ecoheat-basic_group_1_1500x1500-768x768.jpg 768w, https:\/\/ecoheat.ch\/wp-content\/uploads\/2023\/01\/ecoheat-basic_group_1_1500x1500.jpg 1500w\" sizes=\"auto, (max-width: 800px) 100vw, 800px\" \/>\t\t\t\t\t\t\t\t<\/a><figcaption>Infrared panels<\/figcaption><\/figure>\n<h4><a href=\"https:\/\/ecoheat.ch\/en\/ecoheat-classic-infrared-heaters\/\">Classic<\/a><\/h4>\n<figure>\n\t\t\t\t\t\t\t\t\t\t\t<a href=\"https:\/\/ecoheat.ch\/en\/ecoheat-classic-infrared-heaters\/\"><br \/>\n\t\t\t\t\t\t\t<img loading=\"lazy\" decoding=\"async\" width=\"800\" height=\"800\" src=\"https:\/\/ecoheat.ch\/wp-content\/uploads\/2023\/01\/ecoheat_classic_group_2_whitebg_1500x1500-1024x1024.jpg\" alt=\"ecoheat Classic infrared heaters\" srcset=\"https:\/\/ecoheat.ch\/wp-content\/uploads\/2023\/01\/ecoheat_classic_group_2_whitebg_1500x1500-1024x1024.jpg 1024w, https:\/\/ecoheat.ch\/wp-content\/uploads\/2023\/01\/ecoheat_classic_group_2_whitebg_1500x1500-300x300.jpg 300w, https:\/\/ecoheat.ch\/wp-content\/uploads\/2023\/01\/ecoheat_classic_group_2_whitebg_1500x1500-150x150.jpg 150w, https:\/\/ecoheat.ch\/wp-content\/uploads\/2023\/01\/ecoheat_classic_group_2_whitebg_1500x1500-768x768.jpg 768w, https:\/\/ecoheat.ch\/wp-content\/uploads\/2023\/01\/ecoheat_classic_group_2_whitebg_1500x1500.jpg 1500w\" sizes=\"auto, (max-width: 800px) 100vw, 800px\" \/>\t\t\t\t\t\t\t\t<\/a><figcaption>Frameless infrared panels<\/figcaption><\/figure>\n<h4><a href=\"https:\/\/ecoheat.ch\/en\/ecoheat-classic-t-infrared-heaters\/\">Classic-T<\/a><\/h4>\n<figure>\n\t\t\t\t\t\t\t\t\t\t\t<a href=\"https:\/\/ecoheat.ch\/en\/ecoheat-classic-t-infrared-heaters\/\"><br \/>\n\t\t\t\t\t\t\t<img loading=\"lazy\" decoding=\"async\" width=\"800\" height=\"800\" src=\"https:\/\/ecoheat.ch\/wp-content\/uploads\/2023\/01\/ecoheat_classic_group_2_whitebg_1500x1500-1024x1024.jpg\" alt=\"ecoheat Classic infrared heaters\" srcset=\"https:\/\/ecoheat.ch\/wp-content\/uploads\/2023\/01\/ecoheat_classic_group_2_whitebg_1500x1500-1024x1024.jpg 1024w, https:\/\/ecoheat.ch\/wp-content\/uploads\/2023\/01\/ecoheat_classic_group_2_whitebg_1500x1500-300x300.jpg 300w, https:\/\/ecoheat.ch\/wp-content\/uploads\/2023\/01\/ecoheat_classic_group_2_whitebg_1500x1500-150x150.jpg 150w, https:\/\/ecoheat.ch\/wp-content\/uploads\/2023\/01\/ecoheat_classic_group_2_whitebg_1500x1500-768x768.jpg 768w, https:\/\/ecoheat.ch\/wp-content\/uploads\/2023\/01\/ecoheat_classic_group_2_whitebg_1500x1500.jpg 1500w\" sizes=\"auto, (max-width: 800px) 100vw, 800px\" \/>\t\t\t\t\t\t\t\t<\/a><figcaption>With integrated radio receiver<\/figcaption><\/figure>\n<h4><a href=\"https:\/\/ecoheat.ch\/en\/ecoheat-hybrid-infrared-heaters\/\">Hybrid<\/a><\/h4>\n<figure>\n\t\t\t\t\t\t\t\t\t\t\t<a href=\"https:\/\/ecoheat.ch\/en\/ecoheat-hybrid-infrared-heaters\/\"><br \/>\n\t\t\t\t\t\t\t<img loading=\"lazy\" decoding=\"async\" width=\"800\" height=\"800\" src=\"https:\/\/ecoheat.ch\/wp-content\/uploads\/2023\/01\/ecoheat-hybrid-600_transparent_1500x1500-1024x1024.jpg\" alt=\"ecoheat HYBRID convector radiator\" srcset=\"https:\/\/ecoheat.ch\/wp-content\/uploads\/2023\/01\/ecoheat-hybrid-600_transparent_1500x1500-1024x1024.jpg 1024w, https:\/\/ecoheat.ch\/wp-content\/uploads\/2023\/01\/ecoheat-hybrid-600_transparent_1500x1500-300x300.jpg 300w, https:\/\/ecoheat.ch\/wp-content\/uploads\/2023\/01\/ecoheat-hybrid-600_transparent_1500x1500-150x150.jpg 150w, https:\/\/ecoheat.ch\/wp-content\/uploads\/2023\/01\/ecoheat-hybrid-600_transparent_1500x1500-768x768.jpg 768w, https:\/\/ecoheat.ch\/wp-content\/uploads\/2023\/01\/ecoheat-hybrid-600_transparent_1500x1500.jpg 1500w\" sizes=\"auto, (max-width: 800px) 100vw, 800px\" \/>\t\t\t\t\t\t\t\t<\/a><figcaption>Convector radiators<\/figcaption><\/figure>\n<h4><a href=\"https:\/\/ecoheat.ch\/en\/ecoheat-hybrid-t-infrared-heaters\/\">Hybrid-T<\/a><\/h4>\n<figure>\n\t\t\t\t\t\t\t\t\t\t\t<a href=\"https:\/\/ecoheat.ch\/en\/ecoheat-hybrid-t-infrared-heaters\/\"><br \/>\n\t\t\t\t\t\t\t<img loading=\"lazy\" decoding=\"async\" width=\"800\" height=\"800\" src=\"https:\/\/ecoheat.ch\/wp-content\/uploads\/2023\/01\/ecoheat-hybrid-600_transparent_1500x1500-1024x1024.jpg\" alt=\"ecoheat HYBRID convector radiator\" srcset=\"https:\/\/ecoheat.ch\/wp-content\/uploads\/2023\/01\/ecoheat-hybrid-600_transparent_1500x1500-1024x1024.jpg 1024w, https:\/\/ecoheat.ch\/wp-content\/uploads\/2023\/01\/ecoheat-hybrid-600_transparent_1500x1500-300x300.jpg 300w, https:\/\/ecoheat.ch\/wp-content\/uploads\/2023\/01\/ecoheat-hybrid-600_transparent_1500x1500-150x150.jpg 150w, https:\/\/ecoheat.ch\/wp-content\/uploads\/2023\/01\/ecoheat-hybrid-600_transparent_1500x1500-768x768.jpg 768w, https:\/\/ecoheat.ch\/wp-content\/uploads\/2023\/01\/ecoheat-hybrid-600_transparent_1500x1500.jpg 1500w\" sizes=\"auto, (max-width: 800px) 100vw, 800px\" \/>\t\t\t\t\t\t\t\t<\/a><figcaption>With integrated radio receiver<\/figcaption><\/figure>\n<h4><a href=\"https:\/\/ecoheat.ch\/en\/heatbar-comfort-electric-radiant-heater\/\">HeatBar<\/a><\/h4>\n<figure>\n\t\t\t\t\t\t\t\t\t\t\t<a href=\"https:\/\/ecoheat.ch\/en\/heatbar-comfort-electric-radiant-heater\/\"><br \/>\n\t\t\t\t\t\t\t<img loading=\"lazy\" decoding=\"async\" width=\"800\" height=\"800\" src=\"https:\/\/ecoheat.ch\/wp-content\/uploads\/2023\/01\/1_heatbar_comfort_main_1200x1200_no_logo-1024x1024.jpg\" alt=\"ecoheat HeatBar comfort+ Infrared dark radiator\" srcset=\"https:\/\/ecoheat.ch\/wp-content\/uploads\/2023\/01\/1_heatbar_comfort_main_1200x1200_no_logo-1024x1024.jpg 1024w, https:\/\/ecoheat.ch\/wp-content\/uploads\/2023\/01\/1_heatbar_comfort_main_1200x1200_no_logo-300x300.jpg 300w, https:\/\/ecoheat.ch\/wp-content\/uploads\/2023\/01\/1_heatbar_comfort_main_1200x1200_no_logo-150x150.jpg 150w, https:\/\/ecoheat.ch\/wp-content\/uploads\/2023\/01\/1_heatbar_comfort_main_1200x1200_no_logo-768x768.jpg 768w, https:\/\/ecoheat.ch\/wp-content\/uploads\/2023\/01\/1_heatbar_comfort_main_1200x1200_no_logo.jpg 1200w\" sizes=\"auto, (max-width: 800px) 100vw, 800px\" \/>\t\t\t\t\t\t\t\t<\/a><figcaption>Electric Radiant Heater<\/figcaption><\/figure>\n<p>\t\t\t\t\t\t\t\t\t\t\t\t\t\t\t<img loading=\"lazy\" decoding=\"async\" width=\"1500\" height=\"1000\" src=\"https:\/\/ecoheat.ch\/wp-content\/uploads\/2023\/01\/ecoheat-classic-550_lifestyle_office_room_1500x1000.jpg\" alt=\"ecoheat Classic Infrared Panel Office Room\" srcset=\"https:\/\/ecoheat.ch\/wp-content\/uploads\/2023\/01\/ecoheat-classic-550_lifestyle_office_room_1500x1000.jpg 1500w, https:\/\/ecoheat.ch\/wp-content\/uploads\/2023\/01\/ecoheat-classic-550_lifestyle_office_room_1500x1000-300x200.jpg 300w, https:\/\/ecoheat.ch\/wp-content\/uploads\/2023\/01\/ecoheat-classic-550_lifestyle_office_room_1500x1000-1024x683.jpg 1024w, https:\/\/ecoheat.ch\/wp-content\/uploads\/2023\/01\/ecoheat-classic-550_lifestyle_office_room_1500x1000-768x512.jpg 768w\" sizes=\"auto, (max-width: 1500px) 100vw, 1500px\" \/>\t\t\t\t\t\t\t\t\t\t\t\t\t\t\t<\/p>\n<h2>Accessories<\/h2>\n<h4><a href=\"https:\/\/ecoheat.ch\/en\/ecoheat-connect-plus-room-thermostat\/\">Connect+<\/a><\/h4>\n<figure>\n\t\t\t\t\t\t\t\t\t\t\t<a href=\"https:\/\/ecoheat.ch\/en\/ecoheat-connect-plus-room-thermostat\/\"><br \/>\n\t\t\t\t\t\t\t<img loading=\"lazy\" decoding=\"async\" width=\"800\" height=\"800\" src=\"https:\/\/ecoheat.ch\/wp-content\/uploads\/2023\/11\/ecoheat-connect_set_800x800.webp\" alt=\"ecoheat Connect+ thermostat &amp; receiver with Wi-Fi\" srcset=\"https:\/\/ecoheat.ch\/wp-content\/uploads\/2023\/11\/ecoheat-connect_set_800x800.webp 800w, https:\/\/ecoheat.ch\/wp-content\/uploads\/2023\/11\/ecoheat-connect_set_800x800-300x300.webp 300w, https:\/\/ecoheat.ch\/wp-content\/uploads\/2023\/11\/ecoheat-connect_set_800x800-150x150.webp 150w, https:\/\/ecoheat.ch\/wp-content\/uploads\/2023\/11\/ecoheat-connect_set_800x800-768x768.webp 768w, https:\/\/ecoheat.ch\/wp-content\/uploads\/2023\/11\/ecoheat-connect_set_800x800-12x12.webp 12w\" sizes=\"auto, (max-width: 800px) 100vw, 800px\" \/>\t\t\t\t\t\t\t\t<\/a><figcaption>Room thermostat<\/figcaption><\/figure>\n<h4><a href=\"https:\/\/ecoheat.ch\/en\/ecoheat-dst-socket-thermostat\/\">DST<\/a><\/h4>\n<figure>\n\t\t\t\t\t\t\t\t\t\t\t<a href=\"https:\/\/ecoheat.ch\/en\/ecoheat-dst-socket-thermostat\/\"><br \/>\n\t\t\t\t\t\t\t<img loading=\"lazy\" decoding=\"async\" width=\"480\" height=\"480\" src=\"https:\/\/ecoheat.ch\/wp-content\/uploads\/2023\/01\/ecoheat-dst-front_480x480.jpg\" alt=\"ecoheat DST socket thermostat\" srcset=\"https:\/\/ecoheat.ch\/wp-content\/uploads\/2023\/01\/ecoheat-dst-front_480x480.jpg 480w, https:\/\/ecoheat.ch\/wp-content\/uploads\/2023\/01\/ecoheat-dst-front_480x480-300x300.jpg 300w, https:\/\/ecoheat.ch\/wp-content\/uploads\/2023\/01\/ecoheat-dst-front_480x480-150x150.jpg 150w\" sizes=\"auto, (max-width: 480px) 100vw, 480px\" \/>\t\t\t\t\t\t\t\t<\/a><figcaption>Socket thermostat<\/figcaption><\/figure>\n<h4><a href=\"https:\/\/ecoheat.ch\/en\/ecoheat-basic-infrared-heaters\/#standfuesse\">Basic<\/a><\/h4>\n<figure>\n\t\t\t\t\t\t\t\t\t\t\t<a href=\"https:\/\/ecoheat.ch\/en\/ecoheat-basic-infrared-heaters\/#standfuesse\"><br \/>\n\t\t\t\t\t\t\t<img loading=\"lazy\" decoding=\"async\" width=\"480\" height=\"480\" src=\"https:\/\/ecoheat.ch\/wp-content\/uploads\/2023\/01\/ecoheat-basic-standfuesse_480x480.jpg\" alt=\"ecoheat Basic feet\" srcset=\"https:\/\/ecoheat.ch\/wp-content\/uploads\/2023\/01\/ecoheat-basic-standfuesse_480x480.jpg 480w, https:\/\/ecoheat.ch\/wp-content\/uploads\/2023\/01\/ecoheat-basic-standfuesse_480x480-300x300.jpg 300w, https:\/\/ecoheat.ch\/wp-content\/uploads\/2023\/01\/ecoheat-basic-standfuesse_480x480-150x150.jpg 150w\" sizes=\"auto, (max-width: 480px) 100vw, 480px\" \/>\t\t\t\t\t\t\t\t<\/a><figcaption>Feet <\/figcaption><\/figure>\n<h4><a href=\"https:\/\/ecoheat.ch\/en\/ecoheat-classic-infrared-heaters\/#standfuesse\">Classic<\/a><\/h4>\n<figure>\n\t\t\t\t\t\t\t\t\t\t\t<a href=\"https:\/\/ecoheat.ch\/en\/ecoheat-classic-infrared-heaters\/#standfuesse\"><br \/>\n\t\t\t\t\t\t\t<img loading=\"lazy\" decoding=\"async\" width=\"480\" height=\"480\" src=\"https:\/\/ecoheat.ch\/wp-content\/uploads\/2023\/01\/ecoheat_classic_standfuesse_480x480.jpg\" alt=\"ecoheat Classic feet\" srcset=\"https:\/\/ecoheat.ch\/wp-content\/uploads\/2023\/01\/ecoheat_classic_standfuesse_480x480.jpg 480w, https:\/\/ecoheat.ch\/wp-content\/uploads\/2023\/01\/ecoheat_classic_standfuesse_480x480-300x300.jpg 300w, https:\/\/ecoheat.ch\/wp-content\/uploads\/2023\/01\/ecoheat_classic_standfuesse_480x480-150x150.jpg 150w\" sizes=\"auto, (max-width: 480px) 100vw, 480px\" \/>\t\t\t\t\t\t\t\t<\/a><figcaption>Feet <\/figcaption><\/figure>\n<h4><a href=\"https:\/\/ecoheat.ch\/en\/ecoheat-hybrid-infrared-heaters\/#standfuesse\">Hybrid<\/a><\/h4>\n<figure>\n\t\t\t\t\t\t\t\t\t\t\t<a href=\"https:\/\/ecoheat.ch\/en\/ecoheat-hybrid-infrared-heaters\/#standfuesse\"><br \/>\n\t\t\t\t\t\t\t<img loading=\"lazy\" decoding=\"async\" width=\"800\" height=\"800\" src=\"https:\/\/ecoheat.ch\/wp-content\/uploads\/2023\/01\/standfusse-ecoheat-hybridheizung.jpg\" alt=\"ecoheat Hybrid feet\" srcset=\"https:\/\/ecoheat.ch\/wp-content\/uploads\/2023\/01\/standfusse-ecoheat-hybridheizung.jpg 800w, https:\/\/ecoheat.ch\/wp-content\/uploads\/2023\/01\/standfusse-ecoheat-hybridheizung-300x300.jpg 300w, https:\/\/ecoheat.ch\/wp-content\/uploads\/2023\/01\/standfusse-ecoheat-hybridheizung-150x150.jpg 150w, https:\/\/ecoheat.ch\/wp-content\/uploads\/2023\/01\/standfusse-ecoheat-hybridheizung-768x768.jpg 768w\" sizes=\"auto, (max-width: 800px) 100vw, 800px\" \/>\t\t\t\t\t\t\t\t<\/a><figcaption>Feet <\/figcaption><\/figure>\n<p>\t\t\t\t\t\t\t<img data-src=\"https:\/\/ecoheat.ch\/wp-content\/plugins\/elementor\/assets\/images\/placeholder.png\" alt=\"ecoheat Thermo-T\"><br \/>\n\t\t\t\t\t\t\t\t\t\t<cite>ecoheat Thermo-T<i>\u2605<\/i><i>\u2605<\/i><i>\u2605<\/i><i>\u2605<\/i><i>\u2605<\/i>12.12.2023<\/cite>\t\t\t\t\tRead More<br \/>\n\t\t\t\t\t\tThere are probably as many different thermostats as there are stars in the Milky Way. This one convinces me simply because it works intuitively out of the box. Illuminated display, simple instruction for all household members. Tip top - very satisfied<br \/>\n\t\t\t\t\t\t\t<img data-src=\"https:\/\/ecoheat.ch\/wp-content\/plugins\/elementor\/assets\/images\/placeholder.png\" alt=\"ecoheat Classic-T\"><br \/>\n\t\t\t\t\t\t\t\t\t\t<cite>ecoheat Classic-T<i>\u2605<\/i><i>\u2605<\/i><i>\u2605<\/i><i>\u2605<\/i><i>\u2605<\/i>12.11.2023<\/cite>\t\t\t\t\tRead More<br \/>\n\t\t\t\t\t\tGreat price-performance ratio. It was not easy to fit the heaters to the ceiling. Heats superbly.<br \/>\n\t\t\t\t\t\t\t<img data-src=\"https:\/\/ecoheat.ch\/wp-content\/plugins\/elementor\/assets\/images\/placeholder.png\" alt=\"ecoheat Remote-T\"><br \/>\n\t\t\t\t\t\t\t\t\t\t<cite>ecoheat Remote-T<i>\u2605<\/i><i>\u2605<\/i><i>\u2605<\/i><i>\u2605<\/i><i>\u2605<\/i>3.10.2023<\/cite>\t\t\t\t\tRead More<br \/>\n\t\t\t\t\t\tworks perfectly and is easy to pair<br \/>\n\t\t\t\t\t\t\t<img data-src=\"https:\/\/ecoheat.ch\/wp-content\/plugins\/elementor\/assets\/images\/placeholder.png\" alt=\"ecoheat Classic\"><br \/>\n\t\t\t\t\t\t\t\t\t\t<cite>ecoheat Classic<i>\u2605<\/i><i>\u2605<\/i><i>\u2605<\/i><i>\u2605<\/i><i>\u2605<\/i>3.10.2023<\/cite>\t\t\t\t\tRead More<br \/>\n\t\t\t\t\t\tAs a ceiling spotlight. A little tricky to install.<br \/>\n\t\t\t\t\t\t\t<img data-src=\"https:\/\/ecoheat.ch\/wp-content\/plugins\/elementor\/assets\/images\/placeholder.png\" alt=\"ecoheat Basic\"><br \/>\n\t\t\t\t\t\t\t\t\t\t<cite>ecoheat Basic<i>\u2605<\/i><i>\u2605<\/i><i>\u2605<\/i><i>\u2605<\/i><i>\u2605<\/i>22.5.2023<\/cite>\t\t\t\t\tRead More<br \/>\n\t\t\t\t\t\tCompact, good heat output in relation to energy consumption.<br \/>\n\t\t\t\t\t\t\t<img data-src=\"https:\/\/ecoheat.ch\/wp-content\/plugins\/elementor\/assets\/images\/placeholder.png\" alt=\"ecoheat Hybrid\"><br \/>\n\t\t\t\t\t\t\t\t\t\t<cite>ecoheat Hybrid<i>\u2605<\/i><i>\u2605<\/i><i>\u2605<\/i><i>\u2605<\/i><i>\u2605<\/i>27.12.2022<\/cite>\t\t\t\t\tRead More<br \/>\n\t\t\t\t\t\tI already had the same heater and have now replaced 2 others with it. The indoor climate is pleasant and the heaters do not pose a great danger to my children.<br \/>\n\t\t\t\t\t\t\t<img data-src=\"https:\/\/ecoheat.ch\/wp-content\/plugins\/elementor\/assets\/images\/placeholder.png\" alt=\"ecoheat Classic\"><br \/>\n\t\t\t\t\t\t\t\t\t\t<cite>ecoheat Classic<i>\u2605<\/i><i>\u2605<\/i><i>\u2605<\/i><i>\u2605<\/i><i>\u2605<\/i>07.11.2022<\/cite>\t\t\t\t\tRead More<br \/>\n\t\t\t\t\t\tMount, plug in , , , works great.<br \/>\n\t\t\t\t\t\t\t<img data-src=\"https:\/\/ecoheat.ch\/wp-content\/plugins\/elementor\/assets\/images\/placeholder.png\" alt=\"ecoheat Basic\"><br \/>\n\t\t\t\t\t\t\t\t\t\t<cite>ecoheat Basic<i>\u2605<\/i><i>\u2605<\/i><i>\u2605<\/i><i>\u2605<\/i><i>\u2605<\/i>08.09.2022<\/cite>\t\t\t\t\tRead More<br \/>\n\t\t\t\t\t\tLightweight and easy to use<br \/>\n\t\t\t\t\t\t\t<img data-src=\"https:\/\/ecoheat.ch\/wp-content\/plugins\/elementor\/assets\/images\/placeholder.png\" alt=\"ecoheat Classic\"><br \/>\n\t\t\t\t\t\t\t\t\t\t<cite>ecoheat Classic<i>\u2605<\/i><i>\u2605<\/i><i>\u2605<\/i><i>\u2605<\/i><i>\u2605<\/i>07.04.2022<\/cite>\t\t\t\t\tRead More<br \/>\n\t\t\t\t\t\tGood heating, quickly installed.<br \/>\n\t\t\t\t\t\t\t<img data-src=\"https:\/\/ecoheat.ch\/wp-content\/plugins\/elementor\/assets\/images\/placeholder.png\" alt=\"ecoheat Hybrid\"><br \/>\n\t\t\t\t\t\t\t\t\t\t<cite>ecoheat Hybrid<i>\u2605<\/i><i>\u2605<\/i><i>\u2605<\/i><i>\u2605<\/i><i>\u2605<\/i>24.1.2022<\/cite>\t\t\t\t\tRead More<br \/>\n\t\t\t\t\t\tThere is nothing to improve!!! Order and delivery process and products SUPER!!!<br \/>\n\t\t\t\t\t\t\t<img data-src=\"https:\/\/ecoheat.ch\/wp-content\/plugins\/elementor\/assets\/images\/placeholder.png\" alt=\"ecoheat Basic\"><br \/>\n\t\t\t\t\t\t\t\t\t\t<cite>ecoheat Basic<i>\u2605<\/i><i>\u2605<\/i><i>\u2605<\/i><i>\u2605<\/i><i>\u2605<\/i>22.11.2021<\/cite>\t\t\t\t\tRead More<br \/>\n\t\t\t\t\t\tVery simple, beautiful design. Works perfectly.<br \/>\n\t\t\t\t\t\t\t<img data-src=\"https:\/\/ecoheat.ch\/wp-content\/plugins\/elementor\/assets\/images\/placeholder.png\" alt=\"ecoheat Hybrid\"><br \/>\n\t\t\t\t\t\t\t\t\t\t<cite>ecoheat Hybrid<i>\u2605<\/i><i>\u2605<\/i><i>\u2605<\/i><i>\u2605<\/i><i>\u2605<\/i>Pascal D., 08.12.2020<\/cite>\t\t\t\t\tRead More<br \/>\n\t\t\t\t\t\tVisually very beautiful radiators that function perfectly.<br \/>\n\t\t\t\t\t\t\t<img data-src=\"https:\/\/ecoheat.ch\/wp-content\/plugins\/elementor\/assets\/images\/placeholder.png\" alt=\"ecoheat Basic\"><br \/>\n\t\t\t\t\t\t\t\t\t\t<cite>ecoheat Basic<i>\u2605<\/i><i>\u2605<\/i><i>\u2605<\/i><i>\u2605<\/i><i>\u2605<\/i>07.12.2020<\/cite>\t\t\t\t\tRead More<br \/>\n\t\t\t\t\t\tSimple assembly, works perfectly<br \/>\n\t\t\t\t\t\t\t<img data-src=\"https:\/\/ecoheat.ch\/wp-content\/plugins\/elementor\/assets\/images\/placeholder.png\" alt=\"ecoheat Basic\"><br \/>\n\t\t\t\t\t\t\t\t\t\t<cite>ecoheat Basic<i>\u2605<\/i><i>\u2605<\/i><i>\u2605<\/i><i>\u2605<\/i><i>\u2605<\/i>09.11.2020<\/cite>\t\t\t\t\tRead More<br \/>\n\t\t\t\t\t\tSpecial size, good price<br \/>\n\t\t\t\t\t\t\t<img data-src=\"https:\/\/ecoheat.ch\/wp-content\/plugins\/elementor\/assets\/images\/placeholder.png\" alt=\"ecoheat Classic\"><br \/>\n\t\t\t\t\t\t\t\t\t\t<cite>ecoheat Classic<i>\u2605<\/i><i>\u2605<\/i><i>\u2605<\/i><i>\u2605<\/i><i>\u2605<\/i>Markus V., 30.12.2019<\/cite>\t\t\t\t\tRead More<br \/>\n\t\t\t\t\t\tFor me, this instalment fits<br \/>\n\t\t\t\t\t\t\t\t\t\t\t\t\t\tPrevious<br \/>\n\t\t\t\t\t\t\t\t\t\t\t\t\t\tNext<\/p>\n<h2>Buy<\/h2>\n<h2>Support<\/h2>","protected":false},"excerpt":{"rendered":"<p>ecoheat Infrarot&shy;heizungen Panels, Hybrid-Radiatoren &#038; Dunkelstrahler Unabh\u00e4ngig &#038; individuell wie Sie Die Infrarotheizungen und Hybridradiatoren von ecoheat halten, was sie versprechen. Wohlf\u00fchlw\u00e4rme innert k\u00fcrzester Zeit, flexibel einsetzbar und preiswert. Fix an der Wand montiert sowie mobil auf Standf\u00fcssen, beides ist m\u00f6glich. Via Smartphone fern\u00adsteuer\u00adbarem Raumthermostat die W\u00e4rmeverteilung in einem ganzen Haus kontrollieren oder ganz simpel [&hellip;]<\/p>\n","protected":false},"author":2,"featured_media":0,"parent":0,"menu_order":0,"comment_status":"closed","ping_status":"closed","template":"","meta":{"footnotes":""},"class_list":["post-8","page","type-page","status-publish","hentry"],"_links":{"self":[{"href":"https:\/\/ecoheat.ch\/en\/wp-json\/wp\/v2\/pages\/8","targetHints":{"allow":["GET"]}}],"collection":[{"href":"https:\/\/ecoheat.ch\/en\/wp-json\/wp\/v2\/pages"}],"about":[{"href":"https:\/\/ecoheat.ch\/en\/wp-json\/wp\/v2\/types\/page"}],"author":[{"embeddable":true,"href":"https:\/\/ecoheat.ch\/en\/wp-json\/wp\/v2\/users\/2"}],"replies":[{"embeddable":true,"href":"https:\/\/ecoheat.ch\/en\/wp-json\/wp\/v2\/comments?post=8"}],"version-history":[{"count":198,"href":"https:\/\/ecoheat.ch\/en\/wp-json\/wp\/v2\/pages\/8\/revisions"}],"predecessor-version":[{"id":1840,"href":"https:\/\/ecoheat.ch\/en\/wp-json\/wp\/v2\/pages\/8\/revisions\/1840"}],"wp:attachment":[{"href":"https:\/\/ecoheat.ch\/en\/wp-json\/wp\/v2\/media?parent=8"}],"curies":[{"name":"wp","href":"https:\/\/api.w.org\/{rel}","templated":true}]}}