{"id":86,"date":"2022-12-06T15:51:36","date_gmt":"2022-12-06T14:51:36","guid":{"rendered":"https:\/\/practical-shannon.185-46-59-137.plesk.page\/?page_id=86"},"modified":"2023-09-06T10:54:37","modified_gmt":"2023-09-06T09:54:37","slug":"ecoheat-basic-infrarotheizungen","status":"publish","type":"page","link":"https:\/\/ecoheat.ch\/en\/ecoheat-basic-infrared-heaters\/","title":{"rendered":"ecoheat Basic infrared heaters"},"content":{"rendered":"<h1>ecoheat Basic<\/h1>\n<h2>Infrared heaters<\/h2>\n<p>Light and flat, these are the striking features of the <em>ecoheat Basic <\/em>Infrared heaters. As a result, they integrate inconspicuously into any room and warm everything and everyone in their radiation range in the most pleasant way - like the sun's rays, but indoors.<\/p>\n<p>Ideally suited for wall mounting, but also with the optionally available feet, they are easily and flexibly mobile.<\/p>\n<p>\t\t\t\t\t\t\t\t\t\t\t\t\t\t\t<img decoding=\"async\" width=\"800\" height=\"534\" src=\"https:\/\/ecoheat.ch\/wp-content\/uploads\/2023\/01\/ecoheat-basic_400-sideways_1080x720-1024x683.jpg\" alt=\"ecoheat Basic Infrared Heating\" loading=\"lazy\" srcset=\"https:\/\/ecoheat.ch\/wp-content\/uploads\/2023\/01\/ecoheat-basic_400-sideways_1080x720-1024x683.jpg 1024w, https:\/\/ecoheat.ch\/wp-content\/uploads\/2023\/01\/ecoheat-basic_400-sideways_1080x720-300x200.jpg 300w, https:\/\/ecoheat.ch\/wp-content\/uploads\/2023\/01\/ecoheat-basic_400-sideways_1080x720-768x512.jpg 768w, https:\/\/ecoheat.ch\/wp-content\/uploads\/2023\/01\/ecoheat-basic_400-sideways_1080x720.jpg 1080w\" sizes=\"auto, (max-width: 800px) 100vw, 800px\" \/>\t\t\t\t\t\t\t\t\t\t\t\t\t\t\t<\/p>\n<ul>\n<li>\n\t\t\t\t\t\t\t\t\t\tSimple &amp; elegant\n\t\t\t\t\t\t\t\t\t<\/li>\n<li>\n\t\t\t\t\t\t\t\t\t\tWith frame\n\t\t\t\t\t\t\t\t\t<\/li>\n<li>\n\t\t\t\t\t\t\t\t\t\tSpace-saving\n\t\t\t\t\t\t\t\t\t<\/li>\n<li>\n\t\t\t\t\t\t\t\t\t\tT\u00dcV Rhineland tested\n\t\t\t\t\t\t\t\t\t<\/li>\n<\/ul>\n<h4>Basic 300<\/h4>\n<p>30 x 90 x 2.5 cm<\/p>\n<p>300 Watt<\/p>\n<h4>Basic 400<\/h4>\n<p>60 x 60 x 2.5 cm<\/p>\n<p>400 Watt<\/p>\n<h4>Basic 600<\/h4>\n<p>60 x 90 x 2.5 cm<\/p>\n<p>600 watt<\/p>\n<h4>Basic 800<\/h4>\n<p>60 x 120 x 2.5 cm<\/p>\n<p>800 watt<\/p>\n<p>\t\t\t\t\t\tScope of delivery Feet Technical data Downloads<br \/>\n\t\t\t\t\t\tScope of delivery<\/p>\n<ul>\n<li>Mounting set (screws, dowels etc.)<\/li>\n<li>2 m connection cable with Schuko plug and fixed CH adapter<\/li>\n<li>Operating instructions<\/li>\n<\/ul>\n<p>\t\t\t\tFeet<br \/>\n\t\t\t\t\t\t\t\t\t\t\t\t\t\t\t\t<a href=\"https:\/\/ecofort.ch\/de\/heizen-montagematerial\/27-standfusse-zu-ecoheat-basic-.html\" target=\"_blank\" rel=\"noopener\"><br \/>\n\t\t\t\t\t\t\t<img decoding=\"async\" width=\"480\" height=\"480\" src=\"https:\/\/ecoheat.ch\/wp-content\/uploads\/2023\/01\/ecoheat-basic-standfuesse_480x480.jpg\" alt=\"ecoheat Basic feet\" loading=\"lazy\" srcset=\"https:\/\/ecoheat.ch\/wp-content\/uploads\/2023\/01\/ecoheat-basic-standfuesse_480x480.jpg 480w, https:\/\/ecoheat.ch\/wp-content\/uploads\/2023\/01\/ecoheat-basic-standfuesse_480x480-300x300.jpg 300w, https:\/\/ecoheat.ch\/wp-content\/uploads\/2023\/01\/ecoheat-basic-standfuesse_480x480-150x150.jpg 150w\" sizes=\"auto, (max-width: 480px) 100vw, 480px\" \/>\t\t\t\t\t\t\t\t<\/a><br \/>\n\t\t\t<a href=\"https:\/\/ecofort.ch\/de\/heizen-montagematerial\/27-standfusse-zu-ecoheat-basic-.html\" target=\"_blank\" rel=\"noopener\"><br \/>\n\t\t\t\t\t\tBuy<br \/>\n\t\t\t\t\t<\/a><\/p>\n<p>The feet for the\u00a0<em>ecoheat Basic<\/em> are made of anodised aluminium and fit on every model. The heater can be easily screwed onto the feet and turns every panel into a mobile radiator.<\/p>\n<p>\u00a0<\/p>\n<p>\t\t\t\tTechnical data<\/p>\n<table>\n<thead>\n<tr>\n<th>ecoheat Basic<\/th>\n<th>\u00a0<\/th>\n<\/tr>\n<\/thead>\n<tbody>\n<tr>\n<td>Power<\/td>\n<td>300 W, 400 W, 600 W or 800 W (depending on version)<\/td>\n<\/tr>\n<tr>\n<td>Colour<\/td>\n<td>White<\/td>\n<\/tr>\n<tr>\n<td>Control<\/td>\n<td>No control \/ no switch<\/td>\n<\/tr>\n<tr>\n<td>Surface temperature<\/td>\n<td>80 - 115 \u00b0C<\/td>\n<\/tr>\n<tr>\n<td>Assembly<\/td>\n<td>Horizontal or vertical wall or ceiling mounting, mobile on optionally available feet<\/td>\n<\/tr>\n<tr>\n<td>Connection cable<\/td>\n<td>2 m with Schuko plug (CH adapter included)<\/td>\n<\/tr>\n<tr>\n<td>Protection class<\/td>\n<td>IPX4 (protection against splashing water from all directions)<\/td>\n<\/tr>\n<tr>\n<td>Guarantee:<\/td>\n<td>2 years<\/td>\n<\/tr>\n<\/tbody>\n<\/table>\n<p>\t\t\t\tDownloads<\/p>\n<ul>\n<li>\n\t\t\t\t\t\t\t\t\t\t\t<a href=\"\/wp-content\/uploads\/2022\/12\/ecoheat_Basic_Manual_CH.pdf\"><br \/>\n\t\t\t\t\t\t\t\t\t\tInstructions<br \/>\n\t\t\t\t\t\t\t\t\t\t\t<\/a>\n\t\t\t\t\t\t\t\t\t<\/li>\n<li>\n\t\t\t\t\t\t\t\t\t\t\t<a href=\"\/wp-content\/uploads\/2022\/12\/montage_ecoheat_basic_vetro_specchio.pdf\"><br \/>\n\t\t\t\t\t\t\t\t\t\tMounting &amp; Distances<br \/>\n\t\t\t\t\t\t\t\t\t\t\t<\/a>\n\t\t\t\t\t\t\t\t\t<\/li>\n<\/ul>\n<ul>\n<li>\n\t\t\t\t\t\t\t\t\t\t\t<a href=\"\/wp-content\/uploads\/2022\/12\/ecoheat_Basic_Manual_CH.pdf\"><br \/>\n\t\t\t\t\t\t\t\t\t\tInstructions<br \/>\n\t\t\t\t\t\t\t\t\t\t\t<\/a>\n\t\t\t\t\t\t\t\t\t<\/li>\n<li>\n\t\t\t\t\t\t\t\t\t\t\t<a href=\"\/wp-content\/uploads\/2022\/12\/montage_ecoheat_basic_vetro_specchio.pdf\"><br \/>\n\t\t\t\t\t\t\t\t\t\tMounting &amp; Distances<br \/>\n\t\t\t\t\t\t\t\t\t\t\t<\/a>\n\t\t\t\t\t\t\t\t\t<\/li>\n<\/ul>\n<ul>\n<li>Mounting set (screws, dowels etc.)<\/li>\n<li>2 m connection cable with Schuko plug and fixed CH adapter<\/li>\n<li>Operating instructions<\/li>\n<\/ul>\n<p>\t\t\t\t\t\t\t\t\t\t\t\t\t\t\t\t<a href=\"https:\/\/ecofort.ch\/de\/heizen-montagematerial\/27-standfusse-zu-ecoheat-basic-.html\" target=\"_blank\" rel=\"noopener\"><br \/>\n\t\t\t\t\t\t\t<img decoding=\"async\" width=\"480\" height=\"480\" src=\"https:\/\/ecoheat.ch\/wp-content\/uploads\/2023\/01\/ecoheat-basic-standfuesse_480x480.jpg\" alt=\"ecoheat Basic feet\" loading=\"lazy\" srcset=\"https:\/\/ecoheat.ch\/wp-content\/uploads\/2023\/01\/ecoheat-basic-standfuesse_480x480.jpg 480w, https:\/\/ecoheat.ch\/wp-content\/uploads\/2023\/01\/ecoheat-basic-standfuesse_480x480-300x300.jpg 300w, https:\/\/ecoheat.ch\/wp-content\/uploads\/2023\/01\/ecoheat-basic-standfuesse_480x480-150x150.jpg 150w\" sizes=\"auto, (max-width: 480px) 100vw, 480px\" \/>\t\t\t\t\t\t\t\t<\/a><br \/>\n\t\t\t<a href=\"https:\/\/ecofort.ch\/de\/heizen-montagematerial\/27-standfusse-zu-ecoheat-basic-.html\" target=\"_blank\" rel=\"noopener\"><br \/>\n\t\t\t\t\t\tBuy<br \/>\n\t\t\t\t\t<\/a><\/p>\n<p>The feet for the\u00a0<em>ecoheat Basic<\/em> are made of anodised aluminium and fit on every model. The heater can be easily screwed onto the feet and turns every panel into a mobile radiator.<\/p>\n<p>\u00a0<\/p>\n<table>\n<thead>\n<tr>\n<th>ecoheat Basic<\/th>\n<th>\u00a0<\/th>\n<\/tr>\n<\/thead>\n<tbody>\n<tr>\n<td>Power<\/td>\n<td>300 W, 400 W, 600 W or 800 W (depending on version)<\/td>\n<\/tr>\n<tr>\n<td>Colour<\/td>\n<td>White<\/td>\n<\/tr>\n<tr>\n<td>Control<\/td>\n<td>No control \/ no switch<\/td>\n<\/tr>\n<tr>\n<td>Surface temperature<\/td>\n<td>80 - 115 \u00b0C<\/td>\n<\/tr>\n<tr>\n<td>Assembly<\/td>\n<td>Horizontal or vertical wall or ceiling mounting, mobile on optionally available feet<\/td>\n<\/tr>\n<tr>\n<td>Connection cable<\/td>\n<td>2 m with Schuko plug (CH adapter included)<\/td>\n<\/tr>\n<tr>\n<td>Protection class<\/td>\n<td>IPX4 (protection against splashing water from all directions)<\/td>\n<\/tr>\n<tr>\n<td>Guarantee:<\/td>\n<td>2 years<\/td>\n<\/tr>\n<\/tbody>\n<\/table>\n<ul>\n<li>\n\t\t\t\t\t\t\t\t\t\t\t<a href=\"\/wp-content\/uploads\/2022\/12\/ecoheat_Basic_Manual_CH.pdf\"><br \/>\n\t\t\t\t\t\t\t\t\t\tInstructions<br \/>\n\t\t\t\t\t\t\t\t\t\t\t<\/a>\n\t\t\t\t\t\t\t\t\t<\/li>\n<li>\n\t\t\t\t\t\t\t\t\t\t\t<a href=\"\/wp-content\/uploads\/2022\/12\/montage_ecoheat_basic_vetro_specchio.pdf\"><br \/>\n\t\t\t\t\t\t\t\t\t\tMounting &amp; Distances<br \/>\n\t\t\t\t\t\t\t\t\t\t\t<\/a>\n\t\t\t\t\t\t\t\t\t<\/li>\n<\/ul>\n<ul>\n<li>\n\t\t\t\t\t\t\t\t\t\t\t<a href=\"\/wp-content\/uploads\/2022\/12\/ecoheat_Basic_Manual_CH.pdf\"><br \/>\n\t\t\t\t\t\t\t\t\t\tInstructions<br \/>\n\t\t\t\t\t\t\t\t\t\t\t<\/a>\n\t\t\t\t\t\t\t\t\t<\/li>\n<li>\n\t\t\t\t\t\t\t\t\t\t\t<a href=\"\/wp-content\/uploads\/2022\/12\/montage_ecoheat_basic_vetro_specchio.pdf\"><br \/>\n\t\t\t\t\t\t\t\t\t\tMounting &amp; Distances<br \/>\n\t\t\t\t\t\t\t\t\t\t\t<\/a>\n\t\t\t\t\t\t\t\t\t<\/li>\n<\/ul>\n<p>\t\t\t<a href=\"https:\/\/ecofort.ch\/de\/infrarotheizungen\/10-ecoheat-basic-300-850-watt.html\" target=\"_blank\" rel=\"noopener\"><br \/>\n\t\t\t\t\t\tMore information in the shop<br \/>\n\t\t\t\t\t<\/a><br \/>\n\t\t\t<a href=\"https:\/\/ecofort.ch\/de\/infrarotheizungen\/10-ecoheat-basic-300-850-watt.html\" target=\"_blank\" rel=\"noopener\"><br \/>\n\t\t\t\t\t\tMore information in the shop<br \/>\n\t\t\t\t\t<\/a><\/p>","protected":false},"excerpt":{"rendered":"<p>ecoheat Basic Infrarotheizungen Leicht und flach, dies sind die markanten Merkmale der ecoheat Basic Infrarotheizungen. Sie integrieren sich dadurch unauff\u00e4llig in jeden Raum und erw\u00e4rmen alles und alle in ihrem Strahlungsbereich auf angenehmste Weise &#8211; wie Sonnenstrahlen, aber drinnen. Bestens geeignet f\u00fcr die Wandmontage, aber auch mit den optional erh\u00e4ltlichen Standf\u00fcssen sind sie einfach und [&hellip;]<\/p>\n","protected":false},"author":2,"featured_media":0,"parent":0,"menu_order":0,"comment_status":"closed","ping_status":"closed","template":"","meta":{"footnotes":""},"class_list":["post-86","page","type-page","status-publish","hentry"],"_links":{"self":[{"href":"https:\/\/ecoheat.ch\/en\/wp-json\/wp\/v2\/pages\/86","targetHints":{"allow":["GET"]}}],"collection":[{"href":"https:\/\/ecoheat.ch\/en\/wp-json\/wp\/v2\/pages"}],"about":[{"href":"https:\/\/ecoheat.ch\/en\/wp-json\/wp\/v2\/types\/page"}],"author":[{"embeddable":true,"href":"https:\/\/ecoheat.ch\/en\/wp-json\/wp\/v2\/users\/2"}],"replies":[{"embeddable":true,"href":"https:\/\/ecoheat.ch\/en\/wp-json\/wp\/v2\/comments?post=86"}],"version-history":[{"count":158,"href":"https:\/\/ecoheat.ch\/en\/wp-json\/wp\/v2\/pages\/86\/revisions"}],"predecessor-version":[{"id":1392,"href":"https:\/\/ecoheat.ch\/en\/wp-json\/wp\/v2\/pages\/86\/revisions\/1392"}],"wp:attachment":[{"href":"https:\/\/ecoheat.ch\/en\/wp-json\/wp\/v2\/media?parent=86"}],"curies":[{"name":"wp","href":"https:\/\/api.w.org\/{rel}","templated":true}]}}