{"id":1424,"date":"2023-11-29T15:16:11","date_gmt":"2023-11-29T14:16:11","guid":{"rendered":"https:\/\/ecoheat.ch\/?page_id=1424"},"modified":"2023-12-14T16:52:09","modified_gmt":"2023-12-14T15:52:09","slug":"ecoheat-connect-plus-raumthermostat","status":"publish","type":"page","link":"https:\/\/ecoheat.ch\/fr\/ecoheat-connect-plus-thermostat-dambiance\/","title":{"rendered":"ecoheat Connect+ thermostat d'ambiance"},"content":{"rendered":"<h1>ecoheat Connect+<\/h1>\n<h2>Thermostat T-Connect+ &amp; r\u00e9cepteur R-Connect<\/h2>\n<h2>Thermostat T-Connect<\/h2>\n<p>Le site\u00a0<em>ecoheat Connect+<\/em> Le thermostat d'ambiance est con\u00e7u pour contr\u00f4ler les syst\u00e8mes de chauffage \u00e0 infrarouge, mais peut \u00e9galement \u00eatre utilis\u00e9 pour tout autre chauffage \u00e9lectrique. Il peut \u00eatre command\u00e9 manuellement et programm\u00e9 directement sur l'appareil ou via l'application mobile. <em>ecofort SMART<\/em>Le syst\u00e8me de chauffage est \u00e9quip\u00e9 d'une interface utilisateur qui permet de surveiller et de contr\u00f4ler l'ensemble du syst\u00e8me de chauffage depuis n'importe quel endroit.<\/p>\n<p>\t\t\t\t\t\t\t\t\t\t\t\t\t\t\t<img loading=\"lazy\" decoding=\"async\" width=\"800\" height=\"800\" src=\"https:\/\/ecoheat.ch\/wp-content\/uploads\/2023\/11\/ecoheat-t-connect_front-angle_1000x1000.webp\" alt=\"ecoheat T-Connect+ Thermostat avec Wi-Fi\" srcset=\"https:\/\/ecoheat.ch\/wp-content\/uploads\/2023\/11\/ecoheat-t-connect_front-angle_1000x1000.webp 1000w, https:\/\/ecoheat.ch\/wp-content\/uploads\/2023\/11\/ecoheat-t-connect_front-angle_1000x1000-300x300.webp 300w, https:\/\/ecoheat.ch\/wp-content\/uploads\/2023\/11\/ecoheat-t-connect_front-angle_1000x1000-150x150.webp 150w, https:\/\/ecoheat.ch\/wp-content\/uploads\/2023\/11\/ecoheat-t-connect_front-angle_1000x1000-768x768.webp 768w, https:\/\/ecoheat.ch\/wp-content\/uploads\/2023\/11\/ecoheat-t-connect_front-angle_1000x1000-12x12.webp 12w\" sizes=\"auto, (max-width: 800px) 100vw, 800px\" \/>\t\t\t\t\t\t\t\t\t\t\t\t\t\t\t<\/p>\n<ul>\n<li>\n\t\t\t\t\t\t\t\t\t\tProgrammation facile via l'application smartphone\n\t\t\t\t\t\t\t\t\t<\/li>\n<li>\n\t\t\t\t\t\t\t\t\t\tR\u00e9duit les co\u00fbts de chauffage\n\t\t\t\t\t\t\t\t\t<\/li>\n<li>\n\t\t\t\t\t\t\t\t\t\tPossibilit\u00e9 de connecter jusqu'\u00e0 8 r\u00e9cepteurs\n\t\t\t\t\t\t\t\t\t<\/li>\n<li>\n\t\t\t\t\t\t\t\t\t\t\u00c9cran clair avec r\u00e9tro\u00e9clairage\n\t\t\t\t\t\t\t\t\t<\/li>\n<li>\n\t\t\t\t\t\t\t\t\t\tToutes les informations importantes en un coup d'\u0153il sur l'\u00e9cran\n\t\t\t\t\t\t\t\t\t<\/li>\n<li>\n\t\t\t\t\t\t\t\t\t\tPour une installation en saillie ou sur une surface\n\t\t\t\t\t\t\t\t\t<\/li>\n<\/ul>\n<p>\t\t\t\t\t\t\t\t\t\t\t\t\t\t\t<img decoding=\"async\" src=\"https:\/\/ecoheat.ch\/wp-content\/uploads\/2023\/12\/ecofort-ecoheat-connect_set_800x800.webp\" title=\"ecofort-ecoheat-connect+_set_800x800\" alt=\"ecoheat Connect+ thermostat &amp; r\u00e9cepteur avec Wi-Fi\" loading=\"lazy\" \/>\t\t\t\t\t\t\t\t\t\t\t\t\t\t\t<\/p>\n<h2> R\u00e9cepteur R-Connect<\/h2>\n<ul>\n<li>\n\t\t\t\t\t\t\t\t\t\tSortie 230 V pour la commande du chauffage\n\t\t\t\t\t\t\t\t\t<\/li>\n<li>\n\t\t\t\t\t\t\t\t\t\tSans potentiel pour les chaudi\u00e8res\/pompes \u00e0 chaleur\n\t\t\t\t\t\t\t\t\t<\/li>\n<li>\n\t\t\t\t\t\t\t\t\t\tConstruction plate\n\t\t\t\t\t\t\t\t\t<\/li>\n<li>\n\t\t\t\t\t\t\t\t\t\tFr\u00e9quence radio 868 MHz et 2,4 GHz (Wi-Fi)\n\t\t\t\t\t\t\t\t\t<\/li>\n<li>\n\t\t\t\t\t\t\t\t\t\tClasse de protection IP20\n\t\t\t\t\t\t\t\t\t<\/li>\n<\/ul>\n<p>\t\t\t\t\t\t\t\t\t\t\t\t\t\t\t<img loading=\"lazy\" decoding=\"async\" width=\"800\" height=\"800\" src=\"https:\/\/ecoheat.ch\/wp-content\/uploads\/2023\/10\/ecoheat-r-connect-empfaenger_1500x1500-1024x1024.webp\" alt=\"ecoheat R-Connect+ R\u00e9cepteur\" srcset=\"https:\/\/ecoheat.ch\/wp-content\/uploads\/2023\/10\/ecoheat-r-connect-empfaenger_1500x1500-1024x1024.webp 1024w, https:\/\/ecoheat.ch\/wp-content\/uploads\/2023\/10\/ecoheat-r-connect-empfaenger_1500x1500-300x300.webp 300w, https:\/\/ecoheat.ch\/wp-content\/uploads\/2023\/10\/ecoheat-r-connect-empfaenger_1500x1500-150x150.webp 150w, https:\/\/ecoheat.ch\/wp-content\/uploads\/2023\/10\/ecoheat-r-connect-empfaenger_1500x1500-768x768.webp 768w, https:\/\/ecoheat.ch\/wp-content\/uploads\/2023\/10\/ecoheat-r-connect-empfaenger_1500x1500-12x12.webp 12w, https:\/\/ecoheat.ch\/wp-content\/uploads\/2023\/10\/ecoheat-r-connect-empfaenger_1500x1500.webp 1500w\" sizes=\"auto, (max-width: 800px) 100vw, 800px\" \/>\t\t\t\t\t\t\t\t\t\t\t\t\t\t\t<\/p>\n<p>Le r\u00e9cepteur R-Connect est disponible comme accessoire optionnel. Il est identique au R-Connect+, mais il n'int\u00e8gre pas de r\u00e9cepteur Wi-Fi et permet de contr\u00f4ler jusqu'\u00e0 huit chauffages avec un thermostat T-Connect+.<\/p>\n<p>\t\t\t\t\t\t\t<button id=\"e-n-tabs-title-1861\" aria-selected=\"true\" data-tab-index=\"1\" role=\"tab\" tabindex=\"0\" aria-controls=\"e-n-tab-content-1861\" style=\"--n-tabs-title-order: 1;\"><br \/>\n\t\t\t\t\tContenu de la livraison<br \/>\n\t\t\t<\/button><br \/>\n\t\t\t\t\t<button id=\"e-n-tabs-title-1862\" aria-selected=\"false\" data-tab-index=\"2\" role=\"tab\" tabindex=\"-1\" aria-controls=\"e-n-tab-content-1862\" style=\"--n-tabs-title-order: 2;\"><br \/>\n\t\t\t\t\tDonn\u00e9es techniques T-Connect+<br \/>\n\t\t\t<\/button><br \/>\n\t\t\t\t\t<button id=\"e-n-tabs-title-1863\" aria-selected=\"false\" data-tab-index=\"3\" role=\"tab\" tabindex=\"-1\" aria-controls=\"e-n-tab-content-1863\" style=\"--n-tabs-title-order: 3;\"><br \/>\n\t\t\t\t\tDonn\u00e9es techniques R-Connect+<br \/>\n\t\t\t<\/button><br \/>\n\t\t\t\t\t<button id=\"e-n-tabs-title-1864\" aria-selected=\"false\" data-tab-index=\"4\" role=\"tab\" tabindex=\"-1\" aria-controls=\"e-n-tab-content-1864\" style=\"--n-tabs-title-order: 4;\"><br \/>\n\t\t\t\t\tT\u00e9l\u00e9chargements<br \/>\n\t\t\t<\/button><\/p>\n<ul>\n<li>2 piles AAA<\/li>\n<li>Mode d'emploi<\/li>\n<\/ul>\n<table>\n<tbody>\n<tr>\n<td>\u00c9cran<\/td>\n<td>\u00c9cran LCD<\/td>\n<\/tr>\n<tr>\n<td>Couleur<\/td>\n<td>Blanc<\/td>\n<\/tr>\n<tr>\n<td>Dimensions (H x L x P)<\/td>\n<td>98 \u00d7 98 x 27 mm<\/td>\n<\/tr>\n<tr>\n<td>Programmable<\/td>\n<td>Oui<\/td>\n<\/tr>\n<tr>\n<td>Fr\u00e9quence radio<\/td>\n<td>868 MHz<\/td>\n<\/tr>\n<tr>\n<td>R\u00e8glement Internet<\/td>\n<td>Oui, par smartphone\/tablette (ecofort SMART App)<\/td>\n<\/tr>\n<tr>\n<td>Type de raccordement du chauffage<\/td>\n<td>C\u00e2blage avec le r\u00e9cepteur radio R-Connect<\/td>\n<\/tr>\n<tr>\n<td>Plage de r\u00e9glage de la temp\u00e9rature<\/td>\n<td>5 - 35 \u00b0C, par paliers de 0,5 \u00b0C<\/td>\n<\/tr>\n<tr>\n<td>Pr\u00e9cision de mesure<\/td>\n<td>+\/- 0.5 \u00b0C<\/td>\n<\/tr>\n<tr>\n<td>Classe de protection IP<\/td>\n<td>IP20<\/td>\n<\/tr>\n<tr>\n<td>M\u00e9moire de sauvegarde<\/td>\n<td>EEPROM<\/td>\n<\/tr>\n<tr>\n<td>Alimentation \u00e9lectrique<\/td>\n<td>2x piles AAA<\/td>\n<\/tr>\n<tr>\n<td>Antigel<\/td>\n<td>Oui<\/td>\n<\/tr>\n<tr>\n<td>Montage<\/td>\n<td>En saillie, mobile<\/td>\n<\/tr>\n<tr>\n<td>Convient pour<\/td>\n<td>Chauffages \u00e0 infrarouge, radiateurs \u00e9lectriques, chauffages au sol<\/td>\n<\/tr>\n<\/tbody>\n<\/table>\n<table>\n<tbody>\n<tr>\n<td>Couleur<\/td>\n<td>Blanc<\/td>\n<\/tr>\n<tr>\n<td>Dimensions (H x L x P)<\/td>\n<td>86 \u00d7 86 \u00d7 26 mm<\/td>\n<\/tr>\n<tr>\n<td>Norme radio<\/td>\n<td>868 MHz et 2,4 GHz<\/td>\n<\/tr>\n<tr>\n<td>Wi-Fi<\/td>\n<td>2.4 GHz<\/td>\n<\/tr>\n<tr>\n<td>Contacts de commutation<\/td>\n<td>NO et NC<\/td>\n<\/tr>\n<tr>\n<td>Classe de protection IP<\/td>\n<td>IP20<\/td>\n<\/tr>\n<tr>\n<td>Alimentation \u00e9lectrique<\/td>\n<td>230 V \/ 50 Hz<\/td>\n<\/tr>\n<tr>\n<td>Montage<\/td>\n<td>montage en saillie (support mural inclus dans la livraison)<\/td>\n<\/tr>\n<\/tbody>\n<\/table>\n<ul>\n<li>\n\t\t\t\t\t\t\t\t\t\t\t<a href=\"\/wp-content\/uploads\/2023\/10\/ecoheat-connect_manual_WEB.pdf\"><br \/>\n\t\t\t\t\t\t\t\t\t\tInstructions<br \/>\n\t\t\t\t\t\t\t\t\t\t\t<\/a>\n\t\t\t\t\t\t\t\t\t<\/li>\n<\/ul>\n<ul>\n<li>\n\t\t\t\t\t\t\t\t\t\t\t<a href=\"\/wp-content\/uploads\/2023\/10\/ecoheat-connect_manual_WEB.pdf\"><br \/>\n\t\t\t\t\t\t\t\t\t\tInstructions<br \/>\n\t\t\t\t\t\t\t\t\t\t\t<\/a>\n\t\t\t\t\t\t\t\t\t<\/li>\n<\/ul>\n<ul>\n<li>2 piles AAA<\/li>\n<li>Mode d'emploi<\/li>\n<\/ul>\n<table>\n<tbody>\n<tr>\n<td>\u00c9cran<\/td>\n<td>\u00c9cran LCD<\/td>\n<\/tr>\n<tr>\n<td>Couleur<\/td>\n<td>Blanc<\/td>\n<\/tr>\n<tr>\n<td>Dimensions (H x L x P)<\/td>\n<td>98 \u00d7 98 x 27 mm<\/td>\n<\/tr>\n<tr>\n<td>Programmable<\/td>\n<td>Oui<\/td>\n<\/tr>\n<tr>\n<td>Fr\u00e9quence radio<\/td>\n<td>868 MHz<\/td>\n<\/tr>\n<tr>\n<td>R\u00e8glement Internet<\/td>\n<td>Oui, par smartphone\/tablette (ecofort SMART App)<\/td>\n<\/tr>\n<tr>\n<td>Type de raccordement du chauffage<\/td>\n<td>C\u00e2blage avec le r\u00e9cepteur radio R-Connect<\/td>\n<\/tr>\n<tr>\n<td>Plage de r\u00e9glage de la temp\u00e9rature<\/td>\n<td>5 - 35 \u00b0C, par paliers de 0,5 \u00b0C<\/td>\n<\/tr>\n<tr>\n<td>Pr\u00e9cision de mesure<\/td>\n<td>+\/- 0.5 \u00b0C<\/td>\n<\/tr>\n<tr>\n<td>Classe de protection IP<\/td>\n<td>IP20<\/td>\n<\/tr>\n<tr>\n<td>M\u00e9moire de sauvegarde<\/td>\n<td>EEPROM<\/td>\n<\/tr>\n<tr>\n<td>Alimentation \u00e9lectrique<\/td>\n<td>2x piles AAA<\/td>\n<\/tr>\n<tr>\n<td>Antigel<\/td>\n<td>Oui<\/td>\n<\/tr>\n<tr>\n<td>Montage<\/td>\n<td>En saillie, mobile<\/td>\n<\/tr>\n<tr>\n<td>Convient pour<\/td>\n<td>Chauffages \u00e0 infrarouge, radiateurs \u00e9lectriques, chauffages au sol<\/td>\n<\/tr>\n<\/tbody>\n<\/table>\n<table>\n<tbody>\n<tr>\n<td>Couleur<\/td>\n<td>Blanc<\/td>\n<\/tr>\n<tr>\n<td>Dimensions (H x L x P)<\/td>\n<td>86 \u00d7 86 \u00d7 26 mm<\/td>\n<\/tr>\n<tr>\n<td>Norme radio<\/td>\n<td>868 MHz et 2,4 GHz<\/td>\n<\/tr>\n<tr>\n<td>Wi-Fi<\/td>\n<td>2.4 GHz<\/td>\n<\/tr>\n<tr>\n<td>Contacts de commutation<\/td>\n<td>NO et NC<\/td>\n<\/tr>\n<tr>\n<td>Classe de protection IP<\/td>\n<td>IP20<\/td>\n<\/tr>\n<tr>\n<td>Alimentation \u00e9lectrique<\/td>\n<td>230 V \/ 50 Hz<\/td>\n<\/tr>\n<tr>\n<td>Montage<\/td>\n<td>montage en saillie (support mural inclus dans la livraison)<\/td>\n<\/tr>\n<\/tbody>\n<\/table>\n<ul>\n<li>\n\t\t\t\t\t\t\t\t\t\t\t<a href=\"\/wp-content\/uploads\/2023\/10\/ecoheat-connect_manual_WEB.pdf\"><br \/>\n\t\t\t\t\t\t\t\t\t\tInstructions<br \/>\n\t\t\t\t\t\t\t\t\t\t\t<\/a>\n\t\t\t\t\t\t\t\t\t<\/li>\n<\/ul>\n<ul>\n<li>\n\t\t\t\t\t\t\t\t\t\t\t<a href=\"\/wp-content\/uploads\/2023\/10\/ecoheat-connect_manual_WEB.pdf\"><br \/>\n\t\t\t\t\t\t\t\t\t\tInstructions<br \/>\n\t\t\t\t\t\t\t\t\t\t\t<\/a>\n\t\t\t\t\t\t\t\t\t<\/li>\n<\/ul>\n<p>\t\t\t<a href=\"https:\/\/ecofort.ch\/de\/thermostate\/3258-ecoheat-connect-plus-set.html\" target=\"_blank\" rel=\"noopener\"><br \/>\n\t\t\t\t\t\tPlus d'informations dans le shop<br \/>\n\t\t\t\t\t<\/a><br \/>\n\t\t\t<a href=\"https:\/\/ecofort.ch\/de\/thermostate\/3258-ecoheat-connect-plus-set.html\" target=\"_blank\" rel=\"noopener\"><br \/>\n\t\t\t\t\t\tPlus d'informations dans le shop<br \/>\n\t\t\t\t\t<\/a><\/p>","protected":false},"excerpt":{"rendered":"<p>ecoheat Connect+ T-Connect+ Thermostat &#038; R-Connect+ Empf\u00e4nger T-Connect+ Thermostat Der\u00a0ecoheat Connect+ Raumthermostat ist f\u00fcr die Steuerung von Infrarot-Heizsystemen ausgelegt, kann aber auch f\u00fcr jede andere elektrische Heizung verwendet werden. Er kann manuell bedient sowie programmiert werden \u2013 direkt am Ger\u00e4t selbst oder via der Mobile App ecofort SMART, die die \u00dcberwachung und Steuerung des ganzen [&hellip;]<\/p>\n","protected":false},"author":2,"featured_media":1589,"parent":0,"menu_order":0,"comment_status":"closed","ping_status":"closed","template":"","meta":{"footnotes":""},"class_list":["post-1424","page","type-page","status-publish","has-post-thumbnail","hentry"],"_links":{"self":[{"href":"https:\/\/ecoheat.ch\/fr\/wp-json\/wp\/v2\/pages\/1424","targetHints":{"allow":["GET"]}}],"collection":[{"href":"https:\/\/ecoheat.ch\/fr\/wp-json\/wp\/v2\/pages"}],"about":[{"href":"https:\/\/ecoheat.ch\/fr\/wp-json\/wp\/v2\/types\/page"}],"author":[{"embeddable":true,"href":"https:\/\/ecoheat.ch\/fr\/wp-json\/wp\/v2\/users\/2"}],"replies":[{"embeddable":true,"href":"https:\/\/ecoheat.ch\/fr\/wp-json\/wp\/v2\/comments?post=1424"}],"version-history":[{"count":39,"href":"https:\/\/ecoheat.ch\/fr\/wp-json\/wp\/v2\/pages\/1424\/revisions"}],"predecessor-version":[{"id":1779,"href":"https:\/\/ecoheat.ch\/fr\/wp-json\/wp\/v2\/pages\/1424\/revisions\/1779"}],"wp:featuredmedia":[{"embeddable":true,"href":"https:\/\/ecoheat.ch\/fr\/wp-json\/wp\/v2\/media\/1589"}],"wp:attachment":[{"href":"https:\/\/ecoheat.ch\/fr\/wp-json\/wp\/v2\/media?parent=1424"}],"curies":[{"name":"wp","href":"https:\/\/api.w.org\/{rel}","templated":true}]}}