{"id":1452,"date":"2023-11-22T14:08:17","date_gmt":"2023-11-22T13:08:17","guid":{"rendered":"https:\/\/ecoheat.ch\/?page_id=1452"},"modified":"2023-11-23T14:12:44","modified_gmt":"2023-11-23T13:12:44","slug":"ecoheat-hybrid-t-infrarotheizungen","status":"publish","type":"page","link":"https:\/\/ecoheat.ch\/fr\/ecoheat-hybrid-t-chauffage-infrarouge\/","title":{"rendered":"Chauffage infrarouge ecoheat Hybrid-T"},"content":{"rendered":"<h1>ecoheat Hybrid-T<\/h1>\n<h2>Radiateur infrarouge avec r\u00e9cepteur radio<\/h2>\n<p>L'unique\u00a0<em>ecoheat Hybrid-T<\/em> combine les avantages d'un chauffage \u00e0 infrarouge avec ceux d'un chauffage par convecteur.<\/p>\n<p>Quelques m\u00e8tres autour de la <em>ecoheat Hybrid-T<\/em> autour, la sensation de chaleur est agr\u00e9able, comme \u00e0 proximit\u00e9 d'un po\u00eale en fa\u00efence. De plus, comme avec un convecteur \u00e9lectrique, l'air r\u00e9chauff\u00e9 se r\u00e9partit dans toute la pi\u00e8ce.<\/p>\n<p>Toutes les variantes de l'Hybrid-T sont de construction identique aux <a href=\"https:\/\/ecoheat.ch\/fr\/ecoheat-hybrid-chauffages-infrarouges\/\">ecoheat Hybrid<\/a>Les thermostats ecoheat Thermo-T sont \u00e9quip\u00e9s d'un r\u00e9cepteur radio int\u00e9gr\u00e9 qui peut \u00eatre connect\u00e9 au thermostat ecoheat Thermo-T ou \u00e0 la t\u00e9l\u00e9commande ecoheat Remote-T.<\/p>\n<p>\t\t\t\t\t\t\t\t\t\t\t\t\t\t\t<img decoding=\"async\" width=\"800\" height=\"534\" src=\"https:\/\/ecoheat.ch\/wp-content\/uploads\/2023\/03\/ecoheat-hybrid-1000_lifestyle_buero_sitzgruppe_1500x1000-1024x683.webp\" alt=\"Radiateur hybride infrarouge ecoheat pour un salon\" loading=\"lazy\" srcset=\"https:\/\/ecoheat.ch\/wp-content\/uploads\/2023\/03\/ecoheat-hybrid-1000_lifestyle_buero_sitzgruppe_1500x1000-1024x683.webp 1024w, https:\/\/ecoheat.ch\/wp-content\/uploads\/2023\/03\/ecoheat-hybrid-1000_lifestyle_buero_sitzgruppe_1500x1000-300x200.webp 300w, https:\/\/ecoheat.ch\/wp-content\/uploads\/2023\/03\/ecoheat-hybrid-1000_lifestyle_buero_sitzgruppe_1500x1000-768x512.webp 768w, https:\/\/ecoheat.ch\/wp-content\/uploads\/2023\/03\/ecoheat-hybrid-1000_lifestyle_buero_sitzgruppe_1500x1000-18x12.webp 18w, https:\/\/ecoheat.ch\/wp-content\/uploads\/2023\/03\/ecoheat-hybrid-1000_lifestyle_buero_sitzgruppe_1500x1000.webp 1500w\" sizes=\"auto, (max-width: 800px) 100vw, 800px\" \/>\t\t\t\t\t\t\t\t\t\t\t\t\t\t\t<\/p>\n<ul>\n<li>\n\t\t\t\t\t\t\t\t\t\tR\u00e9cepteur radio inclus, compatible avec Thermo-T &amp; Remote-T\n\t\t\t\t\t\t\t\t\t<\/li>\n<li>\n\t\t\t\t\t\t\t\t\t\tPuissante puissance de chauffage combin\u00e9e : chaleur infrarouge et convective\n\t\t\t\t\t\t\t\t\t<\/li>\n<li>\n\t\t\t\t\t\t\t\t\t\tRemplacement optimal des chauffages \u00e9lectriques \u00e0 accumulation nocturne\n\t\t\t\t\t\t\t\t\t<\/li>\n<li>\n\t\t\t\t\t\t\t\t\t\tFonctionnement silencieux et sans entretien\n\t\t\t\t\t\t\t\t\t<\/li>\n<li>\n\t\t\t\t\t\t\t\t\t\tProtection contre la surchauffe et les surtensions\n\t\t\t\t\t\t\t\t\t<\/li>\n<\/ul>\n<p>Quelques minutes apr\u00e8s la mise en marche du radiateur hybride, la chaleur infrarouge \u00e9mise par la face avant est nettement perceptible. De plus, de l'air chaud (chaleur de convection) sort par les rainures situ\u00e9es sur la partie sup\u00e9rieure du radiateur. Apr\u00e8s seulement 20 minutes de chauffage, la pleine puissance thermique est atteinte.<\/p>\n<p>Alors que les chauffages \u00e0 infrarouges traditionnels ne chauffent pas directement l'air, les<em> ecoheat Hybrid-T<\/em> pour une temp\u00e9rature de l'air agr\u00e9able dans toute la pi\u00e8ce. C'est un grand avantage dans les pi\u00e8ces fra\u00eeches et mal isol\u00e9es. C'est justement en cas de gel que le r\u00e9chauffement de l'air \u00e0 l'aide d'un chauffage par convecteur est tr\u00e8s important, afin que tous les coins et recoins de la pi\u00e8ce soient r\u00e9chauff\u00e9s.<\/p>\n<h4>T 600 hybride<\/h4>\n<p>60 x 60 x 5 cm<\/p>\n<p>600 watts<\/p>\n<h4>T hybride 1000<\/h4>\n<p>60 x 100 x 5 cm<\/p>\n<p>1000 watts<\/p>\n<h4>Hybrid-T 1000 vertical<\/h4>\n<p>100 x 60 x 5 cm<\/p>\n<p>1000 watts<\/p>\n<h4>Hybrid-T 1400<\/h4>\n<p>60 x 140 x 5 cm<\/p>\n<p>1400 watts<\/p>\n<p>\t\t\t\t\t\t\t\t\t\t\t\t\t\t\t<img decoding=\"async\" width=\"1500\" height=\"1000\" src=\"https:\/\/ecoheat.ch\/wp-content\/uploads\/2023\/01\/ecoheat-hybrid_lifestyle_detail_closeup_2_1500x1000.jpg\" alt=\"Radiateur infrarouge ecoheat Hybrid Gros plan d&#039;en haut\" loading=\"lazy\" srcset=\"https:\/\/ecoheat.ch\/wp-content\/uploads\/2023\/01\/ecoheat-hybrid_lifestyle_detail_closeup_2_1500x1000.jpg 1500w, https:\/\/ecoheat.ch\/wp-content\/uploads\/2023\/01\/ecoheat-hybrid_lifestyle_detail_closeup_2_1500x1000-300x200.jpg 300w, https:\/\/ecoheat.ch\/wp-content\/uploads\/2023\/01\/ecoheat-hybrid_lifestyle_detail_closeup_2_1500x1000-1024x683.jpg 1024w, https:\/\/ecoheat.ch\/wp-content\/uploads\/2023\/01\/ecoheat-hybrid_lifestyle_detail_closeup_2_1500x1000-768x512.jpg 768w\" sizes=\"auto, (max-width: 1500px) 100vw, 1500px\" \/><br \/>\n\t\t\t\t\t\t\t<button id=\"e-n-tabs-title-1531\" aria-selected=\"true\" data-tab-index=\"1\" role=\"tab\" tabindex=\"0\" aria-controls=\"e-n-tab-content-1531\" style=\"--n-tabs-title-order: 1;\"><br \/>\n\t\t\t\t\tContenu de la livraison<br \/>\n\t\t\t<\/button><br \/>\n\t\t\t\t\t<button id=\"e-n-tabs-title-1532\" aria-selected=\"false\" data-tab-index=\"2\" role=\"tab\" tabindex=\"-1\" aria-controls=\"e-n-tab-content-1532\" style=\"--n-tabs-title-order: 2;\"><br \/>\n\t\t\t\t\tDonn\u00e9es techniques<br \/>\n\t\t\t<\/button><br \/>\n\t\t\t\t\t<button id=\"e-n-tabs-title-1533\" aria-selected=\"false\" data-tab-index=\"3\" role=\"tab\" tabindex=\"-1\" aria-controls=\"e-n-tab-content-1533\" style=\"--n-tabs-title-order: 3;\"><br \/>\n\t\t\t\t\tT\u00e9l\u00e9chargements<br \/>\n\t\t\t<\/button><\/p>\n<ul>\n<li>R10 R\u00e9cepteur radio (montage fixe)<\/li>\n<li>2 supports muraux et kit de montage<\/li>\n<li>Pieds (pas pour la version verticale)<\/li>\n<li>Mode d'emploi<\/li>\n<\/ul>\n<table>\n<tbody>\n<tr>\n<td>Port\u00e9e du rayonnement<\/td>\n<td>environ 3,5 m\u00e8tres<\/td>\n<\/tr>\n<tr>\n<td>Angle de rayonnement<\/td>\n<td>environ 170 \u00b0.<\/td>\n<\/tr>\n<tr>\n<td>Temp\u00e9rature de surface<\/td>\n<td>50 - 110 \u00b0C<\/td>\n<\/tr>\n<tr>\n<td>Alimentation \u00e9lectrique<\/td>\n<td>230 V \/ 50 Hz<\/td>\n<\/tr>\n<tr>\n<td>C\u00e2ble de raccordement<\/td>\n<td>Prise suisse<\/td>\n<\/tr>\n<tr>\n<td>Protection contre la surchauffe<\/td>\n<td>Oui<\/td>\n<\/tr>\n<tr>\n<td>Protection contre les surtensions<\/td>\n<td>Oui<\/td>\n<\/tr>\n<tr>\n<td>Classe de protection<\/td>\n<td>IP20<\/td>\n<\/tr>\n<tr>\n<td>Couleur<\/td>\n<td>Blanc (RAL 9016)<\/td>\n<\/tr>\n<tr>\n<td>Marque de certification<\/td>\n<td>CE<\/td>\n<\/tr>\n<\/tbody>\n<\/table>\n<ul>\n<li>\n\t\t\t\t\t\t\t\t\t\t\t<a href=\"\/wp-content\/uploads\/2023\/10\/ecoheat-Hybrid-T-Manual_WEB.pdf\"><br \/>\n\t\t\t\t\t\t\t\t\t\tInstructions<br \/>\n\t\t\t\t\t\t\t\t\t\t\t<\/a>\n\t\t\t\t\t\t\t\t\t<\/li>\n<li>\n\t\t\t\t\t\t\t\t\t\t\t<a href=\"\/wp-content\/uploads\/2022\/12\/instructions de montage des pieds de support.pdf\"><br \/>\n\t\t\t\t\t\t\t\t\t\tMontage des pieds<br \/>\n\t\t\t\t\t\t\t\t\t\t\t<\/a>\n\t\t\t\t\t\t\t\t\t<\/li>\n<\/ul>\n<ul>\n<li>\n\t\t\t\t\t\t\t\t\t\t\t<a href=\"\/wp-content\/uploads\/2023\/10\/ecoheat-Hybrid-T-Manual_WEB.pdf\"><br \/>\n\t\t\t\t\t\t\t\t\t\tInstructions<br \/>\n\t\t\t\t\t\t\t\t\t\t\t<\/a>\n\t\t\t\t\t\t\t\t\t<\/li>\n<li>\n\t\t\t\t\t\t\t\t\t\t\t<a href=\"\/wp-content\/uploads\/2022\/12\/instructions de montage des pieds de support.pdf\"><br \/>\n\t\t\t\t\t\t\t\t\t\tMontage des pieds<br \/>\n\t\t\t\t\t\t\t\t\t\t\t<\/a>\n\t\t\t\t\t\t\t\t\t<\/li>\n<\/ul>\n<ul>\n<li>R10 R\u00e9cepteur radio (montage fixe)<\/li>\n<li>2 supports muraux et kit de montage<\/li>\n<li>Pieds (pas pour la version verticale)<\/li>\n<li>Mode d'emploi<\/li>\n<\/ul>\n<table>\n<tbody>\n<tr>\n<td>Port\u00e9e du rayonnement<\/td>\n<td>environ 3,5 m\u00e8tres<\/td>\n<\/tr>\n<tr>\n<td>Angle de rayonnement<\/td>\n<td>environ 170 \u00b0.<\/td>\n<\/tr>\n<tr>\n<td>Temp\u00e9rature de surface<\/td>\n<td>50 - 110 \u00b0C<\/td>\n<\/tr>\n<tr>\n<td>Alimentation \u00e9lectrique<\/td>\n<td>230 V \/ 50 Hz<\/td>\n<\/tr>\n<tr>\n<td>C\u00e2ble de raccordement<\/td>\n<td>Prise suisse<\/td>\n<\/tr>\n<tr>\n<td>Protection contre la surchauffe<\/td>\n<td>Oui<\/td>\n<\/tr>\n<tr>\n<td>Protection contre les surtensions<\/td>\n<td>Oui<\/td>\n<\/tr>\n<tr>\n<td>Classe de protection<\/td>\n<td>IP20<\/td>\n<\/tr>\n<tr>\n<td>Couleur<\/td>\n<td>Blanc (RAL 9016)<\/td>\n<\/tr>\n<tr>\n<td>Marque de certification<\/td>\n<td>CE<\/td>\n<\/tr>\n<\/tbody>\n<\/table>\n<ul>\n<li>\n\t\t\t\t\t\t\t\t\t\t\t<a href=\"\/wp-content\/uploads\/2023\/10\/ecoheat-Hybrid-T-Manual_WEB.pdf\"><br \/>\n\t\t\t\t\t\t\t\t\t\tInstructions<br \/>\n\t\t\t\t\t\t\t\t\t\t\t<\/a>\n\t\t\t\t\t\t\t\t\t<\/li>\n<li>\n\t\t\t\t\t\t\t\t\t\t\t<a href=\"\/wp-content\/uploads\/2022\/12\/instructions de montage des pieds de support.pdf\"><br \/>\n\t\t\t\t\t\t\t\t\t\tMontage des pieds<br \/>\n\t\t\t\t\t\t\t\t\t\t\t<\/a>\n\t\t\t\t\t\t\t\t\t<\/li>\n<\/ul>\n<ul>\n<li>\n\t\t\t\t\t\t\t\t\t\t\t<a href=\"\/wp-content\/uploads\/2023\/10\/ecoheat-Hybrid-T-Manual_WEB.pdf\"><br \/>\n\t\t\t\t\t\t\t\t\t\tInstructions<br \/>\n\t\t\t\t\t\t\t\t\t\t\t<\/a>\n\t\t\t\t\t\t\t\t\t<\/li>\n<li>\n\t\t\t\t\t\t\t\t\t\t\t<a href=\"\/wp-content\/uploads\/2022\/12\/instructions de montage des pieds de support.pdf\"><br \/>\n\t\t\t\t\t\t\t\t\t\tMontage des pieds<br \/>\n\t\t\t\t\t\t\t\t\t\t\t<\/a>\n\t\t\t\t\t\t\t\t\t<\/li>\n<\/ul>\n<p>\t\t\t<a href=\"https:\/\/ecofort.ch\/de\/hybridradiatoren\/3066-ecoheat-hybrid-t.html\" target=\"_blank\" rel=\"noopener\"><br \/>\n\t\t\t\t\t\tPlus d'informations dans le shop<br \/>\n\t\t\t\t\t<\/a><br \/>\n\t\t\t<a href=\"https:\/\/ecofort.ch\/de\/hybridradiatoren\/3066-ecoheat-hybrid-t.html\" target=\"_blank\" rel=\"noopener\"><br \/>\n\t\t\t\t\t\tPlus d'informations dans le shop<br \/>\n\t\t\t\t\t<\/a><\/p>","protected":false},"excerpt":{"rendered":"<p>ecoheat Hybrid-T Infrarot-Radiator mit Funkempf\u00e4nger Die einzigartige\u00a0ecoheat Hybrid-T kombiniert die Vorteile einer Infrarotheizung mit denjenigen einer Konvektorheizung. Einige Meter um die ecoheat Hybrid-T herum f\u00fchlt es sich wie in der N\u00e4he eines Kachelofens wohlig warm an. Wie bei einem elektrischen Konvektor verteilt sich zudem die aufgew\u00e4rmte Luft im ganzen Raum. Alle Varianten der Hybrid-T sind [&hellip;]<\/p>\n","protected":false},"author":2,"featured_media":0,"parent":0,"menu_order":0,"comment_status":"closed","ping_status":"closed","template":"","meta":{"footnotes":""},"class_list":["post-1452","page","type-page","status-publish","hentry"],"_links":{"self":[{"href":"https:\/\/ecoheat.ch\/fr\/wp-json\/wp\/v2\/pages\/1452","targetHints":{"allow":["GET"]}}],"collection":[{"href":"https:\/\/ecoheat.ch\/fr\/wp-json\/wp\/v2\/pages"}],"about":[{"href":"https:\/\/ecoheat.ch\/fr\/wp-json\/wp\/v2\/types\/page"}],"author":[{"embeddable":true,"href":"https:\/\/ecoheat.ch\/fr\/wp-json\/wp\/v2\/users\/2"}],"replies":[{"embeddable":true,"href":"https:\/\/ecoheat.ch\/fr\/wp-json\/wp\/v2\/comments?post=1452"}],"version-history":[{"count":20,"href":"https:\/\/ecoheat.ch\/fr\/wp-json\/wp\/v2\/pages\/1452\/revisions"}],"predecessor-version":[{"id":1588,"href":"https:\/\/ecoheat.ch\/fr\/wp-json\/wp\/v2\/pages\/1452\/revisions\/1588"}],"wp:attachment":[{"href":"https:\/\/ecoheat.ch\/fr\/wp-json\/wp\/v2\/media?parent=1452"}],"curies":[{"name":"wp","href":"https:\/\/api.w.org\/{rel}","templated":true}]}}