{"id":1483,"date":"2023-11-22T14:11:08","date_gmt":"2023-11-22T13:11:08","guid":{"rendered":"https:\/\/ecoheat.ch\/?page_id=1483"},"modified":"2023-11-28T15:51:14","modified_gmt":"2023-11-28T14:51:14","slug":"ecoheat-classic-t-infrarotheizungen","status":"publish","type":"page","link":"https:\/\/ecoheat.ch\/fr\/ecoheat-classic-t-chauffage-infrarouge\/","title":{"rendered":"Chauffages \u00e0 infrarouge ecoheat Classic-T"},"content":{"rendered":"<h1>ecoheat Classic-T<\/h1>\n<h2>Chauffage infrarouge avec r\u00e9cepteur radio<\/h2>\n<p>Le site\u00a0<em>ecoheat Classic-T<\/em> Les chauffages infrarouges sont fabriqu\u00e9s en t\u00f4le d'acier galvanis\u00e9e et rev\u00eatue par poudre et peuvent \u00eatre utilis\u00e9s pour un chauffage ponctuel ou complet.<\/p>\n<p>Les panneaux infrarouges sans cadre s'int\u00e8grent discr\u00e8tement dans la pi\u00e8ce et r\u00e9partissent les rayons thermiques de mani\u00e8re optimale gr\u00e2ce \u00e0 leurs coins biseaut\u00e9s. Le syst\u00e8me de montage intelligent permet un montage simple et s\u00fbr au mur ou au plafond.\u00a0<\/p>\n<p>Le site <em>ecoheat Classic-T<\/em> sont de construction identique aux <a href=\"https:\/\/ecoheat.ch\/fr\/ecoheat-classic-chauffages-infrarouges\/\">ecoheat Classic<\/a>Les thermostats ecoheat Thermo-T sont \u00e9quip\u00e9s d'un r\u00e9cepteur radio int\u00e9gr\u00e9 qui peut \u00eatre connect\u00e9 au thermostat ecoheat Thermo-T ou \u00e0 la t\u00e9l\u00e9commande ecoheat Remote-T.\u00a0<\/p>\n<p>\t\t\t\t\t\t\t\t\t\t\t\t\t\t\t<img decoding=\"async\" width=\"800\" height=\"534\" src=\"https:\/\/ecoheat.ch\/wp-content\/uploads\/2023\/01\/ecoheat-classic-450-standfuesse_lifestyle_office_room_1500x1000-1024x683.jpg\" alt=\"Chauffage \u00e9lectrique infrarouge ecoheat Classic sur pieds \u00e0 c\u00f4t\u00e9 d&#039;une plante dans un bureau\" loading=\"lazy\" srcset=\"https:\/\/ecoheat.ch\/wp-content\/uploads\/2023\/01\/ecoheat-classic-450-standfuesse_lifestyle_office_room_1500x1000-1024x683.jpg 1024w, https:\/\/ecoheat.ch\/wp-content\/uploads\/2023\/01\/ecoheat-classic-450-standfuesse_lifestyle_office_room_1500x1000-300x200.jpg 300w, https:\/\/ecoheat.ch\/wp-content\/uploads\/2023\/01\/ecoheat-classic-450-standfuesse_lifestyle_office_room_1500x1000-768x512.jpg 768w, https:\/\/ecoheat.ch\/wp-content\/uploads\/2023\/01\/ecoheat-classic-450-standfuesse_lifestyle_office_room_1500x1000.jpg 1500w\" sizes=\"auto, (max-width: 800px) 100vw, 800px\" \/>\t\t\t\t\t\t\t\t\t\t\t\t\t\t\t<\/p>\n<ul>\n<li>\n\t\t\t\t\t\t\t\t\t\tIncl. r\u00e9cepteur radio compatible avec Thermo-T &amp; Remote-T\n\t\t\t\t\t\t\t\t\t<\/li>\n<li>\n\t\t\t\t\t\t\t\t\t\tBo\u00eetier en acier avec alliage sp\u00e9cial pour une dissipation optimale de la chaleur\n\t\t\t\t\t\t\t\t\t<\/li>\n<li>\n\t\t\t\t\t\t\t\t\t\tProtection contre la surchauffe et les surtensions\n\t\t\t\t\t\t\t\t\t<\/li>\n<li>\n\t\t\t\t\t\t\t\t\t\tDos tr\u00e8s bien isol\u00e9\n\t\t\t\t\t\t\t\t\t<\/li>\n<li>\n\t\t\t\t\t\t\t\t\t\tCertifi\u00e9 GS\n\t\t\t\t\t\t\t\t\t<\/li>\n<\/ul>\n<h4>Classic-T 300<\/h4>\n<p>40 x 60 x 2.5 cm<\/p>\n<p>300 watts<\/p>\n<h4>Classic-T 450<\/h4>\n<p>60 x 60 x 2.5 cm<\/p>\n<p>450 watts<\/p>\n<h4>Classic-T 550<\/h4>\n<p>40 x 120 x 2.5 cm<\/p>\n<p>550 watts<\/p>\n<h4>Classic-T 700<\/h4>\n<p>60 x 90 x 2.5 cm<\/p>\n<p>700 watts<\/p>\n<h4>Classic-T 900<\/h4>\n<p>60 x 120 x 2.5 cm<\/p>\n<p>900 watts<\/p>\n<p>\t\t\t\t\t\t\t\t\t\t\t\t\t\t\t<img decoding=\"async\" width=\"1500\" height=\"1000\" src=\"https:\/\/ecoheat.ch\/wp-content\/uploads\/2023\/01\/ecoheat-classic-450_lifestyle_office_room_1500x1000.jpg\" alt=\"\" loading=\"lazy\" srcset=\"https:\/\/ecoheat.ch\/wp-content\/uploads\/2023\/01\/ecoheat-classic-450_lifestyle_office_room_1500x1000.jpg 1500w, https:\/\/ecoheat.ch\/wp-content\/uploads\/2023\/01\/ecoheat-classic-450_lifestyle_office_room_1500x1000-300x200.jpg 300w, https:\/\/ecoheat.ch\/wp-content\/uploads\/2023\/01\/ecoheat-classic-450_lifestyle_office_room_1500x1000-1024x683.jpg 1024w, https:\/\/ecoheat.ch\/wp-content\/uploads\/2023\/01\/ecoheat-classic-450_lifestyle_office_room_1500x1000-768x512.jpg 768w\" sizes=\"auto, (max-width: 1500px) 100vw, 1500px\" \/><br \/>\n\t\t\t\t\t\t\t<button id=\"e-n-tabs-title-1401\" aria-selected=\"true\" data-tab-index=\"1\" role=\"tab\" tabindex=\"0\" aria-controls=\"e-n-tab-content-1401\" style=\"--n-tabs-title-order: 1;\"><br \/>\n\t\t\t\t\tContenu de la livraison<br \/>\n\t\t\t<\/button><br \/>\n\t\t\t\t\t<button id=\"e-n-tabs-title-1402\" aria-selected=\"false\" data-tab-index=\"2\" role=\"tab\" tabindex=\"-1\" aria-controls=\"e-n-tab-content-1402\" style=\"--n-tabs-title-order: 2;\"><br \/>\n\t\t\t\t\tDonn\u00e9es techniques<br \/>\n\t\t\t<\/button><br \/>\n\t\t\t\t\t<button id=\"e-n-tabs-title-1403\" aria-selected=\"false\" data-tab-index=\"3\" role=\"tab\" tabindex=\"-1\" aria-controls=\"e-n-tab-content-1403\" style=\"--n-tabs-title-order: 3;\"><br \/>\n\t\t\t\t\tT\u00e9l\u00e9chargements<br \/>\n\t\t\t<\/button><\/p>\n<ul>\n<li>R10 R\u00e9cepteur (montage fixe)<\/li>\n<li>Kit de montage<\/li>\n<li>Pieds de support<\/li>\n<li>Mode d'emploi<\/li>\n<\/ul>\n<table>\n<tbody>\n<tr>\n<td>Contr\u00f4le<\/td>\n<td>Interrupteur On\/Off sur le r\u00e9cepteur, contr\u00f4le via Thermo-T ou Remote-T<\/td>\n<\/tr>\n<tr>\n<td>Montage<\/td>\n<td>Montage horizontal ou vertical au mur ou au plafond, mobile sur des pieds disponibles en option<\/td>\n<\/tr>\n<tr>\n<td>Temp\u00e9rature de surface<\/td>\n<td>85 - 95 \u00b0C<\/td>\n<\/tr>\n<tr>\n<td>C\u00e2ble de raccordement<\/td>\n<td>c\u00e2ble de 1,8 m avec fiche suisse<\/td>\n<\/tr>\n<tr>\n<td>Classe de protection<\/td>\n<td>IP20 pour le raccordement par fiche<br \/>IPX4 en cas de connexion fixe<\/td>\n<\/tr>\n<tr>\n<td>Couleur<\/td>\n<td>Blanc (RAL 9016)<\/td>\n<\/tr>\n<tr>\n<td>Garantie<\/td>\n<td>2 ans<\/td>\n<\/tr>\n<\/tbody>\n<\/table>\n<ul>\n<li>\n\t\t\t\t\t\t\t\t\t\t\t<a href=\"\/wp-content\/uploads\/2023\/10\/ecoheat-Classic-T-Manual_WEB.pdf\"><br \/>\n\t\t\t\t\t\t\t\t\t\tInstructions<br \/>\n\t\t\t\t\t\t\t\t\t\t\t<\/a>\n\t\t\t\t\t\t\t\t\t<\/li>\n<li>\n\t\t\t\t\t\t\t\t\t\t\t<a href=\"\/wp-content\/uploads\/2022\/12\/TUV_Z1A_103922_0001_DE_EN.pdf\"><br \/>\n\t\t\t\t\t\t\t\t\t\tCertificat T\u00dcV S\u00fcd<br \/>\n\t\t\t\t\t\t\t\t\t\t\t<\/a>\n\t\t\t\t\t\t\t\t\t<\/li>\n<\/ul>\n<ul>\n<li>\n\t\t\t\t\t\t\t\t\t\t\t<a href=\"\/wp-content\/uploads\/2023\/10\/ecoheat-Classic-T-Manual_WEB.pdf\"><br \/>\n\t\t\t\t\t\t\t\t\t\tInstructions<br \/>\n\t\t\t\t\t\t\t\t\t\t\t<\/a>\n\t\t\t\t\t\t\t\t\t<\/li>\n<li>\n\t\t\t\t\t\t\t\t\t\t\t<a href=\"\/wp-content\/uploads\/2022\/12\/TUV_Z1A_103922_0001_DE_EN.pdf\"><br \/>\n\t\t\t\t\t\t\t\t\t\tCertificat T\u00dcV S\u00fcd<br \/>\n\t\t\t\t\t\t\t\t\t\t\t<\/a>\n\t\t\t\t\t\t\t\t\t<\/li>\n<\/ul>\n<ul>\n<li>R10 R\u00e9cepteur (montage fixe)<\/li>\n<li>Kit de montage<\/li>\n<li>Pieds de support<\/li>\n<li>Mode d'emploi<\/li>\n<\/ul>\n<table>\n<tbody>\n<tr>\n<td>Contr\u00f4le<\/td>\n<td>Interrupteur On\/Off sur le r\u00e9cepteur, contr\u00f4le via Thermo-T ou Remote-T<\/td>\n<\/tr>\n<tr>\n<td>Montage<\/td>\n<td>Montage horizontal ou vertical au mur ou au plafond, mobile sur des pieds disponibles en option<\/td>\n<\/tr>\n<tr>\n<td>Temp\u00e9rature de surface<\/td>\n<td>85 - 95 \u00b0C<\/td>\n<\/tr>\n<tr>\n<td>C\u00e2ble de raccordement<\/td>\n<td>c\u00e2ble de 1,8 m avec fiche suisse<\/td>\n<\/tr>\n<tr>\n<td>Classe de protection<\/td>\n<td>IP20 pour le raccordement par fiche<br \/>IPX4 en cas de connexion fixe<\/td>\n<\/tr>\n<tr>\n<td>Couleur<\/td>\n<td>Blanc (RAL 9016)<\/td>\n<\/tr>\n<tr>\n<td>Garantie<\/td>\n<td>2 ans<\/td>\n<\/tr>\n<\/tbody>\n<\/table>\n<ul>\n<li>\n\t\t\t\t\t\t\t\t\t\t\t<a href=\"\/wp-content\/uploads\/2023\/10\/ecoheat-Classic-T-Manual_WEB.pdf\"><br \/>\n\t\t\t\t\t\t\t\t\t\tInstructions<br \/>\n\t\t\t\t\t\t\t\t\t\t\t<\/a>\n\t\t\t\t\t\t\t\t\t<\/li>\n<li>\n\t\t\t\t\t\t\t\t\t\t\t<a href=\"\/wp-content\/uploads\/2022\/12\/TUV_Z1A_103922_0001_DE_EN.pdf\"><br \/>\n\t\t\t\t\t\t\t\t\t\tCertificat T\u00dcV S\u00fcd<br \/>\n\t\t\t\t\t\t\t\t\t\t\t<\/a>\n\t\t\t\t\t\t\t\t\t<\/li>\n<\/ul>\n<ul>\n<li>\n\t\t\t\t\t\t\t\t\t\t\t<a href=\"\/wp-content\/uploads\/2023\/10\/ecoheat-Classic-T-Manual_WEB.pdf\"><br \/>\n\t\t\t\t\t\t\t\t\t\tInstructions<br \/>\n\t\t\t\t\t\t\t\t\t\t\t<\/a>\n\t\t\t\t\t\t\t\t\t<\/li>\n<li>\n\t\t\t\t\t\t\t\t\t\t\t<a href=\"\/wp-content\/uploads\/2022\/12\/TUV_Z1A_103922_0001_DE_EN.pdf\"><br \/>\n\t\t\t\t\t\t\t\t\t\tCertificat T\u00dcV S\u00fcd<br \/>\n\t\t\t\t\t\t\t\t\t\t\t<\/a>\n\t\t\t\t\t\t\t\t\t<\/li>\n<\/ul>\n<p>\t\t\t<a href=\"https:\/\/ecofort.ch\/de\/infrarotheizungen\/3065-ecoheat-classic-t.html\" target=\"_blank\" rel=\"noopener\"><br \/>\n\t\t\t\t\t\tPlus d'informations dans le shop<br \/>\n\t\t\t\t\t<\/a><br \/>\n\t\t\t<a href=\"https:\/\/ecofort.ch\/de\/infrarotheizungen\/3065-ecoheat-classic-t.html\" target=\"_blank\" rel=\"noopener\"><br \/>\n\t\t\t\t\t\tPlus d'informations dans le shop<br \/>\n\t\t\t\t\t<\/a><\/p>","protected":false},"excerpt":{"rendered":"<p>ecoheat Classic-T Infrarotheizung mit Funkempf\u00e4nger Die\u00a0ecoheat Classic-T Infrarotheizungen sind aus pulverbeschichtetem und verzinktem Stahlblech gefertigt und sind sowohl f\u00fcr die punktuelle Beheizung als auch als Vollheizung einsetzbar. Die rahmenlosen Infrarot-Panels integrieren sich unauff\u00e4llig im Raum und verteilen mit ihren abgeschr\u00e4gten Ecken die W\u00e4rmestrahlen optimal. Das clevere Montagesystem erm\u00f6glicht eine einfache und sichere Wand- sowie Deckenmontage.\u00a0 [&hellip;]<\/p>\n","protected":false},"author":2,"featured_media":0,"parent":0,"menu_order":0,"comment_status":"closed","ping_status":"closed","template":"","meta":{"footnotes":""},"class_list":["post-1483","page","type-page","status-publish","hentry"],"_links":{"self":[{"href":"https:\/\/ecoheat.ch\/fr\/wp-json\/wp\/v2\/pages\/1483","targetHints":{"allow":["GET"]}}],"collection":[{"href":"https:\/\/ecoheat.ch\/fr\/wp-json\/wp\/v2\/pages"}],"about":[{"href":"https:\/\/ecoheat.ch\/fr\/wp-json\/wp\/v2\/types\/page"}],"author":[{"embeddable":true,"href":"https:\/\/ecoheat.ch\/fr\/wp-json\/wp\/v2\/users\/2"}],"replies":[{"embeddable":true,"href":"https:\/\/ecoheat.ch\/fr\/wp-json\/wp\/v2\/comments?post=1483"}],"version-history":[{"count":17,"href":"https:\/\/ecoheat.ch\/fr\/wp-json\/wp\/v2\/pages\/1483\/revisions"}],"predecessor-version":[{"id":1599,"href":"https:\/\/ecoheat.ch\/fr\/wp-json\/wp\/v2\/pages\/1483\/revisions\/1599"}],"wp:attachment":[{"href":"https:\/\/ecoheat.ch\/fr\/wp-json\/wp\/v2\/media?parent=1483"}],"curies":[{"name":"wp","href":"https:\/\/api.w.org\/{rel}","templated":true}]}}