{"id":1679,"date":"2023-12-12T16:30:45","date_gmt":"2023-12-12T15:30:45","guid":{"rendered":"https:\/\/ecoheat.ch\/?page_id=1679"},"modified":"2023-12-12T16:45:12","modified_gmt":"2023-12-12T15:45:12","slug":"energie-und-kosten-sparen-mit-infrarot-hybridheizungen","status":"publish","type":"page","link":"https:\/\/ecoheat.ch\/fr\/conseils-sur-le-chauffage\/economiser-de-lenergie-et-des-couts-avec-les-chauffages-hybrides-infrarouges\/","title":{"rendered":"\u00c9conomiser de l'\u00e9nergie et des co\u00fbts avec les chauffages hybrides infrarouges"},"content":{"rendered":"<h1>\u00c9conomiser de l'\u00e9nergie et des co\u00fbts avec les chauffages hybrides infrarouges<\/h1>\n<p>\t\t<strong>Les chauffages hybrides infrarouges sont une combinaison du rayonnement infrarouge et de la convection. Ils offrent les avantages des deux types de chauffage et peuvent ainsi \u00e9conomiser de l'\u00e9nergie et des co\u00fbts.<\/strong><br \/>\n\t\t\t\t\t\t\t\t\t\t\t\t\t\t\t<img loading=\"lazy\" decoding=\"async\" width=\"900\" height=\"600\" src=\"https:\/\/ecoheat.ch\/wp-content\/uploads\/2023\/12\/ecoheat-blog_sparen_900x600.webp\" alt=\"Conseils ecoheat - Economiser de l&#039;\u00e9nergie et des co\u00fbts\" srcset=\"https:\/\/ecoheat.ch\/wp-content\/uploads\/2023\/12\/ecoheat-blog_sparen_900x600.webp 900w, https:\/\/ecoheat.ch\/wp-content\/uploads\/2023\/12\/ecoheat-blog_sparen_900x600-300x200.webp 300w, https:\/\/ecoheat.ch\/wp-content\/uploads\/2023\/12\/ecoheat-blog_sparen_900x600-768x512.webp 768w, https:\/\/ecoheat.ch\/wp-content\/uploads\/2023\/12\/ecoheat-blog_sparen_900x600-18x12.webp 18w\" sizes=\"auto, (max-width: 900px) 100vw, 900px\" \/>\t\t\t\t\t\t\t\t\t\t\t\t\t\t\t<\/p>\n<h2>Comment fonctionnent les chauffages hybrides infrarouges<\/h2>\n<p><a href=\"https:\/\/ecoheat.ch\/fr\/ecoheat-hybrid-chauffages-infrarouges\/\">Chauffage hybride infrarouge<\/a> fonctionnent avec des rayons infrarouges qui touchent directement les personnes et les objets dans une pi\u00e8ce et les r\u00e9chauffent. Ils disposent en outre d'un convecteur qui r\u00e9chauffe l'air dans la pi\u00e8ce. Il en r\u00e9sulte une sensation de chaleur confortable qui se distingue du chauffage \u00e0 air chaud conventionnel. Les chauffages hybrides infrarouges n\u00e9cessitent en outre peu d'entretien et ne requi\u00e8rent pas de chemin\u00e9e.<\/p>\n<h3>Avantages des chauffages hybrides infrarouges<\/h3>\n<p>\t\tLes chauffages hybrides infrarouges offrent un certain nombre d'avantages qui en font une option int\u00e9ressante pour ceux qui souhaitent \u00e9conomiser de l'\u00e9nergie et des co\u00fbts. En font partie<\/p>\n<ul>\n<li><strong>Une sensation de chaleur confortable :<\/strong> Le rayonnement infrarouge r\u00e9chauffe directement les personnes et les objets dans une pi\u00e8ce, sans r\u00e9chauffer l'air. Il en r\u00e9sulte une sensation de chaleur confortable qui se distingue du chauffage \u00e0 air chaud conventionnel.<\/li>\n<\/ul>\n<\/li>\n<\/ul>\n<p>&nbsp;<\/p>\n<ul>\n<li><strong>R\u00e9chauffement rapide :<\/strong> Les chauffages hybrides infrarouges chauffent les pi\u00e8ces rapidement et uniform\u00e9ment.<\/li>\n<\/ul>\n<\/li>\n<\/ul>\n<p>&nbsp;<\/p>\n<ul>\n<li><strong>Facile \u00e0 installer :<\/strong> En r\u00e8gle g\u00e9n\u00e9rale, les chauffages hybrides \u00e0 infrarouge peuvent \u00eatre facilement mont\u00e9s au mur.<\/li>\n<\/ul>\n<\/li>\n<\/ul>\n<p>&nbsp;<\/p>\n<ul>\n<li><strong>Aucun entretien n\u00e9cessaire :<\/strong> Les chauffages hybrides infrarouges n\u00e9cessitent peu d'entretien et ne requi\u00e8rent pas de nettoyage r\u00e9gulier.<\/li>\n<\/ul>\n<\/li>\n<\/ul>\n<p>&nbsp;<\/p>\n<ul>\n<li><strong>Haut rendement :<\/strong> En raison de leur \u00e9mission de chaleur combin\u00e9e, les chauffages hybrides \u00e0 infrarouge ont un rendement plus \u00e9lev\u00e9 que les chauffages \u00e0 infrarouge purs ou les chauffages \u00e0 convection purs.<\/li>\n<\/ul>\n<\/li>\n<\/ul>\n<p>&nbsp;<\/p>\n<ul>\n<li><strong>Consommation d'\u00e9nergie plus faible :<\/strong> Les chauffages hybrides infrarouges consomment g\u00e9n\u00e9ralement moins d'\u00e9lectricit\u00e9 que les chauffages infrarouges purs.<\/li>\n<\/ul>\n<h3>Inconv\u00e9nients des chauffages hybrides infrarouges<\/h3>\n<p>Les chauffages hybrides infrarouges pr\u00e9sentent \u00e9galement quelques inconv\u00e9nients qui doivent \u00eatre pris en compte lors de la d\u00e9cision.<\/p>\n<ul>\n<li><strong>Prix d'achat plus \u00e9lev\u00e9 :<\/strong>\u00a0Les chauffages hybrides infrarouges sont plus chers \u00e0 l'achat que les chauffages infrarouges purs.<\/li>\n<\/ul>\n<h3>Comment \u00e9conomiser de l'\u00e9nergie et des co\u00fbts ?<\/h3>\n<p>Les chauffages hybrides \u00e0 infrarouge permettent d'\u00e9conomiser de l'\u00e9nergie et des co\u00fbts en prenant les mesures suivantes :<\/p>\n<ul>\n<li><strong>Isolation suffisante :<\/strong>\u00a0Une bonne isolation du b\u00e2timent contribue \u00e0 r\u00e9duire les pertes de chaleur.<\/li>\n<\/ul>\n<p>\u00a0<\/p>\n<ul>\n<li><strong>Taille adapt\u00e9e :<\/strong>\u00a0Le chauffage hybride infrarouge doit avoir la bonne taille pour la pi\u00e8ce.<\/li>\n<\/ul>\n<p>\u00a0<\/p>\n<ul>\n<li><strong>Positionnement optimal :<\/strong>\u00a0Le chauffage hybride infrarouge doit \u00eatre positionn\u00e9 de mani\u00e8re \u00e0 chauffer efficacement les personnes et les objets dans la pi\u00e8ce.<\/li>\n<\/ul>\n<p>\u00a0<\/p>\n<p><strong>Conclusion<\/strong><\/p>\n<p>Les chauffages hybrides infrarouges peuvent \u00eatre un bon moyen d'\u00e9conomiser de l'\u00e9nergie et des co\u00fbts. Leur distribution efficace de la chaleur et la possibilit\u00e9 de chauffer de mani\u00e8re cibl\u00e9e certaines pi\u00e8ces permettent de contr\u00f4ler pr\u00e9cis\u00e9ment la temp\u00e9rature ambiante. En outre, ils sont plus \u00e9cologiques que certains syst\u00e8mes de chauffage traditionnels, car ils ne produisent pas d'\u00e9missions nocives.<\/p>","protected":false},"excerpt":{"rendered":"<p>Les chauffages hybrides infrarouges sont une combinaison du rayonnement infrarouge et de la convection. Ils offrent les avantages des deux types de chauffage et peuvent ainsi \u00e9conomiser de l'\u00e9nergie et des co\u00fbts.<\/p>","protected":false},"author":2,"featured_media":1634,"parent":1623,"menu_order":1,"comment_status":"closed","ping_status":"closed","template":"","meta":{"footnotes":""},"class_list":["post-1679","page","type-page","status-publish","has-post-thumbnail","hentry"],"_links":{"self":[{"href":"https:\/\/ecoheat.ch\/fr\/wp-json\/wp\/v2\/pages\/1679","targetHints":{"allow":["GET"]}}],"collection":[{"href":"https:\/\/ecoheat.ch\/fr\/wp-json\/wp\/v2\/pages"}],"about":[{"href":"https:\/\/ecoheat.ch\/fr\/wp-json\/wp\/v2\/types\/page"}],"author":[{"embeddable":true,"href":"https:\/\/ecoheat.ch\/fr\/wp-json\/wp\/v2\/users\/2"}],"replies":[{"embeddable":true,"href":"https:\/\/ecoheat.ch\/fr\/wp-json\/wp\/v2\/comments?post=1679"}],"version-history":[{"count":10,"href":"https:\/\/ecoheat.ch\/fr\/wp-json\/wp\/v2\/pages\/1679\/revisions"}],"predecessor-version":[{"id":1689,"href":"https:\/\/ecoheat.ch\/fr\/wp-json\/wp\/v2\/pages\/1679\/revisions\/1689"}],"up":[{"embeddable":true,"href":"https:\/\/ecoheat.ch\/fr\/wp-json\/wp\/v2\/pages\/1623"}],"wp:featuredmedia":[{"embeddable":true,"href":"https:\/\/ecoheat.ch\/fr\/wp-json\/wp\/v2\/media\/1634"}],"wp:attachment":[{"href":"https:\/\/ecoheat.ch\/fr\/wp-json\/wp\/v2\/media?parent=1679"}],"curies":[{"name":"wp","href":"https:\/\/api.w.org\/{rel}","templated":true}]}}