{"id":1690,"date":"2023-12-12T16:59:39","date_gmt":"2023-12-12T15:59:39","guid":{"rendered":"https:\/\/ecoheat.ch\/?page_id=1690"},"modified":"2023-12-12T17:03:09","modified_gmt":"2023-12-12T16:03:09","slug":"infrarotheizung-im-wintergarten-die-ideale-waermequelle-fuer-kalte-tage","status":"publish","type":"page","link":"https:\/\/ecoheat.ch\/fr\/conseils-sur-le-chauffage\/chauffage-infrarouge-dans-la-veranda-la-source-de-chaleur-ideale-pour-les-jours-froids\/","title":{"rendered":"Chauffage infrarouge dans le jardin d'hiver - La source de chaleur id\u00e9ale pour les jours froids"},"content":{"rendered":"<h1>Chauffage infrarouge dans le jardin d'hiver - La source de chaleur id\u00e9ale pour les jours froids<\/h1>\n<p>\t\t<strong>Un jardin d'hiver est une pi\u00e8ce qui repr\u00e9sente pour de nombreuses personnes une oasis de d\u00e9tente et de relaxation. Pour pouvoir profiter de cette magnifique pi\u00e8ce tout au long de l'ann\u00e9e, une solution de chauffage efficace est n\u00e9cessaire. <\/strong><br \/>\n\t\t\t\t\t\t\t\t\t\t\t\t\t\t\t<img loading=\"lazy\" decoding=\"async\" width=\"900\" height=\"600\" src=\"https:\/\/ecoheat.ch\/wp-content\/uploads\/2023\/12\/wintergarten_ecoheat-blog.webp\" alt=\"ecoheat Blog - Jardin d&#039;hiver\" srcset=\"https:\/\/ecoheat.ch\/wp-content\/uploads\/2023\/12\/wintergarten_ecoheat-blog.webp 900w, https:\/\/ecoheat.ch\/wp-content\/uploads\/2023\/12\/wintergarten_ecoheat-blog-300x200.webp 300w, https:\/\/ecoheat.ch\/wp-content\/uploads\/2023\/12\/wintergarten_ecoheat-blog-768x512.webp 768w, https:\/\/ecoheat.ch\/wp-content\/uploads\/2023\/12\/wintergarten_ecoheat-blog-18x12.webp 18w\" sizes=\"auto, (max-width: 900px) 100vw, 900px\" \/>\t\t\t\t\t\t\t\t\t\t\t\t\t\t\t<\/p>\n<p>Dans l'id\u00e9al, utilisez les <a href=\"https:\/\/ecoheat.ch\/fr\/ecoheat-classic-chauffages-infrarouges\/\">Chauffage infrarouge<\/a> dans le jardin d'hiver \u00e0 des fins de chauffage cibl\u00e9 et de courte dur\u00e9e. Lors d'une journ\u00e9e maussade o\u00f9 le jardin d'hiver reste frais, vous pouvez profiter du temps de chauffe rapide du chauffage infrarouge pour vous laisser choyer par la chaleur agr\u00e9able des rayons infrarouges. Le chauffage infrarouge n'est peut-\u00eatre pas le meilleur choix pour un chauffage permanent dans une v\u00e9randa. Il est toutefois souvent utilis\u00e9, notamment lorsque le jardin d'hiver est presque utilis\u00e9 comme salon. L'avantage est que vous pouvez agir de mani\u00e8re flexible, car il est difficile d'installer des radiateurs suppl\u00e9mentaires et l'installation de chauffage existante peut ne pas suffire \u00e0 fournir de l'\u00e9nergie thermique suppl\u00e9mentaire.<\/p>\n<h2>Avantages du chauffage infrarouge dans le jardin d'hiver <\/h2>\n<h3>Les chauffages infrarouges cr\u00e9ent un climat int\u00e9rieur agr\u00e9able <\/h3>\n<p>Les chauffages \u00e0 infrarouge produisent une chaleur rayonnante au lieu d'une chaleur de convection, qui est comparativement plus agr\u00e9able. La chaleur se propage uniform\u00e9ment dans la pi\u00e8ce sans ass\u00e9cher l'air ni soulever de particules de poussi\u00e8re.<\/p>\n<h3>Aucune perte de chaleur<\/h3>\n<p>Dans le cas de la chaleur par convection, l'air est r\u00e9chauff\u00e9, s'\u00e9l\u00e8ve, se refroidit au niveau des fen\u00eatres, puis redescend, ce qui est inefficace en raison de la mauvaise isolation de la fa\u00e7ade vitr\u00e9e.<\/p>\n<p><strong>I<\/strong>n revanche, si les chauffages infrarouges chauffent des objets ou des personnes de mani\u00e8re cibl\u00e9e, il n'y a pas de perte de chaleur due \u00e0 la chaleur de convection ou \u00e0 une mauvaise isolation.<\/p>\n<h3>Chauffage rapide<\/h3>\n<p>Compar\u00e9s aux chauffages \u00e0 convection, les chauffages \u00e0 infrarouge sont moins inertes thermiquement. Les chauffages infrarouges chauffent rapidement et produisent une chaleur imm\u00e9diate. C'est id\u00e9al pour chauffer rapidement et efficacement le jardin d'hiver les jours de grand froid ou pendant les intersaisons. Mais aussi pour \u00e9teindre rapidement le panneau lorsque le soleil brille et qu'il n'y a pas besoin de beaucoup de chaleur.<\/p>\n<h3>Efficacit\u00e9 \u00e9nerg\u00e9tique<\/h3>\n<p>Si le jardin d'hiver est bien isol\u00e9 et que le chauffage infrarouge est utilis\u00e9 de mani\u00e8re cibl\u00e9e, il peut s'agir d'une solution de chauffage efficace sur le plan \u00e9nerg\u00e9tique. Le temps de chauffage rapide et la diffusion cibl\u00e9e de la chaleur permettent d'\u00e9conomiser de l'\u00e9nergie.<\/p>\n<h3>Co\u00fbts d'installation r\u00e9duits et absence d'entretien<\/h3>\n<p>L'installation de chauffages infrarouges est g\u00e9n\u00e9ralement simple et peu co\u00fbteuse. Il n'est pas n\u00e9cessaire d'installer des tuyauteries ou des radiateurs co\u00fbteux. De plus, les chauffages \u00e0 infrarouge ne n\u00e9cessitent g\u00e9n\u00e9ralement que peu ou pas d'entretien.<\/p>\n<h3>Respect de l'environnement<\/h3>\n<p>Les chauffages infrarouges peuvent \u00eatre aliment\u00e9s par une source d'\u00e9nergie renouvelable comme l'\u00e9nergie solaire, ce qui en fait une option de chauffage \u00e9cologique.<\/p>\n<p><strong>Conclusion<\/strong><\/p>\n<p>Dans l'ensemble, les chauffages \u00e0 infrarouge dans les jardins d'hiver offrent une solution de chauffage efficace, confortable et flexible. Ils contribuent \u00e0 faire du jardin d'hiver une pi\u00e8ce utilisable toute l'ann\u00e9e tout en cr\u00e9ant un climat int\u00e9rieur agr\u00e9able.<\/p>","protected":false},"excerpt":{"rendered":"<p>Un jardin d'hiver est une pi\u00e8ce qui repr\u00e9sente pour de nombreuses personnes une oasis de d\u00e9tente et de relaxation. Pour pouvoir profiter de cette magnifique pi\u00e8ce tout au long de l'ann\u00e9e, une solution de chauffage efficace est n\u00e9cessaire. <\/p>","protected":false},"author":2,"featured_media":1692,"parent":1623,"menu_order":2,"comment_status":"closed","ping_status":"closed","template":"","meta":{"footnotes":""},"class_list":["post-1690","page","type-page","status-publish","has-post-thumbnail","hentry"],"_links":{"self":[{"href":"https:\/\/ecoheat.ch\/fr\/wp-json\/wp\/v2\/pages\/1690","targetHints":{"allow":["GET"]}}],"collection":[{"href":"https:\/\/ecoheat.ch\/fr\/wp-json\/wp\/v2\/pages"}],"about":[{"href":"https:\/\/ecoheat.ch\/fr\/wp-json\/wp\/v2\/types\/page"}],"author":[{"embeddable":true,"href":"https:\/\/ecoheat.ch\/fr\/wp-json\/wp\/v2\/users\/2"}],"replies":[{"embeddable":true,"href":"https:\/\/ecoheat.ch\/fr\/wp-json\/wp\/v2\/comments?post=1690"}],"version-history":[{"count":4,"href":"https:\/\/ecoheat.ch\/fr\/wp-json\/wp\/v2\/pages\/1690\/revisions"}],"predecessor-version":[{"id":1695,"href":"https:\/\/ecoheat.ch\/fr\/wp-json\/wp\/v2\/pages\/1690\/revisions\/1695"}],"up":[{"embeddable":true,"href":"https:\/\/ecoheat.ch\/fr\/wp-json\/wp\/v2\/pages\/1623"}],"wp:featuredmedia":[{"embeddable":true,"href":"https:\/\/ecoheat.ch\/fr\/wp-json\/wp\/v2\/media\/1692"}],"wp:attachment":[{"href":"https:\/\/ecoheat.ch\/fr\/wp-json\/wp\/v2\/media?parent=1690"}],"curies":[{"name":"wp","href":"https:\/\/api.w.org\/{rel}","templated":true}]}}