{"id":1728,"date":"2023-12-13T17:18:31","date_gmt":"2023-12-13T16:18:31","guid":{"rendered":"https:\/\/ecoheat.ch\/?page_id=1728"},"modified":"2023-12-13T17:19:34","modified_gmt":"2023-12-13T16:19:34","slug":"heizsysteme-konvektionswaerme-vs-strahlungswrme","status":"publish","type":"page","link":"https:\/\/ecoheat.ch\/fr\/conseils-sur-le-chauffage\/systemes-de-chauffage-chaleur-de-convection-vs-chaleur-de-rayonnement\/","title":{"rendered":"Syst\u00e8mes de chauffage : chaleur par convection vs. chaleur par rayonnement"},"content":{"rendered":"<h1>Chaleur par convection vs. chaleur par rayonnement : quel syst\u00e8me de chauffage vous convient ?<\/h1>\n<p>\t\t<strong>La mani\u00e8re dont la chaleur est diffus\u00e9e dans nos pi\u00e8ces peut avoir une influence consid\u00e9rable sur notre bien-\u00eatre. Les syst\u00e8mes de chauffage ont la possibilit\u00e9 d'\u00e9mettre de la chaleur soit par convection, soit par rayonnement. Les deux m\u00e9thodes pr\u00e9sentent leurs propres avantages et inconv\u00e9nients. Dans cet article, nous allons expliquer les diff\u00e9rences entre la chaleur par convection et la chaleur par rayonnement et d\u00e9terminer quel syst\u00e8me de chauffage convient le mieux \u00e0 vos besoins.<\/strong><br \/>\n\t\t\t\t\t\t\t\t\t\t\t\t\t\t\t<img loading=\"lazy\" decoding=\"async\" width=\"1500\" height=\"1000\" src=\"https:\/\/ecoheat.ch\/wp-content\/uploads\/2023\/12\/heizsysteme_ecoheat-blog.png\" alt=\"Les diff\u00e9rents syst\u00e8mes de chauffage vous sont expliqu\u00e9s dans ce blog.\" srcset=\"https:\/\/ecoheat.ch\/wp-content\/uploads\/2023\/12\/heizsysteme_ecoheat-blog.png 1500w, https:\/\/ecoheat.ch\/wp-content\/uploads\/2023\/12\/heizsysteme_ecoheat-blog-300x200.png 300w, https:\/\/ecoheat.ch\/wp-content\/uploads\/2023\/12\/heizsysteme_ecoheat-blog-1024x683.png 1024w, https:\/\/ecoheat.ch\/wp-content\/uploads\/2023\/12\/heizsysteme_ecoheat-blog-768x512.png 768w, https:\/\/ecoheat.ch\/wp-content\/uploads\/2023\/12\/heizsysteme_ecoheat-blog-18x12.png 18w\" sizes=\"auto, (max-width: 1500px) 100vw, 1500px\" \/>\t\t\t\t\t\t\t\t\t\t\t\t\t\t\t<\/p>\n<h2>Chaleur de convection<\/h2>\n<p>La chaleur par convection est bas\u00e9e sur le principe traditionnel des radiateurs. De l'air froid est aspir\u00e9 par le radiateur au niveau du sol et est restitu\u00e9 en haut sous forme d'air chaud. L'air chauff\u00e9 monte et se r\u00e9partit dans la pi\u00e8ce, cr\u00e9ant ainsi une circulation d'air continue.<\/p>\n<p>Les avantages de la chaleur par convection sont un r\u00e9chauffement rapide de la pi\u00e8ce et une r\u00e9partition uniforme de la chaleur dans toute la pi\u00e8ce. Toutefois, cette m\u00e9thode a aussi ses inconv\u00e9nients : L'air chaud a tendance \u00e0 s'\u00e9lever, ce qui peut entra\u00eener une diff\u00e9rence de temp\u00e9rature entre la t\u00eate et les pieds dans les pi\u00e8ces hautes. En outre, des tourbillons de poussi\u00e8re peuvent appara\u00eetre, ce qui peut \u00eatre particuli\u00e8rement probl\u00e9matique pour les personnes allergiques.<\/p>\n<h3>Chaleur rayonnante (chaleur infrarouge)<\/h3>\n<p><a href=\"https:\/\/ecoheat.ch\/fr\/ecoheat-basic-chauffages-infrarouges\/\">Chauffages infrarouges<\/a> produisent une chaleur directe par rayonnement, similaire aux rayons du soleil. Ce type de chauffage ne r\u00e9chauffe pas l'air, mais directement les objets et les corps dans la pi\u00e8ce. La chaleur est imm\u00e9diatement perceptible et se concentre sur la zone dans laquelle vous vous trouvez. Les avantages de la chaleur rayonnante r\u00e9sident dans la diffusion rapide et efficace de la chaleur et dans le fait qu'il n'y a pas de tourbillonnement de la poussi\u00e8re, ce qui en fait une solution adapt\u00e9e aux personnes allergiques. Un inconv\u00e9nient \u00e9ventuel r\u00e9side dans le fait que la chaleur est principalement ressentie \u00e0 proximit\u00e9 imm\u00e9diate du chauffage. De plus, les co\u00fbts peuvent augmenter s'il fonctionne en continu, \u00e0 moins d'utiliser de l'\u00e9lectricit\u00e9 photovolta\u00efque.<\/p>\n<h3>Chauffages hybrides \u00e0 infrarouge<\/h3>\n<p>Au cours des derni\u00e8res ann\u00e9es, les <a href=\"https:\/\/ecoheat.ch\/fr\/ecoheat-hybrid-chauffages-infrarouges\/\">Radiateurs hybrides<\/a> se sont r\u00e9v\u00e9l\u00e9s extr\u00eamement efficaces. Ils combinent les avantages des chauffages \u00e0 infrarouge avec ceux du chauffage par convection traditionnel. Un panneau infrarouge situ\u00e9 \u00e0 l'avant du radiateur produit une chaleur rayonnante directe, tandis que la chaleur dissip\u00e9e \u00e0 l'arri\u00e8re est utilis\u00e9e pour chauffer l'air. Ce syst\u00e8me hybride permet d'obtenir une temp\u00e9rature ambiante uniforme et de r\u00e9duire consid\u00e9rablement la consommation d'\u00e9nergie. Gr\u00e2ce \u00e0 la combinaison de ces m\u00e9thodes de chauffage, les chauffages hybrides infrarouges conviennent particuli\u00e8rement bien aux pi\u00e8ces utilis\u00e9es sporadiquement, aux maisons de vacances et aux r\u00e9sidences secondaires.<\/p>\n<p><strong>Conclusion<\/strong><\/p>\n<p>Le choix du meilleur syst\u00e8me de chauffage d\u00e9pend de diff\u00e9rents facteurs tels que la taille de la pi\u00e8ce, la fr\u00e9quence d'utilisation et les pr\u00e9f\u00e9rences personnelles. Lors du choix d'un chauffage infrarouge, il faut toujours miser sur la qualit\u00e9 et la durabilit\u00e9 afin de profiter des avantages \u00e0 long terme.<\/p>","protected":false},"excerpt":{"rendered":"<p>La mani\u00e8re dont la chaleur est diffus\u00e9e dans nos pi\u00e8ces peut avoir une influence consid\u00e9rable sur notre bien-\u00eatre. Les chauffages ont la possibilit\u00e9 d'\u00e9mettre de la chaleur soit par convection, soit par rayonnement.<\/p>","protected":false},"author":2,"featured_media":1731,"parent":1623,"menu_order":4,"comment_status":"closed","ping_status":"closed","template":"","meta":{"footnotes":""},"class_list":["post-1728","page","type-page","status-publish","has-post-thumbnail","hentry"],"_links":{"self":[{"href":"https:\/\/ecoheat.ch\/fr\/wp-json\/wp\/v2\/pages\/1728","targetHints":{"allow":["GET"]}}],"collection":[{"href":"https:\/\/ecoheat.ch\/fr\/wp-json\/wp\/v2\/pages"}],"about":[{"href":"https:\/\/ecoheat.ch\/fr\/wp-json\/wp\/v2\/types\/page"}],"author":[{"embeddable":true,"href":"https:\/\/ecoheat.ch\/fr\/wp-json\/wp\/v2\/users\/2"}],"replies":[{"embeddable":true,"href":"https:\/\/ecoheat.ch\/fr\/wp-json\/wp\/v2\/comments?post=1728"}],"version-history":[{"count":8,"href":"https:\/\/ecoheat.ch\/fr\/wp-json\/wp\/v2\/pages\/1728\/revisions"}],"predecessor-version":[{"id":1737,"href":"https:\/\/ecoheat.ch\/fr\/wp-json\/wp\/v2\/pages\/1728\/revisions\/1737"}],"up":[{"embeddable":true,"href":"https:\/\/ecoheat.ch\/fr\/wp-json\/wp\/v2\/pages\/1623"}],"wp:featuredmedia":[{"embeddable":true,"href":"https:\/\/ecoheat.ch\/fr\/wp-json\/wp\/v2\/media\/1731"}],"wp:attachment":[{"href":"https:\/\/ecoheat.ch\/fr\/wp-json\/wp\/v2\/media?parent=1728"}],"curies":[{"name":"wp","href":"https:\/\/api.w.org\/{rel}","templated":true}]}}