{"id":1793,"date":"2023-12-15T10:30:49","date_gmt":"2023-12-15T09:30:49","guid":{"rendered":"https:\/\/ecoheat.ch\/?page_id=1793"},"modified":"2023-12-15T11:45:29","modified_gmt":"2023-12-15T10:45:29","slug":"infrarotheizung-badezimmerheizung","status":"publish","type":"page","link":"https:\/\/ecoheat.ch\/fr\/conseils-sur-le-chauffage\/chauffage-infrarouge-dans-la-salle-de-bain\/","title":{"rendered":"Un chauffage infrarouge est-il utile pour chauffer une salle de bains ?"},"content":{"rendered":"<h1>Un chauffage infrarouge est-il utile pour chauffer une salle de bains ?<\/h1>\n<p><strong>La salle de bains est souvent l'endroit o\u00f9 nous commen\u00e7ons et terminons notre journ\u00e9e - une pi\u00e8ce qui influence consid\u00e9rablement notre bien-\u00eatre. Mais lorsqu'il s'agit de chauffer cette pi\u00e8ce importante, nombreux sont ceux qui se posent la question suivante : un chauffage \u00e0 infrarouge est-il utile pour chauffer la salle de bains ? Dans cet article, nous allons nous pencher de mani\u00e8re approfondie sur cette question et mettre en lumi\u00e8re les nombreuses raisons pour lesquelles le chauffage \u00e0 infrarouge pourrait \u00eatre un choix extr\u00eamement intelligent pour votre salle de bains.<\/strong><\/p>\n<p>\t\t\t\t\t\t\t\t\t\t\t\t\t\t\t<img loading=\"lazy\" decoding=\"async\" width=\"1500\" height=\"998\" src=\"https:\/\/ecoheat.ch\/wp-content\/uploads\/2023\/12\/heizen-im-badezimmer_ecoheat-blog.webp\" alt=\"Un chauffage infrarouge est-il utile pour chauffer une salle de bains ?\" srcset=\"https:\/\/ecoheat.ch\/wp-content\/uploads\/2023\/12\/heizen-im-badezimmer_ecoheat-blog.webp 1500w, https:\/\/ecoheat.ch\/wp-content\/uploads\/2023\/12\/heizen-im-badezimmer_ecoheat-blog-300x200.webp 300w, https:\/\/ecoheat.ch\/wp-content\/uploads\/2023\/12\/heizen-im-badezimmer_ecoheat-blog-1024x681.webp 1024w, https:\/\/ecoheat.ch\/wp-content\/uploads\/2023\/12\/heizen-im-badezimmer_ecoheat-blog-768x511.webp 768w, https:\/\/ecoheat.ch\/wp-content\/uploads\/2023\/12\/heizen-im-badezimmer_ecoheat-blog-18x12.webp 18w\" sizes=\"auto, (max-width: 1500px) 100vw, 1500px\" \/>\t\t\t\t\t\t\t\t\t\t\t\t\t\t\t<\/p>\n<h2>La rapidit\u00e9 et l'efficacit\u00e9 des chauffages \u00e0 infrarouge<\/h2>\n<p><a href=\"https:\/\/ecoheat.ch\/fr\/ecoheat-classic-chauffages-infrarouges\/\">Chauffages infrarouges<\/a> convainquent par leur \u00e9mission de chaleur rapide et confortable, ce qui les rend id\u00e9aux pour une utilisation dans la salle de bains. Dans cette pi\u00e8ce, les besoins en chaleur augmentent d'environ 4 degr\u00e9s Celsius par rapport aux autres pi\u00e8ces, surtout si l'on consid\u00e8re que nous n'y passons g\u00e9n\u00e9ralement qu'un court moment. Les chauffages infrarouges compensent toutefois rapidement et efficacement cette demande accrue de chaleur, de sorte que vous ne ressentez pas de froid d\u00e9sagr\u00e9able en entrant dans votre salle de bains.<\/p>\n<p>Contrairement aux syst\u00e8mes de chauffage traditionnels qui chauffent l'air ambiant, les chauffages infrarouges \u00e9mettent une chaleur infrarouge qui p\u00e9n\u00e8tre directement dans les murs et les objets. Cela vous permet de ressentir la chaleur bienfaisante sur votre corps en tr\u00e8s peu de temps. Cette caract\u00e9ristique est particuli\u00e8rement avantageuse dans la salle de bains, car nous ne restons souvent que peu de temps dans cette pi\u00e8ce et appr\u00e9cions une chaleur agr\u00e9able avant de prendre une douche ou un bain relaxant.<\/p>\n<h3>Pr\u00e9vention de la formation de moisissures<\/h3>\n<p>Les salles de bains pr\u00e9sentent souvent un taux d'humidit\u00e9 \u00e9lev\u00e9, ce qui peut entra\u00eener la formation de moisissures dans les coins, les joints ou m\u00eame sur des pans entiers de murs. C'est un probl\u00e8me s\u00e9rieux, surtout dans les salles de bains sans fen\u00eatres. L'\u00e9mission continue de chaleur par un chauffage infrarouge est une mesure efficace pour pr\u00e9venir la formation de moisissures. \u00c9tant donn\u00e9 que les moisissures se d\u00e9veloppent dans des environnements humides et froids, le chauffage constant des surfaces et la r\u00e9duction de l'humidit\u00e9 limitent consid\u00e9rablement la possibilit\u00e9 de d\u00e9veloppement de moisissures. Par cons\u00e9quent, les moisissures n'ont pratiquement aucune chance de se d\u00e9velopper en raison de la chaleur d\u00e9gag\u00e9e par le chauffage infrarouge.<\/p>\n<h3>Moins de perte de chaleur lors de l'a\u00e9ration<\/h3>\n<p>Avec les chauffages \u00e0 infrarouge, les murs et les sols chauff\u00e9s sont la principale source de chaleur. Cela signifie que m\u00eame en cas d'a\u00e9ration, la perte de chaleur reste faible, car l'air ambiant qui s'\u00e9chappe n'est pas la raison principale de la chaleur agr\u00e9able dans la salle de bains.<\/p>\n<h3>Efficacit\u00e9 \u00e9nerg\u00e9tique et r\u00e9duction des co\u00fbts<\/h3>\n<p>Les chauffages \u00e0 infrarouge se distinguent non seulement par leur rapidit\u00e9 de chauffage et la pr\u00e9vention des moisissures, mais aussi par leur efficacit\u00e9 \u00e9nerg\u00e9tique. Comme ils ne chauffent que les surfaces n\u00e9cessaires au lieu de chauffer toute la pi\u00e8ce, vous pouvez \u00e9conomiser de l'\u00e9nergie et r\u00e9duire vos frais de chauffage.<\/p>\n<p>Cette efficacit\u00e9 se fait particuli\u00e8rement sentir dans les salles de bains qui ne sont souvent utilis\u00e9es que par intermittence. De plus, vous pouvez combiner le chauffage infrarouge avec une commande intelligente pour r\u00e9gler la temp\u00e9rature exactement selon vos besoins et \u00e9viter une consommation d'\u00e9nergie inutile.<\/p>\n<p>En r\u00e9sum\u00e9, opter pour un chauffage infrarouge dans sa salle de bains est un investissement intelligent et judicieux en termes de confort et de bien-\u00eatre. Non seulement il offre une chaleur efficace, mais il contribue \u00e9galement \u00e0 la pr\u00e9vention des moisissures et minimise les pertes de chaleur lors de l'a\u00e9ration. Faites de votre salle de bains un lieu accueillant o\u00f9 vous vous sentirez parfaitement \u00e0 l'aise.<\/p>","protected":false},"excerpt":{"rendered":"<p>La salle de bains est souvent l'endroit o\u00f9 nous commen\u00e7ons et terminons notre journ\u00e9e - une pi\u00e8ce qui influence consid\u00e9rablement notre bien-\u00eatre. Mais lorsqu'il s'agit de chauffer cette pi\u00e8ce importante, nombreux sont ceux qui se posent la question suivante : un chauffage \u00e0 infrarouge est-il judicieux pour chauffer la salle de bains ?<\/p>","protected":false},"author":2,"featured_media":1794,"parent":1623,"menu_order":14,"comment_status":"closed","ping_status":"closed","template":"","meta":{"footnotes":""},"class_list":["post-1793","page","type-page","status-publish","has-post-thumbnail","hentry"],"_links":{"self":[{"href":"https:\/\/ecoheat.ch\/fr\/wp-json\/wp\/v2\/pages\/1793","targetHints":{"allow":["GET"]}}],"collection":[{"href":"https:\/\/ecoheat.ch\/fr\/wp-json\/wp\/v2\/pages"}],"about":[{"href":"https:\/\/ecoheat.ch\/fr\/wp-json\/wp\/v2\/types\/page"}],"author":[{"embeddable":true,"href":"https:\/\/ecoheat.ch\/fr\/wp-json\/wp\/v2\/users\/2"}],"replies":[{"embeddable":true,"href":"https:\/\/ecoheat.ch\/fr\/wp-json\/wp\/v2\/comments?post=1793"}],"version-history":[{"count":7,"href":"https:\/\/ecoheat.ch\/fr\/wp-json\/wp\/v2\/pages\/1793\/revisions"}],"predecessor-version":[{"id":1802,"href":"https:\/\/ecoheat.ch\/fr\/wp-json\/wp\/v2\/pages\/1793\/revisions\/1802"}],"up":[{"embeddable":true,"href":"https:\/\/ecoheat.ch\/fr\/wp-json\/wp\/v2\/pages\/1623"}],"wp:featuredmedia":[{"embeddable":true,"href":"https:\/\/ecoheat.ch\/fr\/wp-json\/wp\/v2\/media\/1794"}],"wp:attachment":[{"href":"https:\/\/ecoheat.ch\/fr\/wp-json\/wp\/v2\/media?parent=1793"}],"curies":[{"name":"wp","href":"https:\/\/api.w.org\/{rel}","templated":true}]}}