{"id":1803,"date":"2023-12-15T11:20:25","date_gmt":"2023-12-15T10:20:25","guid":{"rendered":"https:\/\/ecoheat.ch\/?page_id=1803"},"modified":"2023-12-15T11:20:34","modified_gmt":"2023-12-15T10:20:34","slug":"heizkosten-senken","status":"publish","type":"page","link":"https:\/\/ecoheat.ch\/fr\/conseils-sur-le-chauffage\/reduire-les-couts-de-chauffage\/","title":{"rendered":"R\u00e9duire les co\u00fbts de chauffage : conseils et astuces pour chauffer intelligemment"},"content":{"rendered":"<h1>R\u00e9duire les co\u00fbts de chauffage : conseils et astuces pour chauffer intelligemment<\/h1>\n<p>\t\t<strong>Les frais de chauffage repr\u00e9sentent un poste important dans le budget des m\u00e9nages. Quelques conseils simples et des appareils de chauffage adapt\u00e9s permettent toutefois de r\u00e9duire consid\u00e9rablement les frais de chauffage. Nous vous donnons un aper\u00e7u complet des diff\u00e9rentes possibilit\u00e9s d'\u00e9conomiser des frais de chauffage, notamment dans le contexte des chauffages \u00e9lectriques modernes.<\/strong><br \/>\n\t\t\t\t\t\t\t\t\t\t\t\t\t\t\t<img loading=\"lazy\" decoding=\"async\" width=\"1500\" height=\"1000\" src=\"https:\/\/ecoheat.ch\/wp-content\/uploads\/2023\/12\/heizkosten-senken_ecoheat-blog.webp\" alt=\"R\u00e9duire les co\u00fbts de chauffage : conseils et astuces pour chauffer intelligemment\" srcset=\"https:\/\/ecoheat.ch\/wp-content\/uploads\/2023\/12\/heizkosten-senken_ecoheat-blog.webp 1500w, https:\/\/ecoheat.ch\/wp-content\/uploads\/2023\/12\/heizkosten-senken_ecoheat-blog-300x200.webp 300w, https:\/\/ecoheat.ch\/wp-content\/uploads\/2023\/12\/heizkosten-senken_ecoheat-blog-1024x683.webp 1024w, https:\/\/ecoheat.ch\/wp-content\/uploads\/2023\/12\/heizkosten-senken_ecoheat-blog-768x512.webp 768w, https:\/\/ecoheat.ch\/wp-content\/uploads\/2023\/12\/heizkosten-senken_ecoheat-blog-18x12.webp 18w\" sizes=\"auto, (max-width: 1500px) 100vw, 1500px\" \/>\t\t\t\t\t\t\t\t\t\t\t\t\t\t\t<\/p>\n<h3>Chauffages \u00e9lectriques<\/h3>\n<p>Les chauffages \u00e9lectriques r\u00e9chauffent l'air de la pi\u00e8ce gr\u00e2ce \u00e0 un \u00e9l\u00e9ment chauffant int\u00e9gr\u00e9. L'air se r\u00e9chauffe et monte. L'air froid redescend et est \u00e0 nouveau r\u00e9chauff\u00e9 par l'\u00e9l\u00e9ment chauffant. Il en r\u00e9sulte un circuit qui r\u00e9chauffe uniform\u00e9ment l'air dans la pi\u00e8ce.<\/p>\n<h3>Radiateurs \u00e9lectriques hybrides<\/h3>\n<p><a href=\"https:\/\/ecofort.ch\/de\/654-hybridradiatoren\" target=\"_blank\" rel=\"noopener\">Radiateurs \u00e9lectriques hybrides<\/a> combinent les avantages du rayonnement infrarouge et de la convection. Le rayonnement infrarouge r\u00e9chauffe directement les objets et les personnes dans la pi\u00e8ce, sans r\u00e9chauffer l'air. Il en r\u00e9sulte une sensation de chaleur agr\u00e9able et homog\u00e8ne. La convection r\u00e9chauffe l'air gr\u00e2ce \u00e0 un \u00e9l\u00e9ment de chauffage int\u00e9gr\u00e9. L'air de la pi\u00e8ce est ainsi chauff\u00e9 de mani\u00e8re homog\u00e8ne.<\/p>\n<p>La principale diff\u00e9rence entre les radiateurs \u00e9lectriques hybrides et les radiateurs \u00e9lectriques est le mode de production de chaleur. Les radiateurs \u00e9lectriques hybrides utilisent deux techniques de chauffage : Le rayonnement infrarouge et la convection. Le rayonnement infrarouge chauffe directement les objets et les personnes dans la pi\u00e8ce, sans r\u00e9chauffer l'air. La convection r\u00e9chauffe l'air gr\u00e2ce \u00e0 un \u00e9l\u00e9ment chauffant int\u00e9gr\u00e9.<\/p>\n<h2>Avantages du chauffage \u00e9lectrique<\/h2>\n<p>Le chauffage \u00e9lectrique pr\u00e9sente quelques avantages \u00e9vidents par rapport aux autres syst\u00e8mes de chauffage :<\/p>\n<p><strong>Tr\u00e8s efficace<\/strong><\/p>\n<p>Les chauffages \u00e9lectriques sont extr\u00eamement efficaces, car ils transforment presque enti\u00e8rement l'\u00e9lectricit\u00e9 en chaleur. Cela signifie que l'\u00e9nergie que vous investissez dans votre chauffage \u00e9lectrique est presque enti\u00e8rement r\u00e9cup\u00e9r\u00e9e sous forme de chaleur. En comparaison, d'autres syst\u00e8mes de chauffage tels que les chauffages au mazout ou au gaz peuvent gaspiller de la chaleur en raison des pertes de gaz d'\u00e9chappement.<\/p>\n<p><strong>Flexible et adapt\u00e9 aux besoins<\/strong><\/p>\n<p>L'une des caract\u00e9ristiques les plus remarquables des chauffages \u00e9lectriques est leur flexibilit\u00e9 d'installation. Ils peuvent \u00eatre install\u00e9s \u00e0 n'importe quel endroit de la pi\u00e8ce, sans n\u00e9cessiter d'importantes transformations. Cela vous permet de placer le chauffage de mani\u00e8re strat\u00e9gique, l\u00e0 o\u00f9 vous avez le plus besoin de chaleur.<\/p>\n<p><strong>Silencieux<\/strong><\/p>\n<p>Par rapport \u00e0 de nombreux autres types de chauffage, les chauffages \u00e9lectriques sont extr\u00eamement silencieux. Ils ne produisent pas de bruits ou de vibrations g\u00eanants qui pourraient nuire au confort de vie. Ils sont donc id\u00e9aux pour les pi\u00e8ces \u00e0 vivre et les chambres \u00e0 coucher.<\/p>\n<p><strong>Peu d'entretien<\/strong><\/p>\n<p>Les chauffages \u00e9lectriques sont \u00e9galement extr\u00eamement rentables en termes d'entretien. Contrairement aux chauffages au fioul ou au gaz, il n'y a pas de pi\u00e8ces mobiles ou de flammes qui n\u00e9cessitent des inspections ou des nettoyages r\u00e9guliers. Cela signifie moins d'efforts et moins de frais courants.<\/p>\n<h3>Chauffages infrarouges<\/h3>\n<p><a href=\"https:\/\/ecoheat.ch\/fr\/ecoheat-basic-chauffages-infrarouges\/\">Chauffages infrarouges<\/a> sont une forme particuli\u00e8re de chauffage \u00e9lectrique. Ils se distinguent par la mani\u00e8re dont ils produisent de la chaleur. Au lieu de chauffer l'air, les chauffages \u00e0 infrarouge chauffent directement les objets et les personnes dans la pi\u00e8ce par rayonnement infrarouge. Ils pr\u00e9sentent en outre d'autres avantages tels que<\/p>\n<p><strong>Une chaleur agr\u00e9able<\/strong><\/p>\n<p>Le rayonnement infrarouge g\u00e9n\u00e9r\u00e9 par les chauffages \u00e0 infrarouge a la propri\u00e9t\u00e9 unique de chauffer directement les objets et les personnes dans la pi\u00e8ce, sans r\u00e9chauffer l'air. Il en r\u00e9sulte une sensation de chaleur extr\u00eamement agr\u00e9able et uniforme, semblable aux rayons du soleil.<\/p>\n<p><strong>Haute efficacit\u00e9<\/strong><\/p>\n<p>Les chauffages \u00e0 infrarouge sont connus pour leur grande efficacit\u00e9. Ils utilisent l'\u00e9nergie de l'\u00e9lectricit\u00e9 de mani\u00e8re optimale pour produire de la chaleur et sont donc peu gourmands en \u00e9nergie. Cela signifie que vous consommez moins d'\u00e9lectricit\u00e9 pour obtenir le confort thermique souhait\u00e9.<\/p>\n<p><strong>Moins de poussi\u00e8re soulev\u00e9e<\/strong><\/p>\n<p>Un autre avantage des chauffages \u00e0 infrarouge est qu'ils ne chauffent pas directement l'air. Ils soul\u00e8vent donc moins de poussi\u00e8re que les chauffages \u00e9lectriques traditionnels ou les autres syst\u00e8mes de chauffage qui font circuler l'air. Cela peut \u00eatre particuli\u00e8rement avantageux pour les personnes souffrant d'allergies ou de maladies respiratoires.<\/p>\n<h2>Chauffer intelligemment - ce \u00e0 quoi je dois faire attention<\/h2>\n<p>L'une des mesures les plus importantes pour r\u00e9duire les frais de chauffage est de chauffer en fonction des besoins. Cela signifie que l'on ne chauffe que la quantit\u00e9 dont on a r\u00e9ellement besoin. Voici quelques m\u00e9thodes \u00e9prouv\u00e9es pour y parvenir :<\/p>\n<p><strong>Baisser la temp\u00e9rature de la pi\u00e8ce<\/strong><\/p>\n<p>La temp\u00e9rature id\u00e9ale d'une pi\u00e8ce se situe normalement autour de 20 \u00b0C. Cependant, nous chauffons souvent nos pi\u00e8ces au-del\u00e0 de ce point, ce qui n'apporte pas plus de confort et entra\u00eene des frais de chauffage inutilement \u00e9lev\u00e9s. En r\u00e9duisant le chauffage principal \u00e0 un niveau agr\u00e9able mais plus \u00e9conomique, comme par exemple \u00e0 18\u00b0, et en utilisant un chauffage \u00e0 infrarouge comme chauffage d'appoint en cas de besoin, vous pouvez r\u00e9aliser des \u00e9conomies d'\u00e9nergie et d'argent consid\u00e9rables.<\/p>\n<p><strong>Fermer les fen\u00eatres et les portes<\/strong><\/p>\n<p>Il est \u00e9tonnant de constater la quantit\u00e9 de chaleur qui se perd par des fen\u00eatres et des portes non \u00e9tanches. Pour \u00e9viter cette perte de chaleur, vous devez vous assurer que vos fen\u00eatres et vos portes sont bien \u00e9tanches. Cela peut se faire en rempla\u00e7ant les joints ou en posant des films isolants.<\/p>\n<p><strong>Fermer les volets roulants ou les stores<\/strong><\/p>\n<p>Les volets roulants ou les stores peuvent jouer un r\u00f4le important dans la conservation de la chaleur dans une pi\u00e8ce. En fermant les volets ou les stores pendant la nuit ou dans des conditions m\u00e9t\u00e9orologiques extr\u00eames, vous pouvez mieux conserver la chaleur dans la pi\u00e8ce et r\u00e9duire ainsi les besoins en chauffage.<\/p>\n<p><strong>Contr\u00f4le automatique du chauffage<\/strong><\/p>\n<p>Un syst\u00e8me moderne de contr\u00f4le automatique du chauffage peut vous aider \u00e0 ne faire fonctionner le chauffage que lorsqu'il est r\u00e9ellement n\u00e9cessaire. Ces syst\u00e8mes peuvent utiliser des capteurs de temp\u00e9rature ambiante et des calendriers pour r\u00e9guler le chauffage en fonction des besoins r\u00e9els. Cela permet non seulement d'assurer le confort, mais aussi de r\u00e9aliser des \u00e9conomies consid\u00e9rables.<\/p>\n<p><strong>Contr\u00f4le Wi-Fi<\/strong><\/p>\n<p>Une autre fa\u00e7on innovante de r\u00e9duire les co\u00fbts de chauffage est d'utiliser une commande Wi-Fi pour votre chauffage \u00e9lectrique. Avec une commande Wi-Fi, vous pouvez contr\u00f4ler votre chauffage de n'importe o\u00f9, pour autant que vous disposiez d'une connexion Internet. C'est particuli\u00e8rement pratique lorsque vous \u00eates hors de chez vous pendant la journ\u00e9e et que vous ne souhaitez pas pour autant \u00e9teindre compl\u00e8tement le chauffage.<\/p>\n<p>En contr\u00f4lant votre chauffage \u00e0 distance, vous pouvez ajuster la temp\u00e9rature de votre maison avant de rentrer chez vous et vous assurer que vous ne chauffez que lorsque c'est vraiment n\u00e9cessaire. Cela contribue non seulement \u00e0 \u00e9conomiser de l'\u00e9nergie, mais aussi \u00e0 am\u00e9liorer votre confort de vie.<\/p>\n<p><strong>Utiliser des technologies de chauffage r\u00e9centes<\/strong><\/p>\n<p>Si votre chauffage \u00e9lectrique a d\u00e9j\u00e0 quelques ann\u00e9es, vous devriez v\u00e9rifier s'il existe des mod\u00e8les plus efficaces sur le march\u00e9. Les nouvelles technologies de chauffage sont g\u00e9n\u00e9ralement plus efficaces et plus respectueuses de l'environnement, ce qui peut permettre de r\u00e9aliser des \u00e9conomies \u00e0 long terme sur les co\u00fbts de chauffage.<\/p>\n<p><strong>V\u00e9rifier le d\u00e9compte des frais de chauffage<\/strong><\/p>\n<p>Le d\u00e9compte des frais de chauffage doit \u00eatre v\u00e9rifi\u00e9 avec soin. Assurez-vous que toutes les donn\u00e9es sont correctes et que vous ne supportez pas de co\u00fbts excessifs. Si vous constatez des incoh\u00e9rences, n'h\u00e9sitez pas \u00e0 les r\u00e9clamer et \u00e0 les clarifier avec votre fournisseur d'\u00e9nergie. Avec <a href=\"https:\/\/makeheatsimple.ch\/de\/\" target=\"_blank\" rel=\"noopener\">MakeHeatSimple<\/a> permet aux propri\u00e9taires de calculer leur potentiel d'\u00e9conomies et de recevoir des suggestions sur les marques qui poss\u00e8dent des t\u00e9l\u00e9commandes adapt\u00e9es \u00e0 leur syst\u00e8me de chauffage et sur les entreprises d'installation \u00e9lectrique qui pourraient effectuer les travaux \u00e0 proximit\u00e9.<\/p>\n<h2>Quel est le chauffage qui me convient le mieux ?<\/h2>\n<p>Le choix du bon chauffage d\u00e9pend des besoins et des exigences de chacun. Si vous recherchez un chauffage efficace et agr\u00e9able, adapt\u00e9 \u00e0 toutes les pi\u00e8ces, les radiateurs \u00e9lectriques hybrides sont un bon choix.<\/p>\n<p><strong>Conclusion<\/strong><\/p>\n<p>R\u00e9duire les frais de chauffage est non seulement possible, mais \u00e9galement judicieux. Les frais de chauffage repr\u00e9sentent une part importante des d\u00e9penses des m\u00e9nages, et en appliquant les conseils et astuces pr\u00e9sent\u00e9s ici, vous pouvez r\u00e9duire consid\u00e9rablement ces co\u00fbts. Les chauffages \u00e9lectriques, en particulier les chauffages \u00e0 infrarouge, offrent un moyen rentable et confortable de chauffer votre maison. En outre, les syst\u00e8mes de contr\u00f4le modernes tels que les commandes Wi-Fi et la prise en compte du chauffage \u00e0 la demande peuvent vous aider \u00e0 minimiser davantage les co\u00fbts de chauffage. N'oubliez pas non plus d'envisager l'utilisation de nouvelles technologies de chauffage pour r\u00e9aliser des \u00e9conomies \u00e0 long terme. La v\u00e9rification de votre d\u00e9compte de chauffage compl\u00e8te les mesures prises pour vous assurer que vous ne payez pas plus que n\u00e9cessaire pour votre chauffage. Une approche globale vous permettra de r\u00e9duire avec succ\u00e8s vos frais de chauffage tout en profitant d'une maison confortable et accueillante.<\/p>","protected":false},"excerpt":{"rendered":"<p>Les frais de chauffage repr\u00e9sentent un poste important dans le budget des m\u00e9nages. Quelques conseils simples et des appareils de chauffage adapt\u00e9s permettent toutefois de r\u00e9duire consid\u00e9rablement les frais de chauffage. Nous vous donnons un aper\u00e7u complet des diff\u00e9rentes possibilit\u00e9s d'\u00e9conomiser des frais de chauffage, notamment dans le contexte des chauffages \u00e9lectriques modernes.<\/p>","protected":false},"author":2,"featured_media":1795,"parent":1623,"menu_order":12,"comment_status":"closed","ping_status":"closed","template":"","meta":{"footnotes":""},"class_list":["post-1803","page","type-page","status-publish","has-post-thumbnail","hentry"],"_links":{"self":[{"href":"https:\/\/ecoheat.ch\/fr\/wp-json\/wp\/v2\/pages\/1803","targetHints":{"allow":["GET"]}}],"collection":[{"href":"https:\/\/ecoheat.ch\/fr\/wp-json\/wp\/v2\/pages"}],"about":[{"href":"https:\/\/ecoheat.ch\/fr\/wp-json\/wp\/v2\/types\/page"}],"author":[{"embeddable":true,"href":"https:\/\/ecoheat.ch\/fr\/wp-json\/wp\/v2\/users\/2"}],"replies":[{"embeddable":true,"href":"https:\/\/ecoheat.ch\/fr\/wp-json\/wp\/v2\/comments?post=1803"}],"version-history":[{"count":6,"href":"https:\/\/ecoheat.ch\/fr\/wp-json\/wp\/v2\/pages\/1803\/revisions"}],"predecessor-version":[{"id":1809,"href":"https:\/\/ecoheat.ch\/fr\/wp-json\/wp\/v2\/pages\/1803\/revisions\/1809"}],"up":[{"embeddable":true,"href":"https:\/\/ecoheat.ch\/fr\/wp-json\/wp\/v2\/pages\/1623"}],"wp:featuredmedia":[{"embeddable":true,"href":"https:\/\/ecoheat.ch\/fr\/wp-json\/wp\/v2\/media\/1795"}],"wp:attachment":[{"href":"https:\/\/ecoheat.ch\/fr\/wp-json\/wp\/v2\/media?parent=1803"}],"curies":[{"name":"wp","href":"https:\/\/api.w.org\/{rel}","templated":true}]}}