{"id":239,"date":"2022-12-30T10:20:10","date_gmt":"2022-12-30T09:20:10","guid":{"rendered":"https:\/\/practical-shannon.185-46-59-137.plesk.page\/?page_id=239"},"modified":"2023-11-23T14:11:48","modified_gmt":"2023-11-23T13:11:48","slug":"ecoheat-hybrid-infrarotheizungen","status":"publish","type":"page","link":"https:\/\/ecoheat.ch\/fr\/ecoheat-hybrid-chauffages-infrarouges\/","title":{"rendered":"Chauffages infrarouges hybrides ecoheat"},"content":{"rendered":"<h1>ecoheat Hybrid<\/h1>\n<h2>Radiateur infrarouge hybride<\/h2>\n<p>L'unique\u00a0<em>ecoheat Hybrid<\/em> combine les avantages d'un chauffage \u00e0 infrarouge avec ceux d'un chauffage par convecteur.<\/p>\n<p>Quelques m\u00e8tres autour de la <em>ecoheat Hybrid<\/em> autour, la sensation de chaleur est agr\u00e9able, comme \u00e0 proximit\u00e9 d'un po\u00eale en fa\u00efence. De plus, comme avec un convecteur \u00e9lectrique, l'air r\u00e9chauff\u00e9 se r\u00e9partit dans toute la pi\u00e8ce.<\/p>\n<p>\t\t\t\t\t\t\t\t\t\t\t\t\t\t\t<img decoding=\"async\" width=\"800\" height=\"534\" src=\"https:\/\/ecoheat.ch\/wp-content\/uploads\/2023\/03\/ecoheat-hybrid-1000_lifestyle_buero_sitzgruppe_1500x1000-1024x683.webp\" alt=\"Radiateur hybride infrarouge ecoheat pour un salon\" loading=\"lazy\" srcset=\"https:\/\/ecoheat.ch\/wp-content\/uploads\/2023\/03\/ecoheat-hybrid-1000_lifestyle_buero_sitzgruppe_1500x1000-1024x683.webp 1024w, https:\/\/ecoheat.ch\/wp-content\/uploads\/2023\/03\/ecoheat-hybrid-1000_lifestyle_buero_sitzgruppe_1500x1000-300x200.webp 300w, https:\/\/ecoheat.ch\/wp-content\/uploads\/2023\/03\/ecoheat-hybrid-1000_lifestyle_buero_sitzgruppe_1500x1000-768x512.webp 768w, https:\/\/ecoheat.ch\/wp-content\/uploads\/2023\/03\/ecoheat-hybrid-1000_lifestyle_buero_sitzgruppe_1500x1000-18x12.webp 18w, https:\/\/ecoheat.ch\/wp-content\/uploads\/2023\/03\/ecoheat-hybrid-1000_lifestyle_buero_sitzgruppe_1500x1000.webp 1500w\" sizes=\"auto, (max-width: 800px) 100vw, 800px\" \/>\t\t\t\t\t\t\t\t\t\t\t\t\t\t\t<\/p>\n<ul>\n<li>\n\t\t\t\t\t\t\t\t\t\tPuissante puissance de chauffage combin\u00e9e : chaleur infrarouge et convective\n\t\t\t\t\t\t\t\t\t<\/li>\n<li>\n\t\t\t\t\t\t\t\t\t\tRemplacement optimal des chauffages \u00e9lectriques \u00e0 accumulation nocturne\n\t\t\t\t\t\t\t\t\t<\/li>\n<li>\n\t\t\t\t\t\t\t\t\t\tFonctionnement silencieux et sans entretien\n\t\t\t\t\t\t\t\t\t<\/li>\n<li>\n\t\t\t\t\t\t\t\t\t\tProtection contre la surchauffe et les surtensions\n\t\t\t\t\t\t\t\t\t<\/li>\n<\/ul>\n<p>Quelques minutes apr\u00e8s la mise en marche du radiateur hybride, la chaleur infrarouge \u00e9mise par la face avant est nettement perceptible. De plus, de l'air chaud (chaleur de convection) sort par les rainures situ\u00e9es sur la partie sup\u00e9rieure du radiateur. Apr\u00e8s seulement 20 minutes de chauffage, la pleine puissance thermique est atteinte.<\/p>\n<p>Alors que les chauffages \u00e0 infrarouges traditionnels ne chauffent pas directement l'air, les<em> ecoheat Hybrid<\/em> pour une temp\u00e9rature de l'air agr\u00e9able dans toute la pi\u00e8ce. C'est un grand avantage dans les pi\u00e8ces fra\u00eeches et mal isol\u00e9es. C'est justement en cas de gel que le r\u00e9chauffement de l'air \u00e0 l'aide d'un chauffage par convecteur est tr\u00e8s important, afin que tous les coins et recoins de la pi\u00e8ce soient r\u00e9chauff\u00e9s.<\/p>\n<h4>Hybrid 600<\/h4>\n<p>60 x 60 x 5 cm<\/p>\n<p>600 watts<\/p>\n<h4>Hybrid 1000<\/h4>\n<p>60 x 100 x 5 cm<\/p>\n<p>1000 watts<\/p>\n<h4>Hybrid 1000 vertical<\/h4>\n<p>100 x 60 x 5 cm<\/p>\n<p>1000 watts<\/p>\n<h4>Hybrid 1400<\/h4>\n<p>60 x 140 x 5 cm<\/p>\n<p>1400 watts<\/p>\n<p>\t\t\t\t\t\t\t\t\t\t\t\t\t\t\t<img decoding=\"async\" width=\"1500\" height=\"1000\" src=\"https:\/\/ecoheat.ch\/wp-content\/uploads\/2023\/01\/ecoheat-hybrid_lifestyle_detail_closeup_2_1500x1000.jpg\" alt=\"Radiateur infrarouge ecoheat Hybrid Gros plan d&#039;en haut\" loading=\"lazy\" srcset=\"https:\/\/ecoheat.ch\/wp-content\/uploads\/2023\/01\/ecoheat-hybrid_lifestyle_detail_closeup_2_1500x1000.jpg 1500w, https:\/\/ecoheat.ch\/wp-content\/uploads\/2023\/01\/ecoheat-hybrid_lifestyle_detail_closeup_2_1500x1000-300x200.jpg 300w, https:\/\/ecoheat.ch\/wp-content\/uploads\/2023\/01\/ecoheat-hybrid_lifestyle_detail_closeup_2_1500x1000-1024x683.jpg 1024w, https:\/\/ecoheat.ch\/wp-content\/uploads\/2023\/01\/ecoheat-hybrid_lifestyle_detail_closeup_2_1500x1000-768x512.jpg 768w\" sizes=\"auto, (max-width: 1500px) 100vw, 1500px\" \/><br \/>\n\t\t\t\t\t\t\t<button id=\"e-n-tabs-title-1041\" aria-selected=\"true\" data-tab-index=\"1\" role=\"tab\" tabindex=\"0\" aria-controls=\"e-n-tab-content-1041\" style=\"--n-tabs-title-order: 1;\"><br \/>\n\t\t\t\t\tContenu de la livraison<br \/>\n\t\t\t<\/button><br \/>\n\t\t\t\t\t<button id=\"e-n-tabs-title-1042\" aria-selected=\"false\" data-tab-index=\"2\" role=\"tab\" tabindex=\"-1\" aria-controls=\"e-n-tab-content-1042\" style=\"--n-tabs-title-order: 2;\"><br \/>\n\t\t\t\t\tPieds de support<br \/>\n\t\t\t<\/button><br \/>\n\t\t\t\t\t<button id=\"e-n-tabs-title-1043\" aria-selected=\"false\" data-tab-index=\"3\" role=\"tab\" tabindex=\"-1\" aria-controls=\"e-n-tab-content-1043\" style=\"--n-tabs-title-order: 3;\"><br \/>\n\t\t\t\t\tDonn\u00e9es techniques<br \/>\n\t\t\t<\/button><br \/>\n\t\t\t\t\t<button id=\"e-n-tabs-title-1044\" aria-selected=\"false\" data-tab-index=\"4\" role=\"tab\" tabindex=\"-1\" aria-controls=\"e-n-tab-content-1044\" style=\"--n-tabs-title-order: 4;\"><br \/>\n\t\t\t\t\tT\u00e9l\u00e9chargements<br \/>\n\t\t\t<\/button><\/p>\n<ul>\n<li>2 supports muraux et kit de montage<\/li>\n<li>Pieds (pas pour la version verticale)<\/li>\n<li>Mode d'emploi<\/li>\n<\/ul>\n<p>\t\t\t\t\t\t\t\t\t\t\t\t\t\t\t\t<a href=\"https:\/\/ecofort.ch\/fr\/materiel-de-montage\/1489-pieds-chauffage-hybride-ecoheat.html\" target=\"_blank\" rel=\"noopener\"><br \/>\n\t\t\t\t\t\t\t<img decoding=\"async\" width=\"800\" height=\"800\" src=\"https:\/\/ecoheat.ch\/wp-content\/uploads\/2023\/01\/standfusse-ecoheat-hybridheizung.jpg\" alt=\"Pieds de support ecoheat Hybrid\" loading=\"lazy\" srcset=\"https:\/\/ecoheat.ch\/wp-content\/uploads\/2023\/01\/standfusse-ecoheat-hybridheizung.jpg 800w, https:\/\/ecoheat.ch\/wp-content\/uploads\/2023\/01\/standfusse-ecoheat-hybridheizung-300x300.jpg 300w, https:\/\/ecoheat.ch\/wp-content\/uploads\/2023\/01\/standfusse-ecoheat-hybridheizung-150x150.jpg 150w, https:\/\/ecoheat.ch\/wp-content\/uploads\/2023\/01\/standfusse-ecoheat-hybridheizung-768x768.jpg 768w\" sizes=\"auto, (max-width: 800px) 100vw, 800px\" \/>\t\t\t\t\t\t\t\t<\/a><br \/>\n\t\t\t<a href=\"https:\/\/ecofort.ch\/fr\/materiel-de-montage\/1489-pieds-chauffage-hybride-ecoheat.html\" target=\"_blank\" rel=\"noopener\"><br \/>\n\t\t\t\t\t\tAcheter<br \/>\n\t\t\t\t\t<\/a><\/p>\n<p>Si les petits pieds en plastique fournis ne sont pas assez robustes, ces pieds m\u00e9talliques \u201cHeavy Duty\u201d sont la bonne solution. Ils permettent de fixer les\u00a0<em>ecoheat Hybrid<\/em> Ils permettent une mobilit\u00e9 maximale, m\u00eame dans des conditions d'utilisation quotidiennes plus difficiles.<\/p>\n<p>Le montage est tr\u00e8s simple : les deux pieds sont align\u00e9s sur les trous pr\u00e9vus du chauffage et fix\u00e9s avec les vis fournies.<\/p>\n<table>\n<tbody>\n<tr>\n<td>Port\u00e9e du rayonnement<\/td>\n<td>environ 3,5 m\u00e8tres<\/td>\n<\/tr>\n<tr>\n<td>Angle de rayonnement<\/td>\n<td>environ 170 \u00b0.<\/td>\n<\/tr>\n<tr>\n<td>Temp\u00e9rature de surface<\/td>\n<td>50 - 110 \u00b0C<\/td>\n<\/tr>\n<tr>\n<td>Alimentation \u00e9lectrique<\/td>\n<td>230 V \/ 50 Hz<\/td>\n<\/tr>\n<tr>\n<td>C\u00e2ble de raccordement<\/td>\n<td>Prise suisse<\/td>\n<\/tr>\n<tr>\n<td>Protection contre la surchauffe<\/td>\n<td>Oui<\/td>\n<\/tr>\n<tr>\n<td>Protection contre les surtensions<\/td>\n<td>Oui<\/td>\n<\/tr>\n<tr>\n<td>Classe de protection<\/td>\n<td>IP20<\/td>\n<\/tr>\n<tr>\n<td>Couleur<\/td>\n<td>Blanc (RAL 9016)<\/td>\n<\/tr>\n<tr>\n<td>Marque de certification<\/td>\n<td>CE<\/td>\n<\/tr>\n<\/tbody>\n<\/table>\n<ul>\n<li>\n\t\t\t\t\t\t\t\t\t\t\t<a href=\"\/wp-content\/uploads\/2022\/12\/hybridboard-manual-D-F-I_2022_web.pdf\"><br \/>\n\t\t\t\t\t\t\t\t\t\tInstructions<br \/>\n\t\t\t\t\t\t\t\t\t\t\t<\/a>\n\t\t\t\t\t\t\t\t\t<\/li>\n<li>\n\t\t\t\t\t\t\t\t\t\t\t<a href=\"\/wp-content\/uploads\/2022\/12\/instructions de montage des pieds de support.pdf\"><br \/>\n\t\t\t\t\t\t\t\t\t\tMontage des pieds<br \/>\n\t\t\t\t\t\t\t\t\t\t\t<\/a>\n\t\t\t\t\t\t\t\t\t<\/li>\n<\/ul>\n<ul>\n<li>\n\t\t\t\t\t\t\t\t\t\t\t<a href=\"\/wp-content\/uploads\/2022\/12\/hybridboard-manual-D-F-I_2022_web.pdf\"><br \/>\n\t\t\t\t\t\t\t\t\t\tInstructions<br \/>\n\t\t\t\t\t\t\t\t\t\t\t<\/a>\n\t\t\t\t\t\t\t\t\t<\/li>\n<li>\n\t\t\t\t\t\t\t\t\t\t\t<a href=\"\/wp-content\/uploads\/2022\/12\/instructions de montage des pieds de support.pdf\"><br \/>\n\t\t\t\t\t\t\t\t\t\tMontage des pieds<br \/>\n\t\t\t\t\t\t\t\t\t\t\t<\/a>\n\t\t\t\t\t\t\t\t\t<\/li>\n<\/ul>\n<ul>\n<li>2 supports muraux et kit de montage<\/li>\n<li>Pieds (pas pour la version verticale)<\/li>\n<li>Mode d'emploi<\/li>\n<\/ul>\n<p>\t\t\t\t\t\t\t\t\t\t\t\t\t\t\t\t<a href=\"https:\/\/ecofort.ch\/fr\/materiel-de-montage\/1489-pieds-chauffage-hybride-ecoheat.html\" target=\"_blank\" rel=\"noopener\"><br \/>\n\t\t\t\t\t\t\t<img decoding=\"async\" width=\"800\" height=\"800\" src=\"https:\/\/ecoheat.ch\/wp-content\/uploads\/2023\/01\/standfusse-ecoheat-hybridheizung.jpg\" alt=\"Pieds de support ecoheat Hybrid\" loading=\"lazy\" srcset=\"https:\/\/ecoheat.ch\/wp-content\/uploads\/2023\/01\/standfusse-ecoheat-hybridheizung.jpg 800w, https:\/\/ecoheat.ch\/wp-content\/uploads\/2023\/01\/standfusse-ecoheat-hybridheizung-300x300.jpg 300w, https:\/\/ecoheat.ch\/wp-content\/uploads\/2023\/01\/standfusse-ecoheat-hybridheizung-150x150.jpg 150w, https:\/\/ecoheat.ch\/wp-content\/uploads\/2023\/01\/standfusse-ecoheat-hybridheizung-768x768.jpg 768w\" sizes=\"auto, (max-width: 800px) 100vw, 800px\" \/>\t\t\t\t\t\t\t\t<\/a><br \/>\n\t\t\t<a href=\"https:\/\/ecofort.ch\/fr\/materiel-de-montage\/1489-pieds-chauffage-hybride-ecoheat.html\" target=\"_blank\" rel=\"noopener\"><br \/>\n\t\t\t\t\t\tAcheter<br \/>\n\t\t\t\t\t<\/a><\/p>\n<p>Si les petits pieds en plastique fournis ne sont pas assez robustes, ces pieds m\u00e9talliques \"heavy duty\" sont la bonne solution. Ils permettent de fixer les\u00a0<em>ecoheat Hybrid<\/em> Ils permettent une mobilit\u00e9 maximale, m\u00eame dans des conditions d'utilisation quotidiennes plus difficiles.<\/p>\n<p>Le montage est tr\u00e8s simple : les deux pieds sont align\u00e9s sur les trous pr\u00e9vus du chauffage et fix\u00e9s avec les vis fournies.<\/p>\n<table>\n<tbody>\n<tr>\n<td>Port\u00e9e du rayonnement<\/td>\n<td>environ 3,5 m\u00e8tres<\/td>\n<\/tr>\n<tr>\n<td>Angle de rayonnement<\/td>\n<td>environ 170 \u00b0.<\/td>\n<\/tr>\n<tr>\n<td>Temp\u00e9rature de surface<\/td>\n<td>50 - 110 \u00b0C<\/td>\n<\/tr>\n<tr>\n<td>Alimentation \u00e9lectrique<\/td>\n<td>230 V \/ 50 Hz<\/td>\n<\/tr>\n<tr>\n<td>C\u00e2ble de raccordement<\/td>\n<td>Prise suisse<\/td>\n<\/tr>\n<tr>\n<td>Protection contre la surchauffe<\/td>\n<td>Oui<\/td>\n<\/tr>\n<tr>\n<td>Protection contre les surtensions<\/td>\n<td>Oui<\/td>\n<\/tr>\n<tr>\n<td>Classe de protection<\/td>\n<td>IP20<\/td>\n<\/tr>\n<tr>\n<td>Couleur<\/td>\n<td>Blanc (RAL 9016)<\/td>\n<\/tr>\n<tr>\n<td>Marque de certification<\/td>\n<td>CE<\/td>\n<\/tr>\n<\/tbody>\n<\/table>\n<ul>\n<li>\n\t\t\t\t\t\t\t\t\t\t\t<a href=\"\/wp-content\/uploads\/2022\/12\/hybridboard-manual-D-F-I_2022_web.pdf\"><br \/>\n\t\t\t\t\t\t\t\t\t\tInstructions<br \/>\n\t\t\t\t\t\t\t\t\t\t\t<\/a>\n\t\t\t\t\t\t\t\t\t<\/li>\n<li>\n\t\t\t\t\t\t\t\t\t\t\t<a href=\"\/wp-content\/uploads\/2022\/12\/instructions de montage des pieds de support.pdf\"><br \/>\n\t\t\t\t\t\t\t\t\t\tMontage des pieds<br \/>\n\t\t\t\t\t\t\t\t\t\t\t<\/a>\n\t\t\t\t\t\t\t\t\t<\/li>\n<\/ul>\n<ul>\n<li>\n\t\t\t\t\t\t\t\t\t\t\t<a href=\"\/wp-content\/uploads\/2022\/12\/hybridboard-manual-D-F-I_2022_web.pdf\"><br \/>\n\t\t\t\t\t\t\t\t\t\tInstructions<br \/>\n\t\t\t\t\t\t\t\t\t\t\t<\/a>\n\t\t\t\t\t\t\t\t\t<\/li>\n<li>\n\t\t\t\t\t\t\t\t\t\t\t<a href=\"\/wp-content\/uploads\/2022\/12\/instructions de montage des pieds de support.pdf\"><br \/>\n\t\t\t\t\t\t\t\t\t\tMontage des pieds<br \/>\n\t\t\t\t\t\t\t\t\t\t\t<\/a>\n\t\t\t\t\t\t\t\t\t<\/li>\n<\/ul>\n<p>\t\t\t<a href=\"https:\/\/ecofort.ch\/fr\/radiateurs-hybrides\/80-ecoheat-chauffage-hybride.html\" target=\"_blank\" rel=\"noopener\"><br \/>\n\t\t\t\t\t\tPlus d'informations dans le shop<br \/>\n\t\t\t\t\t<\/a><br \/>\n\t\t\t<a href=\"https:\/\/ecofort.ch\/fr\/radiateurs-hybrides\/80-ecoheat-chauffage-hybride.html\" target=\"_blank\" rel=\"noopener\"><br \/>\n\t\t\t\t\t\tPlus d'informations dans le shop<br \/>\n\t\t\t\t\t<\/a><\/p>","protected":false},"excerpt":{"rendered":"<p>ecoheat Hybrid Infrarot-Radiator Die einzigartige\u00a0ecoheat Hybrid kombiniert die Vorteile einer Infrarotheizung mit denjenigen einer Konvektorheizung. Einige Meter um die ecoheat Hybrid herum f\u00fchlt es sich wie in der N\u00e4he eines Kachelofens wohlig warm an. Wie bei einem elektrischen Konvektor verteilt sich zudem die aufgew\u00e4rmte Luft im ganzen Raum. Starke Kombi-Heizleistung: Infrarot- und Konvektionsw\u00e4rme Optimaler Ersatz [&hellip;]<\/p>\n","protected":false},"author":2,"featured_media":0,"parent":0,"menu_order":0,"comment_status":"closed","ping_status":"closed","template":"","meta":{"footnotes":""},"class_list":["post-239","page","type-page","status-publish","hentry"],"_links":{"self":[{"href":"https:\/\/ecoheat.ch\/fr\/wp-json\/wp\/v2\/pages\/239","targetHints":{"allow":["GET"]}}],"collection":[{"href":"https:\/\/ecoheat.ch\/fr\/wp-json\/wp\/v2\/pages"}],"about":[{"href":"https:\/\/ecoheat.ch\/fr\/wp-json\/wp\/v2\/types\/page"}],"author":[{"embeddable":true,"href":"https:\/\/ecoheat.ch\/fr\/wp-json\/wp\/v2\/users\/2"}],"replies":[{"embeddable":true,"href":"https:\/\/ecoheat.ch\/fr\/wp-json\/wp\/v2\/comments?post=239"}],"version-history":[{"count":151,"href":"https:\/\/ecoheat.ch\/fr\/wp-json\/wp\/v2\/pages\/239\/revisions"}],"predecessor-version":[{"id":1585,"href":"https:\/\/ecoheat.ch\/fr\/wp-json\/wp\/v2\/pages\/239\/revisions\/1585"}],"wp:attachment":[{"href":"https:\/\/ecoheat.ch\/fr\/wp-json\/wp\/v2\/media?parent=239"}],"curies":[{"name":"wp","href":"https:\/\/api.w.org\/{rel}","templated":true}]}}