{"id":31,"date":"2022-12-06T11:10:47","date_gmt":"2022-12-06T10:10:47","guid":{"rendered":"https:\/\/practical-shannon.185-46-59-137.plesk.page\/?page_id=31"},"modified":"2023-11-23T14:10:53","modified_gmt":"2023-11-23T13:10:53","slug":"ecoheat-classic-infrarotheizungen","status":"publish","type":"page","link":"https:\/\/ecoheat.ch\/fr\/ecoheat-classic-chauffages-infrarouges\/","title":{"rendered":"Chauffages \u00e0 infrarouge ecoheat Classic"},"content":{"rendered":"<h1>ecoheat Classic<\/h1>\n<h2>Chauffage infrarouge<\/h2>\n<p>Le site\u00a0<em>ecoheat Classic<\/em> Les chauffages infrarouges sont fabriqu\u00e9s en t\u00f4le d'acier galvanis\u00e9e et rev\u00eatue par poudre et peuvent \u00eatre utilis\u00e9s pour un chauffage ponctuel ou complet.<\/p>\n<p>Les panneaux infrarouges sans cadre s'int\u00e8grent discr\u00e8tement dans la pi\u00e8ce et r\u00e9partissent les rayons thermiques de mani\u00e8re optimale gr\u00e2ce \u00e0 leurs coins biseaut\u00e9s. Le syst\u00e8me de montage intelligent permet un montage simple et s\u00fbr au mur ou au plafond.\u00a0<\/p>\n<p>\t\t\t\t\t\t\t\t\t\t\t\t\t\t\t<img decoding=\"async\" width=\"800\" height=\"534\" src=\"https:\/\/ecoheat.ch\/wp-content\/uploads\/2023\/01\/ecoheat-classic-450-standfuesse_lifestyle_office_room_1500x1000-1024x683.jpg\" alt=\"Chauffage \u00e9lectrique infrarouge ecoheat Classic sur pieds \u00e0 c\u00f4t\u00e9 d&#039;une plante dans un bureau\" loading=\"lazy\" srcset=\"https:\/\/ecoheat.ch\/wp-content\/uploads\/2023\/01\/ecoheat-classic-450-standfuesse_lifestyle_office_room_1500x1000-1024x683.jpg 1024w, https:\/\/ecoheat.ch\/wp-content\/uploads\/2023\/01\/ecoheat-classic-450-standfuesse_lifestyle_office_room_1500x1000-300x200.jpg 300w, https:\/\/ecoheat.ch\/wp-content\/uploads\/2023\/01\/ecoheat-classic-450-standfuesse_lifestyle_office_room_1500x1000-768x512.jpg 768w, https:\/\/ecoheat.ch\/wp-content\/uploads\/2023\/01\/ecoheat-classic-450-standfuesse_lifestyle_office_room_1500x1000.jpg 1500w\" sizes=\"auto, (max-width: 800px) 100vw, 800px\" \/>\t\t\t\t\t\t\t\t\t\t\t\t\t\t\t<\/p>\n<ul>\n<li>\n\t\t\t\t\t\t\t\t\t\tBo\u00eetier en acier avec alliage sp\u00e9cial pour une dissipation optimale de la chaleur\n\t\t\t\t\t\t\t\t\t<\/li>\n<li>\n\t\t\t\t\t\t\t\t\t\tProtection contre la surchauffe et les surtensions\n\t\t\t\t\t\t\t\t\t<\/li>\n<li>\n\t\t\t\t\t\t\t\t\t\tDos tr\u00e8s bien isol\u00e9\n\t\t\t\t\t\t\t\t\t<\/li>\n<li>\n\t\t\t\t\t\t\t\t\t\tCertifi\u00e9 GS\n\t\t\t\t\t\t\t\t\t<\/li>\n<\/ul>\n<h4>Classic 300<\/h4>\n<p>40 x 60 x 2.5 cm<\/p>\n<p>300 watts<\/p>\n<h4>Classic 450<\/h4>\n<p>60 x 60 x 2.5 cm<\/p>\n<p>450 watts<\/p>\n<h4>Classic 550<\/h4>\n<p>40 x 120 x 2.5 cm<\/p>\n<p>550 watts<\/p>\n<h4>Classic 700<\/h4>\n<p>60 x 90 x 2.5 cm<\/p>\n<p>700 watts<\/p>\n<h4>Classic 900<\/h4>\n<p>60 x 120 x 2.5 cm<\/p>\n<p>900 watts<\/p>\n<p>\t\t\t\t\t\t\t\t\t\t\t\t\t\t\t<img decoding=\"async\" width=\"1500\" height=\"1000\" src=\"https:\/\/ecoheat.ch\/wp-content\/uploads\/2023\/01\/ecoheat-classic-450_lifestyle_office_room_1500x1000.jpg\" alt=\"\" loading=\"lazy\" srcset=\"https:\/\/ecoheat.ch\/wp-content\/uploads\/2023\/01\/ecoheat-classic-450_lifestyle_office_room_1500x1000.jpg 1500w, https:\/\/ecoheat.ch\/wp-content\/uploads\/2023\/01\/ecoheat-classic-450_lifestyle_office_room_1500x1000-300x200.jpg 300w, https:\/\/ecoheat.ch\/wp-content\/uploads\/2023\/01\/ecoheat-classic-450_lifestyle_office_room_1500x1000-1024x683.jpg 1024w, https:\/\/ecoheat.ch\/wp-content\/uploads\/2023\/01\/ecoheat-classic-450_lifestyle_office_room_1500x1000-768x512.jpg 768w\" sizes=\"auto, (max-width: 1500px) 100vw, 1500px\" \/><br \/>\n\t\t\t\t\t\t\t<button id=\"e-n-tabs-title-1031\" aria-selected=\"true\" data-tab-index=\"1\" role=\"tab\" tabindex=\"0\" aria-controls=\"e-n-tab-content-1031\" style=\"--n-tabs-title-order: 1;\"><br \/>\n\t\t\t\t\tContenu de la livraison<br \/>\n\t\t\t<\/button><br \/>\n\t\t\t\t\t<button id=\"e-n-tabs-title-1032\" aria-selected=\"false\" data-tab-index=\"2\" role=\"tab\" tabindex=\"-1\" aria-controls=\"e-n-tab-content-1032\" style=\"--n-tabs-title-order: 2;\"><br \/>\n\t\t\t\t\tPieds de support<br \/>\n\t\t\t<\/button><br \/>\n\t\t\t\t\t<button id=\"e-n-tabs-title-1033\" aria-selected=\"false\" data-tab-index=\"3\" role=\"tab\" tabindex=\"-1\" aria-controls=\"e-n-tab-content-1033\" style=\"--n-tabs-title-order: 3;\"><br \/>\n\t\t\t\t\tDonn\u00e9es techniques<br \/>\n\t\t\t<\/button><br \/>\n\t\t\t\t\t<button id=\"e-n-tabs-title-1034\" aria-selected=\"false\" data-tab-index=\"4\" role=\"tab\" tabindex=\"-1\" aria-controls=\"e-n-tab-content-1034\" style=\"--n-tabs-title-order: 4;\"><br \/>\n\t\t\t\t\tT\u00e9l\u00e9chargements<br \/>\n\t\t\t<\/button><\/p>\n<ul>\n<li>Kit de montage<\/li>\n<li>Mode d'emploi<\/li>\n<\/ul>\n<p>\t\t\t\t\t\t\t\t\t\t\t\t\t\t\t\t<a href=\"https:\/\/ecofort.ch\/fr\/materiel-de-montage\/1357-pieds-chauffage-ecoheat-classic.html\" target=\"_blank\" rel=\"noopener\"><br \/>\n\t\t\t\t\t\t\t<img decoding=\"async\" width=\"480\" height=\"480\" src=\"https:\/\/ecoheat.ch\/wp-content\/uploads\/2023\/01\/ecoheat_classic_standfuesse_480x480.jpg\" alt=\"Pieds ecoheat Classic\" loading=\"lazy\" srcset=\"https:\/\/ecoheat.ch\/wp-content\/uploads\/2023\/01\/ecoheat_classic_standfuesse_480x480.jpg 480w, https:\/\/ecoheat.ch\/wp-content\/uploads\/2023\/01\/ecoheat_classic_standfuesse_480x480-300x300.jpg 300w, https:\/\/ecoheat.ch\/wp-content\/uploads\/2023\/01\/ecoheat_classic_standfuesse_480x480-150x150.jpg 150w\" sizes=\"auto, (max-width: 480px) 100vw, 480px\" \/>\t\t\t\t\t\t\t\t<\/a><br \/>\n\t\t\t<a href=\"https:\/\/ecofort.ch\/fr\/materiel-de-montage\/1357-pieds-chauffage-ecoheat-classic.html\" target=\"_blank\" rel=\"noopener\"><br \/>\n\t\t\t\t\t\tAcheter<br \/>\n\t\t\t\t\t<\/a><\/p>\n<p>Avec ces pieds, tous les\u00a0<em>ecoheat Classic<\/em> \u00eatre utilis\u00e9 partout de mani\u00e8re flexible et mobile<\/p>\n<p>Les pieds \u201cSmall\u201d sont adapt\u00e9s aux mod\u00e8les suivants :<\/p>\n<ul>\n<li>Classic 300, uniquement pour l'orientation horizontale du chauffage<\/li>\n<li>Classic 550, uniquement pour l'orientation horizontale du chauffage<\/li>\n<\/ul>\n<p>\u00a0<\/p>\n<p>Les pieds \u201cLarge\u201d sont adapt\u00e9s aux mod\u00e8les suivants :<\/p>\n<ul>\n<li>Classic 450<\/li>\n<li>Classic 700, uniquement pour l'orientation horizontale du chauffage<\/li>\n<li>Classic 900, uniquement pour l'orientation horizontale du chauffage<\/li>\n<\/ul>\n<table>\n<tbody>\n<tr>\n<td>Contr\u00f4le<\/td>\n<td>Sans commande \/ sans interrupteur<\/td>\n<\/tr>\n<tr>\n<td>Montage<\/td>\n<td>Montage horizontal ou vertical au mur ou au plafond, mobile sur des pieds disponibles en option<\/td>\n<\/tr>\n<tr>\n<td>Temp\u00e9rature de surface<\/td>\n<td>85 - 95 \u00b0C<\/td>\n<\/tr>\n<tr>\n<td>C\u00e2ble de raccordement<\/td>\n<td>c\u00e2ble de 1,8 m avec fiche suisse<\/td>\n<\/tr>\n<tr>\n<td>Classe de protection<\/td>\n<td>IP20 pour le raccordement par fiche<br \/>IPX4 en cas de connexion fixe<\/td>\n<\/tr>\n<tr>\n<td>Couleur<\/td>\n<td>Blanc (RAL 9016)<\/td>\n<\/tr>\n<tr>\n<td>Garantie<\/td>\n<td>2 ans<\/td>\n<\/tr>\n<\/tbody>\n<\/table>\n<ul>\n<li>\n\t\t\t\t\t\t\t\t\t\t\t<a href=\"\/wp-content\/uploads\/2022\/12\/ecoheat-classic-fr-it-2020.pdf\"><br \/>\n\t\t\t\t\t\t\t\t\t\tInstructions<br \/>\n\t\t\t\t\t\t\t\t\t\t\t<\/a>\n\t\t\t\t\t\t\t\t\t<\/li>\n<li>\n\t\t\t\t\t\t\t\t\t\t\t<a href=\"\/wp-content\/uploads\/2022\/12\/TUV_Z1A_103922_0001_DE_EN.pdf\"><br \/>\n\t\t\t\t\t\t\t\t\t\tCertificat T\u00dcV S\u00fcd<br \/>\n\t\t\t\t\t\t\t\t\t\t\t<\/a>\n\t\t\t\t\t\t\t\t\t<\/li>\n<\/ul>\n<ul>\n<li>\n\t\t\t\t\t\t\t\t\t\t\t<a href=\"\/wp-content\/uploads\/2022\/12\/ecoheat-classic-fr-it-2020.pdf\"><br \/>\n\t\t\t\t\t\t\t\t\t\tInstructions<br \/>\n\t\t\t\t\t\t\t\t\t\t\t<\/a>\n\t\t\t\t\t\t\t\t\t<\/li>\n<li>\n\t\t\t\t\t\t\t\t\t\t\t<a href=\"\/wp-content\/uploads\/2022\/12\/TUV_Z1A_103922_0001_DE_EN.pdf\"><br \/>\n\t\t\t\t\t\t\t\t\t\tCertificat T\u00dcV S\u00fcd<br \/>\n\t\t\t\t\t\t\t\t\t\t\t<\/a>\n\t\t\t\t\t\t\t\t\t<\/li>\n<\/ul>\n<ul>\n<li>Kit de montage<\/li>\n<li>Mode d'emploi<\/li>\n<\/ul>\n<p>\t\t\t\t\t\t\t\t\t\t\t\t\t\t\t\t<a href=\"https:\/\/ecofort.ch\/fr\/materiel-de-montage\/1357-pieds-chauffage-ecoheat-classic.html\" target=\"_blank\" rel=\"noopener\"><br \/>\n\t\t\t\t\t\t\t<img decoding=\"async\" width=\"480\" height=\"480\" src=\"https:\/\/ecoheat.ch\/wp-content\/uploads\/2023\/01\/ecoheat_classic_standfuesse_480x480.jpg\" alt=\"Pieds ecoheat Classic\" loading=\"lazy\" srcset=\"https:\/\/ecoheat.ch\/wp-content\/uploads\/2023\/01\/ecoheat_classic_standfuesse_480x480.jpg 480w, https:\/\/ecoheat.ch\/wp-content\/uploads\/2023\/01\/ecoheat_classic_standfuesse_480x480-300x300.jpg 300w, https:\/\/ecoheat.ch\/wp-content\/uploads\/2023\/01\/ecoheat_classic_standfuesse_480x480-150x150.jpg 150w\" sizes=\"auto, (max-width: 480px) 100vw, 480px\" \/>\t\t\t\t\t\t\t\t<\/a><br \/>\n\t\t\t<a href=\"https:\/\/ecofort.ch\/fr\/materiel-de-montage\/1357-pieds-chauffage-ecoheat-classic.html\" target=\"_blank\" rel=\"noopener\"><br \/>\n\t\t\t\t\t\tAcheter<br \/>\n\t\t\t\t\t<\/a><\/p>\n<p>Avec ces pieds, tous les\u00a0<em>ecoheat Classic<\/em> \u00eatre utilis\u00e9 partout de mani\u00e8re flexible et mobile<\/p>\n<p>Les pieds \"Small\" sont adapt\u00e9s aux mod\u00e8les suivants :<\/p>\n<ul>\n<li>Classic 300, uniquement pour l'orientation horizontale du chauffage<\/li>\n<li>Classic 550, uniquement pour l'orientation horizontale du chauffage<\/li>\n<\/ul>\n<p>\u00a0<\/p>\n<p>Les pieds \"Large\" sont adapt\u00e9s aux mod\u00e8les suivants :<\/p>\n<ul>\n<li>Classic 450<\/li>\n<li>Classic 700, uniquement pour l'orientation horizontale du chauffage<\/li>\n<li>Classic 900, uniquement pour l'orientation horizontale du chauffage<\/li>\n<\/ul>\n<table>\n<tbody>\n<tr>\n<td>Contr\u00f4le<\/td>\n<td>Sans commande \/ sans interrupteur<\/td>\n<\/tr>\n<tr>\n<td>Montage<\/td>\n<td>Montage horizontal ou vertical au mur ou au plafond, mobile sur des pieds disponibles en option<\/td>\n<\/tr>\n<tr>\n<td>Temp\u00e9rature de surface<\/td>\n<td>85 - 95 \u00b0C<\/td>\n<\/tr>\n<tr>\n<td>C\u00e2ble de raccordement<\/td>\n<td>c\u00e2ble de 1,8 m avec fiche suisse<\/td>\n<\/tr>\n<tr>\n<td>Classe de protection<\/td>\n<td>IP20 pour le raccordement par fiche<br \/>IPX4 en cas de connexion fixe<\/td>\n<\/tr>\n<tr>\n<td>Couleur<\/td>\n<td>Blanc (RAL 9016)<\/td>\n<\/tr>\n<tr>\n<td>Garantie<\/td>\n<td>2 ans<\/td>\n<\/tr>\n<\/tbody>\n<\/table>\n<ul>\n<li>\n\t\t\t\t\t\t\t\t\t\t\t<a href=\"\/wp-content\/uploads\/2022\/12\/ecoheat-classic-fr-it-2020.pdf\"><br \/>\n\t\t\t\t\t\t\t\t\t\tInstructions<br \/>\n\t\t\t\t\t\t\t\t\t\t\t<\/a>\n\t\t\t\t\t\t\t\t\t<\/li>\n<li>\n\t\t\t\t\t\t\t\t\t\t\t<a href=\"\/wp-content\/uploads\/2022\/12\/TUV_Z1A_103922_0001_DE_EN.pdf\"><br \/>\n\t\t\t\t\t\t\t\t\t\tCertificat T\u00dcV S\u00fcd<br \/>\n\t\t\t\t\t\t\t\t\t\t\t<\/a>\n\t\t\t\t\t\t\t\t\t<\/li>\n<\/ul>\n<ul>\n<li>\n\t\t\t\t\t\t\t\t\t\t\t<a href=\"\/wp-content\/uploads\/2022\/12\/ecoheat-classic-fr-it-2020.pdf\"><br \/>\n\t\t\t\t\t\t\t\t\t\tInstructions<br \/>\n\t\t\t\t\t\t\t\t\t\t\t<\/a>\n\t\t\t\t\t\t\t\t\t<\/li>\n<li>\n\t\t\t\t\t\t\t\t\t\t\t<a href=\"\/wp-content\/uploads\/2022\/12\/TUV_Z1A_103922_0001_DE_EN.pdf\"><br \/>\n\t\t\t\t\t\t\t\t\t\tCertificat T\u00dcV S\u00fcd<br \/>\n\t\t\t\t\t\t\t\t\t\t\t<\/a>\n\t\t\t\t\t\t\t\t\t<\/li>\n<\/ul>\n<p>\t\t\t<a href=\"https:\/\/ecofort.ch\/fr\/chauffages-infrarouges\/128-ecoheat-classic-chauffage-infrarouge-300-900-watt.html\" target=\"_blank\" rel=\"noopener\"><br \/>\n\t\t\t\t\t\tPlus d'informations dans le shop<br \/>\n\t\t\t\t\t<\/a><br \/>\n\t\t\t<a href=\"https:\/\/ecofort.ch\/fr\/chauffages-infrarouges\/128-ecoheat-classic-chauffage-infrarouge-300-900-watt.html\" target=\"_blank\" rel=\"noopener\"><br \/>\n\t\t\t\t\t\tPlus d'informations dans le shop<br \/>\n\t\t\t\t\t<\/a><\/p>","protected":false},"excerpt":{"rendered":"<p>ecoheat Classic Infrarotheizung Die\u00a0ecoheat Classic Infrarotheizungen sind aus pulverbeschichtetem und verzinktem Stahlblech gefertigt und sind sowohl f\u00fcr die punktuelle Beheizung als auch als Vollheizung einsetzbar. Die rahmenlosen Infrarot-Panels integrieren sich unauff\u00e4llig im Raum und verteilen mit ihren abgeschr\u00e4gten Ecken die W\u00e4rmestrahlen optimal. Das clevere Montagesystem erm\u00f6glicht eine einfache und sichere Wand- sowie Deckenmontage.\u00a0 Stahlgeh\u00e4use mit [&hellip;]<\/p>\n","protected":false},"author":2,"featured_media":0,"parent":0,"menu_order":0,"comment_status":"closed","ping_status":"closed","template":"","meta":{"footnotes":""},"class_list":["post-31","page","type-page","status-publish","hentry"],"_links":{"self":[{"href":"https:\/\/ecoheat.ch\/fr\/wp-json\/wp\/v2\/pages\/31","targetHints":{"allow":["GET"]}}],"collection":[{"href":"https:\/\/ecoheat.ch\/fr\/wp-json\/wp\/v2\/pages"}],"about":[{"href":"https:\/\/ecoheat.ch\/fr\/wp-json\/wp\/v2\/types\/page"}],"author":[{"embeddable":true,"href":"https:\/\/ecoheat.ch\/fr\/wp-json\/wp\/v2\/users\/2"}],"replies":[{"embeddable":true,"href":"https:\/\/ecoheat.ch\/fr\/wp-json\/wp\/v2\/comments?post=31"}],"version-history":[{"count":242,"href":"https:\/\/ecoheat.ch\/fr\/wp-json\/wp\/v2\/pages\/31\/revisions"}],"predecessor-version":[{"id":1582,"href":"https:\/\/ecoheat.ch\/fr\/wp-json\/wp\/v2\/pages\/31\/revisions\/1582"}],"wp:attachment":[{"href":"https:\/\/ecoheat.ch\/fr\/wp-json\/wp\/v2\/media?parent=31"}],"curies":[{"name":"wp","href":"https:\/\/api.w.org\/{rel}","templated":true}]}}