{"id":360,"date":"2023-01-05T10:27:12","date_gmt":"2023-01-05T09:27:12","guid":{"rendered":"https:\/\/practical-shannon.185-46-59-137.plesk.page\/?page_id=360"},"modified":"2023-09-06T12:58:56","modified_gmt":"2023-09-06T11:58:56","slug":"heatbar-comfort-dunkelstrahler","status":"publish","type":"page","link":"https:\/\/ecoheat.ch\/fr\/heatbar-comfort-radiateur-sombre\/","title":{"rendered":"ecoheat HeatBar comfort+ radiateur sombre"},"content":{"rendered":"<h1>ecoheat HeatBar comfort+<\/h1>\n<h2>Chauffage infrarouge<\/h2>\n<p>Le site <em>ecoheat HeatBar comfort+<\/em> est un radiateur sombre con\u00e7u pour un chauffage ponctuel en cas de besoin. Il n'y a pas d'\u00e9mission de lumi\u00e8re comme avec les radiateurs infrarouges traditionnels.<\/p>\n<p>Apr\u00e8s seulement dix minutes d'\u00e9chauffement, le radiateur infrarouge diffuse de la chaleur de la mani\u00e8re la plus agr\u00e9able qui soit - comme si l'on avait fait venir le soleil chez soi, dans son atelier, son studio ou sur son balcon.<\/p>\n<p>\t\t\t\t\t\t\t\t\t\t\t\t\t\t\t<img decoding=\"async\" width=\"800\" height=\"534\" src=\"https:\/\/ecoheat.ch\/wp-content\/uploads\/2023\/01\/ecoheat-heatbar-comfort_lifestyle_3_1500x1000-1024x683.jpg\" alt=\"ecoheat HeatBar comfort+ radiateur sombre\" loading=\"lazy\" srcset=\"https:\/\/ecoheat.ch\/wp-content\/uploads\/2023\/01\/ecoheat-heatbar-comfort_lifestyle_3_1500x1000-1024x683.jpg 1024w, https:\/\/ecoheat.ch\/wp-content\/uploads\/2023\/01\/ecoheat-heatbar-comfort_lifestyle_3_1500x1000-300x200.jpg 300w, https:\/\/ecoheat.ch\/wp-content\/uploads\/2023\/01\/ecoheat-heatbar-comfort_lifestyle_3_1500x1000-768x512.jpg 768w, https:\/\/ecoheat.ch\/wp-content\/uploads\/2023\/01\/ecoheat-heatbar-comfort_lifestyle_3_1500x1000.jpg 1500w\" sizes=\"auto, (max-width: 800px) 100vw, 800px\" \/>\t\t\t\t\t\t\t\t\t\t\t\t\t\t\t<\/p>\n<ul>\n<li>\n\t\t\t\t\t\t\t\t\t\tContr\u00f4le par t\u00e9l\u00e9commande\n\t\t\t\t\t\t\t\t\t<\/li>\n<li>\n\t\t\t\t\t\t\t\t\t\tVariateur : au choix 50% ou 100% Puissance de chauffage\n\t\t\t\t\t\t\t\t\t<\/li>\n<li>\n\t\t\t\t\t\t\t\t\t\tR\u00e9sistant aux intemp\u00e9ries (IP65)\n\t\t\t\t\t\t\t\t\t<\/li>\n<li>\n\t\t\t\t\t\t\t\t\t\tmontage mural ou au plafond possible\n\t\t\t\t\t\t\t\t\t<\/li>\n<\/ul>\n<h4>HeatBAR comfort+ 1800<\/h4>\n<p>1210 x 160 x 50 mm<\/p>\n<p>1800 watts<\/p>\n<h4>HeatBAR comfort+ 2600<\/h4>\n<p>1410 x 160 x 50 mm<\/p>\n<p>2600 watts<\/p>\n<p>\t\t\t\t\t\t\t\t\t\t\t\t\t\t\t\t<a href=\"https:\/\/ecoheat.ch\/wp-content\/uploads\/2023\/01\/ecoheat-heatbar-comfort_lifestyle_werkstatt_3_1500x1000.jpg\" data-elementor-open-lightbox=\"yes\" data-elementor-lightbox-title=\"ecoheat-heatbar-comfort+_lifestyle_werkstatt_3_1500x1000\" data-e-action-hash=\"#elementor-action%3Aaction%3Dlightbox%26settings%3DeyJpZCI6MzY4LCJ1cmwiOiJodHRwczpcL1wvZWNvaGVhdC5jaFwvd3AtY29udGVudFwvdXBsb2Fkc1wvMjAyM1wvMDFcL2Vjb2hlYXQtaGVhdGJhci1jb21mb3J0X2xpZmVzdHlsZV93ZXJrc3RhdHRfM18xNTAweDEwMDAuanBnIn0%3D\"><br \/>\n\t\t\t\t\t\t\t<img decoding=\"async\" width=\"1500\" height=\"1000\" src=\"https:\/\/ecoheat.ch\/wp-content\/uploads\/2023\/01\/ecoheat-heatbar-comfort_lifestyle_werkstatt_3_1500x1000.jpg\" alt=\"Radiateur infrarouge sombre ecoheat HeatBar comfort+ dans un atelier de fabrication\" loading=\"lazy\" srcset=\"https:\/\/ecoheat.ch\/wp-content\/uploads\/2023\/01\/ecoheat-heatbar-comfort_lifestyle_werkstatt_3_1500x1000.jpg 1500w, https:\/\/ecoheat.ch\/wp-content\/uploads\/2023\/01\/ecoheat-heatbar-comfort_lifestyle_werkstatt_3_1500x1000-300x200.jpg 300w, https:\/\/ecoheat.ch\/wp-content\/uploads\/2023\/01\/ecoheat-heatbar-comfort_lifestyle_werkstatt_3_1500x1000-1024x683.jpg 1024w, https:\/\/ecoheat.ch\/wp-content\/uploads\/2023\/01\/ecoheat-heatbar-comfort_lifestyle_werkstatt_3_1500x1000-768x512.jpg 768w\" sizes=\"auto, (max-width: 1500px) 100vw, 1500px\" \/>\t\t\t\t\t\t\t\t<\/a><br \/>\n\t\t\t\t\t\tContenu de la livraison Donn\u00e9es techniques T\u00e9l\u00e9chargements<br \/>\n\t\t\t\t\t\tContenu de la livraison<\/p>\n<ul>\n<li>T\u00e9l\u00e9commande (sans piles, 2x 1,5 V AAA sont n\u00e9cessaires)<\/li>\n<li>Supports pour montage mural ou au plafond<\/li>\n<li>Instructions d'utilisation et de montage<\/li>\n<\/ul>\n<p>\t\t\t\tDonn\u00e9es techniques<\/p>\n<table>\n<thead>\n<tr>\n<th> <\/th>\n<th><strong>HeatBAR comfort+ 1800<\/strong><\/th>\n<th><strong>HeatBAR comfort+ 2600<\/strong><\/th>\n<\/tr>\n<\/thead>\n<tbody>\n<tr>\n<td><strong>Surface pouvant \u00eatre chauff\u00e9e<\/strong><\/td>\n<td data-title=\"HeatBAR comfort+ 1800\">5-12 m\u00b2 \u00e0 l'int\u00e9rieur ; 3-5 m\u00b2 \u00e0 l'ext\u00e9rieur (\u00e0 l'abri du vent)<\/td>\n<td data-title=\"HeatBAR comfort+ 2600\">9-16 m\u00b2 \u00e0 l'int\u00e9rieur ; 6-9 m\u00b2 \u00e0 l'ext\u00e9rieur (\u00e0 l'abri du vent)<\/td>\n<\/tr>\n<tr>\n<td><strong>Puissance<\/strong><\/td>\n<td data-title=\"HeatBAR comfort+ 1800\">1800 watts<\/td>\n<td data-title=\"HeatBAR comfort+ 2600\">2600 watts<\/td>\n<\/tr>\n<tr>\n<td><strong>Protection n\u00e9cessaire<\/strong><\/td>\n<td data-title=\"HeatBAR comfort+ 1800\">10 A<\/td>\n<td data-title=\"HeatBAR comfort+ 2600\">13 A<\/td>\n<\/tr>\n<tr>\n<td><strong>C\u00e2ble de raccordement<\/strong><\/td>\n<td data-title=\"HeatBAR comfort+ 1800\">180 cm, fiche Schuko + adaptateur CH Fix T12<\/td>\n<td data-title=\"HeatBAR comfort+ 2600\">180 cm, fiche Schuko + adaptateur CH Fix T23<\/td>\n<\/tr>\n<tr>\n<td><strong>Classe de protection<\/strong><\/td>\n<td data-title=\"HeatBAR comfort+ 1800\">IP65<\/td>\n<td data-title=\"HeatBAR comfort+ 2600\">IP65<\/td>\n<\/tr>\n<tr>\n<td><strong>Taille<\/strong><\/td>\n<td data-title=\"HeatBAR comfort+ 1800\">1210 x 160 x 50 mm<\/td>\n<td data-title=\"HeatBAR comfort+ 2600\">1410 x 160 x 50 mm<\/td>\n<\/tr>\n<tr>\n<td><strong>Poids<\/strong><\/td>\n<td data-title=\"HeatBAR comfort+ 1800\">5,85 kg<\/td>\n<td data-title=\"HeatBAR comfort+ 2600\">7,85 kg<\/td>\n<\/tr>\n<tr>\n<td><strong>Temps de chauffe<\/strong><\/td>\n<td data-title=\"HeatBAR comfort+ 1800\">&lt; 10 minutes<\/td>\n<td data-title=\"HeatBAR comfort+ 2600\">&lt; 10 minutes<\/td>\n<\/tr>\n<tr>\n<td><strong>Niveaux de chauffage<\/strong><\/td>\n<td data-title=\"HeatBAR comfort+ 1800\">2 (50% &#038; 100%)<\/td>\n<td data-title=\"HeatBAR comfort+ 2600\">2 (50% &#038; 100%)<\/td>\n<\/tr>\n<tr>\n<td><strong>Minuteur<\/strong><\/td>\n<td data-title=\"HeatBAR comfort+ 1800\">1 - 9 heures<\/td>\n<td data-title=\"HeatBAR comfort+ 2600\">1 - 9 heures<\/td>\n<\/tr>\n<\/tbody>\n<\/table>\n<p>\t\t\t\tT\u00e9l\u00e9chargements<\/p>\n<h5><a href=\"\/wp-content\/uploads\/2023\/01\/manual_heatbar_comfort_v1-1_fr_it.pdf\">Instructions<\/a><\/h5>\n<p>\t\t\t<a href=\"\/wp-content\/uploads\/2023\/01\/manual_heatbar_comfort_v1-1_fr_it.pdf\"><br \/>\n\t\t\t\t\t\t<\/a><\/p>\n<ul>\n<li>T\u00e9l\u00e9commande (sans piles, 2x 1,5 V AAA sont n\u00e9cessaires)<\/li>\n<li>Supports pour montage mural ou au plafond<\/li>\n<li>Instructions d'utilisation et de montage<\/li>\n<\/ul>\n<table>\n<thead>\n<tr>\n<th> <\/th>\n<th><strong>HeatBAR comfort+ 1800<\/strong><\/th>\n<th><strong>HeatBAR comfort+ 2600<\/strong><\/th>\n<\/tr>\n<\/thead>\n<tbody>\n<tr>\n<td><strong>Surface pouvant \u00eatre chauff\u00e9e<\/strong><\/td>\n<td data-title=\"HeatBAR comfort+ 1800\">5-12 m\u00b2 \u00e0 l'int\u00e9rieur ; 3-5 m\u00b2 \u00e0 l'ext\u00e9rieur (\u00e0 l'abri du vent)<\/td>\n<td data-title=\"HeatBAR comfort+ 2600\">9-16 m\u00b2 \u00e0 l'int\u00e9rieur ; 6-9 m\u00b2 \u00e0 l'ext\u00e9rieur (\u00e0 l'abri du vent)<\/td>\n<\/tr>\n<tr>\n<td><strong>Puissance<\/strong><\/td>\n<td data-title=\"HeatBAR comfort+ 1800\">1800 watts<\/td>\n<td data-title=\"HeatBAR comfort+ 2600\">2600 watts<\/td>\n<\/tr>\n<tr>\n<td><strong>Protection n\u00e9cessaire<\/strong><\/td>\n<td data-title=\"HeatBAR comfort+ 1800\">10 A<\/td>\n<td data-title=\"HeatBAR comfort+ 2600\">13 A<\/td>\n<\/tr>\n<tr>\n<td><strong>C\u00e2ble de raccordement<\/strong><\/td>\n<td data-title=\"HeatBAR comfort+ 1800\">180 cm, fiche Schuko + adaptateur CH Fix T12<\/td>\n<td data-title=\"HeatBAR comfort+ 2600\">180 cm, fiche Schuko + adaptateur CH Fix T23<\/td>\n<\/tr>\n<tr>\n<td><strong>Classe de protection<\/strong><\/td>\n<td data-title=\"HeatBAR comfort+ 1800\">IP65<\/td>\n<td data-title=\"HeatBAR comfort+ 2600\">IP65<\/td>\n<\/tr>\n<tr>\n<td><strong>Taille<\/strong><\/td>\n<td data-title=\"HeatBAR comfort+ 1800\">1210 x 160 x 50 mm<\/td>\n<td data-title=\"HeatBAR comfort+ 2600\">1410 x 160 x 50 mm<\/td>\n<\/tr>\n<tr>\n<td><strong>Poids<\/strong><\/td>\n<td data-title=\"HeatBAR comfort+ 1800\">5,85 kg<\/td>\n<td data-title=\"HeatBAR comfort+ 2600\">7,85 kg<\/td>\n<\/tr>\n<tr>\n<td><strong>Temps de chauffe<\/strong><\/td>\n<td data-title=\"HeatBAR comfort+ 1800\">&lt; 10 minutes<\/td>\n<td data-title=\"HeatBAR comfort+ 2600\">&lt; 10 minutes<\/td>\n<\/tr>\n<tr>\n<td><strong>Niveaux de chauffage<\/strong><\/td>\n<td data-title=\"HeatBAR comfort+ 1800\">2 (50% &#038; 100%)<\/td>\n<td data-title=\"HeatBAR comfort+ 2600\">2 (50% &#038; 100%)<\/td>\n<\/tr>\n<tr>\n<td><strong>Minuteur<\/strong><\/td>\n<td data-title=\"HeatBAR comfort+ 1800\">1 - 9 heures<\/td>\n<td data-title=\"HeatBAR comfort+ 2600\">1 - 9 heures<\/td>\n<\/tr>\n<\/tbody>\n<\/table>\n<h5><a href=\"\/wp-content\/uploads\/2023\/01\/manual_heatbar_comfort_v1-1_fr_it.pdf\">Instructions<\/a><\/h5>\n<p>\t\t\t<a href=\"\/wp-content\/uploads\/2023\/01\/manual_heatbar_comfort_v1-1_fr_it.pdf\"><br \/>\n\t\t\t\t\t\t<\/a><br \/>\n\t\t\t<a href=\"https:\/\/ecofort.ch\/fr\/chauffage-radiant-infrarouge\/1977-ecoheat-heatbar-comfort.html\" target=\"_blank\" rel=\"noopener\"><br \/>\n\t\t\t\t\t\tPlus d'informations dans le shop<br \/>\n\t\t\t\t\t<\/a><br \/>\n\t\t\t<a href=\"https:\/\/ecofort.ch\/fr\/chauffage-radiant-infrarouge\/1977-ecoheat-heatbar-comfort.html\" target=\"_blank\" rel=\"noopener\"><br \/>\n\t\t\t\t\t\tPlus d'informations dans le shop<br \/>\n\t\t\t\t\t<\/a><\/p>","protected":false},"excerpt":{"rendered":"<p>ecoheat HeatBar comfort+ Infrarot Dunkelstrahler Der ecoheat HeatBar comfort+ ist ein Dunkelstrahler konzipiert f\u00fcr die punktuelle Beheizung bei Bedarf. Es gibt keine Lichtemission wie bei herk\u00f6mmlichen Infrarot Heizstrahlern. Bereits nach zehn Minuten Aufw\u00e4rmphase gibt der Infrarotstrahler auf angenehmste Weise W\u00e4rme ab &#8211; als h\u00e4tte man die Sonne zu sich in die Werkstatt, das Atelier oder [&hellip;]<\/p>\n","protected":false},"author":2,"featured_media":0,"parent":0,"menu_order":0,"comment_status":"closed","ping_status":"closed","template":"elementor_header_footer","meta":{"footnotes":""},"class_list":["post-360","page","type-page","status-publish","hentry"],"_links":{"self":[{"href":"https:\/\/ecoheat.ch\/fr\/wp-json\/wp\/v2\/pages\/360","targetHints":{"allow":["GET"]}}],"collection":[{"href":"https:\/\/ecoheat.ch\/fr\/wp-json\/wp\/v2\/pages"}],"about":[{"href":"https:\/\/ecoheat.ch\/fr\/wp-json\/wp\/v2\/types\/page"}],"author":[{"embeddable":true,"href":"https:\/\/ecoheat.ch\/fr\/wp-json\/wp\/v2\/users\/2"}],"replies":[{"embeddable":true,"href":"https:\/\/ecoheat.ch\/fr\/wp-json\/wp\/v2\/comments?post=360"}],"version-history":[{"count":163,"href":"https:\/\/ecoheat.ch\/fr\/wp-json\/wp\/v2\/pages\/360\/revisions"}],"predecessor-version":[{"id":1410,"href":"https:\/\/ecoheat.ch\/fr\/wp-json\/wp\/v2\/pages\/360\/revisions\/1410"}],"wp:attachment":[{"href":"https:\/\/ecoheat.ch\/fr\/wp-json\/wp\/v2\/media?parent=360"}],"curies":[{"name":"wp","href":"https:\/\/api.w.org\/{rel}","templated":true}]}}