{"id":8,"date":"2022-12-05T14:34:27","date_gmt":"2022-12-05T13:34:27","guid":{"rendered":"https:\/\/practical-shannon.185-46-59-137.plesk.page\/?page_id=8"},"modified":"2024-01-17T17:44:09","modified_gmt":"2024-01-17T16:44:09","slug":"ecoheat-infrarotheizungen","status":"publish","type":"page","link":"https:\/\/ecoheat.ch\/fr\/","title":{"rendered":"ecoheat - Chauffage infrarouge Suisse"},"content":{"rendered":"<h1>Chauffages infrarouges ecoheat<\/h1>\n<h2>Panneaux, radiateurs hybrides &amp; tubes sombres<\/h2>\n<h2>Ind\u00e9pendant &amp; individuel comme vous<\/h2>\n<p>Les chauffages \u00e0 infrarouge et les radiateurs hybrides de <em>ecoheat<\/em> tiennent leurs promesses. Une chaleur agr\u00e9able en tr\u00e8s peu de temps, une utilisation flexible et un prix avantageux. Fix\u00e9s au mur ou mobiles sur pieds, les deux sont possibles.<\/p>\n<p>Contr\u00f4ler la r\u00e9partition de la chaleur dans toute une maison via un thermostat d'ambiance t\u00e9l\u00e9command\u00e9 par smartphone ou tout simplement profiter d'une temp\u00e9rature agr\u00e9able en quelques minutes avec un thermostat de prise, o\u00f9 l'on veut et quand on veut - tout est possible.<\/p>\n<p><strong><i>ecoheat<\/i> est ind\u00e9pendant et individuel, tout comme vous<\/strong>.<\/p>\n<p>\t\t\t\t\t\t\t\t\t\t\t\t\t\t\t<img loading=\"lazy\" decoding=\"async\" width=\"1500\" height=\"1000\" src=\"https:\/\/ecoheat.ch\/wp-content\/uploads\/2023\/01\/ecoheat-hybrid-1000_lifestyle_bueroraum_2_1500x1000.jpg\" alt=\"\" srcset=\"https:\/\/ecoheat.ch\/wp-content\/uploads\/2023\/01\/ecoheat-hybrid-1000_lifestyle_bueroraum_2_1500x1000.jpg 1500w, https:\/\/ecoheat.ch\/wp-content\/uploads\/2023\/01\/ecoheat-hybrid-1000_lifestyle_bueroraum_2_1500x1000-300x200.jpg 300w, https:\/\/ecoheat.ch\/wp-content\/uploads\/2023\/01\/ecoheat-hybrid-1000_lifestyle_bueroraum_2_1500x1000-1024x683.jpg 1024w, https:\/\/ecoheat.ch\/wp-content\/uploads\/2023\/01\/ecoheat-hybrid-1000_lifestyle_bueroraum_2_1500x1000-768x512.jpg 768w\" sizes=\"auto, (max-width: 1500px) 100vw, 1500px\" \/>\t\t\t\t\t\t\t\t\t\t\t\t\t\t\t<\/p>\n<p>Production ainsi que d\u00e9veloppement de tous les radiateurs de <em>ecoheat<\/em> r\u00e9pondent aux normes europ\u00e9ennes et sont test\u00e9s en mati\u00e8re de s\u00e9curit\u00e9. Ils sont distribu\u00e9s avec succ\u00e8s en Suisse depuis 2012 et comptent des milliers de clients satisfaits.<\/p>\n<p>\t\t\t\t\t\t\t\t\t\t\t\t\t\t\t<img loading=\"lazy\" decoding=\"async\" width=\"218\" height=\"166\" src=\"https:\/\/ecoheat.ch\/wp-content\/uploads\/2023\/01\/tuv_gs_logo_400x166-e1700744936166.jpg\" alt=\"Logo GS (s\u00e9curit\u00e9 contr\u00f4l\u00e9e)\" srcset=\"https:\/\/ecoheat.ch\/wp-content\/uploads\/2023\/01\/tuv_gs_logo_400x166-e1700744936166.jpg 218w, https:\/\/ecoheat.ch\/wp-content\/uploads\/2023\/01\/tuv_gs_logo_400x166-e1700744936166-16x12.jpg 16w\" sizes=\"auto, (max-width: 218px) 100vw, 218px\" \/>\t\t\t\t\t\t\t\t\t\t\t\t\t\t\t<\/p>\n<h2>Chauffages<\/h2>\n<h4><a href=\"https:\/\/ecoheat.ch\/fr\/ecoheat-basic-chauffages-infrarouges\/\">Basic<\/a><\/h4>\n<figure>\n\t\t\t\t\t\t\t\t\t\t\t<a href=\"https:\/\/ecoheat.ch\/fr\/ecoheat-basic-chauffages-infrarouges\/\"><br \/>\n\t\t\t\t\t\t\t<img loading=\"lazy\" decoding=\"async\" width=\"800\" height=\"800\" src=\"https:\/\/ecoheat.ch\/wp-content\/uploads\/2023\/01\/ecoheat-basic_group_1_1500x1500-1024x1024.jpg\" alt=\"\" srcset=\"https:\/\/ecoheat.ch\/wp-content\/uploads\/2023\/01\/ecoheat-basic_group_1_1500x1500-1024x1024.jpg 1024w, https:\/\/ecoheat.ch\/wp-content\/uploads\/2023\/01\/ecoheat-basic_group_1_1500x1500-300x300.jpg 300w, https:\/\/ecoheat.ch\/wp-content\/uploads\/2023\/01\/ecoheat-basic_group_1_1500x1500-150x150.jpg 150w, https:\/\/ecoheat.ch\/wp-content\/uploads\/2023\/01\/ecoheat-basic_group_1_1500x1500-768x768.jpg 768w, https:\/\/ecoheat.ch\/wp-content\/uploads\/2023\/01\/ecoheat-basic_group_1_1500x1500.jpg 1500w\" sizes=\"auto, (max-width: 800px) 100vw, 800px\" \/>\t\t\t\t\t\t\t\t<\/a><figcaption>Panneaux infrarouges<\/figcaption><\/figure>\n<h4><a href=\"https:\/\/ecoheat.ch\/fr\/ecoheat-classic-chauffages-infrarouges\/\">Classic<\/a><\/h4>\n<figure>\n\t\t\t\t\t\t\t\t\t\t\t<a href=\"https:\/\/ecoheat.ch\/fr\/ecoheat-classic-chauffages-infrarouges\/\"><br \/>\n\t\t\t\t\t\t\t<img loading=\"lazy\" decoding=\"async\" width=\"800\" height=\"800\" src=\"https:\/\/ecoheat.ch\/wp-content\/uploads\/2023\/01\/ecoheat_classic_group_2_whitebg_1500x1500-1024x1024.jpg\" alt=\"Chauffages \u00e0 infrarouge ecoheat Classic\" srcset=\"https:\/\/ecoheat.ch\/wp-content\/uploads\/2023\/01\/ecoheat_classic_group_2_whitebg_1500x1500-1024x1024.jpg 1024w, https:\/\/ecoheat.ch\/wp-content\/uploads\/2023\/01\/ecoheat_classic_group_2_whitebg_1500x1500-300x300.jpg 300w, https:\/\/ecoheat.ch\/wp-content\/uploads\/2023\/01\/ecoheat_classic_group_2_whitebg_1500x1500-150x150.jpg 150w, https:\/\/ecoheat.ch\/wp-content\/uploads\/2023\/01\/ecoheat_classic_group_2_whitebg_1500x1500-768x768.jpg 768w, https:\/\/ecoheat.ch\/wp-content\/uploads\/2023\/01\/ecoheat_classic_group_2_whitebg_1500x1500.jpg 1500w\" sizes=\"auto, (max-width: 800px) 100vw, 800px\" \/>\t\t\t\t\t\t\t\t<\/a><figcaption>Panneaux infrarouges sans cadre<\/figcaption><\/figure>\n<h4><a href=\"https:\/\/ecoheat.ch\/fr\/ecoheat-classic-t-chauffage-infrarouge\/\">Classic-T<\/a><\/h4>\n<figure>\n\t\t\t\t\t\t\t\t\t\t\t<a href=\"https:\/\/ecoheat.ch\/fr\/ecoheat-classic-t-chauffage-infrarouge\/\"><br \/>\n\t\t\t\t\t\t\t<img loading=\"lazy\" decoding=\"async\" width=\"800\" height=\"800\" src=\"https:\/\/ecoheat.ch\/wp-content\/uploads\/2023\/01\/ecoheat_classic_group_2_whitebg_1500x1500-1024x1024.jpg\" alt=\"Chauffages \u00e0 infrarouge ecoheat Classic\" srcset=\"https:\/\/ecoheat.ch\/wp-content\/uploads\/2023\/01\/ecoheat_classic_group_2_whitebg_1500x1500-1024x1024.jpg 1024w, https:\/\/ecoheat.ch\/wp-content\/uploads\/2023\/01\/ecoheat_classic_group_2_whitebg_1500x1500-300x300.jpg 300w, https:\/\/ecoheat.ch\/wp-content\/uploads\/2023\/01\/ecoheat_classic_group_2_whitebg_1500x1500-150x150.jpg 150w, https:\/\/ecoheat.ch\/wp-content\/uploads\/2023\/01\/ecoheat_classic_group_2_whitebg_1500x1500-768x768.jpg 768w, https:\/\/ecoheat.ch\/wp-content\/uploads\/2023\/01\/ecoheat_classic_group_2_whitebg_1500x1500.jpg 1500w\" sizes=\"auto, (max-width: 800px) 100vw, 800px\" \/>\t\t\t\t\t\t\t\t<\/a><figcaption>Avec r\u00e9cepteur radio int\u00e9gr\u00e9<\/figcaption><\/figure>\n<h4><a href=\"https:\/\/ecoheat.ch\/fr\/ecoheat-hybrid-chauffages-infrarouges\/\">Hybrid<\/a><\/h4>\n<figure>\n\t\t\t\t\t\t\t\t\t\t\t<a href=\"https:\/\/ecoheat.ch\/fr\/ecoheat-hybrid-chauffages-infrarouges\/\"><br \/>\n\t\t\t\t\t\t\t<img loading=\"lazy\" decoding=\"async\" width=\"800\" height=\"800\" src=\"https:\/\/ecoheat.ch\/wp-content\/uploads\/2023\/01\/ecoheat-hybrid-600_transparent_1500x1500-1024x1024.jpg\" alt=\"Radiateur convecteur ecoheat HYBRID\" srcset=\"https:\/\/ecoheat.ch\/wp-content\/uploads\/2023\/01\/ecoheat-hybrid-600_transparent_1500x1500-1024x1024.jpg 1024w, https:\/\/ecoheat.ch\/wp-content\/uploads\/2023\/01\/ecoheat-hybrid-600_transparent_1500x1500-300x300.jpg 300w, https:\/\/ecoheat.ch\/wp-content\/uploads\/2023\/01\/ecoheat-hybrid-600_transparent_1500x1500-150x150.jpg 150w, https:\/\/ecoheat.ch\/wp-content\/uploads\/2023\/01\/ecoheat-hybrid-600_transparent_1500x1500-768x768.jpg 768w, https:\/\/ecoheat.ch\/wp-content\/uploads\/2023\/01\/ecoheat-hybrid-600_transparent_1500x1500.jpg 1500w\" sizes=\"auto, (max-width: 800px) 100vw, 800px\" \/>\t\t\t\t\t\t\t\t<\/a><figcaption>Convecteurs-radiateurs<\/figcaption><\/figure>\n<h4><a href=\"https:\/\/ecoheat.ch\/fr\/ecoheat-hybrid-t-chauffage-infrarouge\/\">T hybride<\/a><\/h4>\n<figure>\n\t\t\t\t\t\t\t\t\t\t\t<a href=\"https:\/\/ecoheat.ch\/fr\/ecoheat-hybrid-t-chauffage-infrarouge\/\"><br \/>\n\t\t\t\t\t\t\t<img loading=\"lazy\" decoding=\"async\" width=\"800\" height=\"800\" src=\"https:\/\/ecoheat.ch\/wp-content\/uploads\/2023\/01\/ecoheat-hybrid-600_transparent_1500x1500-1024x1024.jpg\" alt=\"Radiateur convecteur ecoheat HYBRID\" srcset=\"https:\/\/ecoheat.ch\/wp-content\/uploads\/2023\/01\/ecoheat-hybrid-600_transparent_1500x1500-1024x1024.jpg 1024w, https:\/\/ecoheat.ch\/wp-content\/uploads\/2023\/01\/ecoheat-hybrid-600_transparent_1500x1500-300x300.jpg 300w, https:\/\/ecoheat.ch\/wp-content\/uploads\/2023\/01\/ecoheat-hybrid-600_transparent_1500x1500-150x150.jpg 150w, https:\/\/ecoheat.ch\/wp-content\/uploads\/2023\/01\/ecoheat-hybrid-600_transparent_1500x1500-768x768.jpg 768w, https:\/\/ecoheat.ch\/wp-content\/uploads\/2023\/01\/ecoheat-hybrid-600_transparent_1500x1500.jpg 1500w\" sizes=\"auto, (max-width: 800px) 100vw, 800px\" \/>\t\t\t\t\t\t\t\t<\/a><figcaption>Avec r\u00e9cepteur radio int\u00e9gr\u00e9<\/figcaption><\/figure>\n<h4><a href=\"https:\/\/ecoheat.ch\/fr\/heatbar-comfort-radiateur-sombre\/\">HeatBar<\/a><\/h4>\n<figure>\n\t\t\t\t\t\t\t\t\t\t\t<a href=\"https:\/\/ecoheat.ch\/fr\/heatbar-comfort-radiateur-sombre\/\"><br \/>\n\t\t\t\t\t\t\t<img loading=\"lazy\" decoding=\"async\" width=\"800\" height=\"800\" src=\"https:\/\/ecoheat.ch\/wp-content\/uploads\/2023\/01\/1_heatbar_comfort_main_1200x1200_no_logo-1024x1024.jpg\" alt=\"ecoheat HeatBar comfort+ radiateur infrarouge sombre\" srcset=\"https:\/\/ecoheat.ch\/wp-content\/uploads\/2023\/01\/1_heatbar_comfort_main_1200x1200_no_logo-1024x1024.jpg 1024w, https:\/\/ecoheat.ch\/wp-content\/uploads\/2023\/01\/1_heatbar_comfort_main_1200x1200_no_logo-300x300.jpg 300w, https:\/\/ecoheat.ch\/wp-content\/uploads\/2023\/01\/1_heatbar_comfort_main_1200x1200_no_logo-150x150.jpg 150w, https:\/\/ecoheat.ch\/wp-content\/uploads\/2023\/01\/1_heatbar_comfort_main_1200x1200_no_logo-768x768.jpg 768w, https:\/\/ecoheat.ch\/wp-content\/uploads\/2023\/01\/1_heatbar_comfort_main_1200x1200_no_logo.jpg 1200w\" sizes=\"auto, (max-width: 800px) 100vw, 800px\" \/>\t\t\t\t\t\t\t\t<\/a><figcaption>Chauffage infrarouge<\/figcaption><\/figure>\n<p>\t\t\t\t\t\t\t\t\t\t\t\t\t\t\t<img loading=\"lazy\" decoding=\"async\" width=\"1500\" height=\"1000\" src=\"https:\/\/ecoheat.ch\/wp-content\/uploads\/2023\/01\/ecoheat-classic-550_lifestyle_office_room_1500x1000.jpg\" alt=\"ecoheat Classic panneau infrarouge bureau\" srcset=\"https:\/\/ecoheat.ch\/wp-content\/uploads\/2023\/01\/ecoheat-classic-550_lifestyle_office_room_1500x1000.jpg 1500w, https:\/\/ecoheat.ch\/wp-content\/uploads\/2023\/01\/ecoheat-classic-550_lifestyle_office_room_1500x1000-300x200.jpg 300w, https:\/\/ecoheat.ch\/wp-content\/uploads\/2023\/01\/ecoheat-classic-550_lifestyle_office_room_1500x1000-1024x683.jpg 1024w, https:\/\/ecoheat.ch\/wp-content\/uploads\/2023\/01\/ecoheat-classic-550_lifestyle_office_room_1500x1000-768x512.jpg 768w\" sizes=\"auto, (max-width: 1500px) 100vw, 1500px\" \/>\t\t\t\t\t\t\t\t\t\t\t\t\t\t\t<\/p>\n<h2>Accessoires<\/h2>\n<h4><a href=\"https:\/\/ecoheat.ch\/fr\/ecoheat-connect-plus-thermostat-dambiance\/\">Connect+<\/a><\/h4>\n<figure>\n\t\t\t\t\t\t\t\t\t\t\t<a href=\"https:\/\/ecoheat.ch\/fr\/ecoheat-connect-plus-thermostat-dambiance\/\"><br \/>\n\t\t\t\t\t\t\t<img loading=\"lazy\" decoding=\"async\" width=\"800\" height=\"800\" src=\"https:\/\/ecoheat.ch\/wp-content\/uploads\/2023\/11\/ecoheat-connect_set_800x800.webp\" alt=\"ecoheat Connect+ thermostat &amp; r\u00e9cepteur avec Wi-Fi\" srcset=\"https:\/\/ecoheat.ch\/wp-content\/uploads\/2023\/11\/ecoheat-connect_set_800x800.webp 800w, https:\/\/ecoheat.ch\/wp-content\/uploads\/2023\/11\/ecoheat-connect_set_800x800-300x300.webp 300w, https:\/\/ecoheat.ch\/wp-content\/uploads\/2023\/11\/ecoheat-connect_set_800x800-150x150.webp 150w, https:\/\/ecoheat.ch\/wp-content\/uploads\/2023\/11\/ecoheat-connect_set_800x800-768x768.webp 768w, https:\/\/ecoheat.ch\/wp-content\/uploads\/2023\/11\/ecoheat-connect_set_800x800-12x12.webp 12w\" sizes=\"auto, (max-width: 800px) 100vw, 800px\" \/>\t\t\t\t\t\t\t\t<\/a><figcaption>Thermostat d'ambiance<\/figcaption><\/figure>\n<h4><a href=\"https:\/\/ecoheat.ch\/fr\/ecoheat-dst-thermostat-de-prise\/\">DST<\/a><\/h4>\n<figure>\n\t\t\t\t\t\t\t\t\t\t\t<a href=\"https:\/\/ecoheat.ch\/fr\/ecoheat-dst-thermostat-de-prise\/\"><br \/>\n\t\t\t\t\t\t\t<img loading=\"lazy\" decoding=\"async\" width=\"480\" height=\"480\" src=\"https:\/\/ecoheat.ch\/wp-content\/uploads\/2023\/01\/ecoheat-dst-front_480x480.jpg\" alt=\"ecoheat DST thermostat de prise\" srcset=\"https:\/\/ecoheat.ch\/wp-content\/uploads\/2023\/01\/ecoheat-dst-front_480x480.jpg 480w, https:\/\/ecoheat.ch\/wp-content\/uploads\/2023\/01\/ecoheat-dst-front_480x480-300x300.jpg 300w, https:\/\/ecoheat.ch\/wp-content\/uploads\/2023\/01\/ecoheat-dst-front_480x480-150x150.jpg 150w\" sizes=\"auto, (max-width: 480px) 100vw, 480px\" \/>\t\t\t\t\t\t\t\t<\/a><figcaption>Thermostat de prise<\/figcaption><\/figure>\n<h4><a href=\"https:\/\/ecoheat.ch\/fr\/ecoheat-basic-chauffages-infrarouges\/#standfuesse\">Basic<\/a><\/h4>\n<figure>\n\t\t\t\t\t\t\t\t\t\t\t<a href=\"https:\/\/ecoheat.ch\/fr\/ecoheat-basic-chauffages-infrarouges\/#standfuesse\"><br \/>\n\t\t\t\t\t\t\t<img loading=\"lazy\" decoding=\"async\" width=\"480\" height=\"480\" src=\"https:\/\/ecoheat.ch\/wp-content\/uploads\/2023\/01\/ecoheat-basic-standfuesse_480x480.jpg\" alt=\"Pieds ecoheat Basic\" srcset=\"https:\/\/ecoheat.ch\/wp-content\/uploads\/2023\/01\/ecoheat-basic-standfuesse_480x480.jpg 480w, https:\/\/ecoheat.ch\/wp-content\/uploads\/2023\/01\/ecoheat-basic-standfuesse_480x480-300x300.jpg 300w, https:\/\/ecoheat.ch\/wp-content\/uploads\/2023\/01\/ecoheat-basic-standfuesse_480x480-150x150.jpg 150w\" sizes=\"auto, (max-width: 480px) 100vw, 480px\" \/>\t\t\t\t\t\t\t\t<\/a><figcaption>Pieds de support <\/figcaption><\/figure>\n<h4><a href=\"https:\/\/ecoheat.ch\/fr\/ecoheat-classic-chauffages-infrarouges\/#standfuesse\">Classic<\/a><\/h4>\n<figure>\n\t\t\t\t\t\t\t\t\t\t\t<a href=\"https:\/\/ecoheat.ch\/fr\/ecoheat-classic-chauffages-infrarouges\/#standfuesse\"><br \/>\n\t\t\t\t\t\t\t<img loading=\"lazy\" decoding=\"async\" width=\"480\" height=\"480\" src=\"https:\/\/ecoheat.ch\/wp-content\/uploads\/2023\/01\/ecoheat_classic_standfuesse_480x480.jpg\" alt=\"Pieds ecoheat Classic\" srcset=\"https:\/\/ecoheat.ch\/wp-content\/uploads\/2023\/01\/ecoheat_classic_standfuesse_480x480.jpg 480w, https:\/\/ecoheat.ch\/wp-content\/uploads\/2023\/01\/ecoheat_classic_standfuesse_480x480-300x300.jpg 300w, https:\/\/ecoheat.ch\/wp-content\/uploads\/2023\/01\/ecoheat_classic_standfuesse_480x480-150x150.jpg 150w\" sizes=\"auto, (max-width: 480px) 100vw, 480px\" \/>\t\t\t\t\t\t\t\t<\/a><figcaption>Pieds de support <\/figcaption><\/figure>\n<h4><a href=\"https:\/\/ecoheat.ch\/fr\/ecoheat-hybrid-chauffages-infrarouges\/#standfuesse\">Hybrid<\/a><\/h4>\n<figure>\n\t\t\t\t\t\t\t\t\t\t\t<a href=\"https:\/\/ecoheat.ch\/fr\/ecoheat-hybrid-chauffages-infrarouges\/#standfuesse\"><br \/>\n\t\t\t\t\t\t\t<img loading=\"lazy\" decoding=\"async\" width=\"800\" height=\"800\" src=\"https:\/\/ecoheat.ch\/wp-content\/uploads\/2023\/01\/standfusse-ecoheat-hybridheizung.jpg\" alt=\"Pieds de support ecoheat Hybrid\" srcset=\"https:\/\/ecoheat.ch\/wp-content\/uploads\/2023\/01\/standfusse-ecoheat-hybridheizung.jpg 800w, https:\/\/ecoheat.ch\/wp-content\/uploads\/2023\/01\/standfusse-ecoheat-hybridheizung-300x300.jpg 300w, https:\/\/ecoheat.ch\/wp-content\/uploads\/2023\/01\/standfusse-ecoheat-hybridheizung-150x150.jpg 150w, https:\/\/ecoheat.ch\/wp-content\/uploads\/2023\/01\/standfusse-ecoheat-hybridheizung-768x768.jpg 768w\" sizes=\"auto, (max-width: 800px) 100vw, 800px\" \/>\t\t\t\t\t\t\t\t<\/a><figcaption>Pieds de support <\/figcaption><\/figure>\n<p>\t\t\t\t\t\t\t<img data-src=\"https:\/\/ecoheat.ch\/wp-content\/plugins\/elementor\/assets\/images\/placeholder.png\" alt=\"ecoheat Thermo-T\"><br \/>\n\t\t\t\t\t\t\t\t\t\t<cite>ecoheat Thermo-T<i>\u2605<\/i><i>\u2605<\/i><i>\u2605<\/i><i>\u2605<\/i><i>\u2605<\/i>12.12.2023<\/cite>\t\t\t\t\tRead More<br \/>\n\t\t\t\t\t\tIl y a probablement autant de thermostats diff\u00e9rents que d'\u00e9toiles dans la voie lact\u00e9e. Celui-ci me convainc rien que par son fonctionnement out of the box et intuitif. L'\u00e9cran est \u00e9clair\u00e9 et tous les membres du m\u00e9nage sont facilement form\u00e9s. Tip Top - tr\u00e8s satisfait<br \/>\n\t\t\t\t\t\t\t<img data-src=\"https:\/\/ecoheat.ch\/wp-content\/plugins\/elementor\/assets\/images\/placeholder.png\" alt=\"ecoheat Classic-T\"><br \/>\n\t\t\t\t\t\t\t\t\t\t<cite>ecoheat Classic-T<i>\u2605<\/i><i>\u2605<\/i><i>\u2605<\/i><i>\u2605<\/i><i>\u2605<\/i>12.11.2023<\/cite>\t\t\t\t\tRead More<br \/>\n\t\t\t\t\t\tLe rapport qualit\u00e9-prix est super. Il n'a pas \u00e9t\u00e9 facile de monter les chauffages au plafond. Chauffe super bien.<br \/>\n\t\t\t\t\t\t\t<img data-src=\"https:\/\/ecoheat.ch\/wp-content\/plugins\/elementor\/assets\/images\/placeholder.png\" alt=\"ecoheat Remote-T\"><br \/>\n\t\t\t\t\t\t\t\t\t\t<cite>ecoheat Remote-T<i>\u2605<\/i><i>\u2605<\/i><i>\u2605<\/i><i>\u2605<\/i><i>\u2605<\/i>3.10.2023<\/cite>\t\t\t\t\tRead More<br \/>\n\t\t\t\t\t\tfonctionne parfaitement et est facile \u00e0 coupler<br \/>\n\t\t\t\t\t\t\t<img data-src=\"https:\/\/ecoheat.ch\/wp-content\/plugins\/elementor\/assets\/images\/placeholder.png\" alt=\"ecoheat Classic\"><br \/>\n\t\t\t\t\t\t\t\t\t\t<cite>ecoheat Classic<i>\u2605<\/i><i>\u2605<\/i><i>\u2605<\/i><i>\u2605<\/i><i>\u2605<\/i>3.10.2023<\/cite>\t\t\t\t\tRead More<br \/>\n\t\t\t\t\t\tComme spot de plafond. Montage un peu d\u00e9licat.<br \/>\n\t\t\t\t\t\t\t<img data-src=\"https:\/\/ecoheat.ch\/wp-content\/plugins\/elementor\/assets\/images\/placeholder.png\" alt=\"ecoheat Basic\"><br \/>\n\t\t\t\t\t\t\t\t\t\t<cite>ecoheat Basic<i>\u2605<\/i><i>\u2605<\/i><i>\u2605<\/i><i>\u2605<\/i><i>\u2605<\/i>22.5.2023<\/cite>\t\t\t\t\tRead More<br \/>\n\t\t\t\t\t\tCompact, bonne puissance de chauffage par rapport \u00e0 la consommation d'\u00e9nergie.<br \/>\n\t\t\t\t\t\t\t<img data-src=\"https:\/\/ecoheat.ch\/wp-content\/plugins\/elementor\/assets\/images\/placeholder.png\" alt=\"ecoheat Hybrid\"><br \/>\n\t\t\t\t\t\t\t\t\t\t<cite>ecoheat Hybrid<i>\u2605<\/i><i>\u2605<\/i><i>\u2605<\/i><i>\u2605<\/i><i>\u2605<\/i>27.12.2022<\/cite>\t\t\t\t\tRead More<br \/>\n\t\t\t\t\t\tJ'avais d\u00e9j\u00e0 le m\u00eame chauffage et je viens d'en remplacer deux autres. Le climat int\u00e9rieur est agr\u00e9able et les chauffages ne repr\u00e9sentent pas un grand danger pour mes enfants.<br \/>\n\t\t\t\t\t\t\t<img data-src=\"https:\/\/ecoheat.ch\/wp-content\/plugins\/elementor\/assets\/images\/placeholder.png\" alt=\"ecoheat Classic\"><br \/>\n\t\t\t\t\t\t\t\t\t\t<cite>ecoheat Classic<i>\u2605<\/i><i>\u2605<\/i><i>\u2605<\/i><i>\u2605<\/i><i>\u2605<\/i>07.11.2022<\/cite>\t\t\t\t\tRead More<br \/>\n\t\t\t\t\t\tMonter, brancher , , , fonctionne tr\u00e8s bien.<br \/>\n\t\t\t\t\t\t\t<img data-src=\"https:\/\/ecoheat.ch\/wp-content\/plugins\/elementor\/assets\/images\/placeholder.png\" alt=\"ecoheat Basic\"><br \/>\n\t\t\t\t\t\t\t\t\t\t<cite>ecoheat Basic<i>\u2605<\/i><i>\u2605<\/i><i>\u2605<\/i><i>\u2605<\/i><i>\u2605<\/i>08.09.2022<\/cite>\t\t\t\t\tRead More<br \/>\n\t\t\t\t\t\tL\u00e9ger et facile \u00e0 utiliser<br \/>\n\t\t\t\t\t\t\t<img data-src=\"https:\/\/ecoheat.ch\/wp-content\/plugins\/elementor\/assets\/images\/placeholder.png\" alt=\"ecoheat Classic\"><br \/>\n\t\t\t\t\t\t\t\t\t\t<cite>ecoheat Classic<i>\u2605<\/i><i>\u2605<\/i><i>\u2605<\/i><i>\u2605<\/i><i>\u2605<\/i>07.04.2022<\/cite>\t\t\t\t\tRead More<br \/>\n\t\t\t\t\t\tBon chauffage, montage rapide.<br \/>\n\t\t\t\t\t\t\t<img data-src=\"https:\/\/ecoheat.ch\/wp-content\/plugins\/elementor\/assets\/images\/placeholder.png\" alt=\"ecoheat Hybrid\"><br \/>\n\t\t\t\t\t\t\t\t\t\t<cite>ecoheat Hybrid<i>\u2605<\/i><i>\u2605<\/i><i>\u2605<\/i><i>\u2605<\/i><i>\u2605<\/i>24.1.2022<\/cite>\t\t\t\t\tRead More<br \/>\n\t\t\t\t\t\tIl n'y a rien \u00e0 am\u00e9liorer !!! Le d\u00e9roulement de la commande et de la livraison ainsi que les produits sont SUPER !!!<br \/>\n\t\t\t\t\t\t\t<img data-src=\"https:\/\/ecoheat.ch\/wp-content\/plugins\/elementor\/assets\/images\/placeholder.png\" alt=\"ecoheat Basic\"><br \/>\n\t\t\t\t\t\t\t\t\t\t<cite>ecoheat Basic<i>\u2605<\/i><i>\u2605<\/i><i>\u2605<\/i><i>\u2605<\/i><i>\u2605<\/i>22.11.2021<\/cite>\t\t\t\t\tRead More<br \/>\n\t\t\t\t\t\tUn design tr\u00e8s simple et beau. Fonctionne parfaitement.<br \/>\n\t\t\t\t\t\t\t<img data-src=\"https:\/\/ecoheat.ch\/wp-content\/plugins\/elementor\/assets\/images\/placeholder.png\" alt=\"ecoheat Hybrid\"><br \/>\n\t\t\t\t\t\t\t\t\t\t<cite>ecoheat Hybrid<i>\u2605<\/i><i>\u2605<\/i><i>\u2605<\/i><i>\u2605<\/i><i>\u2605<\/i>Pascal D., 08.12.2020<\/cite>\t\t\t\t\tRead More<br \/>\n\t\t\t\t\t\tDes radiateurs visuellement tr\u00e8s beaux qui fonctionnent parfaitement.<br \/>\n\t\t\t\t\t\t\t<img data-src=\"https:\/\/ecoheat.ch\/wp-content\/plugins\/elementor\/assets\/images\/placeholder.png\" alt=\"ecoheat Basic\"><br \/>\n\t\t\t\t\t\t\t\t\t\t<cite>ecoheat Basic<i>\u2605<\/i><i>\u2605<\/i><i>\u2605<\/i><i>\u2605<\/i><i>\u2605<\/i>07.12.2020<\/cite>\t\t\t\t\tRead More<br \/>\n\t\t\t\t\t\tMontage facile, fonctionne parfaitement<br \/>\n\t\t\t\t\t\t\t<img data-src=\"https:\/\/ecoheat.ch\/wp-content\/plugins\/elementor\/assets\/images\/placeholder.png\" alt=\"ecoheat Basic\"><br \/>\n\t\t\t\t\t\t\t\t\t\t<cite>ecoheat Basic<i>\u2605<\/i><i>\u2605<\/i><i>\u2605<\/i><i>\u2605<\/i><i>\u2605<\/i>09.11.2020<\/cite>\t\t\t\t\tRead More<br \/>\n\t\t\t\t\t\tTaille sp\u00e9ciale, bon prix<br \/>\n\t\t\t\t\t\t\t<img data-src=\"https:\/\/ecoheat.ch\/wp-content\/plugins\/elementor\/assets\/images\/placeholder.png\" alt=\"ecoheat Classic\"><br \/>\n\t\t\t\t\t\t\t\t\t\t<cite>ecoheat Classic<i>\u2605<\/i><i>\u2605<\/i><i>\u2605<\/i><i>\u2605<\/i><i>\u2605<\/i>Markus V., 30.12.2019<\/cite>\t\t\t\t\tRead More<br \/>\n\t\t\t\t\t\tpour moi, cette instabilit\u00e9 correspond<br \/>\n\t\t\t\t\t\t\t\t\t\t\t\t\t\tPrevious<br \/>\n\t\t\t\t\t\t\t\t\t\t\t\t\t\tSuivant<\/p>\n<h2>Acheter<\/h2>\n<h2>Support<\/h2>","protected":false},"excerpt":{"rendered":"<p>ecoheat Infrarot&shy;heizungen Panels, Hybrid-Radiatoren &#038; Dunkelstrahler Unabh\u00e4ngig &#038; individuell wie Sie Die Infrarotheizungen und Hybridradiatoren von ecoheat halten, was sie versprechen. Wohlf\u00fchlw\u00e4rme innert k\u00fcrzester Zeit, flexibel einsetzbar und preiswert. Fix an der Wand montiert sowie mobil auf Standf\u00fcssen, beides ist m\u00f6glich. Via Smartphone fern\u00adsteuer\u00adbarem Raumthermostat die W\u00e4rmeverteilung in einem ganzen Haus kontrollieren oder ganz simpel [&hellip;]<\/p>\n","protected":false},"author":2,"featured_media":0,"parent":0,"menu_order":0,"comment_status":"closed","ping_status":"closed","template":"","meta":{"footnotes":""},"class_list":["post-8","page","type-page","status-publish","hentry"],"_links":{"self":[{"href":"https:\/\/ecoheat.ch\/fr\/wp-json\/wp\/v2\/pages\/8","targetHints":{"allow":["GET"]}}],"collection":[{"href":"https:\/\/ecoheat.ch\/fr\/wp-json\/wp\/v2\/pages"}],"about":[{"href":"https:\/\/ecoheat.ch\/fr\/wp-json\/wp\/v2\/types\/page"}],"author":[{"embeddable":true,"href":"https:\/\/ecoheat.ch\/fr\/wp-json\/wp\/v2\/users\/2"}],"replies":[{"embeddable":true,"href":"https:\/\/ecoheat.ch\/fr\/wp-json\/wp\/v2\/comments?post=8"}],"version-history":[{"count":198,"href":"https:\/\/ecoheat.ch\/fr\/wp-json\/wp\/v2\/pages\/8\/revisions"}],"predecessor-version":[{"id":1840,"href":"https:\/\/ecoheat.ch\/fr\/wp-json\/wp\/v2\/pages\/8\/revisions\/1840"}],"wp:attachment":[{"href":"https:\/\/ecoheat.ch\/fr\/wp-json\/wp\/v2\/media?parent=8"}],"curies":[{"name":"wp","href":"https:\/\/api.w.org\/{rel}","templated":true}]}}