{"id":86,"date":"2022-12-06T15:51:36","date_gmt":"2022-12-06T14:51:36","guid":{"rendered":"https:\/\/practical-shannon.185-46-59-137.plesk.page\/?page_id=86"},"modified":"2023-09-06T10:54:37","modified_gmt":"2023-09-06T09:54:37","slug":"ecoheat-basic-infrarotheizungen","status":"publish","type":"page","link":"https:\/\/ecoheat.ch\/fr\/ecoheat-basic-chauffages-infrarouges\/","title":{"rendered":"Chauffages \u00e0 infrarouge ecoheat Basic"},"content":{"rendered":"<h1>ecoheat Basic<\/h1>\n<h2>Chauffages infrarouges<\/h2>\n<p>L\u00e9ger et plat, telles sont les caract\u00e9ristiques marquantes de la <em>ecoheat Basic <\/em>Les chauffages \u00e0 infrarouge. Ils s'int\u00e8grent ainsi discr\u00e8tement dans chaque pi\u00e8ce et chauffent tout et tous dans leur zone de rayonnement de la mani\u00e8re la plus agr\u00e9able - comme les rayons du soleil, mais \u00e0 l'int\u00e9rieur.<\/p>\n<p>Parfaitement adapt\u00e9s au montage mural, ils peuvent \u00e9galement \u00eatre utilis\u00e9s de mani\u00e8re mobile, simple et flexible, gr\u00e2ce aux pieds disponibles en option.<\/p>\n<p>\t\t\t\t\t\t\t\t\t\t\t\t\t\t\t<img decoding=\"async\" width=\"800\" height=\"534\" src=\"https:\/\/ecoheat.ch\/wp-content\/uploads\/2023\/01\/ecoheat-basic_400-sideways_1080x720-1024x683.jpg\" alt=\"Chauffage infrarouge ecoheat Basic\" loading=\"lazy\" srcset=\"https:\/\/ecoheat.ch\/wp-content\/uploads\/2023\/01\/ecoheat-basic_400-sideways_1080x720-1024x683.jpg 1024w, https:\/\/ecoheat.ch\/wp-content\/uploads\/2023\/01\/ecoheat-basic_400-sideways_1080x720-300x200.jpg 300w, https:\/\/ecoheat.ch\/wp-content\/uploads\/2023\/01\/ecoheat-basic_400-sideways_1080x720-768x512.jpg 768w, https:\/\/ecoheat.ch\/wp-content\/uploads\/2023\/01\/ecoheat-basic_400-sideways_1080x720.jpg 1080w\" sizes=\"auto, (max-width: 800px) 100vw, 800px\" \/>\t\t\t\t\t\t\t\t\t\t\t\t\t\t\t<\/p>\n<ul>\n<li>\n\t\t\t\t\t\t\t\t\t\tSimple &amp; esth\u00e9tique\n\t\t\t\t\t\t\t\t\t<\/li>\n<li>\n\t\t\t\t\t\t\t\t\t\tAvec cadre\n\t\t\t\t\t\t\t\t\t<\/li>\n<li>\n\t\t\t\t\t\t\t\t\t\tGain de place\n\t\t\t\t\t\t\t\t\t<\/li>\n<li>\n\t\t\t\t\t\t\t\t\t\ttest\u00e9 par le T\u00dcV-Rheinland\n\t\t\t\t\t\t\t\t\t<\/li>\n<\/ul>\n<h4>Basic 300<\/h4>\n<p>30 x 90 x 2.5 cm<\/p>\n<p>300 watts<\/p>\n<h4>Basic 400<\/h4>\n<p>60 x 60 x 2.5 cm<\/p>\n<p>400 watts<\/p>\n<h4>Basic 600<\/h4>\n<p>60 x 90 x 2.5 cm<\/p>\n<p>600 watts<\/p>\n<h4>Basic 800<\/h4>\n<p>60 x 120 x 2.5 cm<\/p>\n<p>800 watts<\/p>\n<p>\t\t\t\t\t\tContenu de la livraison Pieds de support Donn\u00e9es techniques T\u00e9l\u00e9chargements<br \/>\n\t\t\t\t\t\tContenu de la livraison<\/p>\n<ul>\n<li>Kit de montage (vis, chevilles, etc.)<\/li>\n<li>C\u00e2ble de raccordement de 2 m avec fiche Schuko et adaptateur CH fixe<\/li>\n<li>Mode d'emploi<\/li>\n<\/ul>\n<p>\t\t\t\tPieds de support<br \/>\n\t\t\t\t\t\t\t\t\t\t\t\t\t\t\t\t<a href=\"https:\/\/ecofort.ch\/fr\/materiel-de-montage\/27-pieds-pour-ecoheat-basic.html\" target=\"_blank\" rel=\"noopener\"><br \/>\n\t\t\t\t\t\t\t<img decoding=\"async\" width=\"480\" height=\"480\" src=\"https:\/\/ecoheat.ch\/wp-content\/uploads\/2023\/01\/ecoheat-basic-standfuesse_480x480.jpg\" alt=\"Pieds ecoheat Basic\" loading=\"lazy\" srcset=\"https:\/\/ecoheat.ch\/wp-content\/uploads\/2023\/01\/ecoheat-basic-standfuesse_480x480.jpg 480w, https:\/\/ecoheat.ch\/wp-content\/uploads\/2023\/01\/ecoheat-basic-standfuesse_480x480-300x300.jpg 300w, https:\/\/ecoheat.ch\/wp-content\/uploads\/2023\/01\/ecoheat-basic-standfuesse_480x480-150x150.jpg 150w\" sizes=\"auto, (max-width: 480px) 100vw, 480px\" \/>\t\t\t\t\t\t\t\t<\/a><br \/>\n\t\t\t<a href=\"https:\/\/ecofort.ch\/fr\/materiel-de-montage\/27-pieds-pour-ecoheat-basic.html\" target=\"_blank\" rel=\"noopener\"><br \/>\n\t\t\t\t\t\tAcheter<br \/>\n\t\t\t\t\t<\/a><\/p>\n<p>Les pieds pour les\u00a0<em>ecoheat Basic<\/em> sont fabriqu\u00e9s en aluminium anodis\u00e9 et s'adaptent \u00e0 chaque mod\u00e8le. Le chauffage se visse tr\u00e8s facilement sur les pieds et transforme chaque panneau en radiateur mobile.<\/p>\n<p>\u00a0<\/p>\n<p>\t\t\t\tDonn\u00e9es techniques<\/p>\n<table>\n<thead>\n<tr>\n<th>ecoheat Basic<\/th>\n<th>\u00a0<\/th>\n<\/tr>\n<\/thead>\n<tbody>\n<tr>\n<td>Puissance<\/td>\n<td>300 W, 400 W, 600 W ou 800 W (selon le mod\u00e8le)<\/td>\n<\/tr>\n<tr>\n<td>Couleur<\/td>\n<td>Blanc<\/td>\n<\/tr>\n<tr>\n<td>Contr\u00f4le<\/td>\n<td>Pas de commande \/ pas d'interrupteur<\/td>\n<\/tr>\n<tr>\n<td>Temp\u00e9rature de surface<\/td>\n<td>80 - 115 \u00b0C<\/td>\n<\/tr>\n<tr>\n<td>Montage<\/td>\n<td>Montage horizontal ou vertical au mur ou au plafond, mobile sur des pieds disponibles en option<\/td>\n<\/tr>\n<tr>\n<td>C\u00e2ble de raccordement<\/td>\n<td>2 m avec fiche Schuko (adaptateur CH fourni)<\/td>\n<\/tr>\n<tr>\n<td>Indice de protection<\/td>\n<td>IPX4 (protection contre les projections d'eau de toutes les directions)<\/td>\n<\/tr>\n<tr>\n<td>garantie :<\/td>\n<td>2 ans<\/td>\n<\/tr>\n<\/tbody>\n<\/table>\n<p>\t\t\t\tT\u00e9l\u00e9chargements<\/p>\n<ul>\n<li>\n\t\t\t\t\t\t\t\t\t\t\t<a href=\"\/wp-content\/uploads\/2022\/12\/ecoheat_Basic_Manual_CH.pdf\"><br \/>\n\t\t\t\t\t\t\t\t\t\tInstructions<br \/>\n\t\t\t\t\t\t\t\t\t\t\t<\/a>\n\t\t\t\t\t\t\t\t\t<\/li>\n<li>\n\t\t\t\t\t\t\t\t\t\t\t<a href=\"\/wp-content\/uploads\/2022\/12\/montage_ecoheat_basic_vetro_specchio.pdf\"><br \/>\n\t\t\t\t\t\t\t\t\t\tMontage &amp; distances<br \/>\n\t\t\t\t\t\t\t\t\t\t\t<\/a>\n\t\t\t\t\t\t\t\t\t<\/li>\n<\/ul>\n<ul>\n<li>\n\t\t\t\t\t\t\t\t\t\t\t<a href=\"\/wp-content\/uploads\/2022\/12\/ecoheat_Basic_Manual_CH.pdf\"><br \/>\n\t\t\t\t\t\t\t\t\t\tInstructions<br \/>\n\t\t\t\t\t\t\t\t\t\t\t<\/a>\n\t\t\t\t\t\t\t\t\t<\/li>\n<li>\n\t\t\t\t\t\t\t\t\t\t\t<a href=\"\/wp-content\/uploads\/2022\/12\/montage_ecoheat_basic_vetro_specchio.pdf\"><br \/>\n\t\t\t\t\t\t\t\t\t\tMontage &amp; distances<br \/>\n\t\t\t\t\t\t\t\t\t\t\t<\/a>\n\t\t\t\t\t\t\t\t\t<\/li>\n<\/ul>\n<ul>\n<li>Kit de montage (vis, chevilles, etc.)<\/li>\n<li>C\u00e2ble de raccordement de 2 m avec fiche Schuko et adaptateur CH fixe<\/li>\n<li>Mode d'emploi<\/li>\n<\/ul>\n<p>\t\t\t\t\t\t\t\t\t\t\t\t\t\t\t\t<a href=\"https:\/\/ecofort.ch\/fr\/materiel-de-montage\/27-pieds-pour-ecoheat-basic.html\" target=\"_blank\" rel=\"noopener\"><br \/>\n\t\t\t\t\t\t\t<img decoding=\"async\" width=\"480\" height=\"480\" src=\"https:\/\/ecoheat.ch\/wp-content\/uploads\/2023\/01\/ecoheat-basic-standfuesse_480x480.jpg\" alt=\"Pieds ecoheat Basic\" loading=\"lazy\" srcset=\"https:\/\/ecoheat.ch\/wp-content\/uploads\/2023\/01\/ecoheat-basic-standfuesse_480x480.jpg 480w, https:\/\/ecoheat.ch\/wp-content\/uploads\/2023\/01\/ecoheat-basic-standfuesse_480x480-300x300.jpg 300w, https:\/\/ecoheat.ch\/wp-content\/uploads\/2023\/01\/ecoheat-basic-standfuesse_480x480-150x150.jpg 150w\" sizes=\"auto, (max-width: 480px) 100vw, 480px\" \/>\t\t\t\t\t\t\t\t<\/a><br \/>\n\t\t\t<a href=\"https:\/\/ecofort.ch\/fr\/materiel-de-montage\/27-pieds-pour-ecoheat-basic.html\" target=\"_blank\" rel=\"noopener\"><br \/>\n\t\t\t\t\t\tAcheter<br \/>\n\t\t\t\t\t<\/a><\/p>\n<p>Les pieds pour les\u00a0<em>ecoheat Basic<\/em> sont fabriqu\u00e9s en aluminium anodis\u00e9 et s'adaptent \u00e0 chaque mod\u00e8le. Le chauffage se visse tr\u00e8s facilement sur les pieds et transforme chaque panneau en radiateur mobile.<\/p>\n<p>\u00a0<\/p>\n<table>\n<thead>\n<tr>\n<th>ecoheat Basic<\/th>\n<th>\u00a0<\/th>\n<\/tr>\n<\/thead>\n<tbody>\n<tr>\n<td>Puissance<\/td>\n<td>300 W, 400 W, 600 W ou 800 W (selon le mod\u00e8le)<\/td>\n<\/tr>\n<tr>\n<td>Couleur<\/td>\n<td>Blanc<\/td>\n<\/tr>\n<tr>\n<td>Contr\u00f4le<\/td>\n<td>Pas de commande \/ pas d'interrupteur<\/td>\n<\/tr>\n<tr>\n<td>Temp\u00e9rature de surface<\/td>\n<td>80 - 115 \u00b0C<\/td>\n<\/tr>\n<tr>\n<td>Montage<\/td>\n<td>Montage horizontal ou vertical au mur ou au plafond, mobile sur des pieds disponibles en option<\/td>\n<\/tr>\n<tr>\n<td>C\u00e2ble de raccordement<\/td>\n<td>2 m avec fiche Schuko (adaptateur CH fourni)<\/td>\n<\/tr>\n<tr>\n<td>Indice de protection<\/td>\n<td>IPX4 (protection contre les projections d'eau de toutes les directions)<\/td>\n<\/tr>\n<tr>\n<td>garantie :<\/td>\n<td>2 ans<\/td>\n<\/tr>\n<\/tbody>\n<\/table>\n<ul>\n<li>\n\t\t\t\t\t\t\t\t\t\t\t<a href=\"\/wp-content\/uploads\/2022\/12\/ecoheat_Basic_Manual_CH.pdf\"><br \/>\n\t\t\t\t\t\t\t\t\t\tInstructions<br \/>\n\t\t\t\t\t\t\t\t\t\t\t<\/a>\n\t\t\t\t\t\t\t\t\t<\/li>\n<li>\n\t\t\t\t\t\t\t\t\t\t\t<a href=\"\/wp-content\/uploads\/2022\/12\/montage_ecoheat_basic_vetro_specchio.pdf\"><br \/>\n\t\t\t\t\t\t\t\t\t\tMontage &amp; distances<br \/>\n\t\t\t\t\t\t\t\t\t\t\t<\/a>\n\t\t\t\t\t\t\t\t\t<\/li>\n<\/ul>\n<ul>\n<li>\n\t\t\t\t\t\t\t\t\t\t\t<a href=\"\/wp-content\/uploads\/2022\/12\/ecoheat_Basic_Manual_CH.pdf\"><br \/>\n\t\t\t\t\t\t\t\t\t\tInstructions<br \/>\n\t\t\t\t\t\t\t\t\t\t\t<\/a>\n\t\t\t\t\t\t\t\t\t<\/li>\n<li>\n\t\t\t\t\t\t\t\t\t\t\t<a href=\"\/wp-content\/uploads\/2022\/12\/montage_ecoheat_basic_vetro_specchio.pdf\"><br \/>\n\t\t\t\t\t\t\t\t\t\tMontage &amp; distances<br \/>\n\t\t\t\t\t\t\t\t\t\t\t<\/a>\n\t\t\t\t\t\t\t\t\t<\/li>\n<\/ul>\n<p>\t\t\t<a href=\"https:\/\/ecofort.ch\/fr\/chauffages-infrarouges\/10-ecoheat-basic-300-800-watt.html\" target=\"_blank\" rel=\"noopener\"><br \/>\n\t\t\t\t\t\tPlus d'informations dans le shop<br \/>\n\t\t\t\t\t<\/a><br \/>\n\t\t\t<a href=\"https:\/\/ecofort.ch\/fr\/chauffages-infrarouges\/10-ecoheat-basic-300-800-watt.html\" target=\"_blank\" rel=\"noopener\"><br \/>\n\t\t\t\t\t\tPlus d'informations dans le shop<br \/>\n\t\t\t\t\t<\/a><\/p>","protected":false},"excerpt":{"rendered":"<p>ecoheat Basic Infrarotheizungen Leicht und flach, dies sind die markanten Merkmale der ecoheat Basic Infrarotheizungen. Sie integrieren sich dadurch unauff\u00e4llig in jeden Raum und erw\u00e4rmen alles und alle in ihrem Strahlungsbereich auf angenehmste Weise &#8211; wie Sonnenstrahlen, aber drinnen. Bestens geeignet f\u00fcr die Wandmontage, aber auch mit den optional erh\u00e4ltlichen Standf\u00fcssen sind sie einfach und [&hellip;]<\/p>\n","protected":false},"author":2,"featured_media":0,"parent":0,"menu_order":0,"comment_status":"closed","ping_status":"closed","template":"","meta":{"footnotes":""},"class_list":["post-86","page","type-page","status-publish","hentry"],"_links":{"self":[{"href":"https:\/\/ecoheat.ch\/fr\/wp-json\/wp\/v2\/pages\/86","targetHints":{"allow":["GET"]}}],"collection":[{"href":"https:\/\/ecoheat.ch\/fr\/wp-json\/wp\/v2\/pages"}],"about":[{"href":"https:\/\/ecoheat.ch\/fr\/wp-json\/wp\/v2\/types\/page"}],"author":[{"embeddable":true,"href":"https:\/\/ecoheat.ch\/fr\/wp-json\/wp\/v2\/users\/2"}],"replies":[{"embeddable":true,"href":"https:\/\/ecoheat.ch\/fr\/wp-json\/wp\/v2\/comments?post=86"}],"version-history":[{"count":158,"href":"https:\/\/ecoheat.ch\/fr\/wp-json\/wp\/v2\/pages\/86\/revisions"}],"predecessor-version":[{"id":1392,"href":"https:\/\/ecoheat.ch\/fr\/wp-json\/wp\/v2\/pages\/86\/revisions\/1392"}],"wp:attachment":[{"href":"https:\/\/ecoheat.ch\/fr\/wp-json\/wp\/v2\/media?parent=86"}],"curies":[{"name":"wp","href":"https:\/\/api.w.org\/{rel}","templated":true}]}}