{"id":934,"date":"2023-01-13T17:21:51","date_gmt":"2023-01-13T16:21:51","guid":{"rendered":"https:\/\/practical-shannon.185-46-59-137.plesk.page\/?page_id=934"},"modified":"2023-09-06T11:00:51","modified_gmt":"2023-09-06T10:00:51","slug":"ecoheat-dst-steckdosenthermostat","status":"publish","type":"page","link":"https:\/\/ecoheat.ch\/fr\/ecoheat-dst-thermostat-de-prise\/","title":{"rendered":"ecoheat DST thermostat de prise"},"content":{"rendered":"<h1>ecoheat DST<\/h1>\n<h2>Thermostat de prise<\/h2>\n<p>Avec ce thermostat num\u00e9rique pour prise de courant, vous r\u00e9glez avec pr\u00e9cision votre chauffage infrarouge, votre chauffage hybride et d'autres radiateurs \u00e9lectriques. Il suffit de le brancher et de profiter de la chaleur, sans c\u00e2blage compliqu\u00e9.<\/p>\n<p>\t\t\t\t\t\t\t\t\t\t\t\t\t\t\t<img decoding=\"async\" width=\"600\" height=\"539\" src=\"https:\/\/ecoheat.ch\/wp-content\/uploads\/2023\/01\/ecoheat-dst-blister-packaging.jpg\" alt=\"ecoheat DST thermostat de prise\" loading=\"lazy\" srcset=\"https:\/\/ecoheat.ch\/wp-content\/uploads\/2023\/01\/ecoheat-dst-blister-packaging.jpg 600w, https:\/\/ecoheat.ch\/wp-content\/uploads\/2023\/01\/ecoheat-dst-blister-packaging-300x270.jpg 300w\" sizes=\"auto, (max-width: 600px) 100vw, 600px\" \/>\t\t\t\t\t\t\t\t\t\t\t\t\t\t\t<\/p>\n<ul>\n<li>\n\t\t\t\t\t\t\t\t\t\tPlage de temp\u00e9rature de 5 \u00e0 30 \u00b0C\n\t\t\t\t\t\t\t\t\t<\/li>\n<li>\n\t\t\t\t\t\t\t\t\t\tSimplicit\u00e9 d'utilisation\n\t\t\t\t\t\t\t\t\t<\/li>\n<li>\n\t\t\t\t\t\t\t\t\t\tPas de c\u00e2blage (Plug &amp; Play)\n\t\t\t\t\t\t\t\t\t<\/li>\n<li>\n\t\t\t\t\t\t\t\t\t\tConvient pour le chauffage et le refroidissement\n\t\t\t\t\t\t\t\t\t<\/li>\n<\/ul>\n<p>\t\t\t\t\t\tDonn\u00e9es techniques T\u00e9l\u00e9chargements<br \/>\n\t\t\t\t\t\tDonn\u00e9es techniques<\/p>\n<table>\n<tbody>\n<tr>\n<td>Couleur<\/td>\n<td>Blanc<\/td>\n<\/tr>\n<tr>\n<td>\u00c9cran<\/td>\n<td>\u00c9cran LCD<\/td>\n<\/tr>\n<tr>\n<td>Dimensions<\/td>\n<td>60 x 80 x 100 mm (L x P x H)<\/td>\n<\/tr>\n<tr>\n<td>Plage de r\u00e9glage de la temp\u00e9rature<\/td>\n<td>5 - 30 \u00b0C<\/td>\n<\/tr>\n<tr>\n<td>R\u00e9glage de la temp\u00e9rature<\/td>\n<td>Manuel<\/td>\n<\/tr>\n<tr>\n<td>Puissance de commutation<\/td>\n<td>230V \/ 50Hz \/ 16 A pour 3680 watts<\/td>\n<\/tr>\n<tr>\n<td>Pr\u00e9cision de mesure<\/td>\n<td>+\/- 1 \u00b0C<\/td>\n<\/tr>\n<tr>\n<td>Intervalle de mesure<\/td>\n<td>10 sec.<\/td>\n<\/tr>\n<\/tbody>\n<\/table>\n<p>\t\t\t\tT\u00e9l\u00e9chargements<\/p>\n<ul>\n<li>\n\t\t\t\t\t\t\t\t\t\t\t<a href=\"\/wp-content\/uploads\/2023\/01\/ecoheat_dst_thermostat_FR.pdf\"><br \/>\n\t\t\t\t\t\t\t\t\t\tInstructions FR<br \/>\n\t\t\t\t\t\t\t\t\t\t\t<\/a>\n\t\t\t\t\t\t\t\t\t<\/li>\n<li>\n\t\t\t\t\t\t\t\t\t\t\t<a href=\"\/wp-content\/uploads\/2023\/01\/Manual-F.pdf\"><br \/>\n\t\t\t\t\t\t\t\t\t\tInstructions FR<br \/>\n\t\t\t\t\t\t\t\t\t\t\t<\/a>\n\t\t\t\t\t\t\t\t\t<\/li>\n<li>\n\t\t\t\t\t\t\t\t\t\t\t<a href=\"\/wp-content\/uploads\/2023\/01\/Manual-Italia.pdf\"><br \/>\n\t\t\t\t\t\t\t\t\t\tInstructions IT<br \/>\n\t\t\t\t\t\t\t\t\t\t\t<\/a>\n\t\t\t\t\t\t\t\t\t<\/li>\n<\/ul>\n<ul>\n<li>\n\t\t\t\t\t\t\t\t\t\t\t<a href=\"\/wp-content\/uploads\/2023\/01\/ecoheat_dst_thermostat_FR.pdf\"><br \/>\n\t\t\t\t\t\t\t\t\t\tInstructions FR<br \/>\n\t\t\t\t\t\t\t\t\t\t\t<\/a>\n\t\t\t\t\t\t\t\t\t<\/li>\n<li>\n\t\t\t\t\t\t\t\t\t\t\t<a href=\"\/wp-content\/uploads\/2023\/01\/Manual-F.pdf\"><br \/>\n\t\t\t\t\t\t\t\t\t\tInstructions FR<br \/>\n\t\t\t\t\t\t\t\t\t\t\t<\/a>\n\t\t\t\t\t\t\t\t\t<\/li>\n<li>\n\t\t\t\t\t\t\t\t\t\t\t<a href=\"\/wp-content\/uploads\/2023\/01\/Manual-Italia.pdf\"><br \/>\n\t\t\t\t\t\t\t\t\t\tInstructions IT<br \/>\n\t\t\t\t\t\t\t\t\t\t\t<\/a>\n\t\t\t\t\t\t\t\t\t<\/li>\n<\/ul>\n<table>\n<tbody>\n<tr>\n<td>Couleur<\/td>\n<td>Blanc<\/td>\n<\/tr>\n<tr>\n<td>\u00c9cran<\/td>\n<td>\u00c9cran LCD<\/td>\n<\/tr>\n<tr>\n<td>Dimensions<\/td>\n<td>60 x 80 x 100 mm (L x P x H)<\/td>\n<\/tr>\n<tr>\n<td>Plage de r\u00e9glage de la temp\u00e9rature<\/td>\n<td>5 - 30 \u00b0C<\/td>\n<\/tr>\n<tr>\n<td>R\u00e9glage de la temp\u00e9rature<\/td>\n<td>Manuel<\/td>\n<\/tr>\n<tr>\n<td>Puissance de commutation<\/td>\n<td>230V \/ 50Hz \/ 16 A pour 3680 watts<\/td>\n<\/tr>\n<tr>\n<td>Pr\u00e9cision de mesure<\/td>\n<td>+\/- 1 \u00b0C<\/td>\n<\/tr>\n<tr>\n<td>Intervalle de mesure<\/td>\n<td>10 sec.<\/td>\n<\/tr>\n<\/tbody>\n<\/table>\n<ul>\n<li>\n\t\t\t\t\t\t\t\t\t\t\t<a href=\"\/wp-content\/uploads\/2023\/01\/ecoheat_dst_thermostat_FR.pdf\"><br \/>\n\t\t\t\t\t\t\t\t\t\tInstructions FR<br \/>\n\t\t\t\t\t\t\t\t\t\t\t<\/a>\n\t\t\t\t\t\t\t\t\t<\/li>\n<li>\n\t\t\t\t\t\t\t\t\t\t\t<a href=\"\/wp-content\/uploads\/2023\/01\/Manual-F.pdf\"><br \/>\n\t\t\t\t\t\t\t\t\t\tInstructions FR<br \/>\n\t\t\t\t\t\t\t\t\t\t\t<\/a>\n\t\t\t\t\t\t\t\t\t<\/li>\n<li>\n\t\t\t\t\t\t\t\t\t\t\t<a href=\"\/wp-content\/uploads\/2023\/01\/Manual-Italia.pdf\"><br \/>\n\t\t\t\t\t\t\t\t\t\tInstructions IT<br \/>\n\t\t\t\t\t\t\t\t\t\t\t<\/a>\n\t\t\t\t\t\t\t\t\t<\/li>\n<\/ul>\n<ul>\n<li>\n\t\t\t\t\t\t\t\t\t\t\t<a href=\"\/wp-content\/uploads\/2023\/01\/ecoheat_dst_thermostat_FR.pdf\"><br \/>\n\t\t\t\t\t\t\t\t\t\tInstructions FR<br \/>\n\t\t\t\t\t\t\t\t\t\t\t<\/a>\n\t\t\t\t\t\t\t\t\t<\/li>\n<li>\n\t\t\t\t\t\t\t\t\t\t\t<a href=\"\/wp-content\/uploads\/2023\/01\/Manual-F.pdf\"><br \/>\n\t\t\t\t\t\t\t\t\t\tInstructions FR<br \/>\n\t\t\t\t\t\t\t\t\t\t\t<\/a>\n\t\t\t\t\t\t\t\t\t<\/li>\n<li>\n\t\t\t\t\t\t\t\t\t\t\t<a href=\"\/wp-content\/uploads\/2023\/01\/Manual-Italia.pdf\"><br \/>\n\t\t\t\t\t\t\t\t\t\tInstructions IT<br \/>\n\t\t\t\t\t\t\t\t\t\t\t<\/a>\n\t\t\t\t\t\t\t\t\t<\/li>\n<\/ul>\n<p>\t\t\t<a href=\"https:\/\/ecofort.ch\/fr\/thermostats\/67-ecoheat-dst.html\" target=\"_blank\" rel=\"noopener\"><br \/>\n\t\t\t\t\t\tPlus d'informations dans le shop<br \/>\n\t\t\t\t\t<\/a><br \/>\n\t\t\t<a href=\"https:\/\/ecofort.ch\/fr\/thermostats\/67-ecoheat-dst.html\" target=\"_blank\" rel=\"noopener\"><br \/>\n\t\t\t\t\t\tPlus d'informations dans le shop<br \/>\n\t\t\t\t\t<\/a><\/p>","protected":false},"excerpt":{"rendered":"<p>ecoheat DST Steckdosenthermostat Mit diesem digitalen Steckdosenthermostat regulieren Sie pr\u00e4zise Ihre Infrarotheizung, Hybridheizung und andere Elektroradiatoren. Einfach einstecken und W\u00e4rme geniessen, ohne aufwendige Verkabelung. Temperaturbereich von 5 bis 30 \u00b0C Einfache Bedienung Keine Verkabelung (Plug &#038; Play) F\u00fcrs Heizen sowie K\u00fchlen geeignet Technische Daten Downloads Technische Daten Farbe Weiss Display LCD-Display Abmessungen 60 x 80 [&hellip;]<\/p>\n","protected":false},"author":2,"featured_media":0,"parent":0,"menu_order":0,"comment_status":"closed","ping_status":"closed","template":"","meta":{"footnotes":""},"class_list":["post-934","page","type-page","status-publish","hentry"],"_links":{"self":[{"href":"https:\/\/ecoheat.ch\/fr\/wp-json\/wp\/v2\/pages\/934","targetHints":{"allow":["GET"]}}],"collection":[{"href":"https:\/\/ecoheat.ch\/fr\/wp-json\/wp\/v2\/pages"}],"about":[{"href":"https:\/\/ecoheat.ch\/fr\/wp-json\/wp\/v2\/types\/page"}],"author":[{"embeddable":true,"href":"https:\/\/ecoheat.ch\/fr\/wp-json\/wp\/v2\/users\/2"}],"replies":[{"embeddable":true,"href":"https:\/\/ecoheat.ch\/fr\/wp-json\/wp\/v2\/comments?post=934"}],"version-history":[{"count":23,"href":"https:\/\/ecoheat.ch\/fr\/wp-json\/wp\/v2\/pages\/934\/revisions"}],"predecessor-version":[{"id":1404,"href":"https:\/\/ecoheat.ch\/fr\/wp-json\/wp\/v2\/pages\/934\/revisions\/1404"}],"wp:attachment":[{"href":"https:\/\/ecoheat.ch\/fr\/wp-json\/wp\/v2\/media?parent=934"}],"curies":[{"name":"wp","href":"https:\/\/api.w.org\/{rel}","templated":true}]}}