{"id":1424,"date":"2023-11-29T15:16:11","date_gmt":"2023-11-29T14:16:11","guid":{"rendered":"https:\/\/ecoheat.ch\/?page_id=1424"},"modified":"2023-12-14T16:52:09","modified_gmt":"2023-12-14T15:52:09","slug":"ecoheat-connect-plus-raumthermostat","status":"publish","type":"page","link":"https:\/\/ecoheat.ch\/it\/termostato-ambiente-ecoheat-connect-plus\/","title":{"rendered":"Termostato ambiente ecoheat Connect+"},"content":{"rendered":"<h1>ecoheat Connect+<\/h1>\n<h2>Termostato T-Connect+ e ricevitore R-Connect+<\/h2>\n<h2>Termostato T-Connect+<\/h2>\n<p>Il\u00a0<em>ecoheat Connect+<\/em> Il termostato ambiente \u00e8 progettato per controllare i sistemi di riscaldamento a infrarossi, ma pu\u00f2 essere utilizzato anche per qualsiasi altro riscaldamento elettrico. Pu\u00f2 essere azionato sia manualmente che programmato, direttamente sul dispositivo stesso o tramite l'applicazione mobile. <em>ecofort SMART<\/em>che consente di monitorare e controllare l'intero sistema di riscaldamento da qualsiasi luogo.<\/p>\n<p>\t\t\t\t\t\t\t\t\t\t\t\t\t\t\t<img loading=\"lazy\" decoding=\"async\" width=\"800\" height=\"800\" src=\"https:\/\/ecoheat.ch\/wp-content\/uploads\/2023\/11\/ecoheat-t-connect_front-angle_1000x1000.webp\" alt=\"Termostato ecoheat T-Connect+ con Wi-Fi\" srcset=\"https:\/\/ecoheat.ch\/wp-content\/uploads\/2023\/11\/ecoheat-t-connect_front-angle_1000x1000.webp 1000w, https:\/\/ecoheat.ch\/wp-content\/uploads\/2023\/11\/ecoheat-t-connect_front-angle_1000x1000-300x300.webp 300w, https:\/\/ecoheat.ch\/wp-content\/uploads\/2023\/11\/ecoheat-t-connect_front-angle_1000x1000-150x150.webp 150w, https:\/\/ecoheat.ch\/wp-content\/uploads\/2023\/11\/ecoheat-t-connect_front-angle_1000x1000-768x768.webp 768w, https:\/\/ecoheat.ch\/wp-content\/uploads\/2023\/11\/ecoheat-t-connect_front-angle_1000x1000-12x12.webp 12w\" sizes=\"auto, (max-width: 800px) 100vw, 800px\" \/>\t\t\t\t\t\t\t\t\t\t\t\t\t\t\t<\/p>\n<ul>\n<li>\n\t\t\t\t\t\t\t\t\t\tProgrammazione semplice tramite app per smartphone\n\t\t\t\t\t\t\t\t\t<\/li>\n<li>\n\t\t\t\t\t\t\t\t\t\tRiduce i costi di riscaldamento\n\t\t\t\t\t\t\t\t\t<\/li>\n<li>\n\t\t\t\t\t\t\t\t\t\tPu\u00f2 essere collegato a un massimo di 8 ricevitori\n\t\t\t\t\t\t\t\t\t<\/li>\n<li>\n\t\t\t\t\t\t\t\t\t\tDisplay chiaro con retroilluminazione\n\t\t\t\t\t\t\t\t\t<\/li>\n<li>\n\t\t\t\t\t\t\t\t\t\tTutte le informazioni pi\u00f9 importanti in un colpo d'occhio sul display\n\t\t\t\t\t\t\t\t\t<\/li>\n<li>\n\t\t\t\t\t\t\t\t\t\tPer l'installazione a parete o su una superficie\n\t\t\t\t\t\t\t\t\t<\/li>\n<\/ul>\n<p>\t\t\t\t\t\t\t\t\t\t\t\t\t\t\t<img decoding=\"async\" src=\"https:\/\/ecoheat.ch\/wp-content\/uploads\/2023\/12\/ecofort-ecoheat-connect_set_800x800.webp\" title=\"ecofort-ecoheat-connect+_set_800x800\" alt=\"Termostato e ricevitore ecoheat Connect+ con Wi-Fi\" loading=\"lazy\" \/>\t\t\t\t\t\t\t\t\t\t\t\t\t\t\t<\/p>\n<h2> Ricevitore R-Connect+<\/h2>\n<ul>\n<li>\n\t\t\t\t\t\t\t\t\t\tUscita 230 V per il controllo del riscaldamento\n\t\t\t\t\t\t\t\t\t<\/li>\n<li>\n\t\t\t\t\t\t\t\t\t\tSenza potenziale per caldaie\/pompe di calore\n\t\t\t\t\t\t\t\t\t<\/li>\n<li>\n\t\t\t\t\t\t\t\t\t\tCostruzione piatta\n\t\t\t\t\t\t\t\t\t<\/li>\n<li>\n\t\t\t\t\t\t\t\t\t\tFrequenza radio 868 MHz e 2,4 GHz (Wi-Fi)\n\t\t\t\t\t\t\t\t\t<\/li>\n<li>\n\t\t\t\t\t\t\t\t\t\tGrado di protezione IP20\n\t\t\t\t\t\t\t\t\t<\/li>\n<\/ul>\n<p>\t\t\t\t\t\t\t\t\t\t\t\t\t\t\t<img loading=\"lazy\" decoding=\"async\" width=\"800\" height=\"800\" src=\"https:\/\/ecoheat.ch\/wp-content\/uploads\/2023\/10\/ecoheat-r-connect-empfaenger_1500x1500-1024x1024.webp\" alt=\"ricevitore ecoheat R-Connect+\" srcset=\"https:\/\/ecoheat.ch\/wp-content\/uploads\/2023\/10\/ecoheat-r-connect-empfaenger_1500x1500-1024x1024.webp 1024w, https:\/\/ecoheat.ch\/wp-content\/uploads\/2023\/10\/ecoheat-r-connect-empfaenger_1500x1500-300x300.webp 300w, https:\/\/ecoheat.ch\/wp-content\/uploads\/2023\/10\/ecoheat-r-connect-empfaenger_1500x1500-150x150.webp 150w, https:\/\/ecoheat.ch\/wp-content\/uploads\/2023\/10\/ecoheat-r-connect-empfaenger_1500x1500-768x768.webp 768w, https:\/\/ecoheat.ch\/wp-content\/uploads\/2023\/10\/ecoheat-r-connect-empfaenger_1500x1500-12x12.webp 12w, https:\/\/ecoheat.ch\/wp-content\/uploads\/2023\/10\/ecoheat-r-connect-empfaenger_1500x1500.webp 1500w\" sizes=\"auto, (max-width: 800px) 100vw, 800px\" \/>\t\t\t\t\t\t\t\t\t\t\t\t\t\t\t<\/p>\n<p>Il ricevitore R-Connect \u00e8 disponibile come accessorio opzionale. \u00c8 identico a R-Connect+, ma non ha un ricevitore Wi-Fi integrato ed \u00e8 adatto a controllare fino a otto riscaldatori con un termostato T-Connect+.<\/p>\n<p>\t\t\t\t\t\t\t<button id=\"e-n-tabs-title-1861\" aria-selected=\"true\" data-tab-index=\"1\" role=\"tab\" tabindex=\"0\" aria-controls=\"e-n-tab-content-1861\" style=\"--n-tabs-title-order: 1;\"><br \/>\n\t\t\t\t\tAmbito di consegna<br \/>\n\t\t\t<\/button><br \/>\n\t\t\t\t\t<button id=\"e-n-tabs-title-1862\" aria-selected=\"false\" data-tab-index=\"2\" role=\"tab\" tabindex=\"-1\" aria-controls=\"e-n-tab-content-1862\" style=\"--n-tabs-title-order: 2;\"><br \/>\n\t\t\t\t\tDati tecnici T-Connect+<br \/>\n\t\t\t<\/button><br \/>\n\t\t\t\t\t<button id=\"e-n-tabs-title-1863\" aria-selected=\"false\" data-tab-index=\"3\" role=\"tab\" tabindex=\"-1\" aria-controls=\"e-n-tab-content-1863\" style=\"--n-tabs-title-order: 3;\"><br \/>\n\t\t\t\t\tDati tecnici R-Connect+<br \/>\n\t\t\t<\/button><br \/>\n\t\t\t\t\t<button id=\"e-n-tabs-title-1864\" aria-selected=\"false\" data-tab-index=\"4\" role=\"tab\" tabindex=\"-1\" aria-controls=\"e-n-tab-content-1864\" style=\"--n-tabs-title-order: 4;\"><br \/>\n\t\t\t\t\tDownload<br \/>\n\t\t\t<\/button><\/p>\n<ul>\n<li>2 batterie AAA<\/li>\n<li>Istruzioni per l'uso<\/li>\n<\/ul>\n<table>\n<tbody>\n<tr>\n<td>Display<\/td>\n<td>Display LCD<\/td>\n<\/tr>\n<tr>\n<td>Colore<\/td>\n<td>Bianco<\/td>\n<\/tr>\n<tr>\n<td>Dimensioni (H x L x P)<\/td>\n<td>98 \u00d7 98 x 27 mm<\/td>\n<\/tr>\n<tr>\n<td>Programmabile<\/td>\n<td>S\u00ec<\/td>\n<\/tr>\n<tr>\n<td>Radiofrequenza<\/td>\n<td>868 MHz<\/td>\n<\/tr>\n<tr>\n<td>Regolamentazione di Internet<\/td>\n<td>S\u00ec, tramite smartphone\/tablet (app ecofort SMART)<\/td>\n<\/tr>\n<tr>\n<td>Tipo di collegamento al riscaldamento<\/td>\n<td>Cablaggio con ricevitore radio R-Connect+<\/td>\n<\/tr>\n<tr>\n<td>Campo di controllo della temperatura<\/td>\n<td>5 - 35 \u00b0C, incrementi di 0,5 \u00b0C<\/td>\n<\/tr>\n<tr>\n<td>Accuratezza della misura<\/td>\n<td>+\/- 0.5 \u00b0C<\/td>\n<\/tr>\n<tr>\n<td>Classe di protezione IP<\/td>\n<td>IP20<\/td>\n<\/tr>\n<tr>\n<td>Archiviazione di backup<\/td>\n<td>EEPROM<\/td>\n<\/tr>\n<tr>\n<td>Alimentazione<\/td>\n<td>2 batterie AAA<\/td>\n<\/tr>\n<tr>\n<td>Antigelo<\/td>\n<td>S\u00ec<\/td>\n<\/tr>\n<tr>\n<td>Montaggio<\/td>\n<td>Montato in superficie, mobile<\/td>\n<\/tr>\n<tr>\n<td>Adatto per<\/td>\n<td>Riscaldatori a infrarossi, radiatori elettrici, riscaldatori a pavimento<\/td>\n<\/tr>\n<\/tbody>\n<\/table>\n<table>\n<tbody>\n<tr>\n<td>Colore<\/td>\n<td>Bianco<\/td>\n<\/tr>\n<tr>\n<td>Dimensioni (H x L x P)<\/td>\n<td>86 \u00d7 86 \u00d7 26 mm<\/td>\n<\/tr>\n<tr>\n<td>Standard radiofonico<\/td>\n<td>868 MHz e 2,4 GHz<\/td>\n<\/tr>\n<tr>\n<td>Wi-Fi<\/td>\n<td>2,4 GHz<\/td>\n<\/tr>\n<tr>\n<td>Contatti di commutazione<\/td>\n<td>NO e NC<\/td>\n<\/tr>\n<tr>\n<td>Classe di protezione IP<\/td>\n<td>IP20<\/td>\n<\/tr>\n<tr>\n<td>Alimentazione<\/td>\n<td>230 V \/ 50 Hz<\/td>\n<\/tr>\n<tr>\n<td>Montaggio<\/td>\n<td>Montaggio a parete (staffa a muro inclusa nella fornitura)<\/td>\n<\/tr>\n<\/tbody>\n<\/table>\n<ul>\n<li>\n\t\t\t\t\t\t\t\t\t\t\t<a href=\"\/wp-content\/uploads\/2023\/10\/ecoheat-connect_manual_WEB.pdf\"><br \/>\n\t\t\t\t\t\t\t\t\t\tIstruzioni<br \/>\n\t\t\t\t\t\t\t\t\t\t\t<\/a>\n\t\t\t\t\t\t\t\t\t<\/li>\n<\/ul>\n<ul>\n<li>\n\t\t\t\t\t\t\t\t\t\t\t<a href=\"\/wp-content\/uploads\/2023\/10\/ecoheat-connect_manual_WEB.pdf\"><br \/>\n\t\t\t\t\t\t\t\t\t\tIstruzioni<br \/>\n\t\t\t\t\t\t\t\t\t\t\t<\/a>\n\t\t\t\t\t\t\t\t\t<\/li>\n<\/ul>\n<ul>\n<li>2 batterie AAA<\/li>\n<li>Istruzioni per l'uso<\/li>\n<\/ul>\n<table>\n<tbody>\n<tr>\n<td>Display<\/td>\n<td>Display LCD<\/td>\n<\/tr>\n<tr>\n<td>Colore<\/td>\n<td>Bianco<\/td>\n<\/tr>\n<tr>\n<td>Dimensioni (H x L x P)<\/td>\n<td>98 \u00d7 98 x 27 mm<\/td>\n<\/tr>\n<tr>\n<td>Programmabile<\/td>\n<td>S\u00ec<\/td>\n<\/tr>\n<tr>\n<td>Radiofrequenza<\/td>\n<td>868 MHz<\/td>\n<\/tr>\n<tr>\n<td>Regolamentazione di Internet<\/td>\n<td>S\u00ec, tramite smartphone\/tablet (app ecofort SMART)<\/td>\n<\/tr>\n<tr>\n<td>Tipo di collegamento al riscaldamento<\/td>\n<td>Cablaggio con ricevitore radio R-Connect+<\/td>\n<\/tr>\n<tr>\n<td>Campo di controllo della temperatura<\/td>\n<td>5 - 35 \u00b0C, incrementi di 0,5 \u00b0C<\/td>\n<\/tr>\n<tr>\n<td>Accuratezza della misura<\/td>\n<td>+\/- 0.5 \u00b0C<\/td>\n<\/tr>\n<tr>\n<td>Classe di protezione IP<\/td>\n<td>IP20<\/td>\n<\/tr>\n<tr>\n<td>Archiviazione di backup<\/td>\n<td>EEPROM<\/td>\n<\/tr>\n<tr>\n<td>Alimentazione<\/td>\n<td>2 batterie AAA<\/td>\n<\/tr>\n<tr>\n<td>Antigelo<\/td>\n<td>S\u00ec<\/td>\n<\/tr>\n<tr>\n<td>Montaggio<\/td>\n<td>Montato in superficie, mobile<\/td>\n<\/tr>\n<tr>\n<td>Adatto per<\/td>\n<td>Riscaldatori a infrarossi, radiatori elettrici, riscaldatori a pavimento<\/td>\n<\/tr>\n<\/tbody>\n<\/table>\n<table>\n<tbody>\n<tr>\n<td>Colore<\/td>\n<td>Bianco<\/td>\n<\/tr>\n<tr>\n<td>Dimensioni (H x L x P)<\/td>\n<td>86 \u00d7 86 \u00d7 26 mm<\/td>\n<\/tr>\n<tr>\n<td>Standard radiofonico<\/td>\n<td>868 MHz e 2,4 GHz<\/td>\n<\/tr>\n<tr>\n<td>Wi-Fi<\/td>\n<td>2,4 GHz<\/td>\n<\/tr>\n<tr>\n<td>Contatti di commutazione<\/td>\n<td>NO e NC<\/td>\n<\/tr>\n<tr>\n<td>Classe di protezione IP<\/td>\n<td>IP20<\/td>\n<\/tr>\n<tr>\n<td>Alimentazione<\/td>\n<td>230 V \/ 50 Hz<\/td>\n<\/tr>\n<tr>\n<td>Montaggio<\/td>\n<td>Montaggio a parete (staffa a muro inclusa nella fornitura)<\/td>\n<\/tr>\n<\/tbody>\n<\/table>\n<ul>\n<li>\n\t\t\t\t\t\t\t\t\t\t\t<a href=\"\/wp-content\/uploads\/2023\/10\/ecoheat-connect_manual_WEB.pdf\"><br \/>\n\t\t\t\t\t\t\t\t\t\tIstruzioni<br \/>\n\t\t\t\t\t\t\t\t\t\t\t<\/a>\n\t\t\t\t\t\t\t\t\t<\/li>\n<\/ul>\n<ul>\n<li>\n\t\t\t\t\t\t\t\t\t\t\t<a href=\"\/wp-content\/uploads\/2023\/10\/ecoheat-connect_manual_WEB.pdf\"><br \/>\n\t\t\t\t\t\t\t\t\t\tIstruzioni<br \/>\n\t\t\t\t\t\t\t\t\t\t\t<\/a>\n\t\t\t\t\t\t\t\t\t<\/li>\n<\/ul>\n<p>\t\t\t<a href=\"https:\/\/ecofort.ch\/de\/thermostate\/3258-ecoheat-connect-plus-set.html\" target=\"_blank\" rel=\"noopener\"><br \/>\n\t\t\t\t\t\tMaggiori informazioni nel negozio<br \/>\n\t\t\t\t\t<\/a><br \/>\n\t\t\t<a href=\"https:\/\/ecofort.ch\/de\/thermostate\/3258-ecoheat-connect-plus-set.html\" target=\"_blank\" rel=\"noopener\"><br \/>\n\t\t\t\t\t\tMaggiori informazioni nel negozio<br \/>\n\t\t\t\t\t<\/a><\/p>","protected":false},"excerpt":{"rendered":"<p>ecoheat Connect+ T-Connect+ Thermostat &#038; R-Connect+ Empf\u00e4nger T-Connect+ Thermostat Der\u00a0ecoheat Connect+ Raumthermostat ist f\u00fcr die Steuerung von Infrarot-Heizsystemen ausgelegt, kann aber auch f\u00fcr jede andere elektrische Heizung verwendet werden. Er kann manuell bedient sowie programmiert werden \u2013 direkt am Ger\u00e4t selbst oder via der Mobile App ecofort SMART, die die \u00dcberwachung und Steuerung des ganzen [&hellip;]<\/p>\n","protected":false},"author":2,"featured_media":1589,"parent":0,"menu_order":0,"comment_status":"closed","ping_status":"closed","template":"","meta":{"footnotes":""},"class_list":["post-1424","page","type-page","status-publish","has-post-thumbnail","hentry"],"_links":{"self":[{"href":"https:\/\/ecoheat.ch\/it\/wp-json\/wp\/v2\/pages\/1424","targetHints":{"allow":["GET"]}}],"collection":[{"href":"https:\/\/ecoheat.ch\/it\/wp-json\/wp\/v2\/pages"}],"about":[{"href":"https:\/\/ecoheat.ch\/it\/wp-json\/wp\/v2\/types\/page"}],"author":[{"embeddable":true,"href":"https:\/\/ecoheat.ch\/it\/wp-json\/wp\/v2\/users\/2"}],"replies":[{"embeddable":true,"href":"https:\/\/ecoheat.ch\/it\/wp-json\/wp\/v2\/comments?post=1424"}],"version-history":[{"count":39,"href":"https:\/\/ecoheat.ch\/it\/wp-json\/wp\/v2\/pages\/1424\/revisions"}],"predecessor-version":[{"id":1779,"href":"https:\/\/ecoheat.ch\/it\/wp-json\/wp\/v2\/pages\/1424\/revisions\/1779"}],"wp:featuredmedia":[{"embeddable":true,"href":"https:\/\/ecoheat.ch\/it\/wp-json\/wp\/v2\/media\/1589"}],"wp:attachment":[{"href":"https:\/\/ecoheat.ch\/it\/wp-json\/wp\/v2\/media?parent=1424"}],"curies":[{"name":"wp","href":"https:\/\/api.w.org\/{rel}","templated":true}]}}