{"id":1690,"date":"2023-12-12T16:59:39","date_gmt":"2023-12-12T15:59:39","guid":{"rendered":"https:\/\/ecoheat.ch\/?page_id=1690"},"modified":"2023-12-12T17:03:09","modified_gmt":"2023-12-12T16:03:09","slug":"infrarotheizung-im-wintergarten-die-ideale-waermequelle-fuer-kalte-tage","status":"publish","type":"page","link":"https:\/\/ecoheat.ch\/it\/consigli-sui-riscaldatori\/riscaldamento-a-infrarossi-nel-giardino-dinverno-fonte-di-calore-ideale-per-le-giornate-fredde\/","title":{"rendered":"Riscaldamento a infrarossi nel giardino d'inverno: la fonte di calore ideale per le giornate fredde"},"content":{"rendered":"<h1>Riscaldamento a infrarossi nel giardino d'inverno: la fonte di calore ideale per le giornate fredde<\/h1>\n<p>\t\t<strong>La veranda \u00e8 una stanza che rappresenta un'oasi di relax e svago per molte persone. Per poter utilizzare questo spazio meraviglioso tutto l'anno, \u00e8 necessaria una soluzione di riscaldamento efficiente. <\/strong><br \/>\n\t\t\t\t\t\t\t\t\t\t\t\t\t\t\t<img loading=\"lazy\" decoding=\"async\" width=\"900\" height=\"600\" src=\"https:\/\/ecoheat.ch\/wp-content\/uploads\/2023\/12\/wintergarten_ecoheat-blog.webp\" alt=\"Blog ecoheat - Conservatorio\" srcset=\"https:\/\/ecoheat.ch\/wp-content\/uploads\/2023\/12\/wintergarten_ecoheat-blog.webp 900w, https:\/\/ecoheat.ch\/wp-content\/uploads\/2023\/12\/wintergarten_ecoheat-blog-300x200.webp 300w, https:\/\/ecoheat.ch\/wp-content\/uploads\/2023\/12\/wintergarten_ecoheat-blog-768x512.webp 768w, https:\/\/ecoheat.ch\/wp-content\/uploads\/2023\/12\/wintergarten_ecoheat-blog-18x12.webp 18w\" sizes=\"auto, (max-width: 900px) 100vw, 900px\" \/>\t\t\t\t\t\t\t\t\t\t\t\t\t\t\t<\/p>\n<p>Idealmente, si dovrebbe usare l'opzione <a href=\"https:\/\/ecoheat.ch\/it\/riscaldatori-a-infrarossi-ecoheat-classic\/\">Riscaldamento a infrarossi<\/a> nel giardino d'inverno per un riscaldamento mirato e di breve durata. In una giornata nuvolosa, quando il giardino d'inverno rimane fresco, si pu\u00f2 sfruttare il tempo di riscaldamento rapido del riscaldatore a infrarossi per godere del piacevole calore dei raggi infrarossi. Il riscaldamento a infrarossi nel giardino d'inverno potrebbe non essere la scelta migliore per un riscaldamento permanente. Tuttavia, viene spesso utilizzato, soprattutto quando il giardino d'inverno viene utilizzato quasi come un salotto. Il vantaggio \u00e8 che si pu\u00f2 agire in modo flessibile, poich\u00e9 i radiatori aggiuntivi sono difficili da installare e l'impianto di riscaldamento esistente potrebbe non essere sufficiente a fornire ulteriore energia termica.<\/p>\n<h2>Vantaggi del riscaldamento a infrarossi nel giardino d'inverno <\/h2>\n<h3>I riscaldatori a infrarossi creano un clima piacevole nell'ambiente <\/h3>\n<p>I riscaldatori a infrarossi generano calore radiante invece di quello convettivo, che viene percepito come pi\u00f9 piacevole in confronto. Il calore si diffonde in modo uniforme in tutta la stanza senza seccare l'aria o sollevare particelle di polvere.<\/p>\n<h3>Nessuna perdita di calore<\/h3>\n<p>Con il calore convettivo, l'aria si riscalda, sale, si raffredda in corrispondenza delle finestre e poi torna a scendere, il che \u00e8 inefficiente a causa dello scarso isolamento del vetro frontale.<\/p>\n<p><strong>I<\/strong>I riscaldatori a infrarossi, tuttavia, riscaldano oggetti o persone specifiche, senza alcuna perdita di calore dovuta al calore di convezione o a un isolamento insufficiente.<\/p>\n<h3>Riscaldamento rapido<\/h3>\n<p>Rispetto ai riscaldatori a convezione, i riscaldatori a infrarossi sono termicamente meno inerti. I riscaldatori a infrarossi si riscaldano rapidamente e generano un calore immediato. Questo \u00e8 ideale per riscaldare la veranda in modo rapido ed efficiente nelle giornate fredde o nei periodi di transizione. Ma anche per spegnere rapidamente il pannello quando il sole splende e non c'\u00e8 bisogno di calore elevato.<\/p>\n<h3>Efficienza energetica<\/h3>\n<p>Se la veranda \u00e8 ben isolata e il riscaldamento a infrarossi viene utilizzato in modo mirato, pu\u00f2 essere una soluzione di riscaldamento efficiente dal punto di vista energetico. L'energia pu\u00f2 essere risparmiata grazie al tempo di riscaldamento rapido e all'emissione di calore mirata.<\/p>\n<h3>Bassi costi di installazione e assenza di manutenzione<\/h3>\n<p>L'installazione dei riscaldatori a infrarossi \u00e8 generalmente semplice e poco costosa. Non sono necessarie complesse installazioni di tubature o radiatori. Inoltre, i riscaldatori a infrarossi richiedono generalmente poca o nessuna manutenzione.<\/p>\n<h3>Rispetto dell'ambiente<\/h3>\n<p>I riscaldatori a infrarossi possono essere alimentati da fonti di energia rinnovabile come l'energia solare, il che li rende un'opzione di riscaldamento ecologica.<\/p>\n<p><strong>Conclusione<\/strong><\/p>\n<p>Nel complesso, i riscaldatori a infrarossi nelle verande offrono una soluzione di riscaldamento efficiente, conveniente e flessibile. Contribuiscono a rendere la veranda una stanza utilizzabile tutto l'anno e a creare un clima interno piacevole.<\/p>","protected":false},"excerpt":{"rendered":"<p>La veranda \u00e8 una stanza che rappresenta un'oasi di relax e svago per molte persone. Per poter utilizzare questo spazio meraviglioso tutto l'anno, \u00e8 necessaria una soluzione di riscaldamento efficiente. <\/p>","protected":false},"author":2,"featured_media":1692,"parent":1623,"menu_order":2,"comment_status":"closed","ping_status":"closed","template":"","meta":{"footnotes":""},"class_list":["post-1690","page","type-page","status-publish","has-post-thumbnail","hentry"],"_links":{"self":[{"href":"https:\/\/ecoheat.ch\/it\/wp-json\/wp\/v2\/pages\/1690","targetHints":{"allow":["GET"]}}],"collection":[{"href":"https:\/\/ecoheat.ch\/it\/wp-json\/wp\/v2\/pages"}],"about":[{"href":"https:\/\/ecoheat.ch\/it\/wp-json\/wp\/v2\/types\/page"}],"author":[{"embeddable":true,"href":"https:\/\/ecoheat.ch\/it\/wp-json\/wp\/v2\/users\/2"}],"replies":[{"embeddable":true,"href":"https:\/\/ecoheat.ch\/it\/wp-json\/wp\/v2\/comments?post=1690"}],"version-history":[{"count":4,"href":"https:\/\/ecoheat.ch\/it\/wp-json\/wp\/v2\/pages\/1690\/revisions"}],"predecessor-version":[{"id":1695,"href":"https:\/\/ecoheat.ch\/it\/wp-json\/wp\/v2\/pages\/1690\/revisions\/1695"}],"up":[{"embeddable":true,"href":"https:\/\/ecoheat.ch\/it\/wp-json\/wp\/v2\/pages\/1623"}],"wp:featuredmedia":[{"embeddable":true,"href":"https:\/\/ecoheat.ch\/it\/wp-json\/wp\/v2\/media\/1692"}],"wp:attachment":[{"href":"https:\/\/ecoheat.ch\/it\/wp-json\/wp\/v2\/media?parent=1690"}],"curies":[{"name":"wp","href":"https:\/\/api.w.org\/{rel}","templated":true}]}}