{"id":1793,"date":"2023-12-15T10:30:49","date_gmt":"2023-12-15T09:30:49","guid":{"rendered":"https:\/\/ecoheat.ch\/?page_id=1793"},"modified":"2023-12-15T11:45:29","modified_gmt":"2023-12-15T10:45:29","slug":"infrarotheizung-badezimmerheizung","status":"publish","type":"page","link":"https:\/\/ecoheat.ch\/it\/consigli-sui-riscaldatori\/riscaldamento-a-infrarossi-in-bagno\/","title":{"rendered":"Un riscaldatore a infrarossi ha senso come riscaldamento per il bagno?"},"content":{"rendered":"<h1>Un riscaldatore a infrarossi ha senso come riscaldamento per il bagno?<\/h1>\n<p><strong>Il bagno \u00e8 spesso il luogo in cui iniziamo e terminiamo la nostra giornata, una stanza che ha un'influenza significativa sul nostro benessere. Ma quando si tratta di riscaldare questa importante stanza, molti si pongono la domanda: il riscaldamento a infrarossi \u00e8 una buona idea per riscaldare il bagno? In questo articolo esamineremo da vicino questa domanda e metteremo in evidenza i molti motivi per cui il riscaldamento a infrarossi potrebbe essere una scelta estremamente intelligente per il vostro bagno.<\/strong><\/p>\n<p>\t\t\t\t\t\t\t\t\t\t\t\t\t\t\t<img loading=\"lazy\" decoding=\"async\" width=\"1500\" height=\"998\" src=\"https:\/\/ecoheat.ch\/wp-content\/uploads\/2023\/12\/heizen-im-badezimmer_ecoheat-blog.webp\" alt=\"Un riscaldatore a infrarossi ha senso come riscaldamento per il bagno?\" srcset=\"https:\/\/ecoheat.ch\/wp-content\/uploads\/2023\/12\/heizen-im-badezimmer_ecoheat-blog.webp 1500w, https:\/\/ecoheat.ch\/wp-content\/uploads\/2023\/12\/heizen-im-badezimmer_ecoheat-blog-300x200.webp 300w, https:\/\/ecoheat.ch\/wp-content\/uploads\/2023\/12\/heizen-im-badezimmer_ecoheat-blog-1024x681.webp 1024w, https:\/\/ecoheat.ch\/wp-content\/uploads\/2023\/12\/heizen-im-badezimmer_ecoheat-blog-768x511.webp 768w, https:\/\/ecoheat.ch\/wp-content\/uploads\/2023\/12\/heizen-im-badezimmer_ecoheat-blog-18x12.webp 18w\" sizes=\"auto, (max-width: 1500px) 100vw, 1500px\" \/>\t\t\t\t\t\t\t\t\t\t\t\t\t\t\t<\/p>\n<h2>La velocit\u00e0 e l'efficienza dei riscaldatori a infrarossi<\/h2>\n<p><a href=\"https:\/\/ecoheat.ch\/it\/riscaldatori-a-infrarossi-ecoheat-classic\/\">Riscaldatori a infrarossi<\/a> impressionano per la loro emissione di calore rapida e accogliente, che li rende ideali per l'uso in bagno. Il fabbisogno di calore aumenta di circa 4 gradi Celsius rispetto alle altre stanze, soprattutto se si considera che di solito si trascorre poco tempo in questa stanza. Tuttavia, i riscaldatori a infrarossi compensano questo maggiore fabbisogno di calore in modo rapido ed efficace, evitando di sentire un freddo fastidioso quando si entra in bagno.<\/p>\n<p>A differenza dei sistemi di riscaldamento tradizionali, che riscaldano l'aria della stanza, i riscaldatori a infrarossi emettono un calore infrarosso che penetra direttamente nelle pareti e negli oggetti. Questo permette di sentire il calore rilassante sul corpo in un tempo molto breve. Questa propriet\u00e0 \u00e8 particolarmente vantaggiosa in bagno, dove spesso si trascorre poco tempo e si apprezza un piacevole calore prima di fare una doccia o un bagno rilassante.<\/p>\n<h3>Prevenzione della formazione di muffa<\/h3>\n<p>I bagni sono spesso caratterizzati da un elevato livello di umidit\u00e0, che pu\u00f2 portare alla formazione di muffa negli angoli, nelle giunture o addirittura su intere superfici murarie. Si tratta di un problema serio, soprattutto nei bagni senza finestre. L'emissione continua di calore da parte di un riscaldatore a infrarossi \u00e8 una misura efficace per prevenire la formazione di muffa. Poich\u00e9 la muffa prospera in ambienti umidi e freddi, il riscaldamento costante delle superfici e la riduzione dell'umidit\u00e0 limitano notevolmente la possibilit\u00e0 di crescita della muffa. Di conseguenza, la muffa non ha praticamente alcuna possibilit\u00e0 di formarsi grazie al calore emesso dal riscaldamento a infrarossi.<\/p>\n<h3>Minori perdite di calore durante la ventilazione<\/h3>\n<p>Con i riscaldatori a infrarossi, le pareti e i pavimenti riscaldati sono la principale fonte di calore. Ci\u00f2 significa che la perdita di calore rimane bassa anche durante la ventilazione, in quanto l'aria ambiente che fuoriesce non \u00e8 la causa principale del piacevole calore nel bagno.<\/p>\n<h3>Efficienza energetica e risparmio economico<\/h3>\n<p>I riscaldatori a infrarossi non si distinguono solo per la rapidit\u00e0 di riscaldamento e la prevenzione della muffa, ma anche per la loro efficienza energetica. Poich\u00e9 riscaldano solo le aree necessarie invece di riscaldare l'intera stanza, \u00e8 possibile risparmiare energia e ridurre i costi di riscaldamento.<\/p>\n<p>Questa efficienza \u00e8 particolarmente evidente nei bagni, che spesso vengono utilizzati solo occasionalmente. \u00c8 inoltre possibile combinare il riscaldatore a infrarossi con un sistema di controllo intelligente per impostare la temperatura esattamente in base alle proprie esigenze ed evitare inutili consumi energetici.<\/p>\n<p>In sintesi, optare per il riscaldamento a infrarossi in bagno \u00e8 un investimento intelligente e sensato per il comfort e il benessere. Non solo fornisce un calore efficiente, ma aiuta anche a prevenire la muffa e a ridurre al minimo la perdita di calore durante la ventilazione. Trasformate il vostro bagno in un luogo accogliente dove sentirvi completamente a vostro agio.<\/p>","protected":false},"excerpt":{"rendered":"<p>Il bagno \u00e8 spesso il luogo in cui iniziamo e terminiamo la nostra giornata, una stanza che ha un impatto significativo sul nostro benessere. Ma quando si tratta di riscaldare questa stanza importante, molti si pongono la domanda: il riscaldamento a infrarossi \u00e8 una buona idea per riscaldare il bagno?<\/p>","protected":false},"author":2,"featured_media":1794,"parent":1623,"menu_order":14,"comment_status":"closed","ping_status":"closed","template":"","meta":{"footnotes":""},"class_list":["post-1793","page","type-page","status-publish","has-post-thumbnail","hentry"],"_links":{"self":[{"href":"https:\/\/ecoheat.ch\/it\/wp-json\/wp\/v2\/pages\/1793","targetHints":{"allow":["GET"]}}],"collection":[{"href":"https:\/\/ecoheat.ch\/it\/wp-json\/wp\/v2\/pages"}],"about":[{"href":"https:\/\/ecoheat.ch\/it\/wp-json\/wp\/v2\/types\/page"}],"author":[{"embeddable":true,"href":"https:\/\/ecoheat.ch\/it\/wp-json\/wp\/v2\/users\/2"}],"replies":[{"embeddable":true,"href":"https:\/\/ecoheat.ch\/it\/wp-json\/wp\/v2\/comments?post=1793"}],"version-history":[{"count":7,"href":"https:\/\/ecoheat.ch\/it\/wp-json\/wp\/v2\/pages\/1793\/revisions"}],"predecessor-version":[{"id":1802,"href":"https:\/\/ecoheat.ch\/it\/wp-json\/wp\/v2\/pages\/1793\/revisions\/1802"}],"up":[{"embeddable":true,"href":"https:\/\/ecoheat.ch\/it\/wp-json\/wp\/v2\/pages\/1623"}],"wp:featuredmedia":[{"embeddable":true,"href":"https:\/\/ecoheat.ch\/it\/wp-json\/wp\/v2\/media\/1794"}],"wp:attachment":[{"href":"https:\/\/ecoheat.ch\/it\/wp-json\/wp\/v2\/media?parent=1793"}],"curies":[{"name":"wp","href":"https:\/\/api.w.org\/{rel}","templated":true}]}}