{"id":239,"date":"2022-12-30T10:20:10","date_gmt":"2022-12-30T09:20:10","guid":{"rendered":"https:\/\/practical-shannon.185-46-59-137.plesk.page\/?page_id=239"},"modified":"2023-11-23T14:11:48","modified_gmt":"2023-11-23T13:11:48","slug":"ecoheat-hybrid-infrarotheizungen","status":"publish","type":"page","link":"https:\/\/ecoheat.ch\/it\/riscaldatori-a-infrarossi-ecoheat-hybrid\/","title":{"rendered":"Riscaldatori ibridi a infrarossi ecoheat"},"content":{"rendered":"<h1>ecoheat Hybrid<\/h1>\n<h2>Radiatore a infrarossi ibrido<\/h2>\n<p>L'unico\u00a0<em>ecoheat Hybrid<\/em> combina i vantaggi del riscaldamento a infrarossi con quelli del riscaldamento a convettori.<\/p>\n<p>Pochi metri intorno alla <em>ecoheat Hybrid<\/em> intorno si sente un caldo confortevole, proprio come vicino a una stufa in maiolica. Come nel caso di un convettore elettrico, l'aria riscaldata viene distribuita in tutto l'ambiente.<\/p>\n<p>\t\t\t\t\t\t\t\t\t\t\t\t\t\t\t<img decoding=\"async\" width=\"800\" height=\"534\" src=\"https:\/\/ecoheat.ch\/wp-content\/uploads\/2023\/03\/ecoheat-hybrid-1000_lifestyle_buero_sitzgruppe_1500x1000-1024x683.webp\" alt=\"radiatore ibrido a infrarossi ecoheat in un gruppo di sedute\" loading=\"lazy\" srcset=\"https:\/\/ecoheat.ch\/wp-content\/uploads\/2023\/03\/ecoheat-hybrid-1000_lifestyle_buero_sitzgruppe_1500x1000-1024x683.webp 1024w, https:\/\/ecoheat.ch\/wp-content\/uploads\/2023\/03\/ecoheat-hybrid-1000_lifestyle_buero_sitzgruppe_1500x1000-300x200.webp 300w, https:\/\/ecoheat.ch\/wp-content\/uploads\/2023\/03\/ecoheat-hybrid-1000_lifestyle_buero_sitzgruppe_1500x1000-768x512.webp 768w, https:\/\/ecoheat.ch\/wp-content\/uploads\/2023\/03\/ecoheat-hybrid-1000_lifestyle_buero_sitzgruppe_1500x1000-18x12.webp 18w, https:\/\/ecoheat.ch\/wp-content\/uploads\/2023\/03\/ecoheat-hybrid-1000_lifestyle_buero_sitzgruppe_1500x1000.webp 1500w\" sizes=\"auto, (max-width: 800px) 100vw, 800px\" \/>\t\t\t\t\t\t\t\t\t\t\t\t\t\t\t<\/p>\n<ul>\n<li>\n\t\t\t\t\t\t\t\t\t\tPotente potenza di riscaldamento combinata: calore a infrarossi e a convezione\n\t\t\t\t\t\t\t\t\t<\/li>\n<li>\n\t\t\t\t\t\t\t\t\t\tSostituzione ottimale dei riscaldatori elettrici ad accumulo notturno\n\t\t\t\t\t\t\t\t\t<\/li>\n<li>\n\t\t\t\t\t\t\t\t\t\tFunzionamento silenzioso e senza manutenzione\n\t\t\t\t\t\t\t\t\t<\/li>\n<li>\n\t\t\t\t\t\t\t\t\t\tProtezione da surriscaldamento e sovratensione\n\t\t\t\t\t\t\t\t\t<\/li>\n<\/ul>\n<p>Pochi minuti dopo l'accensione del radiatore ibrido, il calore a infrarossi irradiato dalla parte anteriore diventa chiaramente percepibile. Inoltre, l'aria calda (calore di convezione) fuoriesce attraverso le scanalature sulla parte superiore del radiatore. Dopo soli 20 minuti di riscaldamento si raggiunge la massima potenza termica.<\/p>\n<p>Mentre i riscaldatori a infrarossi convenzionali non riscaldano direttamente l'aria, il<em> ecoheat Hybrid<\/em> per una temperatura dell'aria gradevole in tutto l'ambiente. Questo \u00e8 un grande vantaggio negli ambienti freschi e poco isolati. Soprattutto per la protezione dal gelo, \u00e8 molto importante riscaldare l'aria con un termoconvettore, in modo da riscaldare tutti gli angoli della stanza.<\/p>\n<h4>Hybrid 600<\/h4>\n<p>60 x 60 x 5 cm<\/p>\n<p>600 watt<\/p>\n<h4>Hybrid 1000<\/h4>\n<p>60 x 100 x 5 cm<\/p>\n<p>1000 Watt<\/p>\n<h4>Hybrid 1000 verticale<\/h4>\n<p>100 x 60 x 5 cm<\/p>\n<p>1000 Watt<\/p>\n<h4>Hybrid 1400<\/h4>\n<p>60 x 140 x 5 cm<\/p>\n<p>1400 Watt<\/p>\n<p>\t\t\t\t\t\t\t\t\t\t\t\t\t\t\t<img decoding=\"async\" width=\"1500\" height=\"1000\" src=\"https:\/\/ecoheat.ch\/wp-content\/uploads\/2023\/01\/ecoheat-hybrid_lifestyle_detail_closeup_2_1500x1000.jpg\" alt=\"radiatore a infrarossi ecoheat Hybrid primo piano dall&#039;alto\" loading=\"lazy\" srcset=\"https:\/\/ecoheat.ch\/wp-content\/uploads\/2023\/01\/ecoheat-hybrid_lifestyle_detail_closeup_2_1500x1000.jpg 1500w, https:\/\/ecoheat.ch\/wp-content\/uploads\/2023\/01\/ecoheat-hybrid_lifestyle_detail_closeup_2_1500x1000-300x200.jpg 300w, https:\/\/ecoheat.ch\/wp-content\/uploads\/2023\/01\/ecoheat-hybrid_lifestyle_detail_closeup_2_1500x1000-1024x683.jpg 1024w, https:\/\/ecoheat.ch\/wp-content\/uploads\/2023\/01\/ecoheat-hybrid_lifestyle_detail_closeup_2_1500x1000-768x512.jpg 768w\" sizes=\"auto, (max-width: 1500px) 100vw, 1500px\" \/><br \/>\n\t\t\t\t\t\t\t<button id=\"e-n-tabs-title-1041\" aria-selected=\"true\" data-tab-index=\"1\" role=\"tab\" tabindex=\"0\" aria-controls=\"e-n-tab-content-1041\" style=\"--n-tabs-title-order: 1;\"><br \/>\n\t\t\t\t\tAmbito di consegna<br \/>\n\t\t\t<\/button><br \/>\n\t\t\t\t\t<button id=\"e-n-tabs-title-1042\" aria-selected=\"false\" data-tab-index=\"2\" role=\"tab\" tabindex=\"-1\" aria-controls=\"e-n-tab-content-1042\" style=\"--n-tabs-title-order: 2;\"><br \/>\n\t\t\t\t\tPiedi<br \/>\n\t\t\t<\/button><br \/>\n\t\t\t\t\t<button id=\"e-n-tabs-title-1043\" aria-selected=\"false\" data-tab-index=\"3\" role=\"tab\" tabindex=\"-1\" aria-controls=\"e-n-tab-content-1043\" style=\"--n-tabs-title-order: 3;\"><br \/>\n\t\t\t\t\tDati tecnici<br \/>\n\t\t\t<\/button><br \/>\n\t\t\t\t\t<button id=\"e-n-tabs-title-1044\" aria-selected=\"false\" data-tab-index=\"4\" role=\"tab\" tabindex=\"-1\" aria-controls=\"e-n-tab-content-1044\" style=\"--n-tabs-title-order: 4;\"><br \/>\n\t\t\t\t\tDownload<br \/>\n\t\t\t<\/button><\/p>\n<ul>\n<li>2 staffe a parete e set di montaggio<\/li>\n<li>Piedi (non per la versione verticale)<\/li>\n<li>Istruzioni per l'uso<\/li>\n<\/ul>\n<p>\t\t\t\t\t\t\t\t\t\t\t\t\t\t\t\t<a href=\"https:\/\/ecofort.ch\/fr\/materiel-de-montage\/1489-pieds-chauffage-hybride-ecoheat.html\" target=\"_blank\" rel=\"noopener\"><br \/>\n\t\t\t\t\t\t\t<img decoding=\"async\" width=\"800\" height=\"800\" src=\"https:\/\/ecoheat.ch\/wp-content\/uploads\/2023\/01\/standfusse-ecoheat-hybridheizung.jpg\" alt=\"piedi ecoheat Hybrid\" loading=\"lazy\" srcset=\"https:\/\/ecoheat.ch\/wp-content\/uploads\/2023\/01\/standfusse-ecoheat-hybridheizung.jpg 800w, https:\/\/ecoheat.ch\/wp-content\/uploads\/2023\/01\/standfusse-ecoheat-hybridheizung-300x300.jpg 300w, https:\/\/ecoheat.ch\/wp-content\/uploads\/2023\/01\/standfusse-ecoheat-hybridheizung-150x150.jpg 150w, https:\/\/ecoheat.ch\/wp-content\/uploads\/2023\/01\/standfusse-ecoheat-hybridheizung-768x768.jpg 768w\" sizes=\"auto, (max-width: 800px) 100vw, 800px\" \/>\t\t\t\t\t\t\t\t<\/a><br \/>\n\t\t\t<a href=\"https:\/\/ecofort.ch\/fr\/materiel-de-montage\/1489-pieds-chauffage-hybride-ecoheat.html\" target=\"_blank\" rel=\"noopener\"><br \/>\n\t\t\t\t\t\tAcquista<br \/>\n\t\t\t\t\t<\/a><\/p>\n<p>Se i piccoli piedini in plastica in dotazione non sono abbastanza robusti, questi piedini metallici \u201cper impieghi gravosi\u201d sono il giusto upgrade. Possono essere utilizzati per\u00a0<em>ecoheat Hybrid<\/em> altrettanto facili da spostare e consentono la massima mobilit\u00e0, anche nell'uso quotidiano pi\u00f9 gravoso.<\/p>\n<p>L'installazione \u00e8 molto semplice, i due piedini vengono allineati ai fori previsti sul riscaldatore e fissati con le viti in dotazione.<\/p>\n<table>\n<tbody>\n<tr>\n<td>Gamma di radiazioni<\/td>\n<td>circa 3,5 metri<\/td>\n<\/tr>\n<tr>\n<td>Angolo di irradiazione<\/td>\n<td>circa 170 \u00b0<\/td>\n<\/tr>\n<tr>\n<td>Temperatura di superficie<\/td>\n<td>50 - 110 \u00b0C<\/td>\n<\/tr>\n<tr>\n<td>Alimentazione<\/td>\n<td>230 V \/ 50 Hz<\/td>\n<\/tr>\n<tr>\n<td>Cavo di collegamento<\/td>\n<td>Spina svizzera<\/td>\n<\/tr>\n<tr>\n<td>Protezione dal surriscaldamento<\/td>\n<td>S\u00ec<\/td>\n<\/tr>\n<tr>\n<td>Protezione dalle sovratensioni<\/td>\n<td>S\u00ec<\/td>\n<\/tr>\n<tr>\n<td>Classe di protezione<\/td>\n<td>IP20<\/td>\n<\/tr>\n<tr>\n<td>Colore<\/td>\n<td>Bianco (RAL 9016)<\/td>\n<\/tr>\n<tr>\n<td>Marchio di conformit\u00e0<\/td>\n<td>CE<\/td>\n<\/tr>\n<\/tbody>\n<\/table>\n<ul>\n<li>\n\t\t\t\t\t\t\t\t\t\t\t<a href=\"\/wp-content\/uploads\/2022\/12\/istruzioni per la scheda ibrida-D-F-I_2022_web.pdf\"><br \/>\n\t\t\t\t\t\t\t\t\t\tIstruzioni<br \/>\n\t\t\t\t\t\t\t\t\t\t\t<\/a>\n\t\t\t\t\t\t\t\t\t<\/li>\n<li>\n\t\t\t\t\t\t\t\t\t\t\t<a href=\"\/wp-content\/uploads\/2022\/12\/Istruzioni di montaggio-Piedistallo.pdf\"><br \/>\n\t\t\t\t\t\t\t\t\t\tPiedini di montaggio<br \/>\n\t\t\t\t\t\t\t\t\t\t\t<\/a>\n\t\t\t\t\t\t\t\t\t<\/li>\n<\/ul>\n<ul>\n<li>\n\t\t\t\t\t\t\t\t\t\t\t<a href=\"\/wp-content\/uploads\/2022\/12\/istruzioni per la scheda ibrida-D-F-I_2022_web.pdf\"><br \/>\n\t\t\t\t\t\t\t\t\t\tIstruzioni<br \/>\n\t\t\t\t\t\t\t\t\t\t\t<\/a>\n\t\t\t\t\t\t\t\t\t<\/li>\n<li>\n\t\t\t\t\t\t\t\t\t\t\t<a href=\"\/wp-content\/uploads\/2022\/12\/Istruzioni di montaggio-Piedistallo.pdf\"><br \/>\n\t\t\t\t\t\t\t\t\t\tPiedini di montaggio<br \/>\n\t\t\t\t\t\t\t\t\t\t\t<\/a>\n\t\t\t\t\t\t\t\t\t<\/li>\n<\/ul>\n<ul>\n<li>2 staffe a parete e set di montaggio<\/li>\n<li>Piedi (non per la versione verticale)<\/li>\n<li>Istruzioni per l'uso<\/li>\n<\/ul>\n<p>\t\t\t\t\t\t\t\t\t\t\t\t\t\t\t\t<a href=\"https:\/\/ecofort.ch\/fr\/materiel-de-montage\/1489-pieds-chauffage-hybride-ecoheat.html\" target=\"_blank\" rel=\"noopener\"><br \/>\n\t\t\t\t\t\t\t<img decoding=\"async\" width=\"800\" height=\"800\" src=\"https:\/\/ecoheat.ch\/wp-content\/uploads\/2023\/01\/standfusse-ecoheat-hybridheizung.jpg\" alt=\"piedi ecoheat Hybrid\" loading=\"lazy\" srcset=\"https:\/\/ecoheat.ch\/wp-content\/uploads\/2023\/01\/standfusse-ecoheat-hybridheizung.jpg 800w, https:\/\/ecoheat.ch\/wp-content\/uploads\/2023\/01\/standfusse-ecoheat-hybridheizung-300x300.jpg 300w, https:\/\/ecoheat.ch\/wp-content\/uploads\/2023\/01\/standfusse-ecoheat-hybridheizung-150x150.jpg 150w, https:\/\/ecoheat.ch\/wp-content\/uploads\/2023\/01\/standfusse-ecoheat-hybridheizung-768x768.jpg 768w\" sizes=\"auto, (max-width: 800px) 100vw, 800px\" \/>\t\t\t\t\t\t\t\t<\/a><br \/>\n\t\t\t<a href=\"https:\/\/ecofort.ch\/fr\/materiel-de-montage\/1489-pieds-chauffage-hybride-ecoheat.html\" target=\"_blank\" rel=\"noopener\"><br \/>\n\t\t\t\t\t\tAcquista<br \/>\n\t\t\t\t\t<\/a><\/p>\n<p>Se i piccoli piedini di plastica in dotazione non sono abbastanza robusti, questi piedini metallici per impieghi gravosi sono il giusto upgrade. Con loro, il\u00a0<em>ecoheat Hybrid<\/em> altrettanto facili da spostare e consentono la massima mobilit\u00e0, anche nell'uso quotidiano pi\u00f9 gravoso.<\/p>\n<p>L'installazione \u00e8 molto semplice, i due piedini vengono allineati ai fori previsti sul riscaldatore e fissati con le viti in dotazione.<\/p>\n<table>\n<tbody>\n<tr>\n<td>Gamma di radiazioni<\/td>\n<td>circa 3,5 metri<\/td>\n<\/tr>\n<tr>\n<td>Angolo di irradiazione<\/td>\n<td>circa 170 \u00b0<\/td>\n<\/tr>\n<tr>\n<td>Temperatura di superficie<\/td>\n<td>50 - 110 \u00b0C<\/td>\n<\/tr>\n<tr>\n<td>Alimentazione<\/td>\n<td>230 V \/ 50 Hz<\/td>\n<\/tr>\n<tr>\n<td>Cavo di collegamento<\/td>\n<td>Spina svizzera<\/td>\n<\/tr>\n<tr>\n<td>Protezione dal surriscaldamento<\/td>\n<td>S\u00ec<\/td>\n<\/tr>\n<tr>\n<td>Protezione dalle sovratensioni<\/td>\n<td>S\u00ec<\/td>\n<\/tr>\n<tr>\n<td>Classe di protezione<\/td>\n<td>IP20<\/td>\n<\/tr>\n<tr>\n<td>Colore<\/td>\n<td>Bianco (RAL 9016)<\/td>\n<\/tr>\n<tr>\n<td>Marchio di conformit\u00e0<\/td>\n<td>CE<\/td>\n<\/tr>\n<\/tbody>\n<\/table>\n<ul>\n<li>\n\t\t\t\t\t\t\t\t\t\t\t<a href=\"\/wp-content\/uploads\/2022\/12\/istruzioni per la scheda ibrida-D-F-I_2022_web.pdf\"><br \/>\n\t\t\t\t\t\t\t\t\t\tIstruzioni<br \/>\n\t\t\t\t\t\t\t\t\t\t\t<\/a>\n\t\t\t\t\t\t\t\t\t<\/li>\n<li>\n\t\t\t\t\t\t\t\t\t\t\t<a href=\"\/wp-content\/uploads\/2022\/12\/Istruzioni di montaggio-Piedistallo.pdf\"><br \/>\n\t\t\t\t\t\t\t\t\t\tPiedini di montaggio<br \/>\n\t\t\t\t\t\t\t\t\t\t\t<\/a>\n\t\t\t\t\t\t\t\t\t<\/li>\n<\/ul>\n<ul>\n<li>\n\t\t\t\t\t\t\t\t\t\t\t<a href=\"\/wp-content\/uploads\/2022\/12\/istruzioni per la scheda ibrida-D-F-I_2022_web.pdf\"><br \/>\n\t\t\t\t\t\t\t\t\t\tIstruzioni<br \/>\n\t\t\t\t\t\t\t\t\t\t\t<\/a>\n\t\t\t\t\t\t\t\t\t<\/li>\n<li>\n\t\t\t\t\t\t\t\t\t\t\t<a href=\"\/wp-content\/uploads\/2022\/12\/Istruzioni di montaggio-Piedistallo.pdf\"><br \/>\n\t\t\t\t\t\t\t\t\t\tPiedini di montaggio<br \/>\n\t\t\t\t\t\t\t\t\t\t\t<\/a>\n\t\t\t\t\t\t\t\t\t<\/li>\n<\/ul>\n<p>\t\t\t<a href=\"https:\/\/ecofort.ch\/fr\/radiateurs-hybrides\/80-ecoheat-chauffage-hybride.html\" target=\"_blank\" rel=\"noopener\"><br \/>\n\t\t\t\t\t\tMaggiori informazioni nel negozio<br \/>\n\t\t\t\t\t<\/a><br \/>\n\t\t\t<a href=\"https:\/\/ecofort.ch\/fr\/radiateurs-hybrides\/80-ecoheat-chauffage-hybride.html\" target=\"_blank\" rel=\"noopener\"><br \/>\n\t\t\t\t\t\tMaggiori informazioni nel negozio<br \/>\n\t\t\t\t\t<\/a><\/p>","protected":false},"excerpt":{"rendered":"<p>ecoheat Hybrid Infrarot-Radiator Die einzigartige\u00a0ecoheat Hybrid kombiniert die Vorteile einer Infrarotheizung mit denjenigen einer Konvektorheizung. Einige Meter um die ecoheat Hybrid herum f\u00fchlt es sich wie in der N\u00e4he eines Kachelofens wohlig warm an. Wie bei einem elektrischen Konvektor verteilt sich zudem die aufgew\u00e4rmte Luft im ganzen Raum. Starke Kombi-Heizleistung: Infrarot- und Konvektionsw\u00e4rme Optimaler Ersatz [&hellip;]<\/p>\n","protected":false},"author":2,"featured_media":0,"parent":0,"menu_order":0,"comment_status":"closed","ping_status":"closed","template":"","meta":{"footnotes":""},"class_list":["post-239","page","type-page","status-publish","hentry"],"_links":{"self":[{"href":"https:\/\/ecoheat.ch\/it\/wp-json\/wp\/v2\/pages\/239","targetHints":{"allow":["GET"]}}],"collection":[{"href":"https:\/\/ecoheat.ch\/it\/wp-json\/wp\/v2\/pages"}],"about":[{"href":"https:\/\/ecoheat.ch\/it\/wp-json\/wp\/v2\/types\/page"}],"author":[{"embeddable":true,"href":"https:\/\/ecoheat.ch\/it\/wp-json\/wp\/v2\/users\/2"}],"replies":[{"embeddable":true,"href":"https:\/\/ecoheat.ch\/it\/wp-json\/wp\/v2\/comments?post=239"}],"version-history":[{"count":151,"href":"https:\/\/ecoheat.ch\/it\/wp-json\/wp\/v2\/pages\/239\/revisions"}],"predecessor-version":[{"id":1585,"href":"https:\/\/ecoheat.ch\/it\/wp-json\/wp\/v2\/pages\/239\/revisions\/1585"}],"wp:attachment":[{"href":"https:\/\/ecoheat.ch\/it\/wp-json\/wp\/v2\/media?parent=239"}],"curies":[{"name":"wp","href":"https:\/\/api.w.org\/{rel}","templated":true}]}}