{"id":360,"date":"2023-01-05T10:27:12","date_gmt":"2023-01-05T09:27:12","guid":{"rendered":"https:\/\/practical-shannon.185-46-59-137.plesk.page\/?page_id=360"},"modified":"2023-09-06T12:58:56","modified_gmt":"2023-09-06T11:58:56","slug":"heatbar-comfort-dunkelstrahler","status":"publish","type":"page","link":"https:\/\/ecoheat.ch\/it\/radiatore-scuro-heatbar-comfort\/","title":{"rendered":"ecoheat HeatBar comfort+ radiatore scuro"},"content":{"rendered":"<h1>ecoheat HeatBar comfort+<\/h1>\n<h2>Radiatore scuro a infrarossi<\/h2>\n<p>Il <em>ecoheat HeatBar comfort+<\/em> \u00e8 un radiatore scuro progettato per il riscaldamento puntuale su richiesta. Non c'\u00e8 emissione di luce come nei riscaldatori a infrarossi tradizionali.<\/p>\n<p>Dopo soli dieci minuti di riscaldamento, il radiatore a infrarossi emette un calore piacevolissimo, come se aveste portato il sole nel vostro laboratorio, studio o balcone.<\/p>\n<p>\t\t\t\t\t\t\t\t\t\t\t\t\t\t\t<img decoding=\"async\" width=\"800\" height=\"534\" src=\"https:\/\/ecoheat.ch\/wp-content\/uploads\/2023\/01\/ecoheat-heatbar-comfort_lifestyle_3_1500x1000-1024x683.jpg\" alt=\"ecoheat HeatBar comfort+ radiatore scuro\" loading=\"lazy\" srcset=\"https:\/\/ecoheat.ch\/wp-content\/uploads\/2023\/01\/ecoheat-heatbar-comfort_lifestyle_3_1500x1000-1024x683.jpg 1024w, https:\/\/ecoheat.ch\/wp-content\/uploads\/2023\/01\/ecoheat-heatbar-comfort_lifestyle_3_1500x1000-300x200.jpg 300w, https:\/\/ecoheat.ch\/wp-content\/uploads\/2023\/01\/ecoheat-heatbar-comfort_lifestyle_3_1500x1000-768x512.jpg 768w, https:\/\/ecoheat.ch\/wp-content\/uploads\/2023\/01\/ecoheat-heatbar-comfort_lifestyle_3_1500x1000.jpg 1500w\" sizes=\"auto, (max-width: 800px) 100vw, 800px\" \/>\t\t\t\t\t\t\t\t\t\t\t\t\t\t\t<\/p>\n<ul>\n<li>\n\t\t\t\t\t\t\t\t\t\tControllo tramite telecomando\n\t\t\t\t\t\t\t\t\t<\/li>\n<li>\n\t\t\t\t\t\t\t\t\t\tDimmer: a scelta 50% o 100% Potenza termica\n\t\t\t\t\t\t\t\t\t<\/li>\n<li>\n\t\t\t\t\t\t\t\t\t\tResistente alle intemperie (IP65)\n\t\t\t\t\t\t\t\t\t<\/li>\n<li>\n\t\t\t\t\t\t\t\t\t\tPossibilit\u00e0 di montaggio a parete e a soffitto\n\t\t\t\t\t\t\t\t\t<\/li>\n<\/ul>\n<h4>HeatBAR comfort+ 1800<\/h4>\n<p>1210 x 160 x 50 mm<\/p>\n<p>1800 watt<\/p>\n<h4>HeatBAR comfort+ 2600<\/h4>\n<p>1410 x 160 x 50 mm<\/p>\n<p>2600 Watt<\/p>\n<p>\t\t\t\t\t\t\t\t\t\t\t\t\t\t\t\t<a href=\"https:\/\/ecoheat.ch\/wp-content\/uploads\/2023\/01\/ecoheat-heatbar-comfort_lifestyle_werkstatt_3_1500x1000.jpg\" data-elementor-open-lightbox=\"yes\" data-elementor-lightbox-title=\"ecoheat-heatbar-comfort+_lifestyle_werkstatt_3_1500x1000\" data-e-action-hash=\"#elementor-action%3Aaction%3Dlightbox%26settings%3DeyJpZCI6MzY4LCJ1cmwiOiJodHRwczpcL1wvZWNvaGVhdC5jaFwvd3AtY29udGVudFwvdXBsb2Fkc1wvMjAyM1wvMDFcL2Vjb2hlYXQtaGVhdGJhci1jb21mb3J0X2xpZmVzdHlsZV93ZXJrc3RhdHRfM18xNTAweDEwMDAuanBnIn0%3D\"><br \/>\n\t\t\t\t\t\t\t<img decoding=\"async\" width=\"1500\" height=\"1000\" src=\"https:\/\/ecoheat.ch\/wp-content\/uploads\/2023\/01\/ecoheat-heatbar-comfort_lifestyle_werkstatt_3_1500x1000.jpg\" alt=\"Radiatore scuro a infrarossi ecoheat HeatBar comfort+ in officina\" loading=\"lazy\" srcset=\"https:\/\/ecoheat.ch\/wp-content\/uploads\/2023\/01\/ecoheat-heatbar-comfort_lifestyle_werkstatt_3_1500x1000.jpg 1500w, https:\/\/ecoheat.ch\/wp-content\/uploads\/2023\/01\/ecoheat-heatbar-comfort_lifestyle_werkstatt_3_1500x1000-300x200.jpg 300w, https:\/\/ecoheat.ch\/wp-content\/uploads\/2023\/01\/ecoheat-heatbar-comfort_lifestyle_werkstatt_3_1500x1000-1024x683.jpg 1024w, https:\/\/ecoheat.ch\/wp-content\/uploads\/2023\/01\/ecoheat-heatbar-comfort_lifestyle_werkstatt_3_1500x1000-768x512.jpg 768w\" sizes=\"auto, (max-width: 1500px) 100vw, 1500px\" \/>\t\t\t\t\t\t\t\t<\/a><br \/>\n\t\t\t\t\t\tDati tecnici Download<br \/>\n\t\t\t\t\t\tAmbito di consegna<\/p>\n<ul>\n<li>Telecomando (senza batterie, sono necessarie 2 batterie AAA da 1,5 V)<\/li>\n<li>Staffe per il montaggio a parete o a soffitto<\/li>\n<li>Istruzioni per l'uso e il montaggio<\/li>\n<\/ul>\n<p>\t\t\t\tDati tecnici<\/p>\n<table>\n<thead>\n<tr>\n<th> <\/th>\n<th><strong>HeatBAR comfort+ 1800<\/strong><\/th>\n<th><strong>HeatBAR comfort+ 2600<\/strong><\/th>\n<\/tr>\n<\/thead>\n<tbody>\n<tr>\n<td><strong>Superficie riscaldabile<\/strong><\/td>\n<td data-title=\"HeatBAR comfort+ 1800\">5-12 m\u00b2 di superficie interna; 3-5 m\u00b2 di superficie esterna (al riparo dal vento)<\/td>\n<td data-title=\"HeatBAR comfort+ 2600\">9-16 m\u00b2 di superficie interna; 6-9 m\u00b2 di superficie esterna (riparata dal vento)<\/td>\n<\/tr>\n<tr>\n<td><strong>Potenza<\/strong><\/td>\n<td data-title=\"HeatBAR comfort+ 1800\">1800 watt<\/td>\n<td data-title=\"HeatBAR comfort+ 2600\">2600 Watt<\/td>\n<\/tr>\n<tr>\n<td><strong>Protezione necessaria<\/strong><\/td>\n<td data-title=\"HeatBAR comfort+ 1800\">10 A<\/td>\n<td data-title=\"HeatBAR comfort+ 2600\">13 A<\/td>\n<\/tr>\n<tr>\n<td><strong>Cavo di collegamento<\/strong><\/td>\n<td data-title=\"HeatBAR comfort+ 1800\">180 cm, spina Schuko + adattatore CH Fix T12<\/td>\n<td data-title=\"HeatBAR comfort+ 2600\">180 cm, spina Schuko + adattatore CH Fix T23<\/td>\n<\/tr>\n<tr>\n<td><strong>Classe di protezione<\/strong><\/td>\n<td data-title=\"HeatBAR comfort+ 1800\">IP65<\/td>\n<td data-title=\"HeatBAR comfort+ 2600\">IP65<\/td>\n<\/tr>\n<tr>\n<td><strong>Dimensione<\/strong><\/td>\n<td data-title=\"HeatBAR comfort+ 1800\">1210 x 160 x 50 mm<\/td>\n<td data-title=\"HeatBAR comfort+ 2600\">1410 x 160 x 50 mm<\/td>\n<\/tr>\n<tr>\n<td><strong>Peso<\/strong><\/td>\n<td data-title=\"HeatBAR comfort+ 1800\">5,85 kg<\/td>\n<td data-title=\"HeatBAR comfort+ 2600\">7,85 kg<\/td>\n<\/tr>\n<tr>\n<td><strong>Tempo di riscaldamento<\/strong><\/td>\n<td data-title=\"HeatBAR comfort+ 1800\">&lt; 10 minuti<\/td>\n<td data-title=\"HeatBAR comfort+ 2600\">&lt; 10 minuti<\/td>\n<\/tr>\n<tr>\n<td><strong>Livelli di riscaldamento<\/strong><\/td>\n<td data-title=\"HeatBAR comfort+ 1800\">2 (50% &#038; 100%)<\/td>\n<td data-title=\"HeatBAR comfort+ 2600\">2 (50% &#038; 100%)<\/td>\n<\/tr>\n<tr>\n<td><strong>Timer<\/strong><\/td>\n<td data-title=\"HeatBAR comfort+ 1800\">1 - 9 ore<\/td>\n<td data-title=\"HeatBAR comfort+ 2600\">1 - 9 ore<\/td>\n<\/tr>\n<\/tbody>\n<\/table>\n<p>\t\t\t\tDownload<\/p>\n<h5><a href=\"\/wp-content\/uploads\/2023\/01\/manuale_heatbar_comfort_v1-1_it_fr_it.pdf\">Istruzioni<\/a><\/h5>\n<p>\t\t\t<a href=\"\/wp-content\/uploads\/2023\/01\/manuale_heatbar_comfort_v1-1_it_fr_it.pdf\"><br \/>\n\t\t\t\t\t\t<\/a><\/p>\n<ul>\n<li>Telecomando (senza batterie, sono necessarie 2 batterie AAA da 1,5 V)<\/li>\n<li>Staffe per il montaggio a parete o a soffitto<\/li>\n<li>Istruzioni per l'uso e il montaggio<\/li>\n<\/ul>\n<table>\n<thead>\n<tr>\n<th> <\/th>\n<th><strong>HeatBAR comfort+ 1800<\/strong><\/th>\n<th><strong>HeatBAR comfort+ 2600<\/strong><\/th>\n<\/tr>\n<\/thead>\n<tbody>\n<tr>\n<td><strong>Superficie riscaldabile<\/strong><\/td>\n<td data-title=\"HeatBAR comfort+ 1800\">5-12 m\u00b2 di superficie interna; 3-5 m\u00b2 di superficie esterna (al riparo dal vento)<\/td>\n<td data-title=\"HeatBAR comfort+ 2600\">9-16 m\u00b2 di superficie interna; 6-9 m\u00b2 di superficie esterna (riparata dal vento)<\/td>\n<\/tr>\n<tr>\n<td><strong>Potenza<\/strong><\/td>\n<td data-title=\"HeatBAR comfort+ 1800\">1800 watt<\/td>\n<td data-title=\"HeatBAR comfort+ 2600\">2600 Watt<\/td>\n<\/tr>\n<tr>\n<td><strong>Protezione necessaria<\/strong><\/td>\n<td data-title=\"HeatBAR comfort+ 1800\">10 A<\/td>\n<td data-title=\"HeatBAR comfort+ 2600\">13 A<\/td>\n<\/tr>\n<tr>\n<td><strong>Cavo di collegamento<\/strong><\/td>\n<td data-title=\"HeatBAR comfort+ 1800\">180 cm, spina Schuko + adattatore CH Fix T12<\/td>\n<td data-title=\"HeatBAR comfort+ 2600\">180 cm, spina Schuko + adattatore CH Fix T23<\/td>\n<\/tr>\n<tr>\n<td><strong>Classe di protezione<\/strong><\/td>\n<td data-title=\"HeatBAR comfort+ 1800\">IP65<\/td>\n<td data-title=\"HeatBAR comfort+ 2600\">IP65<\/td>\n<\/tr>\n<tr>\n<td><strong>Dimensione<\/strong><\/td>\n<td data-title=\"HeatBAR comfort+ 1800\">1210 x 160 x 50 mm<\/td>\n<td data-title=\"HeatBAR comfort+ 2600\">1410 x 160 x 50 mm<\/td>\n<\/tr>\n<tr>\n<td><strong>Peso<\/strong><\/td>\n<td data-title=\"HeatBAR comfort+ 1800\">5,85 kg<\/td>\n<td data-title=\"HeatBAR comfort+ 2600\">7,85 kg<\/td>\n<\/tr>\n<tr>\n<td><strong>Tempo di riscaldamento<\/strong><\/td>\n<td data-title=\"HeatBAR comfort+ 1800\">&lt; 10 minuti<\/td>\n<td data-title=\"HeatBAR comfort+ 2600\">&lt; 10 minuti<\/td>\n<\/tr>\n<tr>\n<td><strong>Livelli di riscaldamento<\/strong><\/td>\n<td data-title=\"HeatBAR comfort+ 1800\">2 (50% &#038; 100%)<\/td>\n<td data-title=\"HeatBAR comfort+ 2600\">2 (50% &#038; 100%)<\/td>\n<\/tr>\n<tr>\n<td><strong>Timer<\/strong><\/td>\n<td data-title=\"HeatBAR comfort+ 1800\">1 - 9 ore<\/td>\n<td data-title=\"HeatBAR comfort+ 2600\">1 - 9 ore<\/td>\n<\/tr>\n<\/tbody>\n<\/table>\n<h5><a href=\"\/wp-content\/uploads\/2023\/01\/manuale_heatbar_comfort_v1-1_it_fr_it.pdf\">Istruzioni<\/a><\/h5>\n<p>\t\t\t<a href=\"\/wp-content\/uploads\/2023\/01\/manuale_heatbar_comfort_v1-1_it_fr_it.pdf\"><br \/>\n\t\t\t\t\t\t<\/a><br \/>\n\t\t\t<a href=\"https:\/\/ecofort.ch\/fr\/chauffage-radiant-infrarouge\/1977-ecoheat-heatbar-comfort.html\" target=\"_blank\" rel=\"noopener\"><br \/>\n\t\t\t\t\t\tMaggiori informazioni nel negozio<br \/>\n\t\t\t\t\t<\/a><br \/>\n\t\t\t<a href=\"https:\/\/ecofort.ch\/fr\/chauffage-radiant-infrarouge\/1977-ecoheat-heatbar-comfort.html\" target=\"_blank\" rel=\"noopener\"><br \/>\n\t\t\t\t\t\tMaggiori informazioni nel negozio<br \/>\n\t\t\t\t\t<\/a><\/p>","protected":false},"excerpt":{"rendered":"<p>ecoheat HeatBar comfort+ Infrarot Dunkelstrahler Der ecoheat HeatBar comfort+ ist ein Dunkelstrahler konzipiert f\u00fcr die punktuelle Beheizung bei Bedarf. Es gibt keine Lichtemission wie bei herk\u00f6mmlichen Infrarot Heizstrahlern. Bereits nach zehn Minuten Aufw\u00e4rmphase gibt der Infrarotstrahler auf angenehmste Weise W\u00e4rme ab &#8211; als h\u00e4tte man die Sonne zu sich in die Werkstatt, das Atelier oder [&hellip;]<\/p>\n","protected":false},"author":2,"featured_media":0,"parent":0,"menu_order":0,"comment_status":"closed","ping_status":"closed","template":"elementor_header_footer","meta":{"footnotes":""},"class_list":["post-360","page","type-page","status-publish","hentry"],"_links":{"self":[{"href":"https:\/\/ecoheat.ch\/it\/wp-json\/wp\/v2\/pages\/360","targetHints":{"allow":["GET"]}}],"collection":[{"href":"https:\/\/ecoheat.ch\/it\/wp-json\/wp\/v2\/pages"}],"about":[{"href":"https:\/\/ecoheat.ch\/it\/wp-json\/wp\/v2\/types\/page"}],"author":[{"embeddable":true,"href":"https:\/\/ecoheat.ch\/it\/wp-json\/wp\/v2\/users\/2"}],"replies":[{"embeddable":true,"href":"https:\/\/ecoheat.ch\/it\/wp-json\/wp\/v2\/comments?post=360"}],"version-history":[{"count":163,"href":"https:\/\/ecoheat.ch\/it\/wp-json\/wp\/v2\/pages\/360\/revisions"}],"predecessor-version":[{"id":1410,"href":"https:\/\/ecoheat.ch\/it\/wp-json\/wp\/v2\/pages\/360\/revisions\/1410"}],"wp:attachment":[{"href":"https:\/\/ecoheat.ch\/it\/wp-json\/wp\/v2\/media?parent=360"}],"curies":[{"name":"wp","href":"https:\/\/api.w.org\/{rel}","templated":true}]}}