{"id":8,"date":"2022-12-05T14:34:27","date_gmt":"2022-12-05T13:34:27","guid":{"rendered":"https:\/\/practical-shannon.185-46-59-137.plesk.page\/?page_id=8"},"modified":"2024-01-17T17:44:09","modified_gmt":"2024-01-17T16:44:09","slug":"ecoheat-infrarotheizungen","status":"publish","type":"page","link":"https:\/\/ecoheat.ch\/it\/","title":{"rendered":"ecoheat - Riscaldamento a infrarossi Svizzera"},"content":{"rendered":"<h1>Riscaldatori infrarossi ecoheat<\/h1>\n<h2>Pannelli, radiatori ibridi e radiatori scuri<\/h2>\n<h2>Indipendente e individuale come voi<\/h2>\n<p>I riscaldatori a infrarossi e i radiatori ibridi di <em>ecoheat<\/em> mantenere ci\u00f2 che promettono. Calore piacevole in pochissimo tempo, flessibilit\u00e0 d'uso ed economicit\u00e0. Fissati alla parete o mobili su piedi, entrambi sono possibili.<\/p>\n<p>Controllate la distribuzione del calore in un'intera casa tramite un termostato ambiente telecomandato sullo smartphone o semplicemente godetevi una temperatura confortevole in pochi minuti con un termostato a presa, dove volete e quando volete: tutto \u00e8 possibile.<\/p>\n<p><strong><i>ecoheat<\/i> \u00e8 indipendente e individuale, proprio come voi<\/strong>.<\/p>\n<p>\t\t\t\t\t\t\t\t\t\t\t\t\t\t\t<img loading=\"lazy\" decoding=\"async\" width=\"1500\" height=\"1000\" src=\"https:\/\/ecoheat.ch\/wp-content\/uploads\/2023\/01\/ecoheat-hybrid-1000_lifestyle_bueroraum_2_1500x1000.jpg\" alt=\"\" srcset=\"https:\/\/ecoheat.ch\/wp-content\/uploads\/2023\/01\/ecoheat-hybrid-1000_lifestyle_bueroraum_2_1500x1000.jpg 1500w, https:\/\/ecoheat.ch\/wp-content\/uploads\/2023\/01\/ecoheat-hybrid-1000_lifestyle_bueroraum_2_1500x1000-300x200.jpg 300w, https:\/\/ecoheat.ch\/wp-content\/uploads\/2023\/01\/ecoheat-hybrid-1000_lifestyle_bueroraum_2_1500x1000-1024x683.jpg 1024w, https:\/\/ecoheat.ch\/wp-content\/uploads\/2023\/01\/ecoheat-hybrid-1000_lifestyle_bueroraum_2_1500x1000-768x512.jpg 768w\" sizes=\"auto, (max-width: 1500px) 100vw, 1500px\" \/>\t\t\t\t\t\t\t\t\t\t\t\t\t\t\t<\/p>\n<p>Produzione e sviluppo di tutti i radiatori da <em>ecoheat<\/em> soddisfano gli standard europei e sono testati per la sicurezza. Sono distribuiti con successo in Svizzera dal 2012 e contano migliaia di clienti soddisfatti.<\/p>\n<p>\t\t\t\t\t\t\t\t\t\t\t\t\t\t\t<img loading=\"lazy\" decoding=\"async\" width=\"218\" height=\"166\" src=\"https:\/\/ecoheat.ch\/wp-content\/uploads\/2023\/01\/tuv_gs_logo_400x166-e1700744936166.jpg\" alt=\"Logo GS (sicurezza testata)\" srcset=\"https:\/\/ecoheat.ch\/wp-content\/uploads\/2023\/01\/tuv_gs_logo_400x166-e1700744936166.jpg 218w, https:\/\/ecoheat.ch\/wp-content\/uploads\/2023\/01\/tuv_gs_logo_400x166-e1700744936166-16x12.jpg 16w\" sizes=\"auto, (max-width: 218px) 100vw, 218px\" \/>\t\t\t\t\t\t\t\t\t\t\t\t\t\t\t<\/p>\n<h2>Riscaldatori<\/h2>\n<h4><a href=\"https:\/\/ecoheat.ch\/it\/riscaldatori-a-infrarossi-ecoheat-basic\/\">Basic<\/a><\/h4>\n<figure>\n\t\t\t\t\t\t\t\t\t\t\t<a href=\"https:\/\/ecoheat.ch\/it\/riscaldatori-a-infrarossi-ecoheat-basic\/\"><br \/>\n\t\t\t\t\t\t\t<img loading=\"lazy\" decoding=\"async\" width=\"800\" height=\"800\" src=\"https:\/\/ecoheat.ch\/wp-content\/uploads\/2023\/01\/ecoheat-basic_group_1_1500x1500-1024x1024.jpg\" alt=\"\" srcset=\"https:\/\/ecoheat.ch\/wp-content\/uploads\/2023\/01\/ecoheat-basic_group_1_1500x1500-1024x1024.jpg 1024w, https:\/\/ecoheat.ch\/wp-content\/uploads\/2023\/01\/ecoheat-basic_group_1_1500x1500-300x300.jpg 300w, https:\/\/ecoheat.ch\/wp-content\/uploads\/2023\/01\/ecoheat-basic_group_1_1500x1500-150x150.jpg 150w, https:\/\/ecoheat.ch\/wp-content\/uploads\/2023\/01\/ecoheat-basic_group_1_1500x1500-768x768.jpg 768w, https:\/\/ecoheat.ch\/wp-content\/uploads\/2023\/01\/ecoheat-basic_group_1_1500x1500.jpg 1500w\" sizes=\"auto, (max-width: 800px) 100vw, 800px\" \/>\t\t\t\t\t\t\t\t<\/a><figcaption>Pannelli a infrarossi<\/figcaption><\/figure>\n<h4><a href=\"https:\/\/ecoheat.ch\/it\/riscaldatori-a-infrarossi-ecoheat-classic\/\">Classic<\/a><\/h4>\n<figure>\n\t\t\t\t\t\t\t\t\t\t\t<a href=\"https:\/\/ecoheat.ch\/it\/riscaldatori-a-infrarossi-ecoheat-classic\/\"><br \/>\n\t\t\t\t\t\t\t<img loading=\"lazy\" decoding=\"async\" width=\"800\" height=\"800\" src=\"https:\/\/ecoheat.ch\/wp-content\/uploads\/2023\/01\/ecoheat_classic_group_2_whitebg_1500x1500-1024x1024.jpg\" alt=\"riscaldatori a infrarossi ecoheat Classic\" srcset=\"https:\/\/ecoheat.ch\/wp-content\/uploads\/2023\/01\/ecoheat_classic_group_2_whitebg_1500x1500-1024x1024.jpg 1024w, https:\/\/ecoheat.ch\/wp-content\/uploads\/2023\/01\/ecoheat_classic_group_2_whitebg_1500x1500-300x300.jpg 300w, https:\/\/ecoheat.ch\/wp-content\/uploads\/2023\/01\/ecoheat_classic_group_2_whitebg_1500x1500-150x150.jpg 150w, https:\/\/ecoheat.ch\/wp-content\/uploads\/2023\/01\/ecoheat_classic_group_2_whitebg_1500x1500-768x768.jpg 768w, https:\/\/ecoheat.ch\/wp-content\/uploads\/2023\/01\/ecoheat_classic_group_2_whitebg_1500x1500.jpg 1500w\" sizes=\"auto, (max-width: 800px) 100vw, 800px\" \/>\t\t\t\t\t\t\t\t<\/a><figcaption>Pannelli a infrarossi senza cornice<\/figcaption><\/figure>\n<h4><a href=\"https:\/\/ecoheat.ch\/it\/riscaldatori-a-infrarossi-ecoheat-classic-t\/\">Classico-T<\/a><\/h4>\n<figure>\n\t\t\t\t\t\t\t\t\t\t\t<a href=\"https:\/\/ecoheat.ch\/it\/riscaldatori-a-infrarossi-ecoheat-classic-t\/\"><br \/>\n\t\t\t\t\t\t\t<img loading=\"lazy\" decoding=\"async\" width=\"800\" height=\"800\" src=\"https:\/\/ecoheat.ch\/wp-content\/uploads\/2023\/01\/ecoheat_classic_group_2_whitebg_1500x1500-1024x1024.jpg\" alt=\"riscaldatori a infrarossi ecoheat Classic\" srcset=\"https:\/\/ecoheat.ch\/wp-content\/uploads\/2023\/01\/ecoheat_classic_group_2_whitebg_1500x1500-1024x1024.jpg 1024w, https:\/\/ecoheat.ch\/wp-content\/uploads\/2023\/01\/ecoheat_classic_group_2_whitebg_1500x1500-300x300.jpg 300w, https:\/\/ecoheat.ch\/wp-content\/uploads\/2023\/01\/ecoheat_classic_group_2_whitebg_1500x1500-150x150.jpg 150w, https:\/\/ecoheat.ch\/wp-content\/uploads\/2023\/01\/ecoheat_classic_group_2_whitebg_1500x1500-768x768.jpg 768w, https:\/\/ecoheat.ch\/wp-content\/uploads\/2023\/01\/ecoheat_classic_group_2_whitebg_1500x1500.jpg 1500w\" sizes=\"auto, (max-width: 800px) 100vw, 800px\" \/>\t\t\t\t\t\t\t\t<\/a><figcaption>Con ricevitore radio integrato<\/figcaption><\/figure>\n<h4><a href=\"https:\/\/ecoheat.ch\/it\/riscaldatori-a-infrarossi-ecoheat-hybrid\/\">Hybrid<\/a><\/h4>\n<figure>\n\t\t\t\t\t\t\t\t\t\t\t<a href=\"https:\/\/ecoheat.ch\/it\/riscaldatori-a-infrarossi-ecoheat-hybrid\/\"><br \/>\n\t\t\t\t\t\t\t<img loading=\"lazy\" decoding=\"async\" width=\"800\" height=\"800\" src=\"https:\/\/ecoheat.ch\/wp-content\/uploads\/2023\/01\/ecoheat-hybrid-600_transparent_1500x1500-1024x1024.jpg\" alt=\"radiatore convettore ecoheat HYBRID\" srcset=\"https:\/\/ecoheat.ch\/wp-content\/uploads\/2023\/01\/ecoheat-hybrid-600_transparent_1500x1500-1024x1024.jpg 1024w, https:\/\/ecoheat.ch\/wp-content\/uploads\/2023\/01\/ecoheat-hybrid-600_transparent_1500x1500-300x300.jpg 300w, https:\/\/ecoheat.ch\/wp-content\/uploads\/2023\/01\/ecoheat-hybrid-600_transparent_1500x1500-150x150.jpg 150w, https:\/\/ecoheat.ch\/wp-content\/uploads\/2023\/01\/ecoheat-hybrid-600_transparent_1500x1500-768x768.jpg 768w, https:\/\/ecoheat.ch\/wp-content\/uploads\/2023\/01\/ecoheat-hybrid-600_transparent_1500x1500.jpg 1500w\" sizes=\"auto, (max-width: 800px) 100vw, 800px\" \/>\t\t\t\t\t\t\t\t<\/a><figcaption>Radiatori a convettore<\/figcaption><\/figure>\n<h4><a href=\"https:\/\/ecoheat.ch\/it\/riscaldatori-a-infrarossi-ecoheat-hybrid-t\/\">Ibrido-T<\/a><\/h4>\n<figure>\n\t\t\t\t\t\t\t\t\t\t\t<a href=\"https:\/\/ecoheat.ch\/it\/riscaldatori-a-infrarossi-ecoheat-hybrid-t\/\"><br \/>\n\t\t\t\t\t\t\t<img loading=\"lazy\" decoding=\"async\" width=\"800\" height=\"800\" src=\"https:\/\/ecoheat.ch\/wp-content\/uploads\/2023\/01\/ecoheat-hybrid-600_transparent_1500x1500-1024x1024.jpg\" alt=\"radiatore convettore ecoheat HYBRID\" srcset=\"https:\/\/ecoheat.ch\/wp-content\/uploads\/2023\/01\/ecoheat-hybrid-600_transparent_1500x1500-1024x1024.jpg 1024w, https:\/\/ecoheat.ch\/wp-content\/uploads\/2023\/01\/ecoheat-hybrid-600_transparent_1500x1500-300x300.jpg 300w, https:\/\/ecoheat.ch\/wp-content\/uploads\/2023\/01\/ecoheat-hybrid-600_transparent_1500x1500-150x150.jpg 150w, https:\/\/ecoheat.ch\/wp-content\/uploads\/2023\/01\/ecoheat-hybrid-600_transparent_1500x1500-768x768.jpg 768w, https:\/\/ecoheat.ch\/wp-content\/uploads\/2023\/01\/ecoheat-hybrid-600_transparent_1500x1500.jpg 1500w\" sizes=\"auto, (max-width: 800px) 100vw, 800px\" \/>\t\t\t\t\t\t\t\t<\/a><figcaption>Con ricevitore radio integrato<\/figcaption><\/figure>\n<h4><a href=\"https:\/\/ecoheat.ch\/it\/radiatore-scuro-heatbar-comfort\/\">HeatBar<\/a><\/h4>\n<figure>\n\t\t\t\t\t\t\t\t\t\t\t<a href=\"https:\/\/ecoheat.ch\/it\/radiatore-scuro-heatbar-comfort\/\"><br \/>\n\t\t\t\t\t\t\t<img loading=\"lazy\" decoding=\"async\" width=\"800\" height=\"800\" src=\"https:\/\/ecoheat.ch\/wp-content\/uploads\/2023\/01\/1_heatbar_comfort_main_1200x1200_no_logo-1024x1024.jpg\" alt=\"ecoheat HeatBar comfort+ Radiatore scuro a infrarossi\" srcset=\"https:\/\/ecoheat.ch\/wp-content\/uploads\/2023\/01\/1_heatbar_comfort_main_1200x1200_no_logo-1024x1024.jpg 1024w, https:\/\/ecoheat.ch\/wp-content\/uploads\/2023\/01\/1_heatbar_comfort_main_1200x1200_no_logo-300x300.jpg 300w, https:\/\/ecoheat.ch\/wp-content\/uploads\/2023\/01\/1_heatbar_comfort_main_1200x1200_no_logo-150x150.jpg 150w, https:\/\/ecoheat.ch\/wp-content\/uploads\/2023\/01\/1_heatbar_comfort_main_1200x1200_no_logo-768x768.jpg 768w, https:\/\/ecoheat.ch\/wp-content\/uploads\/2023\/01\/1_heatbar_comfort_main_1200x1200_no_logo.jpg 1200w\" sizes=\"auto, (max-width: 800px) 100vw, 800px\" \/>\t\t\t\t\t\t\t\t<\/a><figcaption>Radiatore scuro a infrarossi<\/figcaption><\/figure>\n<p>\t\t\t\t\t\t\t\t\t\t\t\t\t\t\t<img loading=\"lazy\" decoding=\"async\" width=\"1500\" height=\"1000\" src=\"https:\/\/ecoheat.ch\/wp-content\/uploads\/2023\/01\/ecoheat-classic-550_lifestyle_office_room_1500x1000.jpg\" alt=\"Pannello a infrarossi ecoheat Classic Sala ufficio\" srcset=\"https:\/\/ecoheat.ch\/wp-content\/uploads\/2023\/01\/ecoheat-classic-550_lifestyle_office_room_1500x1000.jpg 1500w, https:\/\/ecoheat.ch\/wp-content\/uploads\/2023\/01\/ecoheat-classic-550_lifestyle_office_room_1500x1000-300x200.jpg 300w, https:\/\/ecoheat.ch\/wp-content\/uploads\/2023\/01\/ecoheat-classic-550_lifestyle_office_room_1500x1000-1024x683.jpg 1024w, https:\/\/ecoheat.ch\/wp-content\/uploads\/2023\/01\/ecoheat-classic-550_lifestyle_office_room_1500x1000-768x512.jpg 768w\" sizes=\"auto, (max-width: 1500px) 100vw, 1500px\" \/>\t\t\t\t\t\t\t\t\t\t\t\t\t\t\t<\/p>\n<h2>Accessori<\/h2>\n<h4><a href=\"https:\/\/ecoheat.ch\/it\/termostato-ambiente-ecoheat-connect-plus\/\">Collegare+<\/a><\/h4>\n<figure>\n\t\t\t\t\t\t\t\t\t\t\t<a href=\"https:\/\/ecoheat.ch\/it\/termostato-ambiente-ecoheat-connect-plus\/\"><br \/>\n\t\t\t\t\t\t\t<img loading=\"lazy\" decoding=\"async\" width=\"800\" height=\"800\" src=\"https:\/\/ecoheat.ch\/wp-content\/uploads\/2023\/11\/ecoheat-connect_set_800x800.webp\" alt=\"Termostato e ricevitore ecoheat Connect+ con Wi-Fi\" srcset=\"https:\/\/ecoheat.ch\/wp-content\/uploads\/2023\/11\/ecoheat-connect_set_800x800.webp 800w, https:\/\/ecoheat.ch\/wp-content\/uploads\/2023\/11\/ecoheat-connect_set_800x800-300x300.webp 300w, https:\/\/ecoheat.ch\/wp-content\/uploads\/2023\/11\/ecoheat-connect_set_800x800-150x150.webp 150w, https:\/\/ecoheat.ch\/wp-content\/uploads\/2023\/11\/ecoheat-connect_set_800x800-768x768.webp 768w, https:\/\/ecoheat.ch\/wp-content\/uploads\/2023\/11\/ecoheat-connect_set_800x800-12x12.webp 12w\" sizes=\"auto, (max-width: 800px) 100vw, 800px\" \/>\t\t\t\t\t\t\t\t<\/a><figcaption>Termostato ambiente<\/figcaption><\/figure>\n<h4><a href=\"https:\/\/ecoheat.ch\/it\/termostato-ecoheat-dst\/\">DST<\/a><\/h4>\n<figure>\n\t\t\t\t\t\t\t\t\t\t\t<a href=\"https:\/\/ecoheat.ch\/it\/termostato-ecoheat-dst\/\"><br \/>\n\t\t\t\t\t\t\t<img loading=\"lazy\" decoding=\"async\" width=\"480\" height=\"480\" src=\"https:\/\/ecoheat.ch\/wp-content\/uploads\/2023\/01\/ecoheat-dst-front_480x480.jpg\" alt=\"Termostato da presa ecoheat DST\" srcset=\"https:\/\/ecoheat.ch\/wp-content\/uploads\/2023\/01\/ecoheat-dst-front_480x480.jpg 480w, https:\/\/ecoheat.ch\/wp-content\/uploads\/2023\/01\/ecoheat-dst-front_480x480-300x300.jpg 300w, https:\/\/ecoheat.ch\/wp-content\/uploads\/2023\/01\/ecoheat-dst-front_480x480-150x150.jpg 150w\" sizes=\"auto, (max-width: 480px) 100vw, 480px\" \/>\t\t\t\t\t\t\t\t<\/a><figcaption>Termostato a presa di corrente<\/figcaption><\/figure>\n<h4><a href=\"https:\/\/ecoheat.ch\/it\/riscaldatori-a-infrarossi-ecoheat-basic\/#standfuesse\">Basic<\/a><\/h4>\n<figure>\n\t\t\t\t\t\t\t\t\t\t\t<a href=\"https:\/\/ecoheat.ch\/it\/riscaldatori-a-infrarossi-ecoheat-basic\/#standfuesse\"><br \/>\n\t\t\t\t\t\t\t<img loading=\"lazy\" decoding=\"async\" width=\"480\" height=\"480\" src=\"https:\/\/ecoheat.ch\/wp-content\/uploads\/2023\/01\/ecoheat-basic-standfuesse_480x480.jpg\" alt=\"ecoheat Classic piedi\" srcset=\"https:\/\/ecoheat.ch\/wp-content\/uploads\/2023\/01\/ecoheat-basic-standfuesse_480x480.jpg 480w, https:\/\/ecoheat.ch\/wp-content\/uploads\/2023\/01\/ecoheat-basic-standfuesse_480x480-300x300.jpg 300w, https:\/\/ecoheat.ch\/wp-content\/uploads\/2023\/01\/ecoheat-basic-standfuesse_480x480-150x150.jpg 150w\" sizes=\"auto, (max-width: 480px) 100vw, 480px\" \/>\t\t\t\t\t\t\t\t<\/a><figcaption>Piedi <\/figcaption><\/figure>\n<h4><a href=\"https:\/\/ecoheat.ch\/it\/riscaldatori-a-infrarossi-ecoheat-classic\/#standfuesse\">Classic<\/a><\/h4>\n<figure>\n\t\t\t\t\t\t\t\t\t\t\t<a href=\"https:\/\/ecoheat.ch\/it\/riscaldatori-a-infrarossi-ecoheat-classic\/#standfuesse\"><br \/>\n\t\t\t\t\t\t\t<img loading=\"lazy\" decoding=\"async\" width=\"480\" height=\"480\" src=\"https:\/\/ecoheat.ch\/wp-content\/uploads\/2023\/01\/ecoheat_classic_standfuesse_480x480.jpg\" alt=\"ecoheat Classic piedi\" srcset=\"https:\/\/ecoheat.ch\/wp-content\/uploads\/2023\/01\/ecoheat_classic_standfuesse_480x480.jpg 480w, https:\/\/ecoheat.ch\/wp-content\/uploads\/2023\/01\/ecoheat_classic_standfuesse_480x480-300x300.jpg 300w, https:\/\/ecoheat.ch\/wp-content\/uploads\/2023\/01\/ecoheat_classic_standfuesse_480x480-150x150.jpg 150w\" sizes=\"auto, (max-width: 480px) 100vw, 480px\" \/>\t\t\t\t\t\t\t\t<\/a><figcaption>Piedi <\/figcaption><\/figure>\n<h4><a href=\"https:\/\/ecoheat.ch\/it\/riscaldatori-a-infrarossi-ecoheat-hybrid\/#standfuesse\">Hybrid<\/a><\/h4>\n<figure>\n\t\t\t\t\t\t\t\t\t\t\t<a href=\"https:\/\/ecoheat.ch\/it\/riscaldatori-a-infrarossi-ecoheat-hybrid\/#standfuesse\"><br \/>\n\t\t\t\t\t\t\t<img loading=\"lazy\" decoding=\"async\" width=\"800\" height=\"800\" src=\"https:\/\/ecoheat.ch\/wp-content\/uploads\/2023\/01\/standfusse-ecoheat-hybridheizung.jpg\" alt=\"piedi ecoheat Hybrid\" srcset=\"https:\/\/ecoheat.ch\/wp-content\/uploads\/2023\/01\/standfusse-ecoheat-hybridheizung.jpg 800w, https:\/\/ecoheat.ch\/wp-content\/uploads\/2023\/01\/standfusse-ecoheat-hybridheizung-300x300.jpg 300w, https:\/\/ecoheat.ch\/wp-content\/uploads\/2023\/01\/standfusse-ecoheat-hybridheizung-150x150.jpg 150w, https:\/\/ecoheat.ch\/wp-content\/uploads\/2023\/01\/standfusse-ecoheat-hybridheizung-768x768.jpg 768w\" sizes=\"auto, (max-width: 800px) 100vw, 800px\" \/>\t\t\t\t\t\t\t\t<\/a><figcaption>Piedi <\/figcaption><\/figure>\n<p>\t\t\t\t\t\t\t<img data-src=\"https:\/\/ecoheat.ch\/wp-content\/plugins\/elementor\/assets\/images\/placeholder.png\" alt=\"ecoheat Thermo-T\"><br \/>\n\t\t\t\t\t\t\t\t\t\t<cite>ecoheat Thermo-T<i>\u2605<\/i><i>\u2605<\/i><i>\u2605<\/i><i>\u2605<\/i><i>\u2605<\/i>12.12.2023<\/cite>\t\t\t\t\tPer saperne di pi\u00f9<br \/>\n\t\t\t\t\t\tProbabilmente esistono tanti termostati diversi quante sono le stelle della Via Lattea. Questo mi convince semplicemente perch\u00e9 funziona in modo intuitivo. Display illuminato, istruzioni semplici per tutti i membri della famiglia. Il top: molto soddisfatto<br \/>\n\t\t\t\t\t\t\t<img data-src=\"https:\/\/ecoheat.ch\/wp-content\/plugins\/elementor\/assets\/images\/placeholder.png\" alt=\"ecoheat Classic-T\"><br \/>\n\t\t\t\t\t\t\t\t\t\t<cite>ecoheat Classic-T<i>\u2605<\/i><i>\u2605<\/i><i>\u2605<\/i><i>\u2605<\/i><i>\u2605<\/i>12.11.2023<\/cite>\t\t\t\t\tPer saperne di pi\u00f9<br \/>\n\t\t\t\t\t\tOttimo rapporto qualit\u00e0-prezzo. Non \u00e8 stato facile montare i riscaldatori sul soffitto. Riscalda in modo eccellente.<br \/>\n\t\t\t\t\t\t\t<img data-src=\"https:\/\/ecoheat.ch\/wp-content\/plugins\/elementor\/assets\/images\/placeholder.png\" alt=\"ecoheat Remote-T\"><br \/>\n\t\t\t\t\t\t\t\t\t\t<cite>ecoheat Remote-T<i>\u2605<\/i><i>\u2605<\/i><i>\u2605<\/i><i>\u2605<\/i><i>\u2605<\/i>3.10.2023<\/cite>\t\t\t\t\tPer saperne di pi\u00f9<br \/>\n\t\t\t\t\t\tfunziona perfettamente ed \u00e8 facile da accoppiare<br \/>\n\t\t\t\t\t\t\t<img data-src=\"https:\/\/ecoheat.ch\/wp-content\/plugins\/elementor\/assets\/images\/placeholder.png\" alt=\"ecoheat Classic\"><br \/>\n\t\t\t\t\t\t\t\t\t\t<cite>ecoheat Classic<i>\u2605<\/i><i>\u2605<\/i><i>\u2605<\/i><i>\u2605<\/i><i>\u2605<\/i>3.10.2023<\/cite>\t\t\t\t\tPer saperne di pi\u00f9<br \/>\n\t\t\t\t\t\tCome faretto da soffitto. Un po' complicato da installare.<br \/>\n\t\t\t\t\t\t\t<img data-src=\"https:\/\/ecoheat.ch\/wp-content\/plugins\/elementor\/assets\/images\/placeholder.png\" alt=\"ecoheat Basic\"><br \/>\n\t\t\t\t\t\t\t\t\t\t<cite>ecoheat Basic<i>\u2605<\/i><i>\u2605<\/i><i>\u2605<\/i><i>\u2605<\/i><i>\u2605<\/i>22.5.2023<\/cite>\t\t\t\t\tPer saperne di pi\u00f9<br \/>\n\t\t\t\t\t\tCompatto, buona resa termica in rapporto al consumo energetico.<br \/>\n\t\t\t\t\t\t\t<img data-src=\"https:\/\/ecoheat.ch\/wp-content\/plugins\/elementor\/assets\/images\/placeholder.png\" alt=\"ecoheat Hybrid\"><br \/>\n\t\t\t\t\t\t\t\t\t\t<cite>ecoheat Hybrid<i>\u2605<\/i><i>\u2605<\/i><i>\u2605<\/i><i>\u2605<\/i><i>\u2605<\/i>27.12.2022<\/cite>\t\t\t\t\tPer saperne di pi\u00f9<br \/>\n\t\t\t\t\t\tAvevo gi\u00e0 lo stesso riscaldatore e ora ne ho sostituiti altri due. Il clima interno \u00e8 piacevole e i caloriferi non rappresentano un grande pericolo per i miei figli.<br \/>\n\t\t\t\t\t\t\t<img data-src=\"https:\/\/ecoheat.ch\/wp-content\/plugins\/elementor\/assets\/images\/placeholder.png\" alt=\"ecoheat Classic\"><br \/>\n\t\t\t\t\t\t\t\t\t\t<cite>ecoheat Classic<i>\u2605<\/i><i>\u2605<\/i><i>\u2605<\/i><i>\u2605<\/i><i>\u2605<\/i>07.11.2022<\/cite>\t\t\t\t\tPer saperne di pi\u00f9<br \/>\n\t\t\t\t\t\tMontaggio, inserimento, , , , funziona benissimo.<br \/>\n\t\t\t\t\t\t\t<img data-src=\"https:\/\/ecoheat.ch\/wp-content\/plugins\/elementor\/assets\/images\/placeholder.png\" alt=\"ecoheat Basic\"><br \/>\n\t\t\t\t\t\t\t\t\t\t<cite>ecoheat Basic<i>\u2605<\/i><i>\u2605<\/i><i>\u2605<\/i><i>\u2605<\/i><i>\u2605<\/i>08.09.2022<\/cite>\t\t\t\t\tPer saperne di pi\u00f9<br \/>\n\t\t\t\t\t\tLeggero e facile da usare<br \/>\n\t\t\t\t\t\t\t<img data-src=\"https:\/\/ecoheat.ch\/wp-content\/plugins\/elementor\/assets\/images\/placeholder.png\" alt=\"ecoheat Classic\"><br \/>\n\t\t\t\t\t\t\t\t\t\t<cite>ecoheat Classic<i>\u2605<\/i><i>\u2605<\/i><i>\u2605<\/i><i>\u2605<\/i><i>\u2605<\/i>07.04.2022<\/cite>\t\t\t\t\tPer saperne di pi\u00f9<br \/>\n\t\t\t\t\t\tBuon riscaldamento, installazione rapida.<br \/>\n\t\t\t\t\t\t\t<img data-src=\"https:\/\/ecoheat.ch\/wp-content\/plugins\/elementor\/assets\/images\/placeholder.png\" alt=\"ecoheat Hybrid\"><br \/>\n\t\t\t\t\t\t\t\t\t\t<cite>ecoheat Hybrid<i>\u2605<\/i><i>\u2605<\/i><i>\u2605<\/i><i>\u2605<\/i><i>\u2605<\/i>24.1.2022<\/cite>\t\t\t\t\tPer saperne di pi\u00f9<br \/>\n\t\t\t\t\t\tNon c'\u00e8 nulla da migliorare!!! Processo di ordine e consegna e prodotti SUPER!!!<br \/>\n\t\t\t\t\t\t\t<img data-src=\"https:\/\/ecoheat.ch\/wp-content\/plugins\/elementor\/assets\/images\/placeholder.png\" alt=\"ecoheat Basic\"><br \/>\n\t\t\t\t\t\t\t\t\t\t<cite>ecoheat Basic<i>\u2605<\/i><i>\u2605<\/i><i>\u2605<\/i><i>\u2605<\/i><i>\u2605<\/i>22.11.2021<\/cite>\t\t\t\t\tPer saperne di pi\u00f9<br \/>\n\t\t\t\t\t\tDesign molto semplice e bello. Funziona perfettamente.<br \/>\n\t\t\t\t\t\t\t<img data-src=\"https:\/\/ecoheat.ch\/wp-content\/plugins\/elementor\/assets\/images\/placeholder.png\" alt=\"ecoheat Hybrid\"><br \/>\n\t\t\t\t\t\t\t\t\t\t<cite>ecoheat Hybrid<i>\u2605<\/i><i>\u2605<\/i><i>\u2605<\/i><i>\u2605<\/i><i>\u2605<\/i>Pascal D., 08.12.2020<\/cite>\t\t\t\t\tPer saperne di pi\u00f9<br \/>\n\t\t\t\t\t\tRadiatori visivamente molto belli che funzionano perfettamente.<br \/>\n\t\t\t\t\t\t\t<img data-src=\"https:\/\/ecoheat.ch\/wp-content\/plugins\/elementor\/assets\/images\/placeholder.png\" alt=\"ecoheat Basic\"><br \/>\n\t\t\t\t\t\t\t\t\t\t<cite>ecoheat Basic<i>\u2605<\/i><i>\u2605<\/i><i>\u2605<\/i><i>\u2605<\/i><i>\u2605<\/i>07.12.2020<\/cite>\t\t\t\t\tPer saperne di pi\u00f9<br \/>\n\t\t\t\t\t\tMontaggio semplice, funziona perfettamente<br \/>\n\t\t\t\t\t\t\t<img data-src=\"https:\/\/ecoheat.ch\/wp-content\/plugins\/elementor\/assets\/images\/placeholder.png\" alt=\"ecoheat Basic\"><br \/>\n\t\t\t\t\t\t\t\t\t\t<cite>ecoheat Basic<i>\u2605<\/i><i>\u2605<\/i><i>\u2605<\/i><i>\u2605<\/i><i>\u2605<\/i>09.11.2020<\/cite>\t\t\t\t\tPer saperne di pi\u00f9<br \/>\n\t\t\t\t\t\tDimensioni speciali, buon prezzo<br \/>\n\t\t\t\t\t\t\t<img data-src=\"https:\/\/ecoheat.ch\/wp-content\/plugins\/elementor\/assets\/images\/placeholder.png\" alt=\"ecoheat Classic\"><br \/>\n\t\t\t\t\t\t\t\t\t\t<cite>ecoheat Classic<i>\u2605<\/i><i>\u2605<\/i><i>\u2605<\/i><i>\u2605<\/i><i>\u2605<\/i>Markus V., 30.12.2019<\/cite>\t\t\t\t\tPer saperne di pi\u00f9<br \/>\n\t\t\t\t\t\tPer me, questa puntata si adatta<br \/>\n\t\t\t\t\t\t\t\t\t\t\t\t\t\tPrecedente<br \/>\n\t\t\t\t\t\t\t\t\t\t\t\t\t\tAvanti<\/p>\n<h2>Acquista<\/h2>\n<h2>Supporto<\/h2>","protected":false},"excerpt":{"rendered":"<p>ecoheat Infrarot&shy;heizungen Panels, Hybrid-Radiatoren &#038; Dunkelstrahler Unabh\u00e4ngig &#038; individuell wie Sie Die Infrarotheizungen und Hybridradiatoren von ecoheat halten, was sie versprechen. Wohlf\u00fchlw\u00e4rme innert k\u00fcrzester Zeit, flexibel einsetzbar und preiswert. Fix an der Wand montiert sowie mobil auf Standf\u00fcssen, beides ist m\u00f6glich. Via Smartphone fern\u00adsteuer\u00adbarem Raumthermostat die W\u00e4rmeverteilung in einem ganzen Haus kontrollieren oder ganz simpel [&hellip;]<\/p>\n","protected":false},"author":2,"featured_media":0,"parent":0,"menu_order":0,"comment_status":"closed","ping_status":"closed","template":"","meta":{"footnotes":""},"class_list":["post-8","page","type-page","status-publish","hentry"],"_links":{"self":[{"href":"https:\/\/ecoheat.ch\/it\/wp-json\/wp\/v2\/pages\/8","targetHints":{"allow":["GET"]}}],"collection":[{"href":"https:\/\/ecoheat.ch\/it\/wp-json\/wp\/v2\/pages"}],"about":[{"href":"https:\/\/ecoheat.ch\/it\/wp-json\/wp\/v2\/types\/page"}],"author":[{"embeddable":true,"href":"https:\/\/ecoheat.ch\/it\/wp-json\/wp\/v2\/users\/2"}],"replies":[{"embeddable":true,"href":"https:\/\/ecoheat.ch\/it\/wp-json\/wp\/v2\/comments?post=8"}],"version-history":[{"count":198,"href":"https:\/\/ecoheat.ch\/it\/wp-json\/wp\/v2\/pages\/8\/revisions"}],"predecessor-version":[{"id":1840,"href":"https:\/\/ecoheat.ch\/it\/wp-json\/wp\/v2\/pages\/8\/revisions\/1840"}],"wp:attachment":[{"href":"https:\/\/ecoheat.ch\/it\/wp-json\/wp\/v2\/media?parent=8"}],"curies":[{"name":"wp","href":"https:\/\/api.w.org\/{rel}","templated":true}]}}