{"id":86,"date":"2022-12-06T15:51:36","date_gmt":"2022-12-06T14:51:36","guid":{"rendered":"https:\/\/practical-shannon.185-46-59-137.plesk.page\/?page_id=86"},"modified":"2023-09-06T10:54:37","modified_gmt":"2023-09-06T09:54:37","slug":"ecoheat-basic-infrarotheizungen","status":"publish","type":"page","link":"https:\/\/ecoheat.ch\/it\/riscaldatori-a-infrarossi-ecoheat-basic\/","title":{"rendered":"ecoheat Riscaldatori a infrarossi Basic"},"content":{"rendered":"<h1>ecoheat Basic<\/h1>\n<h2>Riscaldatori a infrarossi<\/h2>\n<p>Leggero e piatto, sono queste le caratteristiche salienti del <em>ecoheat Basic <\/em>Riscaldatori a infrarossi. Di conseguenza, si integrano in modo discreto in qualsiasi ambiente e riscaldano tutto e tutti coloro che si trovano nel loro campo di irradiazione nel modo pi\u00f9 piacevole - come i raggi del sole, ma al chiuso.<\/p>\n<p>Ideali per il montaggio a parete, ma anche con i piedini disponibili come opzione, sono facilmente e flessibilmente spostabili.<\/p>\n<p>\t\t\t\t\t\t\t\t\t\t\t\t\t\t\t<img decoding=\"async\" width=\"800\" height=\"534\" src=\"https:\/\/ecoheat.ch\/wp-content\/uploads\/2023\/01\/ecoheat-basic_400-sideways_1080x720-1024x683.jpg\" alt=\"Riscaldamento a infrarossi di base ecoheat\" loading=\"lazy\" srcset=\"https:\/\/ecoheat.ch\/wp-content\/uploads\/2023\/01\/ecoheat-basic_400-sideways_1080x720-1024x683.jpg 1024w, https:\/\/ecoheat.ch\/wp-content\/uploads\/2023\/01\/ecoheat-basic_400-sideways_1080x720-300x200.jpg 300w, https:\/\/ecoheat.ch\/wp-content\/uploads\/2023\/01\/ecoheat-basic_400-sideways_1080x720-768x512.jpg 768w, https:\/\/ecoheat.ch\/wp-content\/uploads\/2023\/01\/ecoheat-basic_400-sideways_1080x720.jpg 1080w\" sizes=\"auto, (max-width: 800px) 100vw, 800px\" \/>\t\t\t\t\t\t\t\t\t\t\t\t\t\t\t<\/p>\n<ul>\n<li>\n\t\t\t\t\t\t\t\t\t\tSemplice ed elegante\n\t\t\t\t\t\t\t\t\t<\/li>\n<li>\n\t\t\t\t\t\t\t\t\t\tCon telaio\n\t\t\t\t\t\t\t\t\t<\/li>\n<li>\n\t\t\t\t\t\t\t\t\t\tRisparmio di spazio\n\t\t\t\t\t\t\t\t\t<\/li>\n<li>\n\t\t\t\t\t\t\t\t\t\tTestato dal T\u00dcV Renania\n\t\t\t\t\t\t\t\t\t<\/li>\n<\/ul>\n<h4>Basic 300<\/h4>\n<p>30 x 90 x 2,5 cm<\/p>\n<p>300 Watt<\/p>\n<h4>Basic 400<\/h4>\n<p>60 x 60 x 2,5 cm<\/p>\n<p>400 Watt<\/p>\n<h4>Basic 600<\/h4>\n<p>60 x 90 x 2,5 cm<\/p>\n<p>600 watt<\/p>\n<h4>Basic 800<\/h4>\n<p>60 x 120 x 2,5 cm<\/p>\n<p>800 watt<\/p>\n<p>\t\t\t\t\t\tVolume di fornitura Piedi Dati tecnici Download<br \/>\n\t\t\t\t\t\tAmbito di consegna<\/p>\n<ul>\n<li>Set di montaggio (viti, tasselli, ecc.)<\/li>\n<li>Cavo di collegamento da 2 m con spina Schuko e adattatore CH fisso<\/li>\n<li>Istruzioni per l'uso<\/li>\n<\/ul>\n<p>\t\t\t\tPiedi<br \/>\n\t\t\t\t\t\t\t\t\t\t\t\t\t\t\t\t<a href=\"https:\/\/ecofort.ch\/fr\/materiel-de-montage\/27-pieds-pour-ecoheat-basic.html\" target=\"_blank\" rel=\"noopener\"><br \/>\n\t\t\t\t\t\t\t<img decoding=\"async\" width=\"480\" height=\"480\" src=\"https:\/\/ecoheat.ch\/wp-content\/uploads\/2023\/01\/ecoheat-basic-standfuesse_480x480.jpg\" alt=\"ecoheat Classic piedi\" loading=\"lazy\" srcset=\"https:\/\/ecoheat.ch\/wp-content\/uploads\/2023\/01\/ecoheat-basic-standfuesse_480x480.jpg 480w, https:\/\/ecoheat.ch\/wp-content\/uploads\/2023\/01\/ecoheat-basic-standfuesse_480x480-300x300.jpg 300w, https:\/\/ecoheat.ch\/wp-content\/uploads\/2023\/01\/ecoheat-basic-standfuesse_480x480-150x150.jpg 150w\" sizes=\"auto, (max-width: 480px) 100vw, 480px\" \/>\t\t\t\t\t\t\t\t<\/a><br \/>\n\t\t\t<a href=\"https:\/\/ecofort.ch\/fr\/materiel-de-montage\/27-pieds-pour-ecoheat-basic.html\" target=\"_blank\" rel=\"noopener\"><br \/>\n\t\t\t\t\t\tAcquista<br \/>\n\t\t\t\t\t<\/a><\/p>\n<p>I piedi per il\u00a0<em>ecoheat Basic<\/em> sono in alluminio anodizzato e si adattano a tutti i modelli. Il riscaldatore pu\u00f2 essere facilmente avvitato ai piedi e trasforma ogni pannello in un radiatore mobile.<\/p>\n<p>\u00a0<\/p>\n<p>\t\t\t\tDati tecnici<\/p>\n<table>\n<thead>\n<tr>\n<th>ecoheat Basic<\/th>\n<th>\u00a0<\/th>\n<\/tr>\n<\/thead>\n<tbody>\n<tr>\n<td>Potenza<\/td>\n<td>300 W, 400 W, 600 W o 800 W (a seconda della versione)<\/td>\n<\/tr>\n<tr>\n<td>Colore<\/td>\n<td>Bianco<\/td>\n<\/tr>\n<tr>\n<td>Controllo<\/td>\n<td>Nessun controllo \/ nessun interruttore<\/td>\n<\/tr>\n<tr>\n<td>Temperatura di superficie<\/td>\n<td>80 - 115 \u00b0C<\/td>\n<\/tr>\n<tr>\n<td>Montaggio<\/td>\n<td>Montaggio a parete o a soffitto in orizzontale o in verticale, mobile su piedini disponibili come opzione<\/td>\n<\/tr>\n<tr>\n<td>Cavo di collegamento<\/td>\n<td>2 m con spina Schuko (adattatore CH incluso)<\/td>\n<\/tr>\n<tr>\n<td>Classe di protezione<\/td>\n<td>IPX4 (protezione contro gli spruzzi d'acqua da tutte le direzioni)<\/td>\n<\/tr>\n<tr>\n<td>Garanzia:<\/td>\n<td>2 anni<\/td>\n<\/tr>\n<\/tbody>\n<\/table>\n<p>\t\t\t\tDownload<\/p>\n<ul>\n<li>\n\t\t\t\t\t\t\t\t\t\t\t<a href=\"\/wp-content\/uploads\/2022\/12\/ecoheat_Basic_Manual_CH.pdf\"><br \/>\n\t\t\t\t\t\t\t\t\t\tIstruzioni<br \/>\n\t\t\t\t\t\t\t\t\t\t\t<\/a>\n\t\t\t\t\t\t\t\t\t<\/li>\n<li>\n\t\t\t\t\t\t\t\t\t\t\t<a href=\"\/wp-content\/uploads\/2022\/12\/assemblaggio_ecoheat_basic_vetro_specchio.pdf\"><br \/>\n\t\t\t\t\t\t\t\t\t\tMontaggio e distanze<br \/>\n\t\t\t\t\t\t\t\t\t\t\t<\/a>\n\t\t\t\t\t\t\t\t\t<\/li>\n<\/ul>\n<ul>\n<li>\n\t\t\t\t\t\t\t\t\t\t\t<a href=\"\/wp-content\/uploads\/2022\/12\/ecoheat_Basic_Manual_CH.pdf\"><br \/>\n\t\t\t\t\t\t\t\t\t\tIstruzioni<br \/>\n\t\t\t\t\t\t\t\t\t\t\t<\/a>\n\t\t\t\t\t\t\t\t\t<\/li>\n<li>\n\t\t\t\t\t\t\t\t\t\t\t<a href=\"\/wp-content\/uploads\/2022\/12\/assemblaggio_ecoheat_basic_vetro_specchio.pdf\"><br \/>\n\t\t\t\t\t\t\t\t\t\tMontaggio e distanze<br \/>\n\t\t\t\t\t\t\t\t\t\t\t<\/a>\n\t\t\t\t\t\t\t\t\t<\/li>\n<\/ul>\n<ul>\n<li>Set di montaggio (viti, tasselli, ecc.)<\/li>\n<li>Cavo di collegamento da 2 m con spina Schuko e adattatore CH fisso<\/li>\n<li>Istruzioni per l'uso<\/li>\n<\/ul>\n<p>\t\t\t\t\t\t\t\t\t\t\t\t\t\t\t\t<a href=\"https:\/\/ecofort.ch\/fr\/materiel-de-montage\/27-pieds-pour-ecoheat-basic.html\" target=\"_blank\" rel=\"noopener\"><br \/>\n\t\t\t\t\t\t\t<img decoding=\"async\" width=\"480\" height=\"480\" src=\"https:\/\/ecoheat.ch\/wp-content\/uploads\/2023\/01\/ecoheat-basic-standfuesse_480x480.jpg\" alt=\"ecoheat Classic piedi\" loading=\"lazy\" srcset=\"https:\/\/ecoheat.ch\/wp-content\/uploads\/2023\/01\/ecoheat-basic-standfuesse_480x480.jpg 480w, https:\/\/ecoheat.ch\/wp-content\/uploads\/2023\/01\/ecoheat-basic-standfuesse_480x480-300x300.jpg 300w, https:\/\/ecoheat.ch\/wp-content\/uploads\/2023\/01\/ecoheat-basic-standfuesse_480x480-150x150.jpg 150w\" sizes=\"auto, (max-width: 480px) 100vw, 480px\" \/>\t\t\t\t\t\t\t\t<\/a><br \/>\n\t\t\t<a href=\"https:\/\/ecofort.ch\/fr\/materiel-de-montage\/27-pieds-pour-ecoheat-basic.html\" target=\"_blank\" rel=\"noopener\"><br \/>\n\t\t\t\t\t\tAcquista<br \/>\n\t\t\t\t\t<\/a><\/p>\n<p>I piedi per il\u00a0<em>ecoheat Basic<\/em> sono in alluminio anodizzato e si adattano a tutti i modelli. Il riscaldatore pu\u00f2 essere facilmente avvitato ai piedi e trasforma ogni pannello in un radiatore mobile.<\/p>\n<p>\u00a0<\/p>\n<table>\n<thead>\n<tr>\n<th>ecoheat Basic<\/th>\n<th>\u00a0<\/th>\n<\/tr>\n<\/thead>\n<tbody>\n<tr>\n<td>Potenza<\/td>\n<td>300 W, 400 W, 600 W o 800 W (a seconda della versione)<\/td>\n<\/tr>\n<tr>\n<td>Colore<\/td>\n<td>Bianco<\/td>\n<\/tr>\n<tr>\n<td>Controllo<\/td>\n<td>Nessun controllo \/ nessun interruttore<\/td>\n<\/tr>\n<tr>\n<td>Temperatura di superficie<\/td>\n<td>80 - 115 \u00b0C<\/td>\n<\/tr>\n<tr>\n<td>Montaggio<\/td>\n<td>Montaggio a parete o a soffitto in orizzontale o in verticale, mobile su piedini disponibili come opzione<\/td>\n<\/tr>\n<tr>\n<td>Cavo di collegamento<\/td>\n<td>2 m con spina Schuko (adattatore CH incluso)<\/td>\n<\/tr>\n<tr>\n<td>Classe di protezione<\/td>\n<td>IPX4 (protezione contro gli spruzzi d'acqua da tutte le direzioni)<\/td>\n<\/tr>\n<tr>\n<td>Garanzia:<\/td>\n<td>2 anni<\/td>\n<\/tr>\n<\/tbody>\n<\/table>\n<ul>\n<li>\n\t\t\t\t\t\t\t\t\t\t\t<a href=\"\/wp-content\/uploads\/2022\/12\/ecoheat_Basic_Manual_CH.pdf\"><br \/>\n\t\t\t\t\t\t\t\t\t\tIstruzioni<br \/>\n\t\t\t\t\t\t\t\t\t\t\t<\/a>\n\t\t\t\t\t\t\t\t\t<\/li>\n<li>\n\t\t\t\t\t\t\t\t\t\t\t<a href=\"\/wp-content\/uploads\/2022\/12\/assemblaggio_ecoheat_basic_vetro_specchio.pdf\"><br \/>\n\t\t\t\t\t\t\t\t\t\tMontaggio e distanze<br \/>\n\t\t\t\t\t\t\t\t\t\t\t<\/a>\n\t\t\t\t\t\t\t\t\t<\/li>\n<\/ul>\n<ul>\n<li>\n\t\t\t\t\t\t\t\t\t\t\t<a href=\"\/wp-content\/uploads\/2022\/12\/ecoheat_Basic_Manual_CH.pdf\"><br \/>\n\t\t\t\t\t\t\t\t\t\tIstruzioni<br \/>\n\t\t\t\t\t\t\t\t\t\t\t<\/a>\n\t\t\t\t\t\t\t\t\t<\/li>\n<li>\n\t\t\t\t\t\t\t\t\t\t\t<a href=\"\/wp-content\/uploads\/2022\/12\/assemblaggio_ecoheat_basic_vetro_specchio.pdf\"><br \/>\n\t\t\t\t\t\t\t\t\t\tMontaggio e distanze<br \/>\n\t\t\t\t\t\t\t\t\t\t\t<\/a>\n\t\t\t\t\t\t\t\t\t<\/li>\n<\/ul>\n<p>\t\t\t<a href=\"https:\/\/ecofort.ch\/fr\/chauffages-infrarouges\/10-ecoheat-basic-300-800-watt.html\" target=\"_blank\" rel=\"noopener\"><br \/>\n\t\t\t\t\t\tMaggiori informazioni nel negozio<br \/>\n\t\t\t\t\t<\/a><br \/>\n\t\t\t<a href=\"https:\/\/ecofort.ch\/fr\/chauffages-infrarouges\/10-ecoheat-basic-300-800-watt.html\" target=\"_blank\" rel=\"noopener\"><br \/>\n\t\t\t\t\t\tMaggiori informazioni nel negozio<br \/>\n\t\t\t\t\t<\/a><\/p>","protected":false},"excerpt":{"rendered":"<p>ecoheat Basic Infrarotheizungen Leicht und flach, dies sind die markanten Merkmale der ecoheat Basic Infrarotheizungen. Sie integrieren sich dadurch unauff\u00e4llig in jeden Raum und erw\u00e4rmen alles und alle in ihrem Strahlungsbereich auf angenehmste Weise &#8211; wie Sonnenstrahlen, aber drinnen. Bestens geeignet f\u00fcr die Wandmontage, aber auch mit den optional erh\u00e4ltlichen Standf\u00fcssen sind sie einfach und [&hellip;]<\/p>\n","protected":false},"author":2,"featured_media":0,"parent":0,"menu_order":0,"comment_status":"closed","ping_status":"closed","template":"","meta":{"footnotes":""},"class_list":["post-86","page","type-page","status-publish","hentry"],"_links":{"self":[{"href":"https:\/\/ecoheat.ch\/it\/wp-json\/wp\/v2\/pages\/86","targetHints":{"allow":["GET"]}}],"collection":[{"href":"https:\/\/ecoheat.ch\/it\/wp-json\/wp\/v2\/pages"}],"about":[{"href":"https:\/\/ecoheat.ch\/it\/wp-json\/wp\/v2\/types\/page"}],"author":[{"embeddable":true,"href":"https:\/\/ecoheat.ch\/it\/wp-json\/wp\/v2\/users\/2"}],"replies":[{"embeddable":true,"href":"https:\/\/ecoheat.ch\/it\/wp-json\/wp\/v2\/comments?post=86"}],"version-history":[{"count":158,"href":"https:\/\/ecoheat.ch\/it\/wp-json\/wp\/v2\/pages\/86\/revisions"}],"predecessor-version":[{"id":1392,"href":"https:\/\/ecoheat.ch\/it\/wp-json\/wp\/v2\/pages\/86\/revisions\/1392"}],"wp:attachment":[{"href":"https:\/\/ecoheat.ch\/it\/wp-json\/wp\/v2\/media?parent=86"}],"curies":[{"name":"wp","href":"https:\/\/api.w.org\/{rel}","templated":true}]}}